{"id":155076,"date":"2024-07-05T20:08:48","date_gmt":"2024-07-05T17:08:48","guid":{"rendered":"https:\/\/mustang-grill.com\/om-oss\/"},"modified":"2024-07-05T20:42:37","modified_gmt":"2024-07-05T17:42:37","slug":"om-os","status":"publish","type":"page","link":"https:\/\/mustang-grill.com\/da\/om-os\/","title":{"rendered":"Om os"},"content":{"rendered":"\t\t<div data-elementor-type=\"wp-page\" data-elementor-id=\"155076\" class=\"elementor elementor-155076 elementor-53606\" data-elementor-post-type=\"page\">\n\t\t\t\t<div class=\"elementor-element elementor-element-f72ebfd e-flex e-con-boxed e-con e-parent\" data-id=\"f72ebfd\" data-element_type=\"container\" data-e-type=\"container\" data-settings=\"{&quot;background_background&quot;:&quot;classic&quot;}\">\n\t\t\t\t\t<div class=\"e-con-inner\">\n\t\t<div class=\"elementor-element elementor-element-ae94487 e-con-full e-flex e-con e-child\" data-id=\"ae94487\" data-element_type=\"container\" data-e-type=\"container\" data-settings=\"{&quot;background_background&quot;:&quot;classic&quot;}\">\n\t\t\t\t<div class=\"elementor-element elementor-element-e1dcd17 elementor-widget elementor-widget-heading\" data-id=\"e1dcd17\" data-element_type=\"widget\" data-e-type=\"widget\" data-widget_type=\"heading.default\">\n\t\t\t\t<div class=\"elementor-widget-container\">\n\t\t\t\t\t<h1 class=\"elementor-heading-title elementor-size-default\">Om os<\/h1>\t\t\t\t<\/div>\n\t\t\t\t<\/div>\n\t\t\t\t<\/div>\n\t\t\t\t\t<\/div>\n\t\t\t\t<\/div>\n\t\t<div class=\"elementor-element elementor-element-9af88fc e-flex e-con-boxed e-con e-parent\" data-id=\"9af88fc\" data-element_type=\"container\" data-e-type=\"container\">\n\t\t\t\t\t<div class=\"e-con-inner\">\n\t\t\t\t<div class=\"elementor-element elementor-element-6a09991 elementor-widget elementor-widget-heading\" data-id=\"6a09991\" data-element_type=\"widget\" data-e-type=\"widget\" data-widget_type=\"heading.default\">\n\t\t\t\t<div class=\"elementor-widget-container\">\n\t\t\t\t\t<h2 class=\"elementor-heading-title elementor-size-default\">Mustang \u2212 The supreme grilling experience<\/h2>\t\t\t\t<\/div>\n\t\t\t\t<\/div>\n\t\t\t\t\t<\/div>\n\t\t\t\t<\/div>\n\t\t<div class=\"elementor-element elementor-element-c1ed275 e-flex e-con-boxed e-con e-parent\" data-id=\"c1ed275\" data-element_type=\"container\" data-e-type=\"container\">\n\t\t\t\t\t<div class=\"e-con-inner\">\n\t\t<div class=\"elementor-element elementor-element-1d5d1b5 e-con-full e-flex e-con e-child\" data-id=\"1d5d1b5\" data-element_type=\"container\" data-e-type=\"container\">\n\t\t\t\t<div class=\"elementor-element elementor-element-1b23cdb elementor-widget elementor-widget-text-editor\" data-id=\"1b23cdb\" data-element_type=\"widget\" data-e-type=\"widget\" data-widget_type=\"text-editor.default\">\n\t\t\t\t<div class=\"elementor-widget-container\">\n\t\t\t\t\t\t\t\t\t<p>At grille bringer kun gode minder frem: solrige dage, l\u00e6kre dufte og enkle, men rige smagsoplevelser. En kvalitetsgrill holder i \u00e5revis og skaber minder om \u00f8jeblikke sammen med familie og venner. Mustang er f\u00f8dt ud af \u00f8nsket om at nyde ubesv\u00e6ret madlavning med familie eller venner. Samv\u00e6r og god mad er h\u00f8jdepunktet p\u00e5 hver dag.<\/p>\n<p>Vi pr\u00f8ver altid noget nyt, n\u00e5r det drejer sig om at grille, og alle grillmetoder er tilladt. Nogle mennesker griller traditionelle p\u00f8lser og b\u00f8ffer til en ulvefest, andre griller muslinger til en festlig middag. Nogle gange er det vigtigt at f\u00e5 maden hurtigt p\u00e5 bordet, og andre dage simrer stegene i d\u00f8gndrift. En Mustang-griller benytter sig af en lang r\u00e6kke grillmetoder, og tilberedningen er lige s\u00e5 vigtig som selve maden. Verdens bedste pizza, lavet derhjemme, er ogs\u00e5 en del af hverdagen. Mustang fork\u00e6ler pizzakokke med et bredt udvalg af kvalitetspizzaovne og tilbeh\u00f8r til pizzabagning.<\/p>\n<p>Til grillning har Mustang alt, hvad du har brug for, og et bredt udvalg af produkter, der opfylder selv den mest kr\u00e6vende grillers behov. Grillsortimentet omfatter grills til forskellige form\u00e5l, fra de st\u00f8rste gasgrills til de mindste og mest praktiske pallegrills, der passer til forskellige typer grillning.<\/p>\n<p>Hvert Mustang-produkt er omhyggeligt forarbejdet til perfektion. Produktet har alle de v\u00e6sentlige funktioner, du har brug for fra et produkt. Med Mustangs grilltilbeh\u00f8r er det afslappet at grille. K\u00f8d-, gr\u00f8ntsags- og fiskeretter tilberedes ubesv\u00e6ret med de v\u00e6rkt\u00f8jer, der er designet til dem. Sortimentet omfatter ogs\u00e5 lettere tilbeh\u00f8r og serveringsprodukter. Udek\u00f8kkenets grill, sp\u00e6r og overflader i rustfrit st\u00e5l reng\u00f8res med Mustangs n\u00f8je udvalgte reng\u00f8ringsredskaber.<\/p>\n<p>Mustang lever og f\u00f8lger med tiden. Der er altid noget nyt at nyde ved siden af de gamle klassikere. Grillning giver anledning til en uudt\u00f8mmelig appetit p\u00e5 eksperimenter, hvis eneste m\u00e5lestok er et vellykket resultat. Vi \u00f8nsker, at vores grillere f\u00e5r mest muligt ud af deres grill. Derfor tilbyder vi ogs\u00e5 gennempr\u00f8vede tips og l\u00e6kre opskrifter &#8211; s\u00e5 du kan f\u00e5 succes og mere gl\u00e6de af at grille. Lad os sammen skabe en grillkultur, hvor alle grillmetoder er tilladt.<\/p>\n\t\t\t\t\t\t\t\t<\/div>\n\t\t\t\t<\/div>\n\t\t\t\t<\/div>\n\t\t<div class=\"elementor-element elementor-element-77d0d47 e-con-full e-flex e-con e-child\" data-id=\"77d0d47\" data-element_type=\"container\" data-e-type=\"container\">\n\t\t\t\t<div class=\"elementor-element elementor-element-c176c96 elementor-widget elementor-widget-image\" data-id=\"c176c96\" data-element_type=\"widget\" data-e-type=\"widget\" data-widget_type=\"image.default\">\n\t\t\t\t<div class=\"elementor-widget-container\">\n\t\t\t\t\t\t\t\t\t\t\t\t\t\t\t<img loading=\"lazy\" decoding=\"async\" width=\"757\" height=\"1024\" src=\"https:\/\/mustang-grill.com\/wp-content\/uploads\/2024\/04\/613318_Connoisseur_41_023-757x1024.jpg\" class=\"attachment-large size-large wp-image-140343\" alt=\"\" srcset=\"https:\/\/mustang-grill.com\/wp-content\/uploads\/2024\/04\/613318_Connoisseur_41_023-757x1024.jpg 757w, https:\/\/mustang-grill.com\/wp-content\/uploads\/2024\/04\/613318_Connoisseur_41_023-222x300.jpg 222w, https:\/\/mustang-grill.com\/wp-content\/uploads\/2024\/04\/613318_Connoisseur_41_023-768x1038.jpg 768w, https:\/\/mustang-grill.com\/wp-content\/uploads\/2024\/04\/613318_Connoisseur_41_023.jpg 1000w\" sizes=\"auto, (max-width: 757px) 100vw, 757px\" \/>\t\t\t\t\t\t\t\t\t\t\t\t\t\t\t<\/div>\n\t\t\t\t<\/div>\n\t\t\t\t<\/div>\n\t\t\t\t\t<\/div>\n\t\t\t\t<\/div>\n\t\t<div class=\"elementor-element elementor-element-ce81d86 e-flex e-con-boxed e-con e-parent\" data-id=\"ce81d86\" data-element_type=\"container\" data-e-type=\"container\">\n\t\t\t\t\t<div class=\"e-con-inner\">\n\t\t\t\t<div class=\"elementor-element elementor-element-f40fa6a elementor-widget-divider--view-line elementor-widget elementor-widget-divider\" data-id=\"f40fa6a\" data-element_type=\"widget\" data-e-type=\"widget\" data-widget_type=\"divider.default\">\n\t\t\t\t<div class=\"elementor-widget-container\">\n\t\t\t\t\t\t\t<div class=\"elementor-divider\">\n\t\t\t<span class=\"elementor-divider-separator\">\n\t\t\t\t\t\t<\/span>\n\t\t<\/div>\n\t\t\t\t\t\t<\/div>\n\t\t\t\t<\/div>\n\t\t\t\t\t<\/div>\n\t\t\t\t<\/div>\n\t\t<div class=\"elementor-element elementor-element-0b840dd e-flex e-con-boxed e-con e-parent\" data-id=\"0b840dd\" data-element_type=\"container\" data-e-type=\"container\" data-settings=\"{&quot;background_background&quot;:&quot;classic&quot;}\">\n\t\t\t\t\t<div class=\"e-con-inner\">\n\t\t<div class=\"elementor-element elementor-element-5526f75 e-con-full e-flex e-con e-child\" data-id=\"5526f75\" data-element_type=\"container\" data-e-type=\"container\">\n\t\t\t\t<div class=\"elementor-element elementor-element-6a6a2ef elementor-widget elementor-widget-text-editor\" data-id=\"6a6a2ef\" data-element_type=\"widget\" data-e-type=\"widget\" data-widget_type=\"text-editor.default\">\n\t\t\t\t<div class=\"elementor-widget-container\">\n\t\t\t\t\t\t\t\t\t<h5>Tammer Brands<\/h5>\n<p>Mustang er et m\u00e6rke, der ejes af Tammer Brands Oy. Tammer Brands er en st\u00e6rkt international virksomhed, der er motiveret af at forbedre menneskers livskvalitet gennem tilg\u00e6ngelige, gennemt\u00e6nkte og alsidige produkter, der bringer gl\u00e6de og v\u00e6rdi til deres slutbrugere. N\u00e5r produkter bringer gl\u00e6de, fordele og en lettere hverdag til deres slutbrugere og underst\u00f8tter vores detailkunders forretning, har brandopbygningen og produktificeringen v\u00e6ret en succes. Tammer Brands&#8217; mission, \u00f8nsket om at forbedre menneskers livskvalitet, starter med at forst\u00e5 hverdagen og de forskellige menneskers behov og problemer.<\/p>\n<p>L\u00e6s mere om Tammer Brands <a href=\"https:\/\/www.tammerbrands.fi\/en\/\" target=\"_blank\" rel=\"noopener\"><strong>tammerbrands.fi<\/strong><\/a><\/p>\n\t\t\t\t\t\t\t\t<\/div>\n\t\t\t\t<\/div>\n\t\t\t\t<\/div>\n\t\t<div class=\"elementor-element elementor-element-56db3eb e-con-full e-flex e-con e-child\" data-id=\"56db3eb\" data-element_type=\"container\" data-e-type=\"container\">\n\t\t\t\t<div class=\"elementor-element elementor-element-39d0f9b elementor-widget elementor-widget-text-editor\" data-id=\"39d0f9b\" data-element_type=\"widget\" data-e-type=\"widget\" data-widget_type=\"text-editor.default\">\n\t\t\t\t<div class=\"elementor-widget-container\">\n\t\t\t\t\t\t\t\t\t<h5>Kontakt<\/h5>\r\nMustang griller og grilludstyr\r\n\r\nTammer Brands Oy\r\n\r\nViinikankatu 36\r\n\r\n33800 Tampere\r\n\r\nFinland\r\n\r\n+358 3 2521 111\r\n\r\nmark&#101;&#116;&#105;&#110;&#103;&#64;&#116;&#x61;&#x6d;&#x6d;&#x65;&#x72;&#x62;&#x72;&#x61;&#x6e;ds&#46;f&#105;\t\t\t\t\t\t\t\t<\/div>\n\t\t\t\t<\/div>\n\t\t\t\t<\/div>\n\t\t<div class=\"elementor-element elementor-element-59c6a0b e-con-full e-flex e-con e-child\" data-id=\"59c6a0b\" data-element_type=\"container\" data-e-type=\"container\">\n\t\t\t\t<div class=\"elementor-element elementor-element-d066584 elementor-widget elementor-widget-text-editor\" data-id=\"d066584\" data-element_type=\"widget\" data-e-type=\"widget\" data-widget_type=\"text-editor.default\">\n\t\t\t\t<div class=\"elementor-widget-container\">\n\t\t\t\t\t\t\t\t\t<h5>Produktsupport<\/h5>\n<p>Produktsupport tjener <a href=\"https:\/\/mustang-grill.com\/da\/produktsupport\/\"><strong>her.<\/strong><\/a><\/p>\n\t\t\t\t\t\t\t\t<\/div>\n\t\t\t\t<\/div>\n\t\t\t\t<\/div>\n\t\t\t\t\t<\/div>\n\t\t\t\t<\/div>\n\t\t<div class=\"elementor-element elementor-element-ac06c4e e-flex e-con-boxed e-con e-parent\" data-id=\"ac06c4e\" data-element_type=\"container\" data-e-type=\"container\">\n\t\t\t\t\t<div class=\"e-con-inner\">\n\t\t<div class=\"elementor-element elementor-element-cb2acdb e-con-full e-flex e-con e-child\" data-id=\"cb2acdb\" data-element_type=\"container\" data-e-type=\"container\" data-settings=\"{&quot;background_background&quot;:&quot;classic&quot;}\">\n\t\t\t\t<div class=\"elementor-element elementor-element-6b19d01 elementor-widget elementor-widget-heading\" data-id=\"6b19d01\" data-element_type=\"widget\" data-e-type=\"widget\" data-widget_type=\"heading.default\">\n\t\t\t\t<div class=\"elementor-widget-container\">\n\t\t\t\t\t<h2 class=\"elementor-heading-title elementor-size-default\"><a href=\"https:\/\/mustang-grill.com\/da\/for-forhandler\/\">For forhandler<\/a><\/h2>\t\t\t\t<\/div>\n\t\t\t\t<\/div>\n\t\t\t\t<\/div>\n\t\t<div class=\"elementor-element elementor-element-b99664e e-con-full e-flex e-con e-child\" data-id=\"b99664e\" data-element_type=\"container\" data-e-type=\"container\" data-settings=\"{&quot;background_background&quot;:&quot;classic&quot;}\">\n\t\t\t\t<div class=\"elementor-element elementor-element-22c1ece elementor-widget elementor-widget-heading\" data-id=\"22c1ece\" data-element_type=\"widget\" data-e-type=\"widget\" data-widget_type=\"heading.default\">\n\t\t\t\t<div class=\"elementor-widget-container\">\n\t\t\t\t\t<h2 class=\"elementor-heading-title elementor-size-default\"><a href=\"https:\/\/mustang-grill.com\/da\/garantiordning\/\">Garantiordning<\/a><\/h2>\t\t\t\t<\/div>\n\t\t\t\t<\/div>\n\t\t\t\t<\/div>\n\t\t\t\t\t<\/div>\n\t\t\t\t<\/div>\n\t\t\t\t<\/div>\n\t\t","protected":false},"excerpt":{"rendered":"<p>Mustang \u2212 The supreme grilling experience At grille bringer kun gode minder frem: solrige dage, l\u00e6kre dufte og enkle, men rige smagsoplevelser. En kvalitetsgrill holder i \u00e5revis og skaber minder om \u00f8jeblikke sammen med familie og venner. Mustang er f\u00f8dt ud af \u00f8nsket om at nyde ubesv\u00e6ret madlavning med familie eller venner. Samv\u00e6r og god [&hellip;]<\/p>\n","protected":false},"author":3,"featured_media":140725,"parent":0,"menu_order":0,"comment_status":"closed","ping_status":"closed","template":"","meta":{"_acf_changed":false,"footnotes":""},"class_list":["post-155076","page","type-page","status-publish","has-post-thumbnail","hentry"],"acf":[],"yoast_head":"<!-- This site is optimized with the Yoast SEO plugin v27.5 - https:\/\/yoast.com\/product\/yoast-seo-wordpress\/ -->\n<title>Om os - Mustang Grill<\/title>\n<meta name=\"robots\" content=\"index, follow, max-snippet:-1, max-image-preview:large, max-video-preview:-1\" \/>\n<link rel=\"canonical\" href=\"https:\/\/mustang-grill.com\/da\/om-os\/\" \/>\n<meta property=\"og:locale\" content=\"da_DK\" \/>\n<meta property=\"og:type\" content=\"article\" \/>\n<meta property=\"og:title\" content=\"Om os - Mustang Grill\" \/>\n<meta property=\"og:description\" content=\"Mustang \u2212 The supreme grilling experience At grille bringer kun gode minder frem: solrige dage, l\u00e6kre dufte og enkle, men rige smagsoplevelser. En kvalitetsgrill holder i \u00e5revis og skaber minder om \u00f8jeblikke sammen med familie og venner. Mustang er f\u00f8dt ud af \u00f8nsket om at nyde ubesv\u00e6ret madlavning med familie eller venner. Samv\u00e6r og god [&hellip;]\" \/>\n<meta property=\"og:url\" content=\"https:\/\/mustang-grill.com\/da\/om-os\/\" \/>\n<meta property=\"og:site_name\" content=\"Mustang Grill\" \/>\n<meta property=\"article:modified_time\" content=\"2024-07-05T17:42:37+00:00\" \/>\n<meta property=\"og:image\" content=\"https:\/\/mustang-grill.com\/wp-content\/uploads\/2022\/03\/mustang_connoisseur_etusivu_banner.jpg\" \/>\n\t<meta property=\"og:image:width\" content=\"1500\" \/>\n\t<meta property=\"og:image:height\" content=\"1125\" \/>\n\t<meta property=\"og:image:type\" content=\"image\/jpeg\" \/>\n<meta name=\"twitter:card\" content=\"summary_large_image\" \/>\n<meta name=\"twitter:label1\" content=\"Estimeret l\u00e6setid\" \/>\n\t<meta name=\"twitter:data1\" content=\"3 minutter\" \/>\n<script type=\"application\/ld+json\" class=\"yoast-schema-graph\">{\"@context\":\"https:\\\/\\\/schema.org\",\"@graph\":[{\"@type\":\"WebPage\",\"@id\":\"https:\\\/\\\/mustang-grill.com\\\/da\\\/om-os\\\/\",\"url\":\"https:\\\/\\\/mustang-grill.com\\\/da\\\/om-os\\\/\",\"name\":\"Om os - Mustang Grill\",\"isPartOf\":{\"@id\":\"https:\\\/\\\/mustang-grill.com\\\/#website\"},\"primaryImageOfPage\":{\"@id\":\"https:\\\/\\\/mustang-grill.com\\\/da\\\/om-os\\\/#primaryimage\"},\"image\":{\"@id\":\"https:\\\/\\\/mustang-grill.com\\\/da\\\/om-os\\\/#primaryimage\"},\"thumbnailUrl\":\"https:\\\/\\\/mustang-grill.com\\\/wp-content\\\/uploads\\\/2022\\\/03\\\/mustang_connoisseur_etusivu_banner.jpg\",\"datePublished\":\"2024-07-05T17:08:48+00:00\",\"dateModified\":\"2024-07-05T17:42:37+00:00\",\"breadcrumb\":{\"@id\":\"https:\\\/\\\/mustang-grill.com\\\/da\\\/om-os\\\/#breadcrumb\"},\"inLanguage\":\"da-DK\",\"potentialAction\":[{\"@type\":\"ReadAction\",\"target\":[\"https:\\\/\\\/mustang-grill.com\\\/da\\\/om-os\\\/\"]}]},{\"@type\":\"ImageObject\",\"inLanguage\":\"da-DK\",\"@id\":\"https:\\\/\\\/mustang-grill.com\\\/da\\\/om-os\\\/#primaryimage\",\"url\":\"https:\\\/\\\/mustang-grill.com\\\/wp-content\\\/uploads\\\/2022\\\/03\\\/mustang_connoisseur_etusivu_banner.jpg\",\"contentUrl\":\"https:\\\/\\\/mustang-grill.com\\\/wp-content\\\/uploads\\\/2022\\\/03\\\/mustang_connoisseur_etusivu_banner.jpg\",\"width\":1500,\"height\":1125},{\"@type\":\"BreadcrumbList\",\"@id\":\"https:\\\/\\\/mustang-grill.com\\\/da\\\/om-os\\\/#breadcrumb\",\"itemListElement\":[{\"@type\":\"ListItem\",\"position\":1,\"name\":\"Home\",\"item\":\"https:\\\/\\\/mustang-grill.com\\\/da\\\/\"},{\"@type\":\"ListItem\",\"position\":2,\"name\":\"Om os\"}]},{\"@type\":\"WebSite\",\"@id\":\"https:\\\/\\\/mustang-grill.com\\\/#website\",\"url\":\"https:\\\/\\\/mustang-grill.com\\\/\",\"name\":\"Mustang Grill\",\"description\":\"Grillausylivoimaa\",\"publisher\":{\"@id\":\"https:\\\/\\\/mustang-grill.com\\\/#organization\"},\"potentialAction\":[{\"@type\":\"SearchAction\",\"target\":{\"@type\":\"EntryPoint\",\"urlTemplate\":\"https:\\\/\\\/mustang-grill.com\\\/?s={search_term_string}\"},\"query-input\":{\"@type\":\"PropertyValueSpecification\",\"valueRequired\":true,\"valueName\":\"search_term_string\"}}],\"inLanguage\":\"da-DK\"},{\"@type\":\"Organization\",\"@id\":\"https:\\\/\\\/mustang-grill.com\\\/#organization\",\"name\":\"Mustang Grill\",\"url\":\"https:\\\/\\\/mustang-grill.com\\\/\",\"logo\":{\"@type\":\"ImageObject\",\"inLanguage\":\"da-DK\",\"@id\":\"https:\\\/\\\/mustang-grill.com\\\/#\\\/schema\\\/logo\\\/image\\\/\",\"url\":\"https:\\\/\\\/mustang-grill.com\\\/wp-content\\\/uploads\\\/2019\\\/11\\\/Mustang_logo_white-web.png\",\"contentUrl\":\"https:\\\/\\\/mustang-grill.com\\\/wp-content\\\/uploads\\\/2019\\\/11\\\/Mustang_logo_white-web.png\",\"width\":375,\"height\":126,\"caption\":\"Mustang Grill\"},\"image\":{\"@id\":\"https:\\\/\\\/mustang-grill.com\\\/#\\\/schema\\\/logo\\\/image\\\/\"}}]}<\/script>\n<!-- \/ Yoast SEO plugin. -->","yoast_head_json":{"title":"Om os - Mustang Grill","robots":{"index":"index","follow":"follow","max-snippet":"max-snippet:-1","max-image-preview":"max-image-preview:large","max-video-preview":"max-video-preview:-1"},"canonical":"https:\/\/mustang-grill.com\/da\/om-os\/","og_locale":"da_DK","og_type":"article","og_title":"Om os - Mustang Grill","og_description":"Mustang \u2212 The supreme grilling experience At grille bringer kun gode minder frem: solrige dage, l\u00e6kre dufte og enkle, men rige smagsoplevelser. En kvalitetsgrill holder i \u00e5revis og skaber minder om \u00f8jeblikke sammen med familie og venner. Mustang er f\u00f8dt ud af \u00f8nsket om at nyde ubesv\u00e6ret madlavning med familie eller venner. Samv\u00e6r og god [&hellip;]","og_url":"https:\/\/mustang-grill.com\/da\/om-os\/","og_site_name":"Mustang Grill","article_modified_time":"2024-07-05T17:42:37+00:00","og_image":[{"width":1500,"height":1125,"url":"https:\/\/mustang-grill.com\/wp-content\/uploads\/2022\/03\/mustang_connoisseur_etusivu_banner.jpg","type":"image\/jpeg"}],"twitter_card":"summary_large_image","twitter_misc":{"Estimeret l\u00e6setid":"3 minutter"},"schema":{"@context":"https:\/\/schema.org","@graph":[{"@type":"WebPage","@id":"https:\/\/mustang-grill.com\/da\/om-os\/","url":"https:\/\/mustang-grill.com\/da\/om-os\/","name":"Om os - Mustang Grill","isPartOf":{"@id":"https:\/\/mustang-grill.com\/#website"},"primaryImageOfPage":{"@id":"https:\/\/mustang-grill.com\/da\/om-os\/#primaryimage"},"image":{"@id":"https:\/\/mustang-grill.com\/da\/om-os\/#primaryimage"},"thumbnailUrl":"https:\/\/mustang-grill.com\/wp-content\/uploads\/2022\/03\/mustang_connoisseur_etusivu_banner.jpg","datePublished":"2024-07-05T17:08:48+00:00","dateModified":"2024-07-05T17:42:37+00:00","breadcrumb":{"@id":"https:\/\/mustang-grill.com\/da\/om-os\/#breadcrumb"},"inLanguage":"da-DK","potentialAction":[{"@type":"ReadAction","target":["https:\/\/mustang-grill.com\/da\/om-os\/"]}]},{"@type":"ImageObject","inLanguage":"da-DK","@id":"https:\/\/mustang-grill.com\/da\/om-os\/#primaryimage","url":"https:\/\/mustang-grill.com\/wp-content\/uploads\/2022\/03\/mustang_connoisseur_etusivu_banner.jpg","contentUrl":"https:\/\/mustang-grill.com\/wp-content\/uploads\/2022\/03\/mustang_connoisseur_etusivu_banner.jpg","width":1500,"height":1125},{"@type":"BreadcrumbList","@id":"https:\/\/mustang-grill.com\/da\/om-os\/#breadcrumb","itemListElement":[{"@type":"ListItem","position":1,"name":"Home","item":"https:\/\/mustang-grill.com\/da\/"},{"@type":"ListItem","position":2,"name":"Om os"}]},{"@type":"WebSite","@id":"https:\/\/mustang-grill.com\/#website","url":"https:\/\/mustang-grill.com\/","name":"Mustang Grill","description":"Grillausylivoimaa","publisher":{"@id":"https:\/\/mustang-grill.com\/#organization"},"potentialAction":[{"@type":"SearchAction","target":{"@type":"EntryPoint","urlTemplate":"https:\/\/mustang-grill.com\/?s={search_term_string}"},"query-input":{"@type":"PropertyValueSpecification","valueRequired":true,"valueName":"search_term_string"}}],"inLanguage":"da-DK"},{"@type":"Organization","@id":"https:\/\/mustang-grill.com\/#organization","name":"Mustang Grill","url":"https:\/\/mustang-grill.com\/","logo":{"@type":"ImageObject","inLanguage":"da-DK","@id":"https:\/\/mustang-grill.com\/#\/schema\/logo\/image\/","url":"https:\/\/mustang-grill.com\/wp-content\/uploads\/2019\/11\/Mustang_logo_white-web.png","contentUrl":"https:\/\/mustang-grill.com\/wp-content\/uploads\/2019\/11\/Mustang_logo_white-web.png","width":375,"height":126,"caption":"Mustang Grill"},"image":{"@id":"https:\/\/mustang-grill.com\/#\/schema\/logo\/image\/"}}]}},"_links":{"self":[{"href":"https:\/\/mustang-grill.com\/da\/wp-json\/wp\/v2\/pages\/155076","targetHints":{"allow":["GET"]}}],"collection":[{"href":"https:\/\/mustang-grill.com\/da\/wp-json\/wp\/v2\/pages"}],"about":[{"href":"https:\/\/mustang-grill.com\/da\/wp-json\/wp\/v2\/types\/page"}],"author":[{"embeddable":true,"href":"https:\/\/mustang-grill.com\/da\/wp-json\/wp\/v2\/users\/3"}],"replies":[{"embeddable":true,"href":"https:\/\/mustang-grill.com\/da\/wp-json\/wp\/v2\/comments?post=155076"}],"version-history":[{"count":0,"href":"https:\/\/mustang-grill.com\/da\/wp-json\/wp\/v2\/pages\/155076\/revisions"}],"wp:featuredmedia":[{"embeddable":true,"href":"https:\/\/mustang-grill.com\/da\/wp-json\/wp\/v2\/media\/140725"}],"wp:attachment":[{"href":"https:\/\/mustang-grill.com\/da\/wp-json\/wp\/v2\/media?parent=155076"}],"curies":[{"name":"wp","href":"https:\/\/api.w.org\/{rel}","templated":true}]}}