{"id":155079,"date":"2024-07-05T20:13:53","date_gmt":"2024-07-05T17:13:53","guid":{"rendered":"https:\/\/mustang-grill.com\/produktsupport\/"},"modified":"2025-03-11T16:08:56","modified_gmt":"2025-03-11T14:08:56","slug":"produktsupport","status":"publish","type":"page","link":"https:\/\/mustang-grill.com\/da\/produktsupport\/","title":{"rendered":"Produktsupport"},"content":{"rendered":"\t\t<div data-elementor-type=\"wp-page\" data-elementor-id=\"155079\" class=\"elementor elementor-155079 elementor-647\" data-elementor-post-type=\"page\">\n\t\t\t\t<div class=\"elementor-element elementor-element-803f2bb e-flex e-con-boxed e-con e-parent\" data-id=\"803f2bb\" data-element_type=\"container\" data-e-type=\"container\" data-settings=\"{&quot;background_background&quot;:&quot;classic&quot;}\">\n\t\t\t\t\t<div class=\"e-con-inner\">\n\t\t<div class=\"elementor-element elementor-element-b4feb7e e-con-full e-flex e-con e-child\" data-id=\"b4feb7e\" data-element_type=\"container\" data-e-type=\"container\" data-settings=\"{&quot;background_background&quot;:&quot;classic&quot;}\">\n\t\t\t\t<div class=\"elementor-element elementor-element-6242a2a elementor-widget elementor-widget-heading\" data-id=\"6242a2a\" data-element_type=\"widget\" data-e-type=\"widget\" data-widget_type=\"heading.default\">\n\t\t\t\t<div class=\"elementor-widget-container\">\n\t\t\t\t\t<h1 class=\"elementor-heading-title elementor-size-default\">Produktsupport<\/h1>\t\t\t\t<\/div>\n\t\t\t\t<\/div>\n\t\t\t\t<div class=\"elementor-element elementor-element-2f31dbf elementor-widget elementor-widget-text-editor\" data-id=\"2f31dbf\" data-element_type=\"widget\" data-e-type=\"widget\" data-widget_type=\"text-editor.default\">\n\t\t\t\t<div class=\"elementor-widget-container\">\n\t\t\t\t\t\t\t\t\t<p>Vi undskylder, hvis vores produkt ikke har levet op til dine forventninger. I henhold til forbrugerbeskyttelsesloven (FI) er det prim\u00e6re returneringssted for et defekt produkt forhandleren, s\u00e5 kontakt venligst den forhandler, hvor du k\u00f8bte produktet i f\u00f8rste omgang.<\/p>\n\t\t\t\t\t\t\t\t<\/div>\n\t\t\t\t<\/div>\n\t\t\t\t<\/div>\n\t\t\t\t\t<\/div>\n\t\t\t\t<\/div>\n\t\t<div class=\"elementor-element elementor-element-72dc1de e-flex e-con-boxed e-con e-parent\" data-id=\"72dc1de\" data-element_type=\"container\" data-e-type=\"container\">\n\t\t\t\t\t<div class=\"e-con-inner\">\n\t\t\t\t<div class=\"elementor-element elementor-element-656b15a elementor-widget elementor-widget-text-editor\" data-id=\"656b15a\" data-element_type=\"widget\" data-e-type=\"widget\" data-widget_type=\"text-editor.default\">\n\t\t\t\t<div class=\"elementor-widget-container\">\n\t\t\t\t\t\t\t\t\t<h2>Mustang support service<\/h2><p>Mustang-tilbeh\u00f8r og -reservedele kan k\u00f8bes hos velassorterede forhandlere. Hvis du ikke kan finde den del, du har brug for, kan du kontakte vores ekspert-support p\u00e5 <span data-olk-copy-source=\"MessageBody\">&#112;&#x72;o&#x64;u&#99;&#x74;&#115;&#x75;p&#112;&#x6f;&#114;&#x74;&#64;&#x74;&#x61;&#109;&#x6d;e&#x72;b&#114;&#x61;&#110;&#x64;s&#46;&#x66;&#105;<\/span>. Vi kontakter dig inden for ca. 7 arbejdsdage. For at fremskynde servicen bedes du kontakte os ved hj\u00e6lp af kontaktformularen p\u00e5 denne side.<\/p><p>F\u00f8r du kontakter os, bedes du gennemf\u00f8re f\u00f8lgende trin for at fremskynde processen:<\/p><p>Navn p\u00e5 produktmodel<br \/>Enhedens kode<br \/>Reservedelsnummer og navn i tilf\u00e6lde af en reservedel<\/p>\t\t\t\t\t\t\t\t<\/div>\n\t\t\t\t<\/div>\n\t\t\t\t\t<\/div>\n\t\t\t\t<\/div>\n\t\t<div class=\"elementor-element elementor-element-95afde0 e-flex e-con-boxed e-con e-parent\" data-id=\"95afde0\" data-element_type=\"container\" data-e-type=\"container\">\n\t\t\t\t\t<div class=\"e-con-inner\">\n\t\t<div class=\"elementor-element elementor-element-1fff68f e-con-full e-flex e-con e-child\" data-id=\"1fff68f\" data-element_type=\"container\" data-e-type=\"container\" data-settings=\"{&quot;background_background&quot;:&quot;classic&quot;}\">\n\t\t\t\t<div class=\"elementor-element elementor-element-5ef3a73 elementor-widget elementor-widget-text-editor\" data-id=\"5ef3a73\" data-element_type=\"widget\" data-e-type=\"widget\" data-widget_type=\"text-editor.default\">\n\t\t\t\t<div class=\"elementor-widget-container\">\n\t\t\t\t\t\t\t\t\t<p>Reservedele fra vores forhandlere<br \/>eller <span data-olk-copy-source=\"MessageBody\">&#112;&#x72;&#111;&#x64;u&#x63;t&#115;&#x75;&#112;&#x70;&#111;&#x72;t&#x40;t&#97;&#x6d;&#109;&#x65;r&#x62;r&#x61;&#x6e;&#100;&#x73;&#46;&#x66;i<\/span><\/p>\t\t\t\t\t\t\t\t<\/div>\n\t\t\t\t<\/div>\n\t\t\t\t<div class=\"elementor-element elementor-element-261455d elementor-align-center elementor-widget elementor-widget-button\" data-id=\"261455d\" data-element_type=\"widget\" data-e-type=\"widget\" data-widget_type=\"button.default\">\n\t\t\t\t<div class=\"elementor-widget-container\">\n\t\t\t\t\t\t\t\t\t<div class=\"elementor-button-wrapper\">\n\t\t\t\t\t<a class=\"elementor-button elementor-button-link elementor-size-sm\" href=\"https:\/\/mustang-grill.com\/en\/category\/accessories\/#spare-parts-accessories\">\n\t\t\t\t\t\t<span class=\"elementor-button-content-wrapper\">\n\t\t\t\t\t\t\t\t\t<span class=\"elementor-button-text\">SE DELE (EN)<\/span>\n\t\t\t\t\t<\/span>\n\t\t\t\t\t<\/a>\n\t\t\t\t<\/div>\n\t\t\t\t\t\t\t\t<\/div>\n\t\t\t\t<\/div>\n\t\t\t\t<\/div>\n\t\t\t\t<div class=\"elementor-element elementor-element-6c73b6b elementor-widget elementor-widget-image\" data-id=\"6c73b6b\" data-element_type=\"widget\" data-e-type=\"widget\" data-widget_type=\"image.default\">\n\t\t\t\t<div class=\"elementor-widget-container\">\n\t\t\t\t\t\t\t\t\t\t\t\t\t\t\t<img fetchpriority=\"high\" decoding=\"async\" width=\"800\" height=\"198\" src=\"https:\/\/mustang-grill.com\/wp-content\/uploads\/2024\/09\/varaosa_mustang_ritilat_Connoisseur_2-1024x253.jpg\" class=\"attachment-large size-large wp-image-170272\" alt=\"\" srcset=\"https:\/\/mustang-grill.com\/wp-content\/uploads\/2024\/09\/varaosa_mustang_ritilat_Connoisseur_2-1024x253.jpg 1024w, https:\/\/mustang-grill.com\/wp-content\/uploads\/2024\/09\/varaosa_mustang_ritilat_Connoisseur_2-300x74.jpg 300w, https:\/\/mustang-grill.com\/wp-content\/uploads\/2024\/09\/varaosa_mustang_ritilat_Connoisseur_2-768x190.jpg 768w, https:\/\/mustang-grill.com\/wp-content\/uploads\/2024\/09\/varaosa_mustang_ritilat_Connoisseur_2.jpg 1500w\" sizes=\"(max-width: 800px) 100vw, 800px\" \/>\t\t\t\t\t\t\t\t\t\t\t\t\t\t\t<\/div>\n\t\t\t\t<\/div>\n\t\t\t\t\t<\/div>\n\t\t\t\t<\/div>\n\t\t<div class=\"elementor-element elementor-element-895a764 e-flex e-con-boxed e-con e-parent\" data-id=\"895a764\" data-element_type=\"container\" data-e-type=\"container\">\n\t\t\t\t\t<div class=\"e-con-inner\">\n\t\t\t\t<div class=\"elementor-element elementor-element-6146fe3 elementor-widget elementor-widget-text-editor\" data-id=\"6146fe3\" data-element_type=\"widget\" data-e-type=\"widget\" data-widget_type=\"text-editor.default\">\n\t\t\t\t<div class=\"elementor-widget-container\">\n\t\t\t\t\t\t\t\t\t<div class=\"elementor-element elementor-element-c2ea190 elementor-widget elementor-widget-text-editor\" data-id=\"c2ea190\" data-element_type=\"widget\" data-widget_type=\"text-editor.default\">\n<div class=\"elementor-widget-container\">\n<h3>Instructions for a Product Claim<\/h3>\n<p>We apologise if our product has not met your expectations.<br \/>\nAccording to the Consumer Protection Act (Kuluttajasuojalaki), the primary location for returning a malfunctioning product is the seller\u2019s place of business. However, your feedback is our priority in regard to product development and quality assurance. At Mustang-grill.com, we always process written complaints. This creates fewer misunderstandings and better legal protection for you.<\/p>\n<p>If you suspect that the product has some material or manufacturing defect, please fill out the necessary information in the form as accurately as possible so that we may process your claim properly and as quickly as possible.<\/p>\n<p>N.B. We will contact you if we find, based on the information in the form, cause for you to send us the product for inspection. We will not accept retuned products unless the return has been approved beforehand.<\/p>\n<p>Mustang-grill.com must ascertain that the product is defective before it can be replaced. Defective products will be replaced with new ones. Should the product no longer be available, Mustang-grill.com reserves the right to replace it with a comparable item.<\/p>\n<p>Mustang is a brand owned by Tammer Brands Oy. Read more about our protection of personal data from <strong><a href=\"https:\/\/www.tammerbrands.fi\/en\/data-protection\/customer-service\/\" target=\"_blank\" rel=\"noopener\">here<\/a><\/strong>.<\/p>\n<p>Thank you for contacting us. We appreciate your patience and understanding!<\/p>\n<\/div>\n<\/div>\n\t\t\t\t\t\t\t\t<\/div>\n\t\t\t\t<\/div>\n\t\t\t\t\t<\/div>\n\t\t\t\t<\/div>\n\t\t<!-- dce invisible element 9ff1699 --><div class=\"elementor-element elementor-element-0670850 e-flex e-con-boxed e-con e-parent\" data-id=\"0670850\" data-element_type=\"container\" data-e-type=\"container\" data-settings=\"{&quot;background_background&quot;:&quot;classic&quot;}\">\n\t\t\t\t\t<div class=\"e-con-inner\">\n\t\t<div class=\"elementor-element elementor-element-f653579 e-con-full e-flex e-con e-child\" data-id=\"f653579\" data-element_type=\"container\" data-e-type=\"container\">\n\t\t\t\t<div class=\"elementor-element elementor-element-70fe235 elementor-view-default elementor-position-block-start elementor-mobile-position-block-start elementor-widget elementor-widget-icon-box\" data-id=\"70fe235\" data-element_type=\"widget\" data-e-type=\"widget\" data-widget_type=\"icon-box.default\">\n\t\t\t\t<div class=\"elementor-widget-container\">\n\t\t\t\t\t\t\t<div class=\"elementor-icon-box-wrapper\">\n\n\t\t\t\t\t\t<div class=\"elementor-icon-box-icon\">\n\t\t\t\t<span  class=\"elementor-icon\">\n\t\t\t\t<i aria-hidden=\"true\" class=\"fas fa-envelope\"><\/i>\t\t\t\t<\/span>\n\t\t\t<\/div>\n\t\t\t\n\t\t\t\t\t\t<div class=\"elementor-icon-box-content\">\n\n\t\t\t\t\t\t\t\t\t<h3 class=\"elementor-icon-box-title\">\n\t\t\t\t\t\t<span  >\n\t\t\t\t\t\t\t&#112;&#x72;&#111;&#x64;u&#99;&#x74;&#115;&#x75;p&#x70;o&#114;&#x74;&#64;&#x74;a&#x6d;&#x6d;&#101;&#x72;b&#x72;a&#110;&#x64;&#115;&#x2e;f&#x69;\t\t\t\t\t\t<\/span>\n\t\t\t\t\t<\/h3>\n\t\t\t\t\n\t\t\t\t\n\t\t\t<\/div>\n\t\t\t\n\t\t<\/div>\n\t\t\t\t\t\t<\/div>\n\t\t\t\t<\/div>\n\t\t\t\t<\/div>\n\t\t<div class=\"elementor-element elementor-element-d1278d1 e-con-full e-flex e-con e-child\" data-id=\"d1278d1\" data-element_type=\"container\" data-e-type=\"container\">\n\t\t\t\t<div class=\"elementor-element elementor-element-e3da946 elementor-align-left elementor-widget elementor-widget-button\" data-id=\"e3da946\" data-element_type=\"widget\" data-e-type=\"widget\" data-widget_type=\"button.default\">\n\t\t\t\t<div class=\"elementor-widget-container\">\n\t\t\t\t\t\t\t\t\t<div class=\"elementor-button-wrapper\">\n\t\t\t\t\t<a class=\"elementor-button elementor-button-link elementor-size-lg\" href=\"https:\/\/lomakkeet.tammerbrands.fi\/tuotepalaute\/en\" target=\"_blank\">\n\t\t\t\t\t\t<span class=\"elementor-button-content-wrapper\">\n\t\t\t\t\t\t\t\t\t<span class=\"elementor-button-text\">FILL THE FORM<\/span>\n\t\t\t\t\t<\/span>\n\t\t\t\t\t<\/a>\n\t\t\t\t<\/div>\n\t\t\t\t\t\t\t\t<\/div>\n\t\t\t\t<\/div>\n\t\t\t\t<\/div>\n\t\t\t\t\t<\/div>\n\t\t\t\t<\/div>\n\t\t\t\t<\/div>\n\t\t","protected":false},"excerpt":{"rendered":"<p>Vi undskylder, hvis vores produkt ikke har levet op til dine forventninger. I henhold til forbrugerbeskyttelsesloven (FI) er det prim\u00e6re returneringssted for et defekt produkt forhandleren, s\u00e5 kontakt venligst den forhandler, hvor du k\u00f8bte produktet i f\u00f8rste omgang. Mustang support service Mustang-tilbeh\u00f8r og -reservedele kan k\u00f8bes hos velassorterede forhandlere. Hvis du ikke kan finde den [&hellip;]<\/p>\n","protected":false},"author":2,"featured_media":170135,"parent":0,"menu_order":0,"comment_status":"closed","ping_status":"closed","template":"","meta":{"_acf_changed":false,"footnotes":""},"class_list":["post-155079","page","type-page","status-publish","has-post-thumbnail","hentry"],"acf":[],"yoast_head":"<!-- This site is optimized with the Yoast SEO plugin v27.2 - https:\/\/yoast.com\/product\/yoast-seo-wordpress\/ -->\n<title>Produktsupport - Mustang Grill<\/title>\n<meta name=\"robots\" content=\"index, follow, max-snippet:-1, max-image-preview:large, max-video-preview:-1\" \/>\n<link rel=\"canonical\" href=\"https:\/\/mustang-grill.com\/da\/produktsupport\/\" \/>\n<meta property=\"og:locale\" content=\"da_DK\" \/>\n<meta property=\"og:type\" content=\"article\" \/>\n<meta property=\"og:title\" content=\"Produktsupport - Mustang Grill\" \/>\n<meta property=\"og:description\" content=\"Vi undskylder, hvis vores produkt ikke har levet op til dine forventninger. I henhold til forbrugerbeskyttelsesloven (FI) er det prim\u00e6re returneringssted for et defekt produkt forhandleren, s\u00e5 kontakt venligst den forhandler, hvor du k\u00f8bte produktet i f\u00f8rste omgang. Mustang support service Mustang-tilbeh\u00f8r og -reservedele kan k\u00f8bes hos velassorterede forhandlere. Hvis du ikke kan finde den [&hellip;]\" \/>\n<meta property=\"og:url\" content=\"https:\/\/mustang-grill.com\/da\/produktsupport\/\" \/>\n<meta property=\"og:site_name\" content=\"Mustang Grill\" \/>\n<meta property=\"article:modified_time\" content=\"2025-03-11T14:08:56+00:00\" \/>\n<meta property=\"og:image\" content=\"https:\/\/mustang-grill.com\/wp-content\/uploads\/2024\/09\/612476_Redding_02.jpg\" \/>\n\t<meta property=\"og:image:width\" content=\"1282\" \/>\n\t<meta property=\"og:image:height\" content=\"1000\" \/>\n\t<meta property=\"og:image:type\" content=\"image\/jpeg\" \/>\n<meta name=\"twitter:card\" content=\"summary_large_image\" \/>\n<meta name=\"twitter:label1\" content=\"Estimeret l\u00e6setid\" \/>\n\t<meta name=\"twitter:data1\" content=\"4 minutter\" \/>\n<script type=\"application\/ld+json\" class=\"yoast-schema-graph\">{\"@context\":\"https:\/\/schema.org\",\"@graph\":[{\"@type\":\"WebPage\",\"@id\":\"https:\/\/mustang-grill.com\/da\/produktsupport\/\",\"url\":\"https:\/\/mustang-grill.com\/da\/produktsupport\/\",\"name\":\"Produktsupport - Mustang Grill\",\"isPartOf\":{\"@id\":\"https:\/\/mustang-grill.com\/#website\"},\"primaryImageOfPage\":{\"@id\":\"https:\/\/mustang-grill.com\/da\/produktsupport\/#primaryimage\"},\"image\":{\"@id\":\"https:\/\/mustang-grill.com\/da\/produktsupport\/#primaryimage\"},\"thumbnailUrl\":\"https:\/\/mustang-grill.com\/wp-content\/uploads\/2024\/09\/612476_Redding_02.jpg\",\"datePublished\":\"2024-07-05T17:13:53+00:00\",\"dateModified\":\"2025-03-11T14:08:56+00:00\",\"breadcrumb\":{\"@id\":\"https:\/\/mustang-grill.com\/da\/produktsupport\/#breadcrumb\"},\"inLanguage\":\"da-DK\",\"potentialAction\":[{\"@type\":\"ReadAction\",\"target\":[\"https:\/\/mustang-grill.com\/da\/produktsupport\/\"]}]},{\"@type\":\"ImageObject\",\"inLanguage\":\"da-DK\",\"@id\":\"https:\/\/mustang-grill.com\/da\/produktsupport\/#primaryimage\",\"url\":\"https:\/\/mustang-grill.com\/wp-content\/uploads\/2024\/09\/612476_Redding_02.jpg\",\"contentUrl\":\"https:\/\/mustang-grill.com\/wp-content\/uploads\/2024\/09\/612476_Redding_02.jpg\",\"width\":1282,\"height\":1000},{\"@type\":\"BreadcrumbList\",\"@id\":\"https:\/\/mustang-grill.com\/da\/produktsupport\/#breadcrumb\",\"itemListElement\":[{\"@type\":\"ListItem\",\"position\":1,\"name\":\"Home\",\"item\":\"https:\/\/mustang-grill.com\/da\/\"},{\"@type\":\"ListItem\",\"position\":2,\"name\":\"Produktsupport\"}]},{\"@type\":\"WebSite\",\"@id\":\"https:\/\/mustang-grill.com\/#website\",\"url\":\"https:\/\/mustang-grill.com\/\",\"name\":\"Mustang Grill\",\"description\":\"Grillausylivoimaa\",\"publisher\":{\"@id\":\"https:\/\/mustang-grill.com\/#organization\"},\"potentialAction\":[{\"@type\":\"SearchAction\",\"target\":{\"@type\":\"EntryPoint\",\"urlTemplate\":\"https:\/\/mustang-grill.com\/?s={search_term_string}\"},\"query-input\":{\"@type\":\"PropertyValueSpecification\",\"valueRequired\":true,\"valueName\":\"search_term_string\"}}],\"inLanguage\":\"da-DK\"},{\"@type\":\"Organization\",\"@id\":\"https:\/\/mustang-grill.com\/#organization\",\"name\":\"Mustang Grill\",\"url\":\"https:\/\/mustang-grill.com\/\",\"logo\":{\"@type\":\"ImageObject\",\"inLanguage\":\"da-DK\",\"@id\":\"https:\/\/mustang-grill.com\/#\/schema\/logo\/image\/\",\"url\":\"https:\/\/mustang-grill.com\/wp-content\/uploads\/2019\/11\/Mustang_logo_white-web.png\",\"contentUrl\":\"https:\/\/mustang-grill.com\/wp-content\/uploads\/2019\/11\/Mustang_logo_white-web.png\",\"width\":375,\"height\":126,\"caption\":\"Mustang Grill\"},\"image\":{\"@id\":\"https:\/\/mustang-grill.com\/#\/schema\/logo\/image\/\"}}]}<\/script>\n<!-- \/ Yoast SEO plugin. -->","yoast_head_json":{"title":"Produktsupport - Mustang Grill","robots":{"index":"index","follow":"follow","max-snippet":"max-snippet:-1","max-image-preview":"max-image-preview:large","max-video-preview":"max-video-preview:-1"},"canonical":"https:\/\/mustang-grill.com\/da\/produktsupport\/","og_locale":"da_DK","og_type":"article","og_title":"Produktsupport - Mustang Grill","og_description":"Vi undskylder, hvis vores produkt ikke har levet op til dine forventninger. I henhold til forbrugerbeskyttelsesloven (FI) er det prim\u00e6re returneringssted for et defekt produkt forhandleren, s\u00e5 kontakt venligst den forhandler, hvor du k\u00f8bte produktet i f\u00f8rste omgang. Mustang support service Mustang-tilbeh\u00f8r og -reservedele kan k\u00f8bes hos velassorterede forhandlere. Hvis du ikke kan finde den [&hellip;]","og_url":"https:\/\/mustang-grill.com\/da\/produktsupport\/","og_site_name":"Mustang Grill","article_modified_time":"2025-03-11T14:08:56+00:00","og_image":[{"width":1282,"height":1000,"url":"https:\/\/mustang-grill.com\/wp-content\/uploads\/2024\/09\/612476_Redding_02.jpg","type":"image\/jpeg"}],"twitter_card":"summary_large_image","twitter_misc":{"Estimeret l\u00e6setid":"4 minutter"},"schema":{"@context":"https:\/\/schema.org","@graph":[{"@type":"WebPage","@id":"https:\/\/mustang-grill.com\/da\/produktsupport\/","url":"https:\/\/mustang-grill.com\/da\/produktsupport\/","name":"Produktsupport - Mustang Grill","isPartOf":{"@id":"https:\/\/mustang-grill.com\/#website"},"primaryImageOfPage":{"@id":"https:\/\/mustang-grill.com\/da\/produktsupport\/#primaryimage"},"image":{"@id":"https:\/\/mustang-grill.com\/da\/produktsupport\/#primaryimage"},"thumbnailUrl":"https:\/\/mustang-grill.com\/wp-content\/uploads\/2024\/09\/612476_Redding_02.jpg","datePublished":"2024-07-05T17:13:53+00:00","dateModified":"2025-03-11T14:08:56+00:00","breadcrumb":{"@id":"https:\/\/mustang-grill.com\/da\/produktsupport\/#breadcrumb"},"inLanguage":"da-DK","potentialAction":[{"@type":"ReadAction","target":["https:\/\/mustang-grill.com\/da\/produktsupport\/"]}]},{"@type":"ImageObject","inLanguage":"da-DK","@id":"https:\/\/mustang-grill.com\/da\/produktsupport\/#primaryimage","url":"https:\/\/mustang-grill.com\/wp-content\/uploads\/2024\/09\/612476_Redding_02.jpg","contentUrl":"https:\/\/mustang-grill.com\/wp-content\/uploads\/2024\/09\/612476_Redding_02.jpg","width":1282,"height":1000},{"@type":"BreadcrumbList","@id":"https:\/\/mustang-grill.com\/da\/produktsupport\/#breadcrumb","itemListElement":[{"@type":"ListItem","position":1,"name":"Home","item":"https:\/\/mustang-grill.com\/da\/"},{"@type":"ListItem","position":2,"name":"Produktsupport"}]},{"@type":"WebSite","@id":"https:\/\/mustang-grill.com\/#website","url":"https:\/\/mustang-grill.com\/","name":"Mustang Grill","description":"Grillausylivoimaa","publisher":{"@id":"https:\/\/mustang-grill.com\/#organization"},"potentialAction":[{"@type":"SearchAction","target":{"@type":"EntryPoint","urlTemplate":"https:\/\/mustang-grill.com\/?s={search_term_string}"},"query-input":{"@type":"PropertyValueSpecification","valueRequired":true,"valueName":"search_term_string"}}],"inLanguage":"da-DK"},{"@type":"Organization","@id":"https:\/\/mustang-grill.com\/#organization","name":"Mustang Grill","url":"https:\/\/mustang-grill.com\/","logo":{"@type":"ImageObject","inLanguage":"da-DK","@id":"https:\/\/mustang-grill.com\/#\/schema\/logo\/image\/","url":"https:\/\/mustang-grill.com\/wp-content\/uploads\/2019\/11\/Mustang_logo_white-web.png","contentUrl":"https:\/\/mustang-grill.com\/wp-content\/uploads\/2019\/11\/Mustang_logo_white-web.png","width":375,"height":126,"caption":"Mustang Grill"},"image":{"@id":"https:\/\/mustang-grill.com\/#\/schema\/logo\/image\/"}}]}},"_links":{"self":[{"href":"https:\/\/mustang-grill.com\/da\/wp-json\/wp\/v2\/pages\/155079","targetHints":{"allow":["GET"]}}],"collection":[{"href":"https:\/\/mustang-grill.com\/da\/wp-json\/wp\/v2\/pages"}],"about":[{"href":"https:\/\/mustang-grill.com\/da\/wp-json\/wp\/v2\/types\/page"}],"author":[{"embeddable":true,"href":"https:\/\/mustang-grill.com\/da\/wp-json\/wp\/v2\/users\/2"}],"replies":[{"embeddable":true,"href":"https:\/\/mustang-grill.com\/da\/wp-json\/wp\/v2\/comments?post=155079"}],"version-history":[{"count":0,"href":"https:\/\/mustang-grill.com\/da\/wp-json\/wp\/v2\/pages\/155079\/revisions"}],"wp:featuredmedia":[{"embeddable":true,"href":"https:\/\/mustang-grill.com\/da\/wp-json\/wp\/v2\/media\/170135"}],"wp:attachment":[{"href":"https:\/\/mustang-grill.com\/da\/wp-json\/wp\/v2\/media?parent=155079"}],"curies":[{"name":"wp","href":"https:\/\/api.w.org\/{rel}","templated":true}]}}