{"id":140800,"date":"2024-04-22T15:24:59","date_gmt":"2024-04-22T12:24:59","guid":{"rendered":"https:\/\/dev.mustang-grill.com\/jalleenmyyjaksi\/"},"modified":"2024-09-27T15:41:30","modified_gmt":"2024-09-27T12:41:30","slug":"edasimuuja-jaoks","status":"publish","type":"page","link":"https:\/\/mustang-grill.com\/et\/edasimuuja-jaoks\/","title":{"rendered":"Edasim\u00fc\u00fcja jaoks"},"content":{"rendered":"\t\t<div data-elementor-type=\"wp-page\" data-elementor-id=\"140800\" class=\"elementor elementor-140800 elementor-139387\" data-elementor-post-type=\"page\">\n\t\t\t\t<div class=\"elementor-element elementor-element-862f8a2 e-flex e-con-boxed e-con e-parent\" data-id=\"862f8a2\" data-element_type=\"container\" data-e-type=\"container\" data-settings=\"{&quot;background_background&quot;:&quot;classic&quot;}\">\n\t\t\t\t\t<div class=\"e-con-inner\">\n\t\t<div class=\"elementor-element elementor-element-957a090 e-con-full e-flex e-con e-child\" data-id=\"957a090\" data-element_type=\"container\" data-e-type=\"container\" data-settings=\"{&quot;background_background&quot;:&quot;classic&quot;}\">\n\t\t\t\t<div class=\"elementor-element elementor-element-31607a4 elementor-widget elementor-widget-heading\" data-id=\"31607a4\" data-element_type=\"widget\" data-e-type=\"widget\" data-widget_type=\"heading.default\">\n\t\t\t\t<div class=\"elementor-widget-container\">\n\t\t\t\t\t<h1 class=\"elementor-heading-title elementor-size-default\">Edasim\u00fc\u00fcja jaoks<\/h1>\t\t\t\t<\/div>\n\t\t\t\t<\/div>\n\t\t\t\t<\/div>\n\t\t\t\t\t<\/div>\n\t\t\t\t<\/div>\n\t\t<div class=\"elementor-element elementor-element-4106f05 e-flex e-con-boxed e-con e-parent\" data-id=\"4106f05\" data-element_type=\"container\" data-e-type=\"container\">\n\t\t\t\t\t<div class=\"e-con-inner\">\n\t\t\t\t<div class=\"elementor-element elementor-element-0a997af elementor-widget elementor-widget-text-editor\" data-id=\"0a997af\" data-element_type=\"widget\" data-e-type=\"widget\" data-widget_type=\"text-editor.default\">\n\t\t\t\t<div class=\"elementor-widget-container\">\n\t\t\t\t\t\t\t\t\t<p>Mul on hea meel, et olete huvitatud Mustangi grillikultuurist. Me tervitame edasim\u00fc\u00fcjaid, kes hindavad hea hinna ja kvaliteedi suhtega, h\u00e4sti v\u00e4lja t\u00f6\u00f6tatud grillimis-, suitsutus- ja pitsatooteid. Olenemata sellest, kas teie kauplus asub veebis v\u00f5i kaupluses, oleme valmis aitama teil oma kliente isikup\u00e4rase grillvaliku tegemisel.<\/p>\n<p>Mustang on kaubam\u00e4rk, mis kuulub Tammer Brands. Tutvu Tammer Brands\u2019iga aadressil <strong><a href=\"https:\/\/www.tammerbrands.fi\/en\/\" target=\"_blank\" rel=\"noopener\">tammerbrands.fi<\/a><\/strong>, et saada rohkem teavet meie <strong><a href=\"https:\/\/www.tammerbrands.fi\/en\/asiakkuus\/\" target=\"_blank\" rel=\"noopener\">klienditeeninduse kohta<\/a><\/strong>.<\/p>\n<h3><\/h3>\n<p><\/p>\n<h5>Suur valik<\/h5>\n<p>Mustangi tooted on alati hoolikalt kavandatud. Me tunneme grillikultuuri ja toome teile \u00f5iged tooted. K\u00f5ik grillimisviisid on lubatud. Alates suurimatest gaasigrillidest kuni v\u00e4ikseimate palligrillideni, meie grillivalik rahuldab erinevaid grillimisstiile ja -trende.<\/p>\n<p>Iga Mustangi toode on hoolikalt viimistletud t\u00e4iuslikuks. Tootel on k\u00f5ik olulised funktsioonid, mida te \u00fchelt tootelt vajate. Mustangi grilltarvikutega on grillimine l\u00f5dvestunud. Liha-, k\u00f6\u00f6givilja- ja kalaroogade valmistamine k\u00e4ib vaevata selleks m\u00f5eldud t\u00f6\u00f6riistade abil. Valikus on ka kergemad tarvikud ja serveerimistooted. V\u00e4ljakuk\u00f6\u00f6gi grillid, parved ja roostevabast terasest pinnad puhastatakse Mustangi hoolikalt valitud puhastusvahenditega. Valikusse kuulub k\u00f5ik, mida grillimiseks vajate.<\/p>\n<p>&nbsp;<\/p>\n\t\t\t\t\t\t\t\t<\/div>\n\t\t\t\t<\/div>\n\t\t\t\t\t<\/div>\n\t\t\t\t<\/div>\n\t\t<div class=\"elementor-element elementor-element-9b043a9 elementor-hidden-mobile_extra elementor-hidden-mobile e-flex e-con-boxed e-con e-parent\" data-id=\"9b043a9\" data-element_type=\"container\" data-e-type=\"container\">\n\t\t\t\t\t<div class=\"e-con-inner\">\n\t\t<div class=\"elementor-element elementor-element-952ee32 e-con-full e-flex e-con e-child\" data-id=\"952ee32\" data-element_type=\"container\" data-e-type=\"container\" data-settings=\"{&quot;background_background&quot;:&quot;classic&quot;}\">\n\t\t\t\t<div class=\"elementor-element elementor-element-2b93cbf elementor-widget elementor-widget-text-editor\" data-id=\"2b93cbf\" data-element_type=\"widget\" data-e-type=\"widget\" data-widget_type=\"text-editor.default\">\n\t\t\t\t<div class=\"elementor-widget-container\">\n\t\t\t\t\t\t\t\t\t<h5>Showroom<\/h5>\n<p>Mustangi tooteid saab f\u00fc\u00fcsiliselt n\u00e4ha Tammer Brands Oy m\u00fc\u00fcgisaalis Tamperes, Soomes. Meie m\u00fc\u00fcgisaal on P\u00f5hjamaade suurim. Te v\u00f5ite ise broneerida oma aja ostmiseks ja k\u00fclastamiseks koos oma kontaktisikuga.<\/p>\n\t\t\t\t\t\t\t\t<\/div>\n\t\t\t\t<\/div>\n\t\t\t\t<\/div>\n\t\t<div class=\"elementor-element elementor-element-af85957 e-con-full e-flex e-con e-child\" data-id=\"af85957\" data-element_type=\"container\" data-e-type=\"container\" data-settings=\"{&quot;background_background&quot;:&quot;classic&quot;}\">\n\t\t\t\t<div class=\"elementor-element elementor-element-a8500b0 elementor-widget elementor-widget-text-editor\" data-id=\"a8500b0\" data-element_type=\"widget\" data-e-type=\"widget\" data-widget_type=\"text-editor.default\">\n\t\t\t\t<div class=\"elementor-widget-container\">\n\t\t\t\t\t\t\t\t\t<h5>Turundus<\/h5>\n<p>Meie br\u00e4nditurundusmeeskond tagab br\u00e4ndi n\u00e4htavuse ja tutvustab uusi tooteid olulistel tarbija\u00fcritustel, sotsiaalmeedias ja internetis. Samuti koostame kvaliteetsed kauplustes kasutatavad materjalid, tootepakendid, tooteinfo, pildid ja videod, et toetada teie m\u00fc\u00fcki.<\/p>\n\t\t\t\t\t\t\t\t<\/div>\n\t\t\t\t<\/div>\n\t\t\t\t<\/div>\n\t\t<div class=\"elementor-element elementor-element-ea5508b e-con-full e-flex e-con e-child\" data-id=\"ea5508b\" data-element_type=\"container\" data-e-type=\"container\" data-settings=\"{&quot;background_background&quot;:&quot;classic&quot;}\">\n\t\t\t\t<div class=\"elementor-element elementor-element-1693d62 elementor-widget elementor-widget-text-editor\" data-id=\"1693d62\" data-element_type=\"widget\" data-e-type=\"widget\" data-widget_type=\"text-editor.default\">\n\t\t\t\t<div class=\"elementor-widget-container\">\n\t\t\t\t\t\t\t\t\t<h5>Shop in shop<\/h5>\n<p>T\u00f5sta oma m\u00fc\u00fcki ja saada uusi kliente! Kasutusvalmis visuaalse ja kaubandusliku Shop in Shop kontseptsiooniga on Mustangi tooted veelgi selgemalt ja atraktiivsemalt kuvatud kui varem. T\u00f6\u00f6tame koos v\u00e4lja sobiva lahenduse teie kaupluse v\u00f5i e-poe-in-poe jaoks.<\/p>\n\t\t\t\t\t\t\t\t<\/div>\n\t\t\t\t<\/div>\n\t\t\t\t<\/div>\n\t\t<div class=\"elementor-element elementor-element-7c13aab e-con-full e-flex e-con e-child\" data-id=\"7c13aab\" data-element_type=\"container\" data-e-type=\"container\" data-settings=\"{&quot;background_background&quot;:&quot;classic&quot;}\">\n\t\t\t\t<div class=\"elementor-element elementor-element-0eef052 elementor-widget elementor-widget-text-editor\" data-id=\"0eef052\" data-element_type=\"widget\" data-e-type=\"widget\" data-widget_type=\"text-editor.default\">\n\t\t\t\t<div class=\"elementor-widget-container\">\n\t\t\t\t\t\t\t\t\t<h5>Materjali galerii<\/h5>\n<p>Teie m\u00fc\u00fcgi ja turunduse toetamiseks oleme koostanud galerii materjalidest, mida saate kasutada. Siit leiate br\u00e4ndipildid, bro\u0161\u00fc\u00fcrid, logod, videod jne. Galeriiga saate tutvuda <strong><a href=\"https:\/\/xfer.tammerbrands.fi\/brandmaterials\/mustang-en.html\" target=\"_blank\" rel=\"noopener\">siin<\/a><a href=\"https:\/\/xfer.tammerbrands.fi\/brandmaterials\/mustang-fi.html\" target=\"_blank\" rel=\"noopener\">.<\/a><\/strong><\/p>\n\t\t\t\t\t\t\t\t<\/div>\n\t\t\t\t<\/div>\n\t\t\t\t<\/div>\n\t\t\t\t\t<\/div>\n\t\t\t\t<\/div>\n\t\t<div class=\"elementor-element elementor-element-c6c9fc7 elementor-hidden-desktop elementor-hidden-tablet e-flex e-con-boxed e-con e-parent\" data-id=\"c6c9fc7\" data-element_type=\"container\" data-e-type=\"container\">\n\t\t\t\t\t<div class=\"e-con-inner\">\n\t\t<div class=\"elementor-element elementor-element-ba6a561 e-con-full e-flex e-con e-child\" data-id=\"ba6a561\" data-element_type=\"container\" data-e-type=\"container\" data-settings=\"{&quot;background_background&quot;:&quot;classic&quot;}\">\n\t\t\t\t<div class=\"elementor-element elementor-element-3b482c3 elementor-widget elementor-widget-text-editor\" data-id=\"3b482c3\" data-element_type=\"widget\" data-e-type=\"widget\" data-widget_type=\"text-editor.default\">\n\t\t\t\t<div class=\"elementor-widget-container\">\n\t\t\t\t\t\t\t\t\t<h5>Showroom<\/h5>\n<p>Mustangi tooteid saab f\u00fc\u00fcsiliselt n\u00e4ha Tammer Brands Oy m\u00fc\u00fcgisaalis Tamperes, Soomes. Meie m\u00fc\u00fcgisaal on P\u00f5hjamaade suurim. Te v\u00f5ite ise broneerida oma aja ostmiseks ja k\u00fclastamiseks koos oma kontaktisikuga.<\/p>\n\t\t\t\t\t\t\t\t<\/div>\n\t\t\t\t<\/div>\n\t\t\t\t<\/div>\n\t\t<div class=\"elementor-element elementor-element-945916e e-con-full e-flex e-con e-child\" data-id=\"945916e\" data-element_type=\"container\" data-e-type=\"container\" data-settings=\"{&quot;background_background&quot;:&quot;classic&quot;}\">\n\t\t\t\t<div class=\"elementor-element elementor-element-38472ae elementor-widget elementor-widget-text-editor\" data-id=\"38472ae\" data-element_type=\"widget\" data-e-type=\"widget\" data-widget_type=\"text-editor.default\">\n\t\t\t\t<div class=\"elementor-widget-container\">\n\t\t\t\t\t\t\t\t\t<h5>Turundus<\/h5>\n<p>Meie br\u00e4nditurundusmeeskond tagab br\u00e4ndi n\u00e4htavuse ja tutvustab uusi tooteid olulistel tarbija\u00fcritustel, sotsiaalmeedias ja internetis. Samuti koostame kvaliteetsed kauplustes kasutatavad materjalid, tootepakendid, tooteinfo, pildid ja videod, et toetada teie m\u00fc\u00fcki.<\/p>\n\t\t\t\t\t\t\t\t<\/div>\n\t\t\t\t<\/div>\n\t\t\t\t<\/div>\n\t\t<div class=\"elementor-element elementor-element-373026a e-con-full e-flex e-con e-child\" data-id=\"373026a\" data-element_type=\"container\" data-e-type=\"container\" data-settings=\"{&quot;background_background&quot;:&quot;classic&quot;}\">\n\t\t\t\t<div class=\"elementor-element elementor-element-9222900 elementor-widget elementor-widget-text-editor\" data-id=\"9222900\" data-element_type=\"widget\" data-e-type=\"widget\" data-widget_type=\"text-editor.default\">\n\t\t\t\t<div class=\"elementor-widget-container\">\n\t\t\t\t\t\t\t\t\t<h5>Shop in shop<\/h5>\n<p>T\u00f5sta oma m\u00fc\u00fcki ja saada uusi kliente! Kasutusvalmis visuaalse ja kaubandusliku Shop in Shop kontseptsiooniga on Mustangi tooted veelgi selgemalt ja atraktiivsemalt kuvatud kui varem. T\u00f6\u00f6tame koos v\u00e4lja sobiva lahenduse teie kaupluse v\u00f5i e-poe-in-poe jaoks.<\/p>\n\t\t\t\t\t\t\t\t<\/div>\n\t\t\t\t<\/div>\n\t\t\t\t<\/div>\n\t\t<div class=\"elementor-element elementor-element-e96140e e-con-full e-flex e-con e-child\" data-id=\"e96140e\" data-element_type=\"container\" data-e-type=\"container\" data-settings=\"{&quot;background_background&quot;:&quot;classic&quot;}\">\n\t\t\t\t<div class=\"elementor-element elementor-element-582b332 elementor-widget elementor-widget-text-editor\" data-id=\"582b332\" data-element_type=\"widget\" data-e-type=\"widget\" data-widget_type=\"text-editor.default\">\n\t\t\t\t<div class=\"elementor-widget-container\">\n\t\t\t\t\t\t\t\t\t<h5>Materjali galerii<\/h5>\n<p>Teie m\u00fc\u00fcgi ja turunduse toetamiseks oleme koostanud galerii materjalidest, mida saate kasutada. Siit leiate br\u00e4ndipildid, bro\u0161\u00fc\u00fcrid, logod, videod jne. Galeriiga saate tutvuda <strong><a href=\"https:\/\/xfer.tammerbrands.fi\/brandmaterials\/mustang-en.html\" target=\"_blank\" rel=\"noopener\">siin<\/a><a href=\"https:\/\/xfer.tammerbrands.fi\/brandmaterials\/mustang-fi.html\" target=\"_blank\" rel=\"noopener\">.<\/a><\/strong><\/p>\n\t\t\t\t\t\t\t\t<\/div>\n\t\t\t\t<\/div>\n\t\t\t\t<\/div>\n\t\t\t\t\t<\/div>\n\t\t\t\t<\/div>\n\t\t<div class=\"elementor-element elementor-element-ce80e55 e-flex e-con-boxed e-con e-parent\" data-id=\"ce80e55\" data-element_type=\"container\" data-e-type=\"container\">\n\t\t\t\t\t<div class=\"e-con-inner\">\n\t\t<div class=\"elementor-element elementor-element-bc5e236 e-con-full e-flex e-con e-child\" data-id=\"bc5e236\" data-element_type=\"container\" data-e-type=\"container\" data-settings=\"{&quot;background_background&quot;:&quot;classic&quot;}\">\n\t\t\t\t<div class=\"elementor-element elementor-element-89049b2 elementor-widget elementor-widget-heading\" data-id=\"89049b2\" data-element_type=\"widget\" data-e-type=\"widget\" data-widget_type=\"heading.default\">\n\t\t\t\t<div class=\"elementor-widget-container\">\n\t\t\t\t\t<h2 class=\"elementor-heading-title elementor-size-default\"><a href=\"https:\/\/mustang-grill.com\/et\/meie-kohta\/\">Meie kohta<\/a><\/h2>\t\t\t\t<\/div>\n\t\t\t\t<\/div>\n\t\t\t\t<\/div>\n\t\t<div class=\"elementor-element elementor-element-1584d8f e-con-full e-flex e-con e-child\" data-id=\"1584d8f\" data-element_type=\"container\" data-e-type=\"container\" data-settings=\"{&quot;background_background&quot;:&quot;classic&quot;}\">\n\t\t\t\t<div class=\"elementor-element elementor-element-42b3732 elementor-widget elementor-widget-heading\" data-id=\"42b3732\" data-element_type=\"widget\" data-e-type=\"widget\" data-widget_type=\"heading.default\">\n\t\t\t\t<div class=\"elementor-widget-container\">\n\t\t\t\t\t<h2 class=\"elementor-heading-title elementor-size-default\"><a href=\"https:\/\/mustang-grill.com\/et\/garantiiprogramm\/\">Garantiiprogramm<\/a><\/h2>\t\t\t\t<\/div>\n\t\t\t\t<\/div>\n\t\t\t\t<\/div>\n\t\t\t\t\t<\/div>\n\t\t\t\t<\/div>\n\t\t\t\t<\/div>\n\t\t","protected":false},"excerpt":{"rendered":"<p>Mul on hea meel, et olete huvitatud Mustangi grillikultuurist. Me tervitame edasim\u00fc\u00fcjaid, kes hindavad hea hinna ja kvaliteedi suhtega, h\u00e4sti v\u00e4lja t\u00f6\u00f6tatud grillimis-, suitsutus- ja pitsatooteid. Olenemata sellest, kas teie kauplus asub veebis v\u00f5i kaupluses, oleme valmis aitama teil oma kliente isikup\u00e4rase grillvaliku tegemisel. Mustang on kaubam\u00e4rk, mis kuulub Tammer Brands. Tutvu Tammer Brands\u2019iga aadressil [&hellip;]<\/p>\n","protected":false},"author":3,"featured_media":170162,"parent":0,"menu_order":0,"comment_status":"closed","ping_status":"closed","template":"","meta":{"_acf_changed":false,"footnotes":""},"class_list":["post-140800","page","type-page","status-publish","has-post-thumbnail","hentry"],"acf":[],"yoast_head":"<!-- This site is optimized with the Yoast SEO plugin v27.2 - https:\/\/yoast.com\/product\/yoast-seo-wordpress\/ -->\n<title>Edasim\u00fc\u00fcja jaoks - Mustang Grill<\/title>\n<meta name=\"description\" content=\"Mustang vastab oma laia ja kvaliteetse valikuga iga grillija vajadustele. Tammer Brands&#039;i kliendina v\u00f5ite saada edasim\u00fc\u00fcjaks.\" \/>\n<meta name=\"robots\" content=\"index, follow, max-snippet:-1, max-image-preview:large, max-video-preview:-1\" \/>\n<link rel=\"canonical\" href=\"https:\/\/mustang-grill.com\/jalleenmyyjaksi\/\" \/>\n<meta property=\"og:locale\" content=\"et_EE\" \/>\n<meta property=\"og:type\" content=\"article\" \/>\n<meta property=\"og:title\" content=\"Edasim\u00fc\u00fcja jaoks - Mustang Grill\" \/>\n<meta property=\"og:description\" content=\"Mustang vastab oma laia ja kvaliteetse valikuga iga grillija vajadustele. Tammer Brands&#039;i kliendina v\u00f5ite saada edasim\u00fc\u00fcjaks.\" \/>\n<meta property=\"og:url\" content=\"https:\/\/mustang-grill.com\/jalleenmyyjaksi\/\" \/>\n<meta property=\"og:site_name\" content=\"Mustang Grill\" \/>\n<meta property=\"article:modified_time\" content=\"2024-09-27T12:41:30+00:00\" \/>\n<meta property=\"og:image\" content=\"https:\/\/mustang-grill.com\/wp-content\/uploads\/2024\/09\/mustang_601849_Oakdale_01.jpg\" \/>\n\t<meta property=\"og:image:width\" content=\"1221\" \/>\n\t<meta property=\"og:image:height\" content=\"1500\" \/>\n\t<meta property=\"og:image:type\" content=\"image\/jpeg\" \/>\n<meta name=\"twitter:card\" content=\"summary_large_image\" \/>\n<meta name=\"twitter:label1\" content=\"Est. reading time\" \/>\n\t<meta name=\"twitter:data1\" content=\"2 minutes\" \/>\n<script type=\"application\/ld+json\" class=\"yoast-schema-graph\">{\"@context\":\"https:\/\/schema.org\",\"@graph\":[{\"@type\":\"WebPage\",\"@id\":\"https:\/\/mustang-grill.com\/jalleenmyyjaksi\/\",\"url\":\"https:\/\/mustang-grill.com\/jalleenmyyjaksi\/\",\"name\":\"Edasim\u00fc\u00fcja jaoks - Mustang Grill\",\"isPartOf\":{\"@id\":\"https:\/\/mustang-grill.com\/#website\"},\"primaryImageOfPage\":{\"@id\":\"https:\/\/mustang-grill.com\/jalleenmyyjaksi\/#primaryimage\"},\"image\":{\"@id\":\"https:\/\/mustang-grill.com\/jalleenmyyjaksi\/#primaryimage\"},\"thumbnailUrl\":\"https:\/\/mustang-grill.com\/wp-content\/uploads\/2024\/09\/mustang_601849_Oakdale_01.jpg\",\"datePublished\":\"2024-04-22T12:24:59+00:00\",\"dateModified\":\"2024-09-27T12:41:30+00:00\",\"description\":\"Mustang vastab oma laia ja kvaliteetse valikuga iga grillija vajadustele. Tammer Brands'i kliendina v\u00f5ite saada edasim\u00fc\u00fcjaks.\",\"breadcrumb\":{\"@id\":\"https:\/\/mustang-grill.com\/jalleenmyyjaksi\/#breadcrumb\"},\"inLanguage\":\"et-EE\",\"potentialAction\":[{\"@type\":\"ReadAction\",\"target\":[\"https:\/\/mustang-grill.com\/jalleenmyyjaksi\/\"]}]},{\"@type\":\"ImageObject\",\"inLanguage\":\"et-EE\",\"@id\":\"https:\/\/mustang-grill.com\/jalleenmyyjaksi\/#primaryimage\",\"url\":\"https:\/\/mustang-grill.com\/wp-content\/uploads\/2024\/09\/mustang_601849_Oakdale_01.jpg\",\"contentUrl\":\"https:\/\/mustang-grill.com\/wp-content\/uploads\/2024\/09\/mustang_601849_Oakdale_01.jpg\",\"width\":1221,\"height\":1500},{\"@type\":\"BreadcrumbList\",\"@id\":\"https:\/\/mustang-grill.com\/jalleenmyyjaksi\/#breadcrumb\",\"itemListElement\":[{\"@type\":\"ListItem\",\"position\":1,\"name\":\"Home\",\"item\":\"https:\/\/mustang-grill.com\/et\/\"},{\"@type\":\"ListItem\",\"position\":2,\"name\":\"Edasim\u00fc\u00fcja jaoks\"}]},{\"@type\":\"WebSite\",\"@id\":\"https:\/\/mustang-grill.com\/#website\",\"url\":\"https:\/\/mustang-grill.com\/\",\"name\":\"Mustang Grill\",\"description\":\"Grillausylivoimaa\",\"publisher\":{\"@id\":\"https:\/\/mustang-grill.com\/#organization\"},\"potentialAction\":[{\"@type\":\"SearchAction\",\"target\":{\"@type\":\"EntryPoint\",\"urlTemplate\":\"https:\/\/mustang-grill.com\/?s={search_term_string}\"},\"query-input\":{\"@type\":\"PropertyValueSpecification\",\"valueRequired\":true,\"valueName\":\"search_term_string\"}}],\"inLanguage\":\"et-EE\"},{\"@type\":\"Organization\",\"@id\":\"https:\/\/mustang-grill.com\/#organization\",\"name\":\"Mustang Grill\",\"url\":\"https:\/\/mustang-grill.com\/\",\"logo\":{\"@type\":\"ImageObject\",\"inLanguage\":\"et-EE\",\"@id\":\"https:\/\/mustang-grill.com\/#\/schema\/logo\/image\/\",\"url\":\"https:\/\/mustang-grill.com\/wp-content\/uploads\/2019\/11\/Mustang_logo_white-web.png\",\"contentUrl\":\"https:\/\/mustang-grill.com\/wp-content\/uploads\/2019\/11\/Mustang_logo_white-web.png\",\"width\":375,\"height\":126,\"caption\":\"Mustang Grill\"},\"image\":{\"@id\":\"https:\/\/mustang-grill.com\/#\/schema\/logo\/image\/\"}}]}<\/script>\n<!-- \/ Yoast SEO plugin. -->","yoast_head_json":{"title":"Edasim\u00fc\u00fcja jaoks - Mustang Grill","description":"Mustang vastab oma laia ja kvaliteetse valikuga iga grillija vajadustele. Tammer Brands'i kliendina v\u00f5ite saada edasim\u00fc\u00fcjaks.","robots":{"index":"index","follow":"follow","max-snippet":"max-snippet:-1","max-image-preview":"max-image-preview:large","max-video-preview":"max-video-preview:-1"},"canonical":"https:\/\/mustang-grill.com\/jalleenmyyjaksi\/","og_locale":"et_EE","og_type":"article","og_title":"Edasim\u00fc\u00fcja jaoks - Mustang Grill","og_description":"Mustang vastab oma laia ja kvaliteetse valikuga iga grillija vajadustele. Tammer Brands'i kliendina v\u00f5ite saada edasim\u00fc\u00fcjaks.","og_url":"https:\/\/mustang-grill.com\/jalleenmyyjaksi\/","og_site_name":"Mustang Grill","article_modified_time":"2024-09-27T12:41:30+00:00","og_image":[{"width":1221,"height":1500,"url":"https:\/\/mustang-grill.com\/wp-content\/uploads\/2024\/09\/mustang_601849_Oakdale_01.jpg","type":"image\/jpeg"}],"twitter_card":"summary_large_image","twitter_misc":{"Est. reading time":"2 minutes"},"schema":{"@context":"https:\/\/schema.org","@graph":[{"@type":"WebPage","@id":"https:\/\/mustang-grill.com\/jalleenmyyjaksi\/","url":"https:\/\/mustang-grill.com\/jalleenmyyjaksi\/","name":"Edasim\u00fc\u00fcja jaoks - Mustang Grill","isPartOf":{"@id":"https:\/\/mustang-grill.com\/#website"},"primaryImageOfPage":{"@id":"https:\/\/mustang-grill.com\/jalleenmyyjaksi\/#primaryimage"},"image":{"@id":"https:\/\/mustang-grill.com\/jalleenmyyjaksi\/#primaryimage"},"thumbnailUrl":"https:\/\/mustang-grill.com\/wp-content\/uploads\/2024\/09\/mustang_601849_Oakdale_01.jpg","datePublished":"2024-04-22T12:24:59+00:00","dateModified":"2024-09-27T12:41:30+00:00","description":"Mustang vastab oma laia ja kvaliteetse valikuga iga grillija vajadustele. Tammer Brands'i kliendina v\u00f5ite saada edasim\u00fc\u00fcjaks.","breadcrumb":{"@id":"https:\/\/mustang-grill.com\/jalleenmyyjaksi\/#breadcrumb"},"inLanguage":"et-EE","potentialAction":[{"@type":"ReadAction","target":["https:\/\/mustang-grill.com\/jalleenmyyjaksi\/"]}]},{"@type":"ImageObject","inLanguage":"et-EE","@id":"https:\/\/mustang-grill.com\/jalleenmyyjaksi\/#primaryimage","url":"https:\/\/mustang-grill.com\/wp-content\/uploads\/2024\/09\/mustang_601849_Oakdale_01.jpg","contentUrl":"https:\/\/mustang-grill.com\/wp-content\/uploads\/2024\/09\/mustang_601849_Oakdale_01.jpg","width":1221,"height":1500},{"@type":"BreadcrumbList","@id":"https:\/\/mustang-grill.com\/jalleenmyyjaksi\/#breadcrumb","itemListElement":[{"@type":"ListItem","position":1,"name":"Home","item":"https:\/\/mustang-grill.com\/et\/"},{"@type":"ListItem","position":2,"name":"Edasim\u00fc\u00fcja jaoks"}]},{"@type":"WebSite","@id":"https:\/\/mustang-grill.com\/#website","url":"https:\/\/mustang-grill.com\/","name":"Mustang Grill","description":"Grillausylivoimaa","publisher":{"@id":"https:\/\/mustang-grill.com\/#organization"},"potentialAction":[{"@type":"SearchAction","target":{"@type":"EntryPoint","urlTemplate":"https:\/\/mustang-grill.com\/?s={search_term_string}"},"query-input":{"@type":"PropertyValueSpecification","valueRequired":true,"valueName":"search_term_string"}}],"inLanguage":"et-EE"},{"@type":"Organization","@id":"https:\/\/mustang-grill.com\/#organization","name":"Mustang Grill","url":"https:\/\/mustang-grill.com\/","logo":{"@type":"ImageObject","inLanguage":"et-EE","@id":"https:\/\/mustang-grill.com\/#\/schema\/logo\/image\/","url":"https:\/\/mustang-grill.com\/wp-content\/uploads\/2019\/11\/Mustang_logo_white-web.png","contentUrl":"https:\/\/mustang-grill.com\/wp-content\/uploads\/2019\/11\/Mustang_logo_white-web.png","width":375,"height":126,"caption":"Mustang Grill"},"image":{"@id":"https:\/\/mustang-grill.com\/#\/schema\/logo\/image\/"}}]}},"_links":{"self":[{"href":"https:\/\/mustang-grill.com\/et\/wp-json\/wp\/v2\/pages\/140800","targetHints":{"allow":["GET"]}}],"collection":[{"href":"https:\/\/mustang-grill.com\/et\/wp-json\/wp\/v2\/pages"}],"about":[{"href":"https:\/\/mustang-grill.com\/et\/wp-json\/wp\/v2\/types\/page"}],"author":[{"embeddable":true,"href":"https:\/\/mustang-grill.com\/et\/wp-json\/wp\/v2\/users\/3"}],"replies":[{"embeddable":true,"href":"https:\/\/mustang-grill.com\/et\/wp-json\/wp\/v2\/comments?post=140800"}],"version-history":[{"count":0,"href":"https:\/\/mustang-grill.com\/et\/wp-json\/wp\/v2\/pages\/140800\/revisions"}],"wp:featuredmedia":[{"embeddable":true,"href":"https:\/\/mustang-grill.com\/et\/wp-json\/wp\/v2\/media\/170162"}],"wp:attachment":[{"href":"https:\/\/mustang-grill.com\/et\/wp-json\/wp\/v2\/media?parent=140800"}],"curies":[{"name":"wp","href":"https:\/\/api.w.org\/{rel}","templated":true}]}}