{"id":86628,"date":"2019-09-23T14:11:31","date_gmt":"2019-09-23T11:11:31","guid":{"rendered":"https:\/\/mustang-d2024.tbsites.fi\/productsupport\/"},"modified":"2025-03-11T16:06:42","modified_gmt":"2025-03-11T14:06:42","slug":"tootetugi","status":"publish","type":"page","link":"https:\/\/mustang-grill.com\/et\/tootetugi\/","title":{"rendered":"Tootetugi"},"content":{"rendered":"\t\t<div data-elementor-type=\"wp-page\" data-elementor-id=\"86628\" class=\"elementor elementor-86628 elementor-647\" data-elementor-post-type=\"page\">\n\t\t\t\t<div class=\"elementor-element elementor-element-803f2bb e-flex e-con-boxed e-con e-parent\" data-id=\"803f2bb\" data-element_type=\"container\" data-e-type=\"container\" data-settings=\"{&quot;background_background&quot;:&quot;classic&quot;}\">\n\t\t\t\t\t<div class=\"e-con-inner\">\n\t\t<div class=\"elementor-element elementor-element-b4feb7e e-con-full e-flex e-con e-child\" data-id=\"b4feb7e\" data-element_type=\"container\" data-e-type=\"container\" data-settings=\"{&quot;background_background&quot;:&quot;classic&quot;}\">\n\t\t\t\t<div class=\"elementor-element elementor-element-6242a2a elementor-widget elementor-widget-heading\" data-id=\"6242a2a\" data-element_type=\"widget\" data-e-type=\"widget\" data-widget_type=\"heading.default\">\n\t\t\t\t<div class=\"elementor-widget-container\">\n\t\t\t\t\t<h1 class=\"elementor-heading-title elementor-size-default\">Tootetugi<\/h1>\t\t\t\t<\/div>\n\t\t\t\t<\/div>\n\t\t\t\t<div class=\"elementor-element elementor-element-2f31dbf elementor-widget elementor-widget-text-editor\" data-id=\"2f31dbf\" data-element_type=\"widget\" data-e-type=\"widget\" data-widget_type=\"text-editor.default\">\n\t\t\t\t<div class=\"elementor-widget-container\">\n\t\t\t\t\t\t\t\t\t<p>Me vabandame, kui meie toode ei vastanud teie ootustele.<br \/>Tarbijakaitseseaduse (FI) kohaselt on esmane tagastuskoht tootevigade korral jaem\u00fc\u00fcja, seega v\u00f5tke palun \u00fchendust jaem\u00fc\u00fcjaga, kust te toote k\u00f5igepealt ostsite.<\/p>\t\t\t\t\t\t\t\t<\/div>\n\t\t\t\t<\/div>\n\t\t\t\t<\/div>\n\t\t\t\t\t<\/div>\n\t\t\t\t<\/div>\n\t\t<div class=\"elementor-element elementor-element-72dc1de e-flex e-con-boxed e-con e-parent\" data-id=\"72dc1de\" data-element_type=\"container\" data-e-type=\"container\">\n\t\t\t\t\t<div class=\"e-con-inner\">\n\t\t\t\t<div class=\"elementor-element elementor-element-656b15a elementor-widget elementor-widget-text-editor\" data-id=\"656b15a\" data-element_type=\"widget\" data-e-type=\"widget\" data-widget_type=\"text-editor.default\">\n\t\t\t\t<div class=\"elementor-widget-container\">\n\t\t\t\t\t\t\t\t\t<h2 class=\"elementor-heading-title elementor-size-default\">Mustangi tugiteenus<\/h2><p><br \/>Mustangi tarvikuid ja varuosi saate osta h\u00e4sti varustatud edasim\u00fc\u00fcjatelt. Kui te ei leia vajalikku varuosa, p\u00f6\u00f6rduge meie p\u00e4devate spetsialistide poole aadressil <span data-olk-copy-source=\"MessageBody\">p&#114;&#111;&#x64;&#x75;ct&#115;&#117;&#x70;&#x70;or&#116;&#64;&#x74;&#x61;mm&#101;&#x72;&#x62;&#x72;a&#110;&#100;&#x73;&#x2e;&#x66;i<\/span>. Teenindame teid inglise keeles. V\u00f5tame teiega \u00fchendust umbes 7 argip\u00e4eva jooksul. Kiiremaks teenindamiseks v\u00f5tke \u00fchendust selle lehe kontaktivormi kaudu. Vorm on ingliskeelne.<\/p><p>Enne veel selgitage probleemi kiirema lahendamise nimel v\u00e4lja allj\u00e4rgnev.<\/p><ul><li>Toote mudeli nimi<\/li><li>Seadme kood<\/li><li>Varuosa number ja nimi, kui tegemist on varuosaga<\/li><\/ul>\t\t\t\t\t\t\t\t<\/div>\n\t\t\t\t<\/div>\n\t\t\t\t\t<\/div>\n\t\t\t\t<\/div>\n\t\t<div class=\"elementor-element elementor-element-f32eab7 e-flex e-con-boxed e-con e-parent\" data-id=\"f32eab7\" data-element_type=\"container\" data-e-type=\"container\">\n\t\t\t\t\t<div class=\"e-con-inner\">\n\t\t<div class=\"elementor-element elementor-element-c551bdd e-con-full e-flex e-con e-child\" data-id=\"c551bdd\" data-element_type=\"container\" data-e-type=\"container\" data-settings=\"{&quot;background_background&quot;:&quot;classic&quot;}\">\n\t\t\t\t<div class=\"elementor-element elementor-element-fd8d13c elementor-widget elementor-widget-text-editor\" data-id=\"fd8d13c\" data-element_type=\"widget\" data-e-type=\"widget\" data-widget_type=\"text-editor.default\">\n\t\t\t\t<div class=\"elementor-widget-container\">\n\t\t\t\t\t\t\t\t\t<p>Varuosad meie edasim\u00fc\u00fcjatelt<br \/>v\u00f5i <span data-olk-copy-source=\"MessageBody\">p&#114;&#x6f;&#x64;u&#99;&#116;&#x73;&#x75;p&#112;&#x6f;&#x72;t&#64;&#116;&#x61;&#x6d;m&#101;&#x72;&#x62;r&#97;&#110;&#x64;&#x73;&#46;&#102;&#x69;<\/span><\/p>\t\t\t\t\t\t\t\t<\/div>\n\t\t\t\t<\/div>\n\t\t\t\t<div class=\"elementor-element elementor-element-26ee91f elementor-align-center elementor-widget elementor-widget-button\" data-id=\"26ee91f\" data-element_type=\"widget\" data-e-type=\"widget\" data-widget_type=\"button.default\">\n\t\t\t\t<div class=\"elementor-widget-container\">\n\t\t\t\t\t\t\t\t\t<div class=\"elementor-button-wrapper\">\n\t\t\t\t\t<a class=\"elementor-button elementor-button-link elementor-size-sm\" href=\"https:\/\/mustang-grill.com\/en\/category\/accessories\/#spare-parts-accessories\">\n\t\t\t\t\t\t<span class=\"elementor-button-content-wrapper\">\n\t\t\t\t\t\t\t\t\t<span class=\"elementor-button-text\">SEE OSAD (EN)<\/span>\n\t\t\t\t\t<\/span>\n\t\t\t\t\t<\/a>\n\t\t\t\t<\/div>\n\t\t\t\t\t\t\t\t<\/div>\n\t\t\t\t<\/div>\n\t\t\t\t<\/div>\n\t\t\t\t<div class=\"elementor-element elementor-element-b59dbd6 elementor-widget elementor-widget-image\" data-id=\"b59dbd6\" data-element_type=\"widget\" data-e-type=\"widget\" data-widget_type=\"image.default\">\n\t\t\t\t<div class=\"elementor-widget-container\">\n\t\t\t\t\t\t\t\t\t\t\t\t\t\t\t<img loading=\"lazy\" decoding=\"async\" width=\"800\" height=\"198\" src=\"https:\/\/mustang-grill.com\/wp-content\/uploads\/2024\/09\/varaosa_mustang_ritilat_Connoisseur_2-1024x253.jpg\" class=\"attachment-large size-large wp-image-170274\" alt=\"\" srcset=\"https:\/\/mustang-grill.com\/wp-content\/uploads\/2024\/09\/varaosa_mustang_ritilat_Connoisseur_2-1024x253.jpg 1024w, https:\/\/mustang-grill.com\/wp-content\/uploads\/2024\/09\/varaosa_mustang_ritilat_Connoisseur_2-300x74.jpg 300w, https:\/\/mustang-grill.com\/wp-content\/uploads\/2024\/09\/varaosa_mustang_ritilat_Connoisseur_2-768x190.jpg 768w, https:\/\/mustang-grill.com\/wp-content\/uploads\/2024\/09\/varaosa_mustang_ritilat_Connoisseur_2.jpg 1500w\" sizes=\"auto, (max-width: 800px) 100vw, 800px\" \/>\t\t\t\t\t\t\t\t\t\t\t\t\t\t\t<\/div>\n\t\t\t\t<\/div>\n\t\t\t\t\t<\/div>\n\t\t\t\t<\/div>\n\t\t<div class=\"elementor-element elementor-element-9cf3040 e-flex e-con-boxed e-con e-parent\" data-id=\"9cf3040\" data-element_type=\"container\" data-e-type=\"container\">\n\t\t\t\t\t<div class=\"e-con-inner\">\n\t\t\t\t<div class=\"elementor-element elementor-element-41b9780 elementor-widget elementor-widget-text-editor\" data-id=\"41b9780\" data-element_type=\"widget\" data-e-type=\"widget\" data-widget_type=\"text-editor.default\">\n\t\t\t\t<div class=\"elementor-widget-container\">\n\t\t\t\t\t\t\t\t\t<h3 class=\"elementor-heading-title elementor-size-default\">Instructions for a Product Claim<\/h3><p><br \/>We apologise if our product has not met your expectations.<\/p><p>According to the Consumer Protection Act (Kuluttajasuojalaki), the primary location for returning a malfunctioning product is the seller\u2019s place of business. However, your feedback is our priority in regard to product development and quality assurance. At Mustang-grill.com, we always process written complaints. This creates fewer misunderstandings and better legal protection for you.<\/p><p>If you suspect that the product has some material or manufacturing defect, please fill out the necessary information in the form as accurately as possible so that we may process your claim properly and as quickly as possible.<\/p><p>N.B. We will contact you if we find, based on the information in the form, cause for you to send us the product for inspection. We will not accept retuned products unless the return has been approved beforehand.<\/p><p>Mustang-grill.com must ascertain that the product is defective before it can be replaced. Defective products will be replaced with new ones. Should the product no longer be available, Mustang-grill.com reserves the right to replace it with a comparable item.<\/p><p>Mustang is a brand owned by Tammer Brands Oy. Read more about our protection of personal data from <strong><a href=\"https:\/\/www.tammerbrands.fi\/en\/data-protection\/customer-service\/\" target=\"_blank\" rel=\"noopener\">here<\/a><\/strong>.<\/p><p>Thank you for contacting us. We appreciate your patience and understanding!<\/p>\t\t\t\t\t\t\t\t<\/div>\n\t\t\t\t<\/div>\n\t\t\t\t\t<\/div>\n\t\t\t\t<\/div>\n\t\t<!-- dce invisible element 9ff1699 --><div class=\"elementor-element elementor-element-0670850 e-flex e-con-boxed e-con e-parent\" data-id=\"0670850\" data-element_type=\"container\" data-e-type=\"container\" data-settings=\"{&quot;background_background&quot;:&quot;classic&quot;}\">\n\t\t\t\t\t<div class=\"e-con-inner\">\n\t\t<div class=\"elementor-element elementor-element-f653579 e-con-full e-flex e-con e-child\" data-id=\"f653579\" data-element_type=\"container\" data-e-type=\"container\">\n\t\t\t\t<div class=\"elementor-element elementor-element-70fe235 elementor-view-default elementor-position-block-start elementor-mobile-position-block-start elementor-widget elementor-widget-icon-box\" data-id=\"70fe235\" data-element_type=\"widget\" data-e-type=\"widget\" data-widget_type=\"icon-box.default\">\n\t\t\t\t<div class=\"elementor-widget-container\">\n\t\t\t\t\t\t\t<div class=\"elementor-icon-box-wrapper\">\n\n\t\t\t\t\t\t<div class=\"elementor-icon-box-icon\">\n\t\t\t\t<span  class=\"elementor-icon\">\n\t\t\t\t<i aria-hidden=\"true\" class=\"fas fa-envelope\"><\/i>\t\t\t\t<\/span>\n\t\t\t<\/div>\n\t\t\t\n\t\t\t\t\t\t<div class=\"elementor-icon-box-content\">\n\n\t\t\t\t\t\t\t\t\t<h3 class=\"elementor-icon-box-title\">\n\t\t\t\t\t\t<span  >\n\t\t\t\t\t\t\t&#x70;&#x72;&#111;d&#x75;&#x63;&#116;su&#x70;&#x70;&#111;r&#x74;&#x40;&#116;&#97;m&#x6d;&#x65;&#114;b&#x72;&#x61;&#110;&#100;s&#x2e;&#x66;&#105;\t\t\t\t\t\t<\/span>\n\t\t\t\t\t<\/h3>\n\t\t\t\t\n\t\t\t\t\n\t\t\t<\/div>\n\t\t\t\n\t\t<\/div>\n\t\t\t\t\t\t<\/div>\n\t\t\t\t<\/div>\n\t\t\t\t<\/div>\n\t\t<div class=\"elementor-element elementor-element-d1278d1 e-con-full e-flex e-con e-child\" data-id=\"d1278d1\" data-element_type=\"container\" data-e-type=\"container\">\n\t\t\t\t<div class=\"elementor-element elementor-element-e3da946 elementor-align-left elementor-widget elementor-widget-button\" data-id=\"e3da946\" data-element_type=\"widget\" data-e-type=\"widget\" data-widget_type=\"button.default\">\n\t\t\t\t<div class=\"elementor-widget-container\">\n\t\t\t\t\t\t\t\t\t<div class=\"elementor-button-wrapper\">\n\t\t\t\t\t<a class=\"elementor-button elementor-button-link elementor-size-lg\" href=\"https:\/\/lomakkeet.tammerbrands.fi\/tuotepalaute\/en\" target=\"_blank\">\n\t\t\t\t\t\t<span class=\"elementor-button-content-wrapper\">\n\t\t\t\t\t\t\t\t\t<span class=\"elementor-button-text\">FILL THE FORM<\/span>\n\t\t\t\t\t<\/span>\n\t\t\t\t\t<\/a>\n\t\t\t\t<\/div>\n\t\t\t\t\t\t\t\t<\/div>\n\t\t\t\t<\/div>\n\t\t\t\t<\/div>\n\t\t\t\t\t<\/div>\n\t\t\t\t<\/div>\n\t\t\t\t<\/div>\n\t\t","protected":false},"excerpt":{"rendered":"<p>Me vabandame, kui meie toode ei vastanud teie ootustele.Tarbijakaitseseaduse (FI) kohaselt on esmane tagastuskoht tootevigade korral jaem\u00fc\u00fcja, seega v\u00f5tke palun \u00fchendust jaem\u00fc\u00fcjaga, kust te toote k\u00f5igepealt ostsite. Mustangi tugiteenus Mustangi tarvikuid ja varuosi saate osta h\u00e4sti varustatud edasim\u00fc\u00fcjatelt. Kui te ei leia vajalikku varuosa, p\u00f6\u00f6rduge meie p\u00e4devate spetsialistide poole aadressil prod&#117;&#99;&#116;&#115;&#117;&#x70;&#x70;&#x6f;&#x72;&#x74;&#x40;&#x74;amme&#114;&#98;&#114;&#97;&#110;&#x64;&#x73;&#x2e;&#x66;&#x69;. Teenindame teid inglise keeles. [&hellip;]<\/p>\n","protected":false},"author":2,"featured_media":170137,"parent":0,"menu_order":0,"comment_status":"closed","ping_status":"closed","template":"","meta":{"_acf_changed":false,"footnotes":""},"class_list":["post-86628","page","type-page","status-publish","has-post-thumbnail","hentry"],"acf":[],"yoast_head":"<!-- This site is optimized with the Yoast SEO plugin v27.5 - https:\/\/yoast.com\/product\/yoast-seo-wordpress\/ -->\n<title>Tootetugi - Mustang Grill<\/title>\n<meta name=\"robots\" content=\"index, follow, max-snippet:-1, max-image-preview:large, max-video-preview:-1\" \/>\n<link rel=\"canonical\" href=\"https:\/\/mustang-grill.com\/et\/tootetugi\/\" \/>\n<meta property=\"og:locale\" content=\"et_EE\" \/>\n<meta property=\"og:type\" content=\"article\" \/>\n<meta property=\"og:title\" content=\"Tootetugi - Mustang Grill\" \/>\n<meta property=\"og:description\" content=\"Me vabandame, kui meie toode ei vastanud teie ootustele.Tarbijakaitseseaduse (FI) kohaselt on esmane tagastuskoht tootevigade korral jaem\u00fc\u00fcja, seega v\u00f5tke palun \u00fchendust jaem\u00fc\u00fcjaga, kust te toote k\u00f5igepealt ostsite. Mustangi tugiteenus Mustangi tarvikuid ja varuosi saate osta h\u00e4sti varustatud edasim\u00fc\u00fcjatelt. Kui te ei leia vajalikku varuosa, p\u00f6\u00f6rduge meie p\u00e4devate spetsialistide poole aadressil produc&#116;&#115;&#117;&#112;&#112;&#111;&#114;&#x74;&#x40;&#x74;&#x61;&#x6d;&#x6d;&#x65;&#x72;&#x62;&#x72;&#x61;&#x6e;ds&#046;fi. Teenindame teid inglise keeles. [&hellip;]\" \/>\n<meta property=\"og:url\" content=\"https:\/\/mustang-grill.com\/et\/tootetugi\/\" \/>\n<meta property=\"og:site_name\" content=\"Mustang Grill\" \/>\n<meta property=\"article:modified_time\" content=\"2025-03-11T14:06:42+00:00\" \/>\n<meta property=\"og:image\" content=\"https:\/\/mustang-grill.com\/wp-content\/uploads\/2024\/09\/612476_Redding_02.jpg\" \/>\n\t<meta property=\"og:image:width\" content=\"1282\" \/>\n\t<meta property=\"og:image:height\" content=\"1000\" \/>\n\t<meta property=\"og:image:type\" content=\"image\/jpeg\" \/>\n<meta name=\"twitter:card\" content=\"summary_large_image\" \/>\n<meta name=\"twitter:label1\" content=\"Est. reading time\" \/>\n\t<meta name=\"twitter:data1\" content=\"2 minutes\" \/>\n<script type=\"application\/ld+json\" class=\"yoast-schema-graph\">{\"@context\":\"https:\\\/\\\/schema.org\",\"@graph\":[{\"@type\":\"WebPage\",\"@id\":\"https:\\\/\\\/mustang-grill.com\\\/et\\\/tootetugi\\\/\",\"url\":\"https:\\\/\\\/mustang-grill.com\\\/et\\\/tootetugi\\\/\",\"name\":\"Tootetugi - Mustang Grill\",\"isPartOf\":{\"@id\":\"https:\\\/\\\/mustang-grill.com\\\/#website\"},\"primaryImageOfPage\":{\"@id\":\"https:\\\/\\\/mustang-grill.com\\\/et\\\/tootetugi\\\/#primaryimage\"},\"image\":{\"@id\":\"https:\\\/\\\/mustang-grill.com\\\/et\\\/tootetugi\\\/#primaryimage\"},\"thumbnailUrl\":\"https:\\\/\\\/mustang-grill.com\\\/wp-content\\\/uploads\\\/2024\\\/09\\\/612476_Redding_02.jpg\",\"datePublished\":\"2019-09-23T11:11:31+00:00\",\"dateModified\":\"2025-03-11T14:06:42+00:00\",\"breadcrumb\":{\"@id\":\"https:\\\/\\\/mustang-grill.com\\\/et\\\/tootetugi\\\/#breadcrumb\"},\"inLanguage\":\"et-EE\",\"potentialAction\":[{\"@type\":\"ReadAction\",\"target\":[\"https:\\\/\\\/mustang-grill.com\\\/et\\\/tootetugi\\\/\"]}]},{\"@type\":\"ImageObject\",\"inLanguage\":\"et-EE\",\"@id\":\"https:\\\/\\\/mustang-grill.com\\\/et\\\/tootetugi\\\/#primaryimage\",\"url\":\"https:\\\/\\\/mustang-grill.com\\\/wp-content\\\/uploads\\\/2024\\\/09\\\/612476_Redding_02.jpg\",\"contentUrl\":\"https:\\\/\\\/mustang-grill.com\\\/wp-content\\\/uploads\\\/2024\\\/09\\\/612476_Redding_02.jpg\",\"width\":1282,\"height\":1000},{\"@type\":\"BreadcrumbList\",\"@id\":\"https:\\\/\\\/mustang-grill.com\\\/et\\\/tootetugi\\\/#breadcrumb\",\"itemListElement\":[{\"@type\":\"ListItem\",\"position\":1,\"name\":\"Home\",\"item\":\"https:\\\/\\\/mustang-grill.com\\\/et\\\/\"},{\"@type\":\"ListItem\",\"position\":2,\"name\":\"Tootetugi\"}]},{\"@type\":\"WebSite\",\"@id\":\"https:\\\/\\\/mustang-grill.com\\\/#website\",\"url\":\"https:\\\/\\\/mustang-grill.com\\\/\",\"name\":\"Mustang Grill\",\"description\":\"Grillausylivoimaa\",\"publisher\":{\"@id\":\"https:\\\/\\\/mustang-grill.com\\\/#organization\"},\"potentialAction\":[{\"@type\":\"SearchAction\",\"target\":{\"@type\":\"EntryPoint\",\"urlTemplate\":\"https:\\\/\\\/mustang-grill.com\\\/?s={search_term_string}\"},\"query-input\":{\"@type\":\"PropertyValueSpecification\",\"valueRequired\":true,\"valueName\":\"search_term_string\"}}],\"inLanguage\":\"et-EE\"},{\"@type\":\"Organization\",\"@id\":\"https:\\\/\\\/mustang-grill.com\\\/#organization\",\"name\":\"Mustang Grill\",\"url\":\"https:\\\/\\\/mustang-grill.com\\\/\",\"logo\":{\"@type\":\"ImageObject\",\"inLanguage\":\"et-EE\",\"@id\":\"https:\\\/\\\/mustang-grill.com\\\/#\\\/schema\\\/logo\\\/image\\\/\",\"url\":\"https:\\\/\\\/mustang-grill.com\\\/wp-content\\\/uploads\\\/2019\\\/11\\\/Mustang_logo_white-web.png\",\"contentUrl\":\"https:\\\/\\\/mustang-grill.com\\\/wp-content\\\/uploads\\\/2019\\\/11\\\/Mustang_logo_white-web.png\",\"width\":375,\"height\":126,\"caption\":\"Mustang Grill\"},\"image\":{\"@id\":\"https:\\\/\\\/mustang-grill.com\\\/#\\\/schema\\\/logo\\\/image\\\/\"}}]}<\/script>\n<!-- \/ Yoast SEO plugin. -->","yoast_head_json":{"title":"Tootetugi - Mustang Grill","robots":{"index":"index","follow":"follow","max-snippet":"max-snippet:-1","max-image-preview":"max-image-preview:large","max-video-preview":"max-video-preview:-1"},"canonical":"https:\/\/mustang-grill.com\/et\/tootetugi\/","og_locale":"et_EE","og_type":"article","og_title":"Tootetugi - Mustang Grill","og_description":"Me vabandame, kui meie toode ei vastanud teie ootustele.Tarbijakaitseseaduse (FI) kohaselt on esmane tagastuskoht tootevigade korral jaem\u00fc\u00fcja, seega v\u00f5tke palun \u00fchendust jaem\u00fc\u00fcjaga, kust te toote k\u00f5igepealt ostsite. Mustangi tugiteenus Mustangi tarvikuid ja varuosi saate osta h\u00e4sti varustatud edasim\u00fc\u00fcjatelt. Kui te ei leia vajalikku varuosa, p\u00f6\u00f6rduge meie p\u00e4devate spetsialistide poole aadressil produc&#116;&#115;&#117;&#112;&#112;&#111;&#114;&#x74;&#x40;&#x74;&#x61;&#x6d;&#x6d;&#x65;&#x72;&#x62;&#x72;&#x61;&#x6e;ds&#46;fi. Teenindame teid inglise keeles. [&hellip;]","og_url":"https:\/\/mustang-grill.com\/et\/tootetugi\/","og_site_name":"Mustang Grill","article_modified_time":"2025-03-11T14:06:42+00:00","og_image":[{"width":1282,"height":1000,"url":"https:\/\/mustang-grill.com\/wp-content\/uploads\/2024\/09\/612476_Redding_02.jpg","type":"image\/jpeg"}],"twitter_card":"summary_large_image","twitter_misc":{"Est. reading time":"2 minutes"},"schema":{"@context":"https:\/\/schema.org","@graph":[{"@type":"WebPage","@id":"https:\/\/mustang-grill.com\/et\/tootetugi\/","url":"https:\/\/mustang-grill.com\/et\/tootetugi\/","name":"Tootetugi - Mustang Grill","isPartOf":{"@id":"https:\/\/mustang-grill.com\/#website"},"primaryImageOfPage":{"@id":"https:\/\/mustang-grill.com\/et\/tootetugi\/#primaryimage"},"image":{"@id":"https:\/\/mustang-grill.com\/et\/tootetugi\/#primaryimage"},"thumbnailUrl":"https:\/\/mustang-grill.com\/wp-content\/uploads\/2024\/09\/612476_Redding_02.jpg","datePublished":"2019-09-23T11:11:31+00:00","dateModified":"2025-03-11T14:06:42+00:00","breadcrumb":{"@id":"https:\/\/mustang-grill.com\/et\/tootetugi\/#breadcrumb"},"inLanguage":"et-EE","potentialAction":[{"@type":"ReadAction","target":["https:\/\/mustang-grill.com\/et\/tootetugi\/"]}]},{"@type":"ImageObject","inLanguage":"et-EE","@id":"https:\/\/mustang-grill.com\/et\/tootetugi\/#primaryimage","url":"https:\/\/mustang-grill.com\/wp-content\/uploads\/2024\/09\/612476_Redding_02.jpg","contentUrl":"https:\/\/mustang-grill.com\/wp-content\/uploads\/2024\/09\/612476_Redding_02.jpg","width":1282,"height":1000},{"@type":"BreadcrumbList","@id":"https:\/\/mustang-grill.com\/et\/tootetugi\/#breadcrumb","itemListElement":[{"@type":"ListItem","position":1,"name":"Home","item":"https:\/\/mustang-grill.com\/et\/"},{"@type":"ListItem","position":2,"name":"Tootetugi"}]},{"@type":"WebSite","@id":"https:\/\/mustang-grill.com\/#website","url":"https:\/\/mustang-grill.com\/","name":"Mustang Grill","description":"Grillausylivoimaa","publisher":{"@id":"https:\/\/mustang-grill.com\/#organization"},"potentialAction":[{"@type":"SearchAction","target":{"@type":"EntryPoint","urlTemplate":"https:\/\/mustang-grill.com\/?s={search_term_string}"},"query-input":{"@type":"PropertyValueSpecification","valueRequired":true,"valueName":"search_term_string"}}],"inLanguage":"et-EE"},{"@type":"Organization","@id":"https:\/\/mustang-grill.com\/#organization","name":"Mustang Grill","url":"https:\/\/mustang-grill.com\/","logo":{"@type":"ImageObject","inLanguage":"et-EE","@id":"https:\/\/mustang-grill.com\/#\/schema\/logo\/image\/","url":"https:\/\/mustang-grill.com\/wp-content\/uploads\/2019\/11\/Mustang_logo_white-web.png","contentUrl":"https:\/\/mustang-grill.com\/wp-content\/uploads\/2019\/11\/Mustang_logo_white-web.png","width":375,"height":126,"caption":"Mustang Grill"},"image":{"@id":"https:\/\/mustang-grill.com\/#\/schema\/logo\/image\/"}}]}},"_links":{"self":[{"href":"https:\/\/mustang-grill.com\/et\/wp-json\/wp\/v2\/pages\/86628","targetHints":{"allow":["GET"]}}],"collection":[{"href":"https:\/\/mustang-grill.com\/et\/wp-json\/wp\/v2\/pages"}],"about":[{"href":"https:\/\/mustang-grill.com\/et\/wp-json\/wp\/v2\/types\/page"}],"author":[{"embeddable":true,"href":"https:\/\/mustang-grill.com\/et\/wp-json\/wp\/v2\/users\/2"}],"replies":[{"embeddable":true,"href":"https:\/\/mustang-grill.com\/et\/wp-json\/wp\/v2\/comments?post=86628"}],"version-history":[{"count":0,"href":"https:\/\/mustang-grill.com\/et\/wp-json\/wp\/v2\/pages\/86628\/revisions"}],"wp:featuredmedia":[{"embeddable":true,"href":"https:\/\/mustang-grill.com\/et\/wp-json\/wp\/v2\/media\/170137"}],"wp:attachment":[{"href":"https:\/\/mustang-grill.com\/et\/wp-json\/wp\/v2\/media?parent=86628"}],"curies":[{"name":"wp","href":"https:\/\/api.w.org\/{rel}","templated":true}]}}