{"id":94245,"date":"2020-02-24T17:49:07","date_gmt":"2020-02-24T15:49:07","guid":{"rendered":"https:\/\/mustang-d2024.tbsites.fi\/tarina\/"},"modified":"2024-05-08T18:51:24","modified_gmt":"2024-05-08T15:51:24","slug":"meie-kohta","status":"publish","type":"page","link":"https:\/\/mustang-grill.com\/et\/meie-kohta\/","title":{"rendered":"Meie kohta"},"content":{"rendered":"\t\t<div data-elementor-type=\"wp-page\" data-elementor-id=\"94245\" class=\"elementor elementor-94245 elementor-53606\" data-elementor-post-type=\"page\">\n\t\t\t\t<div class=\"elementor-element elementor-element-f72ebfd e-flex e-con-boxed e-con e-parent\" data-id=\"f72ebfd\" data-element_type=\"container\" data-e-type=\"container\" data-settings=\"{&quot;background_background&quot;:&quot;classic&quot;}\">\n\t\t\t\t\t<div class=\"e-con-inner\">\n\t\t<div class=\"elementor-element elementor-element-ae94487 e-con-full e-flex e-con e-child\" data-id=\"ae94487\" data-element_type=\"container\" data-e-type=\"container\" data-settings=\"{&quot;background_background&quot;:&quot;classic&quot;}\">\n\t\t\t\t<div class=\"elementor-element elementor-element-e1dcd17 elementor-widget elementor-widget-heading\" data-id=\"e1dcd17\" data-element_type=\"widget\" data-e-type=\"widget\" data-widget_type=\"heading.default\">\n\t\t\t\t<div class=\"elementor-widget-container\">\n\t\t\t\t\t<h1 class=\"elementor-heading-title elementor-size-default\">Meie kohta<\/h1>\t\t\t\t<\/div>\n\t\t\t\t<\/div>\n\t\t\t\t<\/div>\n\t\t\t\t\t<\/div>\n\t\t\t\t<\/div>\n\t\t<div class=\"elementor-element elementor-element-9af88fc e-flex e-con-boxed e-con e-parent\" data-id=\"9af88fc\" data-element_type=\"container\" data-e-type=\"container\">\n\t\t\t\t\t<div class=\"e-con-inner\">\n\t\t\t\t<div class=\"elementor-element elementor-element-6a09991 elementor-widget elementor-widget-heading\" data-id=\"6a09991\" data-element_type=\"widget\" data-e-type=\"widget\" data-widget_type=\"heading.default\">\n\t\t\t\t<div class=\"elementor-widget-container\">\n\t\t\t\t\t<h2 class=\"elementor-heading-title elementor-size-default\">Mustang \u2212 The supreme grilling experience<\/h2>\t\t\t\t<\/div>\n\t\t\t\t<\/div>\n\t\t\t\t\t<\/div>\n\t\t\t\t<\/div>\n\t\t<div class=\"elementor-element elementor-element-c1ed275 e-flex e-con-boxed e-con e-parent\" data-id=\"c1ed275\" data-element_type=\"container\" data-e-type=\"container\">\n\t\t\t\t\t<div class=\"e-con-inner\">\n\t\t<div class=\"elementor-element elementor-element-1d5d1b5 e-con-full e-flex e-con e-child\" data-id=\"1d5d1b5\" data-element_type=\"container\" data-e-type=\"container\">\n\t\t\t\t<div class=\"elementor-element elementor-element-1b23cdb elementor-widget elementor-widget-text-editor\" data-id=\"1b23cdb\" data-element_type=\"widget\" data-e-type=\"widget\" data-widget_type=\"text-editor.default\">\n\t\t\t\t<div class=\"elementor-widget-container\">\n\t\t\t\t\t\t\t\t\t<p>Grillimine tekitab vaid h\u00e4id m\u00f5tteseoseid: p\u00e4ikselised p\u00e4evad, h\u00f5rgud aroomid ja lihtsad, ent ometi rikkalikud maitsed. Kvaliteetne grill kestab aastaid ning loob pere ja s\u00f5pradega veedetud aegadest m\u00e4lestusi. Mustang saigi alguse soovist nautida pere v\u00f5i s\u00f5prade seltsis aeglast toiduvalmistamist. \u00dchiselt veedetud aeg ja maitsev toit on iga p\u00e4eva k\u00f5rghetk.<\/p><p>Grillides k\u00e4ib kogu aeg katsetamine ja k\u00f5ik on lubatud. M\u00f5ni grillib hundiisuga seltskonnale traditsioonilisel moel vorste ja pihve, teine pidulikuks \u00f5htus\u00f6\u00f6giks krevette. Vahel on vaja toit kiiresti lauale panna, aga m\u00f5nikord on aega praadi \u00f6\u00f6p\u00e4ev l\u00e4bi moorida. Mustangi grilli omanik saab enda kasutusse k\u00f5ik grillimismeetodid \u2013 tegemine on sama t\u00e4htis kui maitsev tulemus. Kodutehtud maailma parimat pitsat v\u00f5ib s\u00fc\u00fca kasv\u00f5i iga p\u00e4ev! Mustang hellitab pitsameistreid laia valiku kvaliteetsete pitsaahjude ja -tarvikutega.<\/p><p>Mustang pakub k\u00f5ike grillimiseks vajalikku \u2013 meie lai valik t\u00e4idab isegi k\u00f5ige n\u00f5udlikuma grillmeistri soovid. Grillide hulka kuuluvad eri kasutusotstarbeks m\u00f5eldud mudelid alates k\u00f5ige suurematest gaasigrillidest kuni k\u00e4ep\u00e4raste kuppelgrillideni, mis katavad k\u00f5ik grillimismeetodid.<\/p><p>Iga Mustangi toode on hoolikalt viimistletud. Tootel on olemas k\u00f5ik p\u00f5hiomadused, mida sellelt oodatakse. Mustangi grillitarvikutega l\u00e4heb grillimine ladusalt. Liha-, taime- ja kalaroad valmivad \u00f5igete riistadega vaevata. Tootesarja kuuluvad ka s\u00fc\u00fcte- ja serveerimisvahendid. V\u00e4lik\u00f6\u00f6gi restid, plaadid ja r\u00f6stimisalused saab puhtaks hoolikalt valitud puhastusainete abil.<\/p><p>Mustang elab oma ajas ja k\u00e4ib ajaga kaasas. Klassika k\u00f5rval on alati ruumi uutele h\u00f5rgutistele. Grillimine tekitab otsatut katsetamishimu, mille ainus m\u00f5\u00f5dik on \u00f5nnestunud l\u00f5pptulemus. Soovime, et grillmeistrid saaksid oma grillist maksimumi v\u00f5tta. Seep\u00e4rast anname ka l\u00e4bi proovitud kasutusn\u00f5uandeid ja h\u00f5rke retsepte, et v\u00f5iksite grillimist veelgi enam nautida ja see tuleks h\u00e4sti v\u00e4lja. Loome \u00fcheskoos grillkultuuri, kus k\u00f5ik grillimisviisid on lubatud.<\/p>\t\t\t\t\t\t\t\t<\/div>\n\t\t\t\t<\/div>\n\t\t\t\t<\/div>\n\t\t<div class=\"elementor-element elementor-element-77d0d47 e-con-full e-flex e-con e-child\" data-id=\"77d0d47\" data-element_type=\"container\" data-e-type=\"container\">\n\t\t\t\t<div class=\"elementor-element elementor-element-c176c96 elementor-widget elementor-widget-image\" data-id=\"c176c96\" data-element_type=\"widget\" data-e-type=\"widget\" data-widget_type=\"image.default\">\n\t\t\t\t<div class=\"elementor-widget-container\">\n\t\t\t\t\t\t\t\t\t\t\t\t\t\t\t<img loading=\"lazy\" decoding=\"async\" width=\"757\" height=\"1024\" src=\"https:\/\/mustang-grill.com\/wp-content\/uploads\/2024\/04\/613318_Connoisseur_41_023-757x1024.jpg\" class=\"attachment-large size-large wp-image-140345\" alt=\"\" srcset=\"https:\/\/mustang-grill.com\/wp-content\/uploads\/2024\/04\/613318_Connoisseur_41_023-757x1024.jpg 757w, https:\/\/mustang-grill.com\/wp-content\/uploads\/2024\/04\/613318_Connoisseur_41_023-222x300.jpg 222w, https:\/\/mustang-grill.com\/wp-content\/uploads\/2024\/04\/613318_Connoisseur_41_023-768x1038.jpg 768w, https:\/\/mustang-grill.com\/wp-content\/uploads\/2024\/04\/613318_Connoisseur_41_023.jpg 1000w\" sizes=\"auto, (max-width: 757px) 100vw, 757px\" \/>\t\t\t\t\t\t\t\t\t\t\t\t\t\t\t<\/div>\n\t\t\t\t<\/div>\n\t\t\t\t<\/div>\n\t\t\t\t\t<\/div>\n\t\t\t\t<\/div>\n\t\t<div class=\"elementor-element elementor-element-ce81d86 e-flex e-con-boxed e-con e-parent\" data-id=\"ce81d86\" data-element_type=\"container\" data-e-type=\"container\">\n\t\t\t\t\t<div class=\"e-con-inner\">\n\t\t\t\t<div class=\"elementor-element elementor-element-f40fa6a elementor-widget-divider--view-line elementor-widget elementor-widget-divider\" data-id=\"f40fa6a\" data-element_type=\"widget\" data-e-type=\"widget\" data-widget_type=\"divider.default\">\n\t\t\t\t<div class=\"elementor-widget-container\">\n\t\t\t\t\t\t\t<div class=\"elementor-divider\">\n\t\t\t<span class=\"elementor-divider-separator\">\n\t\t\t\t\t\t<\/span>\n\t\t<\/div>\n\t\t\t\t\t\t<\/div>\n\t\t\t\t<\/div>\n\t\t\t\t\t<\/div>\n\t\t\t\t<\/div>\n\t\t<div class=\"elementor-element elementor-element-0b840dd e-flex e-con-boxed e-con e-parent\" data-id=\"0b840dd\" data-element_type=\"container\" data-e-type=\"container\" data-settings=\"{&quot;background_background&quot;:&quot;classic&quot;}\">\n\t\t\t\t\t<div class=\"e-con-inner\">\n\t\t<div class=\"elementor-element elementor-element-5526f75 e-con-full e-flex e-con e-child\" data-id=\"5526f75\" data-element_type=\"container\" data-e-type=\"container\">\n\t\t\t\t<div class=\"elementor-element elementor-element-6a6a2ef elementor-widget__width-initial elementor-widget elementor-widget-text-editor\" data-id=\"6a6a2ef\" data-element_type=\"widget\" data-e-type=\"widget\" data-widget_type=\"text-editor.default\">\n\t\t\t\t<div class=\"elementor-widget-container\">\n\t\t\t\t\t\t\t\t\t<h5>Tammer Brands<\/h5><p>Mustang on Tammer Brands Oy kaubam\u00e4rk. Tammer Brands on tugevalt rahvusvahelistunud ettev\u00f5te, keda motiveerib inimeste elukvaliteedi parandamine kergesti k\u00e4ttesaadavate, l\u00e4bim\u00f5eldud ja mitmek\u00fclgsete toodete abil, mis toovad l\u00f5ppkasutajale r\u00f5\u00f5mu ning kasu. Kui tooted toovad l\u00f5ppkasutajale r\u00f5\u00f5mu ja kasu ning muudavad tema argielu lihtsamaks, toetades \u00fchtlasi edasim\u00fc\u00fcjate \u00e4ritegevust, siis oleme kaubam\u00e4rkide loomise ja juurutamisega h\u00e4sti hakkama saanud. Tammer Brandsi missiooni soov inimeste elukvaliteeti parandada l\u00e4htub argielu ja erinevate inimeste vajaduste ning murede m\u00f5istmisest. Tammer Brandsi kaubam\u00e4rgid aitavad inimestel elu rohkem nautida.<\/p><p>Lisateave Tammer Brandsi kohta <a href=\"https:\/\/www.tammerbrands.fi\/en\" target=\"_blank\" rel=\"noopener\"><strong>tammerbrands.fi<\/strong><\/a><\/p>\t\t\t\t\t\t\t\t<\/div>\n\t\t\t\t<\/div>\n\t\t\t\t<\/div>\n\t\t<div class=\"elementor-element elementor-element-56db3eb e-con-full e-flex e-con e-child\" data-id=\"56db3eb\" data-element_type=\"container\" data-e-type=\"container\">\n\t\t\t\t<div class=\"elementor-element elementor-element-39d0f9b elementor-widget elementor-widget-text-editor\" data-id=\"39d0f9b\" data-element_type=\"widget\" data-e-type=\"widget\" data-widget_type=\"text-editor.default\">\n\t\t\t\t<div class=\"elementor-widget-container\">\n\t\t\t\t\t\t\t\t\t<h5>Kontakt<\/h5>\nMustang grillid ja grillimisseadmed\n<br>Tammer Brands Oy\n<br>Viinikankatu 36\n<br>33800 Tampere\n<br>Finland\n<br>+358 3 2521 111\n<br>&#x6d;&#x61;&#x72;&#107;&#101;&#116;in&#x67;&#x40;&#x74;&#x61;&#109;&#109;er&#x62;&#x72;&#x61;&#x6e;&#100;&#115;&#46;f&#x69;\t\t\t\t\t\t\t\t<\/div>\n\t\t\t\t<\/div>\n\t\t\t\t<\/div>\n\t\t<div class=\"elementor-element elementor-element-59c6a0b e-con-full e-flex e-con e-child\" data-id=\"59c6a0b\" data-element_type=\"container\" data-e-type=\"container\">\n\t\t\t\t<div class=\"elementor-element elementor-element-d066584 elementor-widget elementor-widget-text-editor\" data-id=\"d066584\" data-element_type=\"widget\" data-e-type=\"widget\" data-widget_type=\"text-editor.default\">\n\t\t\t\t<div class=\"elementor-widget-container\">\n\t\t\t\t\t\t\t\t\t<h5>Tootetugi<\/h5><p>Tootetugi on saadaval <strong><a href=\"https:\/\/mustang-grill.com\/et\/tootetugi\/\" target=\"_blank\" rel=\"noopener\">siin<\/a><\/strong>.<\/p>\t\t\t\t\t\t\t\t<\/div>\n\t\t\t\t<\/div>\n\t\t\t\t<\/div>\n\t\t\t\t\t<\/div>\n\t\t\t\t<\/div>\n\t\t<div class=\"elementor-element elementor-element-ac06c4e e-flex e-con-boxed e-con e-parent\" data-id=\"ac06c4e\" data-element_type=\"container\" data-e-type=\"container\">\n\t\t\t\t\t<div class=\"e-con-inner\">\n\t\t<div class=\"elementor-element elementor-element-cb2acdb e-con-full e-flex e-con e-child\" data-id=\"cb2acdb\" data-element_type=\"container\" data-e-type=\"container\" data-settings=\"{&quot;background_background&quot;:&quot;classic&quot;}\">\n\t\t\t\t<div class=\"elementor-element elementor-element-6b19d01 elementor-widget elementor-widget-heading\" data-id=\"6b19d01\" data-element_type=\"widget\" data-e-type=\"widget\" data-widget_type=\"heading.default\">\n\t\t\t\t<div class=\"elementor-widget-container\">\n\t\t\t\t\t<h2 class=\"elementor-heading-title elementor-size-default\"><a href=\"https:\/\/mustang-grill.com\/et\/edasimuuja-jaoks\/\">Edasim\u00fc\u00fcja jaoks<\/a><\/h2>\t\t\t\t<\/div>\n\t\t\t\t<\/div>\n\t\t\t\t<\/div>\n\t\t<div class=\"elementor-element elementor-element-b99664e e-con-full e-flex e-con e-child\" data-id=\"b99664e\" data-element_type=\"container\" data-e-type=\"container\" data-settings=\"{&quot;background_background&quot;:&quot;classic&quot;}\">\n\t\t\t\t<div class=\"elementor-element elementor-element-22c1ece elementor-widget elementor-widget-heading\" data-id=\"22c1ece\" data-element_type=\"widget\" data-e-type=\"widget\" data-widget_type=\"heading.default\">\n\t\t\t\t<div class=\"elementor-widget-container\">\n\t\t\t\t\t<h2 class=\"elementor-heading-title elementor-size-default\"><a href=\"https:\/\/mustang-grill.com\/et\/garantiiprogramm\/\">Garantiiprogramm<\/a><\/h2>\t\t\t\t<\/div>\n\t\t\t\t<\/div>\n\t\t\t\t<\/div>\n\t\t\t\t\t<\/div>\n\t\t\t\t<\/div>\n\t\t\t\t<\/div>\n\t\t","protected":false},"excerpt":{"rendered":"<p>Mustang \u2212 The supreme grilling experience Grillimine tekitab vaid h\u00e4id m\u00f5tteseoseid: p\u00e4ikselised p\u00e4evad, h\u00f5rgud aroomid ja lihtsad, ent ometi rikkalikud maitsed. Kvaliteetne grill kestab aastaid ning loob pere ja s\u00f5pradega veedetud aegadest m\u00e4lestusi. Mustang saigi alguse soovist nautida pere v\u00f5i s\u00f5prade seltsis aeglast toiduvalmistamist. \u00dchiselt veedetud aeg ja maitsev toit on iga p\u00e4eva k\u00f5rghetk. Grillides [&hellip;]<\/p>\n","protected":false},"author":3,"featured_media":91322,"parent":0,"menu_order":0,"comment_status":"closed","ping_status":"closed","template":"","meta":{"_acf_changed":false,"footnotes":""},"class_list":["post-94245","page","type-page","status-publish","has-post-thumbnail","hentry"],"acf":[],"yoast_head":"<!-- This site is optimized with the Yoast SEO plugin v27.5 - https:\/\/yoast.com\/product\/yoast-seo-wordpress\/ -->\n<title>Meie kohta - Mustang Grill<\/title>\n<meta name=\"robots\" content=\"index, follow, max-snippet:-1, max-image-preview:large, max-video-preview:-1\" \/>\n<link rel=\"canonical\" href=\"https:\/\/mustang-grill.com\/et\/meie-kohta\/\" \/>\n<meta property=\"og:locale\" content=\"et_EE\" \/>\n<meta property=\"og:type\" content=\"article\" \/>\n<meta property=\"og:title\" content=\"Meie kohta - Mustang Grill\" \/>\n<meta property=\"og:description\" content=\"Mustang \u2212 The supreme grilling experience Grillimine tekitab vaid h\u00e4id m\u00f5tteseoseid: p\u00e4ikselised p\u00e4evad, h\u00f5rgud aroomid ja lihtsad, ent ometi rikkalikud maitsed. Kvaliteetne grill kestab aastaid ning loob pere ja s\u00f5pradega veedetud aegadest m\u00e4lestusi. Mustang saigi alguse soovist nautida pere v\u00f5i s\u00f5prade seltsis aeglast toiduvalmistamist. \u00dchiselt veedetud aeg ja maitsev toit on iga p\u00e4eva k\u00f5rghetk. Grillides [&hellip;]\" \/>\n<meta property=\"og:url\" content=\"https:\/\/mustang-grill.com\/et\/meie-kohta\/\" \/>\n<meta property=\"og:site_name\" content=\"Mustang Grill\" \/>\n<meta property=\"article:modified_time\" content=\"2024-05-08T15:51:24+00:00\" \/>\n<meta property=\"og:image\" content=\"https:\/\/mustang-grill.com\/wp-content\/uploads\/2022\/03\/mustang_connoisseur_etusivu_banner.jpg\" \/>\n\t<meta property=\"og:image:width\" content=\"1500\" \/>\n\t<meta property=\"og:image:height\" content=\"1125\" \/>\n\t<meta property=\"og:image:type\" content=\"image\/jpeg\" \/>\n<meta name=\"twitter:card\" content=\"summary_large_image\" \/>\n<meta name=\"twitter:label1\" content=\"Est. reading time\" \/>\n\t<meta name=\"twitter:data1\" content=\"3 minutes\" \/>\n<script type=\"application\/ld+json\" class=\"yoast-schema-graph\">{\"@context\":\"https:\\\/\\\/schema.org\",\"@graph\":[{\"@type\":\"WebPage\",\"@id\":\"https:\\\/\\\/mustang-grill.com\\\/et\\\/meie-kohta\\\/\",\"url\":\"https:\\\/\\\/mustang-grill.com\\\/et\\\/meie-kohta\\\/\",\"name\":\"Meie kohta - Mustang Grill\",\"isPartOf\":{\"@id\":\"https:\\\/\\\/mustang-grill.com\\\/#website\"},\"primaryImageOfPage\":{\"@id\":\"https:\\\/\\\/mustang-grill.com\\\/et\\\/meie-kohta\\\/#primaryimage\"},\"image\":{\"@id\":\"https:\\\/\\\/mustang-grill.com\\\/et\\\/meie-kohta\\\/#primaryimage\"},\"thumbnailUrl\":\"https:\\\/\\\/mustang-grill.com\\\/wp-content\\\/uploads\\\/2022\\\/03\\\/mustang_connoisseur_etusivu_banner.jpg\",\"datePublished\":\"2020-02-24T15:49:07+00:00\",\"dateModified\":\"2024-05-08T15:51:24+00:00\",\"breadcrumb\":{\"@id\":\"https:\\\/\\\/mustang-grill.com\\\/et\\\/meie-kohta\\\/#breadcrumb\"},\"inLanguage\":\"et-EE\",\"potentialAction\":[{\"@type\":\"ReadAction\",\"target\":[\"https:\\\/\\\/mustang-grill.com\\\/et\\\/meie-kohta\\\/\"]}]},{\"@type\":\"ImageObject\",\"inLanguage\":\"et-EE\",\"@id\":\"https:\\\/\\\/mustang-grill.com\\\/et\\\/meie-kohta\\\/#primaryimage\",\"url\":\"https:\\\/\\\/mustang-grill.com\\\/wp-content\\\/uploads\\\/2022\\\/03\\\/mustang_connoisseur_etusivu_banner.jpg\",\"contentUrl\":\"https:\\\/\\\/mustang-grill.com\\\/wp-content\\\/uploads\\\/2022\\\/03\\\/mustang_connoisseur_etusivu_banner.jpg\",\"width\":1500,\"height\":1125,\"caption\":\"kaasugrilli connoisseur\"},{\"@type\":\"BreadcrumbList\",\"@id\":\"https:\\\/\\\/mustang-grill.com\\\/et\\\/meie-kohta\\\/#breadcrumb\",\"itemListElement\":[{\"@type\":\"ListItem\",\"position\":1,\"name\":\"Home\",\"item\":\"https:\\\/\\\/mustang-grill.com\\\/et\\\/\"},{\"@type\":\"ListItem\",\"position\":2,\"name\":\"Meie kohta\"}]},{\"@type\":\"WebSite\",\"@id\":\"https:\\\/\\\/mustang-grill.com\\\/#website\",\"url\":\"https:\\\/\\\/mustang-grill.com\\\/\",\"name\":\"Mustang Grill\",\"description\":\"Grillausylivoimaa\",\"publisher\":{\"@id\":\"https:\\\/\\\/mustang-grill.com\\\/#organization\"},\"potentialAction\":[{\"@type\":\"SearchAction\",\"target\":{\"@type\":\"EntryPoint\",\"urlTemplate\":\"https:\\\/\\\/mustang-grill.com\\\/?s={search_term_string}\"},\"query-input\":{\"@type\":\"PropertyValueSpecification\",\"valueRequired\":true,\"valueName\":\"search_term_string\"}}],\"inLanguage\":\"et-EE\"},{\"@type\":\"Organization\",\"@id\":\"https:\\\/\\\/mustang-grill.com\\\/#organization\",\"name\":\"Mustang Grill\",\"url\":\"https:\\\/\\\/mustang-grill.com\\\/\",\"logo\":{\"@type\":\"ImageObject\",\"inLanguage\":\"et-EE\",\"@id\":\"https:\\\/\\\/mustang-grill.com\\\/#\\\/schema\\\/logo\\\/image\\\/\",\"url\":\"https:\\\/\\\/mustang-grill.com\\\/wp-content\\\/uploads\\\/2019\\\/11\\\/Mustang_logo_white-web.png\",\"contentUrl\":\"https:\\\/\\\/mustang-grill.com\\\/wp-content\\\/uploads\\\/2019\\\/11\\\/Mustang_logo_white-web.png\",\"width\":375,\"height\":126,\"caption\":\"Mustang Grill\"},\"image\":{\"@id\":\"https:\\\/\\\/mustang-grill.com\\\/#\\\/schema\\\/logo\\\/image\\\/\"}}]}<\/script>\n<!-- \/ Yoast SEO plugin. -->","yoast_head_json":{"title":"Meie kohta - Mustang Grill","robots":{"index":"index","follow":"follow","max-snippet":"max-snippet:-1","max-image-preview":"max-image-preview:large","max-video-preview":"max-video-preview:-1"},"canonical":"https:\/\/mustang-grill.com\/et\/meie-kohta\/","og_locale":"et_EE","og_type":"article","og_title":"Meie kohta - Mustang Grill","og_description":"Mustang \u2212 The supreme grilling experience Grillimine tekitab vaid h\u00e4id m\u00f5tteseoseid: p\u00e4ikselised p\u00e4evad, h\u00f5rgud aroomid ja lihtsad, ent ometi rikkalikud maitsed. Kvaliteetne grill kestab aastaid ning loob pere ja s\u00f5pradega veedetud aegadest m\u00e4lestusi. Mustang saigi alguse soovist nautida pere v\u00f5i s\u00f5prade seltsis aeglast toiduvalmistamist. \u00dchiselt veedetud aeg ja maitsev toit on iga p\u00e4eva k\u00f5rghetk. Grillides [&hellip;]","og_url":"https:\/\/mustang-grill.com\/et\/meie-kohta\/","og_site_name":"Mustang Grill","article_modified_time":"2024-05-08T15:51:24+00:00","og_image":[{"width":1500,"height":1125,"url":"https:\/\/mustang-grill.com\/wp-content\/uploads\/2022\/03\/mustang_connoisseur_etusivu_banner.jpg","type":"image\/jpeg"}],"twitter_card":"summary_large_image","twitter_misc":{"Est. reading time":"3 minutes"},"schema":{"@context":"https:\/\/schema.org","@graph":[{"@type":"WebPage","@id":"https:\/\/mustang-grill.com\/et\/meie-kohta\/","url":"https:\/\/mustang-grill.com\/et\/meie-kohta\/","name":"Meie kohta - Mustang Grill","isPartOf":{"@id":"https:\/\/mustang-grill.com\/#website"},"primaryImageOfPage":{"@id":"https:\/\/mustang-grill.com\/et\/meie-kohta\/#primaryimage"},"image":{"@id":"https:\/\/mustang-grill.com\/et\/meie-kohta\/#primaryimage"},"thumbnailUrl":"https:\/\/mustang-grill.com\/wp-content\/uploads\/2022\/03\/mustang_connoisseur_etusivu_banner.jpg","datePublished":"2020-02-24T15:49:07+00:00","dateModified":"2024-05-08T15:51:24+00:00","breadcrumb":{"@id":"https:\/\/mustang-grill.com\/et\/meie-kohta\/#breadcrumb"},"inLanguage":"et-EE","potentialAction":[{"@type":"ReadAction","target":["https:\/\/mustang-grill.com\/et\/meie-kohta\/"]}]},{"@type":"ImageObject","inLanguage":"et-EE","@id":"https:\/\/mustang-grill.com\/et\/meie-kohta\/#primaryimage","url":"https:\/\/mustang-grill.com\/wp-content\/uploads\/2022\/03\/mustang_connoisseur_etusivu_banner.jpg","contentUrl":"https:\/\/mustang-grill.com\/wp-content\/uploads\/2022\/03\/mustang_connoisseur_etusivu_banner.jpg","width":1500,"height":1125,"caption":"kaasugrilli connoisseur"},{"@type":"BreadcrumbList","@id":"https:\/\/mustang-grill.com\/et\/meie-kohta\/#breadcrumb","itemListElement":[{"@type":"ListItem","position":1,"name":"Home","item":"https:\/\/mustang-grill.com\/et\/"},{"@type":"ListItem","position":2,"name":"Meie kohta"}]},{"@type":"WebSite","@id":"https:\/\/mustang-grill.com\/#website","url":"https:\/\/mustang-grill.com\/","name":"Mustang Grill","description":"Grillausylivoimaa","publisher":{"@id":"https:\/\/mustang-grill.com\/#organization"},"potentialAction":[{"@type":"SearchAction","target":{"@type":"EntryPoint","urlTemplate":"https:\/\/mustang-grill.com\/?s={search_term_string}"},"query-input":{"@type":"PropertyValueSpecification","valueRequired":true,"valueName":"search_term_string"}}],"inLanguage":"et-EE"},{"@type":"Organization","@id":"https:\/\/mustang-grill.com\/#organization","name":"Mustang Grill","url":"https:\/\/mustang-grill.com\/","logo":{"@type":"ImageObject","inLanguage":"et-EE","@id":"https:\/\/mustang-grill.com\/#\/schema\/logo\/image\/","url":"https:\/\/mustang-grill.com\/wp-content\/uploads\/2019\/11\/Mustang_logo_white-web.png","contentUrl":"https:\/\/mustang-grill.com\/wp-content\/uploads\/2019\/11\/Mustang_logo_white-web.png","width":375,"height":126,"caption":"Mustang Grill"},"image":{"@id":"https:\/\/mustang-grill.com\/#\/schema\/logo\/image\/"}}]}},"_links":{"self":[{"href":"https:\/\/mustang-grill.com\/et\/wp-json\/wp\/v2\/pages\/94245","targetHints":{"allow":["GET"]}}],"collection":[{"href":"https:\/\/mustang-grill.com\/et\/wp-json\/wp\/v2\/pages"}],"about":[{"href":"https:\/\/mustang-grill.com\/et\/wp-json\/wp\/v2\/types\/page"}],"author":[{"embeddable":true,"href":"https:\/\/mustang-grill.com\/et\/wp-json\/wp\/v2\/users\/3"}],"replies":[{"embeddable":true,"href":"https:\/\/mustang-grill.com\/et\/wp-json\/wp\/v2\/comments?post=94245"}],"version-history":[{"count":0,"href":"https:\/\/mustang-grill.com\/et\/wp-json\/wp\/v2\/pages\/94245\/revisions"}],"wp:featuredmedia":[{"embeddable":true,"href":"https:\/\/mustang-grill.com\/et\/wp-json\/wp\/v2\/media\/91322"}],"wp:attachment":[{"href":"https:\/\/mustang-grill.com\/et\/wp-json\/wp\/v2\/media?parent=94245"}],"curies":[{"name":"wp","href":"https:\/\/api.w.org\/{rel}","templated":true}]}}