{"id":140982,"date":"2024-04-22T15:24:59","date_gmt":"2024-04-22T12:24:59","guid":{"rendered":"https:\/\/dev.mustang-grill.com\/jalleenmyyjaksi\/"},"modified":"2024-09-27T15:50:56","modified_gmt":"2024-09-27T12:50:56","slug":"perpardavejui","status":"publish","type":"page","link":"https:\/\/mustang-grill.com\/lt\/perpardavejui\/","title":{"rendered":"Perpardav\u0117jui"},"content":{"rendered":"\t\t<div data-elementor-type=\"wp-page\" data-elementor-id=\"140982\" class=\"elementor elementor-140982 elementor-139387\" data-elementor-post-type=\"page\">\n\t\t\t\t<div class=\"elementor-element elementor-element-862f8a2 e-flex e-con-boxed e-con e-parent\" data-id=\"862f8a2\" data-element_type=\"container\" data-e-type=\"container\" data-settings=\"{&quot;background_background&quot;:&quot;classic&quot;}\">\n\t\t\t\t\t<div class=\"e-con-inner\">\n\t\t<div class=\"elementor-element elementor-element-957a090 e-con-full e-flex e-con e-child\" data-id=\"957a090\" data-element_type=\"container\" data-e-type=\"container\" data-settings=\"{&quot;background_background&quot;:&quot;classic&quot;}\">\n\t\t\t\t<div class=\"elementor-element elementor-element-31607a4 elementor-widget elementor-widget-heading\" data-id=\"31607a4\" data-element_type=\"widget\" data-e-type=\"widget\" data-widget_type=\"heading.default\">\n\t\t\t\t<div class=\"elementor-widget-container\">\n\t\t\t\t\t<h1 class=\"elementor-heading-title elementor-size-default\">Perpardav\u0117jui<\/h1>\t\t\t\t<\/div>\n\t\t\t\t<\/div>\n\t\t\t\t<\/div>\n\t\t\t\t\t<\/div>\n\t\t\t\t<\/div>\n\t\t<div class=\"elementor-element elementor-element-4106f05 e-flex e-con-boxed e-con e-parent\" data-id=\"4106f05\" data-element_type=\"container\" data-e-type=\"container\">\n\t\t\t\t\t<div class=\"e-con-inner\">\n\t\t\t\t<div class=\"elementor-element elementor-element-0a997af elementor-widget elementor-widget-text-editor\" data-id=\"0a997af\" data-element_type=\"widget\" data-e-type=\"widget\" data-widget_type=\"text-editor.default\">\n\t\t\t\t<div class=\"elementor-widget-container\">\n\t\t\t\t\t\t\t\t\t<div class=\"elementor-element elementor-element-4106f05 e-flex e-con-boxed e-con e-parent e-lazyloaded\" data-id=\"4106f05\" data-element_type=\"container\">\n<div class=\"e-con-inner\">\n<div class=\"elementor-element elementor-element-0a997af elementor-widget elementor-widget-text-editor\" data-id=\"0a997af\" data-element_type=\"widget\" data-widget_type=\"text-editor.default\">\n<div class=\"elementor-widget-container\">\n<p>D\u017eiaugiuosi, kad domit\u0117s Mustango barbekiu kult\u016bra. Laukiame prekiautoj\u0173, kurie vertina puik\u0173 kainos ir kokyb\u0117s santyk\u012f, gerai suprojektuotus kepimo ant groteli\u0173, r\u016bkymo ir pic\u0173 gaminius. Nesvarbu, ar j\u016bs\u0173 parduotuv\u0117 veikia internetu, ar plytin\u0117je parduotuv\u0117je, esame pasireng\u0119 pad\u0117ti jums pad\u0117ti savo klientams pasirinkti individual\u0173 kepsnin\u0117s pasirinkim\u0105.<\/p>\n<p>\u201cMustang\u201d yra \u201cTammer Brands.\u201d priklausantis prek\u0117s \u017eenklas. Nor\u0117dami su\u017einoti daugiau apie m\u016bs\u0173 klient\u0173 aptarnavim\u0105, apsilankykite Tammer Brands svetain\u0117je <strong><a href=\"https:\/\/www.tammerbrands.fi\/en\/\" target=\"_blank\" rel=\"noopener\">tammerbrands.fi<\/a><\/strong>.<\/p>\n<p>&nbsp;<\/p>\n<h5>Platus asortimentas<\/h5>\n<p>\u201cMustang\u201d gaminiai visada kruop\u0161\u010diai suprojektuoti. I\u0161manome kepsni\u0173 kult\u016br\u0105 ir si\u016blome jums tinkamus gaminius. Leid\u017eiami visi kepimo ant groteli\u0173 b\u016bdai. Nuo did\u017eiausi\u0173 dujini\u0173 kepsnini\u0173 iki ma\u017eiausi\u0173 rutulini\u0173 kepsnini\u0173 \u2013 m\u016bs\u0173 kepsnini\u0173 asortimentas pritaikytas \u012fvairiems kepimo stiliams ir tendencijoms.<\/p>\n<p>Kiekvienas \u201cMustang\u201d gaminys kruop\u0161\u010diai i\u0161baigtas iki tobulumo. Gaminys pasi\u017eymi visomis esmin\u0117mis funkcijomis, kuri\u0173 reikia gaminiui. Su \u201cMustang\u201d kepsnini\u0173 priedais kepimas ant groteli\u0173 tampa atsipalaidav\u0119s. M\u0117sos, dar\u017eovi\u0173 ir \u017euvies patiekalus be vargo paruo\u0161ite naudodami jiems skirtus \u012frankius. \u012e asortiment\u0105 taip pat \u012feina \u017eiebtuv\u0117li\u0173 priedai ir serviravimo gaminiai. Lauko virtuv\u0117s kepsnin\u0117s, gegn\u0117s ir ner\u016bdijan\u010dio plieno pavir\u0161iai valomi kruop\u0161\u010diai parinktais \u201cMustang\u201d valymo \u012frankiais. \u012e asortiment\u0105 \u012ftraukta viskas, ko reikia kepimui ant groteli\u0173.<\/p>\n<\/div>\n<\/div>\n<\/div>\n<\/div>\n\t\t\t\t\t\t\t\t<\/div>\n\t\t\t\t<\/div>\n\t\t\t\t\t<\/div>\n\t\t\t\t<\/div>\n\t\t<div class=\"elementor-element elementor-element-9b043a9 elementor-hidden-mobile_extra elementor-hidden-mobile e-flex e-con-boxed e-con e-parent\" data-id=\"9b043a9\" data-element_type=\"container\" data-e-type=\"container\">\n\t\t\t\t\t<div class=\"e-con-inner\">\n\t\t<div class=\"elementor-element elementor-element-952ee32 e-con-full e-flex e-con e-child\" data-id=\"952ee32\" data-element_type=\"container\" data-e-type=\"container\" data-settings=\"{&quot;background_background&quot;:&quot;classic&quot;}\">\n\t\t\t\t<div class=\"elementor-element elementor-element-2b93cbf elementor-widget elementor-widget-text-editor\" data-id=\"2b93cbf\" data-element_type=\"widget\" data-e-type=\"widget\" data-widget_type=\"text-editor.default\">\n\t\t\t\t<div class=\"elementor-widget-container\">\n\t\t\t\t\t\t\t\t\t<h5>Showroom<\/h5>\n<p>\u201cMustang\u201d gaminius galite ap\u017ei\u016br\u0117ti \u201cTammer Brands Oy\u201d salone Tamper\u0117je, Suomijoje. M\u016bs\u0173 salonas yra did\u017eiausias \u0160iaur\u0117s \u0161alyse. Galite rezervuoti savo laik\u0105 pirkimui ir apsilankymui su kontaktiniu asmeniu.<\/p>\n\t\t\t\t\t\t\t\t<\/div>\n\t\t\t\t<\/div>\n\t\t\t\t<\/div>\n\t\t<div class=\"elementor-element elementor-element-af85957 e-con-full e-flex e-con e-child\" data-id=\"af85957\" data-element_type=\"container\" data-e-type=\"container\" data-settings=\"{&quot;background_background&quot;:&quot;classic&quot;}\">\n\t\t\t\t<div class=\"elementor-element elementor-element-a8500b0 elementor-widget elementor-widget-text-editor\" data-id=\"a8500b0\" data-element_type=\"widget\" data-e-type=\"widget\" data-widget_type=\"text-editor.default\">\n\t\t\t\t<div class=\"elementor-widget-container\">\n\t\t\t\t\t\t\t\t\t<h5>Rinkodara<\/h5>\n<p>M\u016bs\u0173 prek\u0117s \u017eenklo rinkodaros komanda u\u017etikrina prek\u0117s \u017eenklo matomum\u0105 ir pristato naujus produktus svarbiausiuose vartotoj\u0173 renginiuose, socialin\u0117je \u017einiasklaidoje ir internete. Taip pat rengiame auk\u0161tos kokyb\u0117s med\u017eiag\u0105 parduotuv\u0117se, produkt\u0173 pakuotes, informacij\u0105 apie produktus, nuotraukas ir vaizdo \u012fra\u0161us, kurie pad\u0117s palaikyti j\u016bs\u0173 pardavimus.<\/p>\n\t\t\t\t\t\t\t\t<\/div>\n\t\t\t\t<\/div>\n\t\t\t\t<\/div>\n\t\t<div class=\"elementor-element elementor-element-ea5508b e-con-full e-flex e-con e-child\" data-id=\"ea5508b\" data-element_type=\"container\" data-e-type=\"container\" data-settings=\"{&quot;background_background&quot;:&quot;classic&quot;}\">\n\t\t\t\t<div class=\"elementor-element elementor-element-1693d62 elementor-widget elementor-widget-text-editor\" data-id=\"1693d62\" data-element_type=\"widget\" data-e-type=\"widget\" data-widget_type=\"text-editor.default\">\n\t\t\t\t<div class=\"elementor-widget-container\">\n\t\t\t\t\t\t\t\t\t<h5>Shop in shop<\/h5>\n<p>Padidinkite savo pardavimus ir pritraukite nauj\u0173 klient\u0173! Naudodami paruo\u0161t\u0105 vaizdin\u0119 ir komercin\u0119 \u201cParduotuv\u0117 parduotuv\u0117je\u201d koncepcij\u0105 \u201cMustang\u201d produktai pateikiami dar ai\u0161kiau ir patraukliau nei anks\u010diau. Kartu sukurkime j\u016bs\u0173 parduotuvei ar el. parduotuvei parduotuv\u0117je tinkam\u0105 sprendim\u0105.<\/p>\n\t\t\t\t\t\t\t\t<\/div>\n\t\t\t\t<\/div>\n\t\t\t\t<\/div>\n\t\t<div class=\"elementor-element elementor-element-7c13aab e-con-full e-flex e-con e-child\" data-id=\"7c13aab\" data-element_type=\"container\" data-e-type=\"container\" data-settings=\"{&quot;background_background&quot;:&quot;classic&quot;}\">\n\t\t\t\t<div class=\"elementor-element elementor-element-0eef052 elementor-widget elementor-widget-text-editor\" data-id=\"0eef052\" data-element_type=\"widget\" data-e-type=\"widget\" data-widget_type=\"text-editor.default\">\n\t\t\t\t<div class=\"elementor-widget-container\">\n\t\t\t\t\t\t\t\t\t<h5>Med\u017eiag\u0173 galerija<\/h5>\n<p>Siekdami paremti j\u016bs\u0173 pardavimus ir rinkodar\u0105, pareng\u0117me jums naudingos med\u017eiagos galerij\u0105. \u010cia rasite prek\u0117s \u017eenklo nuotrauk\u0173, bro\u0161i\u016br\u0173, logotip\u0173, vaizdo \u012fra\u0161\u0173 ir kt. Galerij\u0105 galite pasiekt i<strong><a href=\"https:\/\/xfer.tammerbrands.fi\/brandmaterials\/mustang-en.html\" target=\"_blank\" rel=\"noopener\">\u010dia<\/a><a href=\"https:\/\/xfer.tammerbrands.fi\/brandmaterials\/mustang-fi.html\" target=\"_blank\" rel=\"noopener\">.<\/a><\/strong><\/p>\n\t\t\t\t\t\t\t\t<\/div>\n\t\t\t\t<\/div>\n\t\t\t\t<\/div>\n\t\t\t\t\t<\/div>\n\t\t\t\t<\/div>\n\t\t<div class=\"elementor-element elementor-element-c6c9fc7 elementor-hidden-desktop elementor-hidden-tablet e-flex e-con-boxed e-con e-parent\" data-id=\"c6c9fc7\" data-element_type=\"container\" data-e-type=\"container\">\n\t\t\t\t\t<div class=\"e-con-inner\">\n\t\t<div class=\"elementor-element elementor-element-ba6a561 e-con-full e-flex e-con e-child\" data-id=\"ba6a561\" data-element_type=\"container\" data-e-type=\"container\" data-settings=\"{&quot;background_background&quot;:&quot;classic&quot;}\">\n\t\t\t\t<div class=\"elementor-element elementor-element-3b482c3 elementor-widget elementor-widget-text-editor\" data-id=\"3b482c3\" data-element_type=\"widget\" data-e-type=\"widget\" data-widget_type=\"text-editor.default\">\n\t\t\t\t<div class=\"elementor-widget-container\">\n\t\t\t\t\t\t\t\t\t<h5>Showroom<\/h5>\n<p>\u201cMustang\u201d gaminius galite ap\u017ei\u016br\u0117ti \u201cTammer Brands Oy\u201d salone Tamper\u0117je, Suomijoje. M\u016bs\u0173 salonas yra did\u017eiausias \u0160iaur\u0117s \u0161alyse. Galite rezervuoti savo laik\u0105 pirkimui ir apsilankymui su kontaktiniu asmeniu.<\/p>\n\t\t\t\t\t\t\t\t<\/div>\n\t\t\t\t<\/div>\n\t\t\t\t<\/div>\n\t\t<div class=\"elementor-element elementor-element-945916e e-con-full e-flex e-con e-child\" data-id=\"945916e\" data-element_type=\"container\" data-e-type=\"container\" data-settings=\"{&quot;background_background&quot;:&quot;classic&quot;}\">\n\t\t\t\t<div class=\"elementor-element elementor-element-38472ae elementor-widget elementor-widget-text-editor\" data-id=\"38472ae\" data-element_type=\"widget\" data-e-type=\"widget\" data-widget_type=\"text-editor.default\">\n\t\t\t\t<div class=\"elementor-widget-container\">\n\t\t\t\t\t\t\t\t\t<h5>Rinkodara<\/h5>\n<p>M\u016bs\u0173 prek\u0117s \u017eenklo rinkodaros komanda u\u017etikrina prek\u0117s \u017eenklo matomum\u0105 ir pristato naujus produktus svarbiausiuose vartotoj\u0173 renginiuose, socialin\u0117je \u017einiasklaidoje ir internete. Taip pat rengiame auk\u0161tos kokyb\u0117s med\u017eiag\u0105 parduotuv\u0117se, produkt\u0173 pakuotes, informacij\u0105 apie produktus, nuotraukas ir vaizdo \u012fra\u0161us, kurie pad\u0117s palaikyti j\u016bs\u0173 pardavimus.<\/p>\n\t\t\t\t\t\t\t\t<\/div>\n\t\t\t\t<\/div>\n\t\t\t\t<\/div>\n\t\t<div class=\"elementor-element elementor-element-373026a e-con-full e-flex e-con e-child\" data-id=\"373026a\" data-element_type=\"container\" data-e-type=\"container\" data-settings=\"{&quot;background_background&quot;:&quot;classic&quot;}\">\n\t\t\t\t<div class=\"elementor-element elementor-element-9222900 elementor-widget elementor-widget-text-editor\" data-id=\"9222900\" data-element_type=\"widget\" data-e-type=\"widget\" data-widget_type=\"text-editor.default\">\n\t\t\t\t<div class=\"elementor-widget-container\">\n\t\t\t\t\t\t\t\t\t<h5>Shop in shop<\/h5>\n<p>Padidinkite savo pardavimus ir pritraukite nauj\u0173 klient\u0173! Naudodami paruo\u0161t\u0105 vaizdin\u0119 ir komercin\u0119 \u201cParduotuv\u0117 parduotuv\u0117je\u201d koncepcij\u0105 \u201cMustang\u201d produktai pateikiami dar ai\u0161kiau ir patraukliau nei anks\u010diau. Kartu sukurkime j\u016bs\u0173 parduotuvei ar el. parduotuvei parduotuv\u0117je tinkam\u0105 sprendim\u0105.<\/p>\n\t\t\t\t\t\t\t\t<\/div>\n\t\t\t\t<\/div>\n\t\t\t\t<\/div>\n\t\t<div class=\"elementor-element elementor-element-e96140e e-con-full e-flex e-con e-child\" data-id=\"e96140e\" data-element_type=\"container\" data-e-type=\"container\" data-settings=\"{&quot;background_background&quot;:&quot;classic&quot;}\">\n\t\t\t\t<div class=\"elementor-element elementor-element-582b332 elementor-widget elementor-widget-text-editor\" data-id=\"582b332\" data-element_type=\"widget\" data-e-type=\"widget\" data-widget_type=\"text-editor.default\">\n\t\t\t\t<div class=\"elementor-widget-container\">\n\t\t\t\t\t\t\t\t\t<h5>Med\u017eiag\u0173 galerija<\/h5>\n<p>Siekdami paremti j\u016bs\u0173 pardavimus ir rinkodar\u0105, pareng\u0117me jums naudingos med\u017eiagos galerij\u0105. \u010cia rasite prek\u0117s \u017eenklo nuotrauk\u0173, bro\u0161i\u016br\u0173, logotip\u0173, vaizdo \u012fra\u0161\u0173 ir kt. Galerij\u0105 galite pasiekt i<strong><a href=\"https:\/\/xfer.tammerbrands.fi\/brandmaterials\/mustang-en.html\" target=\"_blank\" rel=\"noopener\">\u010dia<\/a><a href=\"https:\/\/xfer.tammerbrands.fi\/brandmaterials\/mustang-fi.html\" target=\"_blank\" rel=\"noopener\">.<\/a><\/strong><\/p>\n\t\t\t\t\t\t\t\t<\/div>\n\t\t\t\t<\/div>\n\t\t\t\t<\/div>\n\t\t\t\t\t<\/div>\n\t\t\t\t<\/div>\n\t\t<div class=\"elementor-element elementor-element-ce80e55 e-flex e-con-boxed e-con e-parent\" data-id=\"ce80e55\" data-element_type=\"container\" data-e-type=\"container\">\n\t\t\t\t\t<div class=\"e-con-inner\">\n\t\t<div class=\"elementor-element elementor-element-bc5e236 e-con-full e-flex e-con e-child\" data-id=\"bc5e236\" data-element_type=\"container\" data-e-type=\"container\" data-settings=\"{&quot;background_background&quot;:&quot;classic&quot;}\">\n\t\t\t\t<div class=\"elementor-element elementor-element-89049b2 elementor-widget elementor-widget-heading\" data-id=\"89049b2\" data-element_type=\"widget\" data-e-type=\"widget\" data-widget_type=\"heading.default\">\n\t\t\t\t<div class=\"elementor-widget-container\">\n\t\t\t\t\t<h2 class=\"elementor-heading-title elementor-size-default\"><a href=\"https:\/\/mustang-grill.com\/lt\/apie-mus\/\">Apie mus<\/a><\/h2>\t\t\t\t<\/div>\n\t\t\t\t<\/div>\n\t\t\t\t<\/div>\n\t\t<div class=\"elementor-element elementor-element-1584d8f e-con-full e-flex e-con e-child\" data-id=\"1584d8f\" data-element_type=\"container\" data-e-type=\"container\" data-settings=\"{&quot;background_background&quot;:&quot;classic&quot;}\">\n\t\t\t\t<div class=\"elementor-element elementor-element-42b3732 elementor-widget elementor-widget-heading\" data-id=\"42b3732\" data-element_type=\"widget\" data-e-type=\"widget\" data-widget_type=\"heading.default\">\n\t\t\t\t<div class=\"elementor-widget-container\">\n\t\t\t\t\t<h2 class=\"elementor-heading-title elementor-size-default\"><a href=\"https:\/\/mustang-grill.com\/lt\/garantijos-teikimo-programos\/\">Garantijos teikimo programos<\/a><\/h2>\t\t\t\t<\/div>\n\t\t\t\t<\/div>\n\t\t\t\t<\/div>\n\t\t\t\t\t<\/div>\n\t\t\t\t<\/div>\n\t\t\t\t<\/div>\n\t\t","protected":false},"excerpt":{"rendered":"<p>D\u017eiaugiuosi, kad domit\u0117s Mustango barbekiu kult\u016bra. Laukiame prekiautoj\u0173, kurie vertina puik\u0173 kainos ir kokyb\u0117s santyk\u012f, gerai suprojektuotus kepimo ant groteli\u0173, r\u016bkymo ir pic\u0173 gaminius. Nesvarbu, ar j\u016bs\u0173 parduotuv\u0117 veikia internetu, ar plytin\u0117je parduotuv\u0117je, esame pasireng\u0119 pad\u0117ti jums pad\u0117ti savo klientams pasirinkti individual\u0173 kepsnin\u0117s pasirinkim\u0105. \u201cMustang\u201d yra \u201cTammer Brands.\u201d priklausantis prek\u0117s \u017eenklas. Nor\u0117dami su\u017einoti daugiau apie [&hellip;]<\/p>\n","protected":false},"author":3,"featured_media":170164,"parent":0,"menu_order":0,"comment_status":"closed","ping_status":"closed","template":"","meta":{"_acf_changed":false,"footnotes":""},"class_list":["post-140982","page","type-page","status-publish","has-post-thumbnail","hentry"],"acf":[],"yoast_head":"<!-- This site is optimized with the Yoast SEO plugin v27.2 - https:\/\/yoast.com\/product\/yoast-seo-wordpress\/ -->\n<title>Perpardav\u0117jui - Mustang Grill<\/title>\n<meta name=\"description\" content=\"&quot;Mustang&quot; savo pla\u010diu ir auk\u0161tos kokyb\u0117s asortimentu patenkina kiekvieno kep\u0117jo poreikius. Tapti pardav\u0117ju galite kaip &quot;Tammer Brands&quot; klientas.\" \/>\n<meta name=\"robots\" content=\"index, follow, max-snippet:-1, max-image-preview:large, max-video-preview:-1\" \/>\n<link rel=\"canonical\" href=\"https:\/\/mustang-grill.com\/jalleenmyyjaksi\/\" \/>\n<meta property=\"og:locale\" content=\"lt_LT\" \/>\n<meta property=\"og:type\" content=\"article\" \/>\n<meta property=\"og:title\" content=\"Perpardav\u0117jui - Mustang Grill\" \/>\n<meta property=\"og:description\" content=\"&quot;Mustang&quot; savo pla\u010diu ir auk\u0161tos kokyb\u0117s asortimentu patenkina kiekvieno kep\u0117jo poreikius. Tapti pardav\u0117ju galite kaip &quot;Tammer Brands&quot; klientas.\" \/>\n<meta property=\"og:url\" content=\"https:\/\/mustang-grill.com\/jalleenmyyjaksi\/\" \/>\n<meta property=\"og:site_name\" content=\"Mustang Grill\" \/>\n<meta property=\"article:modified_time\" content=\"2024-09-27T12:50:56+00:00\" \/>\n<meta property=\"og:image\" content=\"https:\/\/mustang-grill.com\/wp-content\/uploads\/2024\/09\/mustang_601849_Oakdale_01.jpg\" \/>\n\t<meta property=\"og:image:width\" content=\"1221\" \/>\n\t<meta property=\"og:image:height\" content=\"1500\" \/>\n\t<meta property=\"og:image:type\" content=\"image\/jpeg\" \/>\n<meta name=\"twitter:card\" content=\"summary_large_image\" \/>\n<meta name=\"twitter:label1\" content=\"Est. reading time\" \/>\n\t<meta name=\"twitter:data1\" content=\"2 minut\u0117s\" \/>\n<script type=\"application\/ld+json\" class=\"yoast-schema-graph\">{\"@context\":\"https:\/\/schema.org\",\"@graph\":[{\"@type\":\"WebPage\",\"@id\":\"https:\/\/mustang-grill.com\/jalleenmyyjaksi\/\",\"url\":\"https:\/\/mustang-grill.com\/jalleenmyyjaksi\/\",\"name\":\"Perpardav\u0117jui - Mustang Grill\",\"isPartOf\":{\"@id\":\"https:\/\/mustang-grill.com\/#website\"},\"primaryImageOfPage\":{\"@id\":\"https:\/\/mustang-grill.com\/jalleenmyyjaksi\/#primaryimage\"},\"image\":{\"@id\":\"https:\/\/mustang-grill.com\/jalleenmyyjaksi\/#primaryimage\"},\"thumbnailUrl\":\"https:\/\/mustang-grill.com\/wp-content\/uploads\/2024\/09\/mustang_601849_Oakdale_01.jpg\",\"datePublished\":\"2024-04-22T12:24:59+00:00\",\"dateModified\":\"2024-09-27T12:50:56+00:00\",\"description\":\"\\\"Mustang\\\" savo pla\u010diu ir auk\u0161tos kokyb\u0117s asortimentu patenkina kiekvieno kep\u0117jo poreikius. Tapti pardav\u0117ju galite kaip \\\"Tammer Brands\\\" klientas.\",\"breadcrumb\":{\"@id\":\"https:\/\/mustang-grill.com\/jalleenmyyjaksi\/#breadcrumb\"},\"inLanguage\":\"lt-LT\",\"potentialAction\":[{\"@type\":\"ReadAction\",\"target\":[\"https:\/\/mustang-grill.com\/jalleenmyyjaksi\/\"]}]},{\"@type\":\"ImageObject\",\"inLanguage\":\"lt-LT\",\"@id\":\"https:\/\/mustang-grill.com\/jalleenmyyjaksi\/#primaryimage\",\"url\":\"https:\/\/mustang-grill.com\/wp-content\/uploads\/2024\/09\/mustang_601849_Oakdale_01.jpg\",\"contentUrl\":\"https:\/\/mustang-grill.com\/wp-content\/uploads\/2024\/09\/mustang_601849_Oakdale_01.jpg\",\"width\":1221,\"height\":1500},{\"@type\":\"BreadcrumbList\",\"@id\":\"https:\/\/mustang-grill.com\/jalleenmyyjaksi\/#breadcrumb\",\"itemListElement\":[{\"@type\":\"ListItem\",\"position\":1,\"name\":\"Home\",\"item\":\"https:\/\/mustang-grill.com\/lt\/\"},{\"@type\":\"ListItem\",\"position\":2,\"name\":\"Perpardav\u0117jui\"}]},{\"@type\":\"WebSite\",\"@id\":\"https:\/\/mustang-grill.com\/#website\",\"url\":\"https:\/\/mustang-grill.com\/\",\"name\":\"Mustang Grill\",\"description\":\"Grillausylivoimaa\",\"publisher\":{\"@id\":\"https:\/\/mustang-grill.com\/#organization\"},\"potentialAction\":[{\"@type\":\"SearchAction\",\"target\":{\"@type\":\"EntryPoint\",\"urlTemplate\":\"https:\/\/mustang-grill.com\/?s={search_term_string}\"},\"query-input\":{\"@type\":\"PropertyValueSpecification\",\"valueRequired\":true,\"valueName\":\"search_term_string\"}}],\"inLanguage\":\"lt-LT\"},{\"@type\":\"Organization\",\"@id\":\"https:\/\/mustang-grill.com\/#organization\",\"name\":\"Mustang Grill\",\"url\":\"https:\/\/mustang-grill.com\/\",\"logo\":{\"@type\":\"ImageObject\",\"inLanguage\":\"lt-LT\",\"@id\":\"https:\/\/mustang-grill.com\/#\/schema\/logo\/image\/\",\"url\":\"https:\/\/mustang-grill.com\/wp-content\/uploads\/2019\/11\/Mustang_logo_white-web.png\",\"contentUrl\":\"https:\/\/mustang-grill.com\/wp-content\/uploads\/2019\/11\/Mustang_logo_white-web.png\",\"width\":375,\"height\":126,\"caption\":\"Mustang Grill\"},\"image\":{\"@id\":\"https:\/\/mustang-grill.com\/#\/schema\/logo\/image\/\"}}]}<\/script>\n<!-- \/ Yoast SEO plugin. -->","yoast_head_json":{"title":"Perpardav\u0117jui - Mustang Grill","description":"\"Mustang\" savo pla\u010diu ir auk\u0161tos kokyb\u0117s asortimentu patenkina kiekvieno kep\u0117jo poreikius. Tapti pardav\u0117ju galite kaip \"Tammer Brands\" klientas.","robots":{"index":"index","follow":"follow","max-snippet":"max-snippet:-1","max-image-preview":"max-image-preview:large","max-video-preview":"max-video-preview:-1"},"canonical":"https:\/\/mustang-grill.com\/jalleenmyyjaksi\/","og_locale":"lt_LT","og_type":"article","og_title":"Perpardav\u0117jui - Mustang Grill","og_description":"\"Mustang\" savo pla\u010diu ir auk\u0161tos kokyb\u0117s asortimentu patenkina kiekvieno kep\u0117jo poreikius. Tapti pardav\u0117ju galite kaip \"Tammer Brands\" klientas.","og_url":"https:\/\/mustang-grill.com\/jalleenmyyjaksi\/","og_site_name":"Mustang Grill","article_modified_time":"2024-09-27T12:50:56+00:00","og_image":[{"width":1221,"height":1500,"url":"https:\/\/mustang-grill.com\/wp-content\/uploads\/2024\/09\/mustang_601849_Oakdale_01.jpg","type":"image\/jpeg"}],"twitter_card":"summary_large_image","twitter_misc":{"Est. reading time":"2 minut\u0117s"},"schema":{"@context":"https:\/\/schema.org","@graph":[{"@type":"WebPage","@id":"https:\/\/mustang-grill.com\/jalleenmyyjaksi\/","url":"https:\/\/mustang-grill.com\/jalleenmyyjaksi\/","name":"Perpardav\u0117jui - Mustang Grill","isPartOf":{"@id":"https:\/\/mustang-grill.com\/#website"},"primaryImageOfPage":{"@id":"https:\/\/mustang-grill.com\/jalleenmyyjaksi\/#primaryimage"},"image":{"@id":"https:\/\/mustang-grill.com\/jalleenmyyjaksi\/#primaryimage"},"thumbnailUrl":"https:\/\/mustang-grill.com\/wp-content\/uploads\/2024\/09\/mustang_601849_Oakdale_01.jpg","datePublished":"2024-04-22T12:24:59+00:00","dateModified":"2024-09-27T12:50:56+00:00","description":"\"Mustang\" savo pla\u010diu ir auk\u0161tos kokyb\u0117s asortimentu patenkina kiekvieno kep\u0117jo poreikius. Tapti pardav\u0117ju galite kaip \"Tammer Brands\" klientas.","breadcrumb":{"@id":"https:\/\/mustang-grill.com\/jalleenmyyjaksi\/#breadcrumb"},"inLanguage":"lt-LT","potentialAction":[{"@type":"ReadAction","target":["https:\/\/mustang-grill.com\/jalleenmyyjaksi\/"]}]},{"@type":"ImageObject","inLanguage":"lt-LT","@id":"https:\/\/mustang-grill.com\/jalleenmyyjaksi\/#primaryimage","url":"https:\/\/mustang-grill.com\/wp-content\/uploads\/2024\/09\/mustang_601849_Oakdale_01.jpg","contentUrl":"https:\/\/mustang-grill.com\/wp-content\/uploads\/2024\/09\/mustang_601849_Oakdale_01.jpg","width":1221,"height":1500},{"@type":"BreadcrumbList","@id":"https:\/\/mustang-grill.com\/jalleenmyyjaksi\/#breadcrumb","itemListElement":[{"@type":"ListItem","position":1,"name":"Home","item":"https:\/\/mustang-grill.com\/lt\/"},{"@type":"ListItem","position":2,"name":"Perpardav\u0117jui"}]},{"@type":"WebSite","@id":"https:\/\/mustang-grill.com\/#website","url":"https:\/\/mustang-grill.com\/","name":"Mustang Grill","description":"Grillausylivoimaa","publisher":{"@id":"https:\/\/mustang-grill.com\/#organization"},"potentialAction":[{"@type":"SearchAction","target":{"@type":"EntryPoint","urlTemplate":"https:\/\/mustang-grill.com\/?s={search_term_string}"},"query-input":{"@type":"PropertyValueSpecification","valueRequired":true,"valueName":"search_term_string"}}],"inLanguage":"lt-LT"},{"@type":"Organization","@id":"https:\/\/mustang-grill.com\/#organization","name":"Mustang Grill","url":"https:\/\/mustang-grill.com\/","logo":{"@type":"ImageObject","inLanguage":"lt-LT","@id":"https:\/\/mustang-grill.com\/#\/schema\/logo\/image\/","url":"https:\/\/mustang-grill.com\/wp-content\/uploads\/2019\/11\/Mustang_logo_white-web.png","contentUrl":"https:\/\/mustang-grill.com\/wp-content\/uploads\/2019\/11\/Mustang_logo_white-web.png","width":375,"height":126,"caption":"Mustang Grill"},"image":{"@id":"https:\/\/mustang-grill.com\/#\/schema\/logo\/image\/"}}]}},"_links":{"self":[{"href":"https:\/\/mustang-grill.com\/lt\/wp-json\/wp\/v2\/pages\/140982","targetHints":{"allow":["GET"]}}],"collection":[{"href":"https:\/\/mustang-grill.com\/lt\/wp-json\/wp\/v2\/pages"}],"about":[{"href":"https:\/\/mustang-grill.com\/lt\/wp-json\/wp\/v2\/types\/page"}],"author":[{"embeddable":true,"href":"https:\/\/mustang-grill.com\/lt\/wp-json\/wp\/v2\/users\/3"}],"replies":[{"embeddable":true,"href":"https:\/\/mustang-grill.com\/lt\/wp-json\/wp\/v2\/comments?post=140982"}],"version-history":[{"count":0,"href":"https:\/\/mustang-grill.com\/lt\/wp-json\/wp\/v2\/pages\/140982\/revisions"}],"wp:featuredmedia":[{"embeddable":true,"href":"https:\/\/mustang-grill.com\/lt\/wp-json\/wp\/v2\/media\/170164"}],"wp:attachment":[{"href":"https:\/\/mustang-grill.com\/lt\/wp-json\/wp\/v2\/media?parent=140982"}],"curies":[{"name":"wp","href":"https:\/\/api.w.org\/{rel}","templated":true}]}}