{"id":86863,"date":"2019-09-23T14:11:31","date_gmt":"2019-09-23T11:11:31","guid":{"rendered":"https:\/\/mustang-d2024.tbsites.fi\/tuotetuki\/"},"modified":"2025-03-11T16:08:07","modified_gmt":"2025-03-11T14:08:07","slug":"konsultavimo-centras","status":"publish","type":"page","link":"https:\/\/mustang-grill.com\/lt\/konsultavimo-centras\/","title":{"rendered":"Konsultavimo centras"},"content":{"rendered":"\t\t<div data-elementor-type=\"wp-page\" data-elementor-id=\"86863\" class=\"elementor elementor-86863 elementor-647\" data-elementor-post-type=\"page\">\n\t\t\t\t<div class=\"elementor-element elementor-element-803f2bb e-flex e-con-boxed e-con e-parent\" data-id=\"803f2bb\" data-element_type=\"container\" data-e-type=\"container\" data-settings=\"{&quot;background_background&quot;:&quot;classic&quot;}\">\n\t\t\t\t\t<div class=\"e-con-inner\">\n\t\t<div class=\"elementor-element elementor-element-b4feb7e e-con-full e-flex e-con e-child\" data-id=\"b4feb7e\" data-element_type=\"container\" data-e-type=\"container\" data-settings=\"{&quot;background_background&quot;:&quot;classic&quot;}\">\n\t\t\t\t<div class=\"elementor-element elementor-element-6242a2a elementor-widget elementor-widget-heading\" data-id=\"6242a2a\" data-element_type=\"widget\" data-e-type=\"widget\" data-widget_type=\"heading.default\">\n\t\t\t\t<div class=\"elementor-widget-container\">\n\t\t\t\t\t<h1 class=\"elementor-heading-title elementor-size-default\">Konsultavimo centras<\/h1>\t\t\t\t<\/div>\n\t\t\t\t<\/div>\n\t\t\t\t<div class=\"elementor-element elementor-element-2f31dbf elementor-widget elementor-widget-text-editor\" data-id=\"2f31dbf\" data-element_type=\"widget\" data-e-type=\"widget\" data-widget_type=\"text-editor.default\">\n\t\t\t\t<div class=\"elementor-widget-container\">\n\t\t\t\t\t\t\t\t\t<p>Atsipra\u0161ome, jei m\u016bs\u0173 gaminys nepateisino j\u016bs\u0173 l\u016bkes\u010di\u0173.<br \/>Pagal Vartotoj\u0173 apsaugos \u012fstatym\u0105 (FI), pirmin\u0117 nekokybi\u0161ko gaminio gr\u0105\u017einimo vieta yra ma\u017emenininkas, tod\u0117l pirmiausia kreipkit\u0117s \u012f ma\u017emeninink\u0105, kuriame \u012fsigijote gamin\u012f.<\/p>\t\t\t\t\t\t\t\t<\/div>\n\t\t\t\t<\/div>\n\t\t\t\t<\/div>\n\t\t\t\t\t<\/div>\n\t\t\t\t<\/div>\n\t\t<div class=\"elementor-element elementor-element-72dc1de e-flex e-con-boxed e-con e-parent\" data-id=\"72dc1de\" data-element_type=\"container\" data-e-type=\"container\">\n\t\t\t\t\t<div class=\"e-con-inner\">\n\t\t\t\t<div class=\"elementor-element elementor-element-656b15a elementor-widget elementor-widget-text-editor\" data-id=\"656b15a\" data-element_type=\"widget\" data-e-type=\"widget\" data-widget_type=\"text-editor.default\">\n\t\t\t\t<div class=\"elementor-widget-container\">\n\t\t\t\t\t\t\t\t\t<h2 class=\"elementor-heading-title elementor-size-default\">\u201eMustang\u201c konsultavimo centras<\/h2><div class=\"elementor-element elementor-element-81c8668 elementor-widget elementor-widget-text-editor\" data-id=\"81c8668\" data-element_type=\"widget\" data-widget_type=\"text-editor.default\"><div class=\"elementor-widget-container\"><p>\u201eMustang\u201c reikmenis ir atsargines dalis galima \u012fsigyti didel\u012f asortiment\u0105 turin\u010diose parduotuv\u0117se. Jei nerasite reikiamos atsargin\u0117s dalies, galite kreiptis \u012f m\u016bs\u0173 profesionalius konsultantus <span data-olk-copy-source=\"MessageBody\">&#x70;r&#x6f;&#100;u&#x63;&#116;&#x73;&#117;p&#x70;&#111;&#x72;&#116;&#64;&#x74;&#97;&#x6d;&#x6d;e&#x72;&#98;r&#x61;&#110;&#x64;&#115;&#46;&#x66;&#105;<\/span>. M\u016bs\u0173 konsultantai aptarnauja ir angl\u0173 kalba.<\/p><p>Su jumis susisieksime ma\u017edaug per 7 darbo dienas. Kad aptarnavimas b\u016bt\u0173 greitesnis, u\u017epildykite \u0161iame puslapyje pateikt\u0105 susisiekimo form\u0105. \u0160i forma parengta angl\u0173 kalba.<\/p><p>Kad u\u017eklausa b\u016bt\u0173 apdorota grei\u010diau, prie\u0161 kreipdamiesi i\u0161siai\u0161kinkite \u0161iuos dalykus:<\/p><ul><li>Gaminio modelis<\/li><li>\u012erangos kodas<\/li><li>Atsargin\u0117s dalies kodas, jei kreipiat\u0117s d\u0117l atsargin\u0117s dalies<\/li><\/ul><\/div><\/div>\t\t\t\t\t\t\t\t<\/div>\n\t\t\t\t<\/div>\n\t\t\t\t\t<\/div>\n\t\t\t\t<\/div>\n\t\t<div class=\"elementor-element elementor-element-86c9674 e-flex e-con-boxed e-con e-parent\" data-id=\"86c9674\" data-element_type=\"container\" data-e-type=\"container\">\n\t\t\t\t\t<div class=\"e-con-inner\">\n\t\t<div class=\"elementor-element elementor-element-ff92d72 e-con-full e-flex e-con e-child\" data-id=\"ff92d72\" data-element_type=\"container\" data-e-type=\"container\" data-settings=\"{&quot;background_background&quot;:&quot;classic&quot;}\">\n\t\t\t\t<div class=\"elementor-element elementor-element-dff218f elementor-widget elementor-widget-text-editor\" data-id=\"dff218f\" data-element_type=\"widget\" data-e-type=\"widget\" data-widget_type=\"text-editor.default\">\n\t\t\t\t<div class=\"elementor-widget-container\">\n\t\t\t\t\t\t\t\t\t<p>Atsargin\u0117s dalys i\u0161 m\u016bs\u0173 prekybos atstov\u0173<\/p><p>arba <span data-olk-copy-source=\"MessageBody\">&#112;&#114;&#x6f;d&#117;&#x63;&#x74;s&#117;&#x70;&#x70;o&#114;&#x74;&#x40;t&#97;&#x6d;&#x6d;e&#114;&#x62;&#x72;a&#110;&#x64;s&#46;&#102;&#x69;<\/span><\/p>\t\t\t\t\t\t\t\t<\/div>\n\t\t\t\t<\/div>\n\t\t\t\t<div class=\"elementor-element elementor-element-267788e elementor-align-center elementor-widget elementor-widget-button\" data-id=\"267788e\" data-element_type=\"widget\" data-e-type=\"widget\" data-widget_type=\"button.default\">\n\t\t\t\t<div class=\"elementor-widget-container\">\n\t\t\t\t\t\t\t\t\t<div class=\"elementor-button-wrapper\">\n\t\t\t\t\t<a class=\"elementor-button elementor-button-link elementor-size-sm\" href=\"https:\/\/mustang-grill.com\/en\/category\/accessories\/#spare-parts-accessories\">\n\t\t\t\t\t\t<span class=\"elementor-button-content-wrapper\">\n\t\t\t\t\t\t\t\t\t<span class=\"elementor-button-text\">\u017dI\u016aR\u0116KITE DALIS (EN)<\/span>\n\t\t\t\t\t<\/span>\n\t\t\t\t\t<\/a>\n\t\t\t\t<\/div>\n\t\t\t\t\t\t\t\t<\/div>\n\t\t\t\t<\/div>\n\t\t\t\t<\/div>\n\t\t\t\t<div class=\"elementor-element elementor-element-21b286c elementor-widget elementor-widget-image\" data-id=\"21b286c\" data-element_type=\"widget\" data-e-type=\"widget\" data-widget_type=\"image.default\">\n\t\t\t\t<div class=\"elementor-widget-container\">\n\t\t\t\t\t\t\t\t\t\t\t\t\t\t\t<img loading=\"lazy\" decoding=\"async\" width=\"800\" height=\"198\" src=\"https:\/\/mustang-grill.com\/wp-content\/uploads\/2024\/09\/varaosa_mustang_ritilat_Connoisseur_2-1024x253.jpg\" class=\"attachment-large size-large wp-image-170276\" alt=\"\" srcset=\"https:\/\/mustang-grill.com\/wp-content\/uploads\/2024\/09\/varaosa_mustang_ritilat_Connoisseur_2-1024x253.jpg 1024w, https:\/\/mustang-grill.com\/wp-content\/uploads\/2024\/09\/varaosa_mustang_ritilat_Connoisseur_2-300x74.jpg 300w, https:\/\/mustang-grill.com\/wp-content\/uploads\/2024\/09\/varaosa_mustang_ritilat_Connoisseur_2-768x190.jpg 768w, https:\/\/mustang-grill.com\/wp-content\/uploads\/2024\/09\/varaosa_mustang_ritilat_Connoisseur_2.jpg 1500w\" sizes=\"auto, (max-width: 800px) 100vw, 800px\" \/>\t\t\t\t\t\t\t\t\t\t\t\t\t\t\t<\/div>\n\t\t\t\t<\/div>\n\t\t\t\t\t<\/div>\n\t\t\t\t<\/div>\n\t\t<div class=\"elementor-element elementor-element-9e5f2fc e-flex e-con-boxed e-con e-parent\" data-id=\"9e5f2fc\" data-element_type=\"container\" data-e-type=\"container\">\n\t\t\t\t\t<div class=\"e-con-inner\">\n\t\t\t\t<div class=\"elementor-element elementor-element-aa86353 elementor-widget elementor-widget-text-editor\" data-id=\"aa86353\" data-element_type=\"widget\" data-e-type=\"widget\" data-widget_type=\"text-editor.default\">\n\t\t\t\t<div class=\"elementor-widget-container\">\n\t\t\t\t\t\t\t\t\t<div class=\"elementor-element elementor-element-657703f elementor-widget elementor-widget-heading\" data-id=\"657703f\" data-element_type=\"widget\" data-widget_type=\"heading.default\"><div class=\"elementor-widget-container\"><h3 class=\"elementor-heading-title elementor-size-default\">Instructions for a Product Claim<\/h3><\/div><\/div><div class=\"elementor-element elementor-element-cdab05d elementor-widget elementor-widget-text-editor\" data-id=\"cdab05d\" data-element_type=\"widget\" data-widget_type=\"text-editor.default\"><div class=\"elementor-widget-container\"><p>\u00a0<\/p><p>We apologise if our product has not met your expectations.<\/p><p>According to the Consumer Protection Act (Kuluttajasuojalaki), the primary location for returning a malfunctioning product is the seller\u2019s place of business. However, your feedback is our priority in regard to product development and quality assurance. At Mustang-grill.com, we always process written complaints. This creates fewer misunderstandings and better legal protection for you.<\/p><p>If you suspect that the product has some material or manufacturing defect, please fill out the necessary information in the form as accurately as possible so that we may process your claim properly and as quickly as possible.<\/p><p>N.B. We will contact you if we find, based on the information in the form, cause for you to send us the product for inspection. We will not accept retuned products unless the return has been approved beforehand.<\/p><p>Mustang-grill.com must ascertain that the product is defective before it can be replaced. Defective products will be replaced with new ones. Should the product no longer be available, Mustang-grill.com reserves the right to replace it with a comparable item.<\/p><p>Mustang is a brand owned by Tammer Brands Oy. Read more about our protection of personal data from\u00a0<strong><a href=\"https:\/\/www.tammerbrands.fi\/en\/data-protection\/customer-service\/\" target=\"_blank\" rel=\"noopener\">here<\/a><\/strong>.<\/p><p>Thank you for contacting us. We appreciate your patience and understanding!<\/p><\/div><\/div><p>\u00a0<\/p>\t\t\t\t\t\t\t\t<\/div>\n\t\t\t\t<\/div>\n\t\t\t\t\t<\/div>\n\t\t\t\t<\/div>\n\t\t<!-- dce invisible element 9ff1699 --><div class=\"elementor-element elementor-element-0670850 e-flex e-con-boxed e-con e-parent\" data-id=\"0670850\" data-element_type=\"container\" data-e-type=\"container\" data-settings=\"{&quot;background_background&quot;:&quot;classic&quot;}\">\n\t\t\t\t\t<div class=\"e-con-inner\">\n\t\t<div class=\"elementor-element elementor-element-f653579 e-con-full e-flex e-con e-child\" data-id=\"f653579\" data-element_type=\"container\" data-e-type=\"container\">\n\t\t\t\t<div class=\"elementor-element elementor-element-70fe235 elementor-view-default elementor-position-block-start elementor-mobile-position-block-start elementor-widget elementor-widget-icon-box\" data-id=\"70fe235\" data-element_type=\"widget\" data-e-type=\"widget\" data-widget_type=\"icon-box.default\">\n\t\t\t\t<div class=\"elementor-widget-container\">\n\t\t\t\t\t\t\t<div class=\"elementor-icon-box-wrapper\">\n\n\t\t\t\t\t\t<div class=\"elementor-icon-box-icon\">\n\t\t\t\t<span  class=\"elementor-icon\">\n\t\t\t\t<i aria-hidden=\"true\" class=\"fas fa-envelope\"><\/i>\t\t\t\t<\/span>\n\t\t\t<\/div>\n\t\t\t\n\t\t\t\t\t\t<div class=\"elementor-icon-box-content\">\n\n\t\t\t\t\t\t\t\t\t<h3 class=\"elementor-icon-box-title\">\n\t\t\t\t\t\t<span  >\n\t\t\t\t\t\t\tproductsupport&#64;tammerbra&#110;&#100;&#115;&#46;&#102;&#105;\t\t\t\t\t\t<\/span>\n\t\t\t\t\t<\/h3>\n\t\t\t\t\n\t\t\t\t\n\t\t\t<\/div>\n\t\t\t\n\t\t<\/div>\n\t\t\t\t\t\t<\/div>\n\t\t\t\t<\/div>\n\t\t\t\t<\/div>\n\t\t<div class=\"elementor-element elementor-element-d1278d1 e-con-full e-flex e-con e-child\" data-id=\"d1278d1\" data-element_type=\"container\" data-e-type=\"container\">\n\t\t\t\t<div class=\"elementor-element elementor-element-e3da946 elementor-align-left elementor-widget elementor-widget-button\" data-id=\"e3da946\" data-element_type=\"widget\" data-e-type=\"widget\" data-widget_type=\"button.default\">\n\t\t\t\t<div class=\"elementor-widget-container\">\n\t\t\t\t\t\t\t\t\t<div class=\"elementor-button-wrapper\">\n\t\t\t\t\t<a class=\"elementor-button elementor-button-link elementor-size-lg\" href=\"https:\/\/lomakkeet.tammerbrands.fi\/tuotepalaute\/en\" target=\"_blank\">\n\t\t\t\t\t\t<span class=\"elementor-button-content-wrapper\">\n\t\t\t\t\t\t\t\t\t<span class=\"elementor-button-text\">FILL THE FORM<\/span>\n\t\t\t\t\t<\/span>\n\t\t\t\t\t<\/a>\n\t\t\t\t<\/div>\n\t\t\t\t\t\t\t\t<\/div>\n\t\t\t\t<\/div>\n\t\t\t\t<\/div>\n\t\t\t\t\t<\/div>\n\t\t\t\t<\/div>\n\t\t\t\t<\/div>\n\t\t","protected":false},"excerpt":{"rendered":"<p>Atsipra\u0161ome, jei m\u016bs\u0173 gaminys nepateisino j\u016bs\u0173 l\u016bkes\u010di\u0173.Pagal Vartotoj\u0173 apsaugos \u012fstatym\u0105 (FI), pirmin\u0117 nekokybi\u0161ko gaminio gr\u0105\u017einimo vieta yra ma\u017emenininkas, tod\u0117l pirmiausia kreipkit\u0117s \u012f ma\u017emeninink\u0105, kuriame \u012fsigijote gamin\u012f. \u201eMustang\u201c konsultavimo centras \u201eMustang\u201c reikmenis ir atsargines dalis galima \u012fsigyti didel\u012f asortiment\u0105 turin\u010diose parduotuv\u0117se. Jei nerasite reikiamos atsargin\u0117s dalies, galite kreiptis \u012f m\u016bs\u0173 profesionalius konsultantus &#x70;&#x72;&#x6f;&#x64;&#x75;&#x63;&#x74;&#x73;&#x75;&#x70;&#x70;&#x6f;&#x72;&#x74;&#x40;&#x74;&#x61;&#x6d;&#x6d;&#x65;&#x72;&#x62;&#x72;&#x61;&#x6e;&#x64;&#x73;&#x2e;&#x66;&#x69;. M\u016bs\u0173 konsultantai aptarnauja [&hellip;]<\/p>\n","protected":false},"author":2,"featured_media":170139,"parent":0,"menu_order":0,"comment_status":"closed","ping_status":"closed","template":"","meta":{"_acf_changed":false,"footnotes":""},"class_list":["post-86863","page","type-page","status-publish","has-post-thumbnail","hentry"],"acf":[],"yoast_head":"<!-- This site is optimized with the Yoast SEO plugin v27.5 - https:\/\/yoast.com\/product\/yoast-seo-wordpress\/ -->\n<title>Konsultavimo centras - Mustang Grill<\/title>\n<meta name=\"robots\" content=\"index, follow, max-snippet:-1, max-image-preview:large, max-video-preview:-1\" \/>\n<link rel=\"canonical\" href=\"https:\/\/mustang-grill.com\/lt\/konsultavimo-centras\/\" \/>\n<meta property=\"og:locale\" content=\"lt_LT\" \/>\n<meta property=\"og:type\" content=\"article\" \/>\n<meta property=\"og:title\" content=\"Konsultavimo centras - Mustang Grill\" \/>\n<meta property=\"og:description\" content=\"Atsipra\u0161ome, jei m\u016bs\u0173 gaminys nepateisino j\u016bs\u0173 l\u016bkes\u010di\u0173.Pagal Vartotoj\u0173 apsaugos \u012fstatym\u0105 (FI), pirmin\u0117 nekokybi\u0161ko gaminio gr\u0105\u017einimo vieta yra ma\u017emenininkas, tod\u0117l pirmiausia kreipkit\u0117s \u012f ma\u017emeninink\u0105, kuriame \u012fsigijote gamin\u012f. \u201eMustang\u201c konsultavimo centras \u201eMustang\u201c reikmenis ir atsargines dalis galima \u012fsigyti didel\u012f asortiment\u0105 turin\u010diose parduotuv\u0117se. Jei nerasite reikiamos atsargin\u0117s dalies, galite kreiptis \u012f m\u016bs\u0173 profesionalius konsultantus &#x70;&#x72;&#111;d&#x75;&#x63;&#116;su&#x70;&#x70;&#111;r&#x74;&#x40;&#116;&#097;m&#x6d;&#x65;&#114;b&#x72;&#x61;&#110;&#100;s&#x2e;&#x66;&#105;. M\u016bs\u0173 konsultantai aptarnauja [&hellip;]\" \/>\n<meta property=\"og:url\" content=\"https:\/\/mustang-grill.com\/lt\/konsultavimo-centras\/\" \/>\n<meta property=\"og:site_name\" content=\"Mustang Grill\" \/>\n<meta property=\"article:modified_time\" content=\"2025-03-11T14:08:07+00:00\" \/>\n<meta property=\"og:image\" content=\"https:\/\/mustang-grill.com\/wp-content\/uploads\/2024\/09\/612476_Redding_02.jpg\" \/>\n\t<meta property=\"og:image:width\" content=\"1282\" \/>\n\t<meta property=\"og:image:height\" content=\"1000\" \/>\n\t<meta property=\"og:image:type\" content=\"image\/jpeg\" \/>\n<meta name=\"twitter:card\" content=\"summary_large_image\" \/>\n<meta name=\"twitter:label1\" content=\"Est. reading time\" \/>\n\t<meta name=\"twitter:data1\" content=\"4 minut\u0117s\" \/>\n<script type=\"application\/ld+json\" class=\"yoast-schema-graph\">{\"@context\":\"https:\\\/\\\/schema.org\",\"@graph\":[{\"@type\":\"WebPage\",\"@id\":\"https:\\\/\\\/mustang-grill.com\\\/lt\\\/konsultavimo-centras\\\/\",\"url\":\"https:\\\/\\\/mustang-grill.com\\\/lt\\\/konsultavimo-centras\\\/\",\"name\":\"Konsultavimo centras - Mustang Grill\",\"isPartOf\":{\"@id\":\"https:\\\/\\\/mustang-grill.com\\\/#website\"},\"primaryImageOfPage\":{\"@id\":\"https:\\\/\\\/mustang-grill.com\\\/lt\\\/konsultavimo-centras\\\/#primaryimage\"},\"image\":{\"@id\":\"https:\\\/\\\/mustang-grill.com\\\/lt\\\/konsultavimo-centras\\\/#primaryimage\"},\"thumbnailUrl\":\"https:\\\/\\\/mustang-grill.com\\\/wp-content\\\/uploads\\\/2024\\\/09\\\/612476_Redding_02.jpg\",\"datePublished\":\"2019-09-23T11:11:31+00:00\",\"dateModified\":\"2025-03-11T14:08:07+00:00\",\"breadcrumb\":{\"@id\":\"https:\\\/\\\/mustang-grill.com\\\/lt\\\/konsultavimo-centras\\\/#breadcrumb\"},\"inLanguage\":\"lt-LT\",\"potentialAction\":[{\"@type\":\"ReadAction\",\"target\":[\"https:\\\/\\\/mustang-grill.com\\\/lt\\\/konsultavimo-centras\\\/\"]}]},{\"@type\":\"ImageObject\",\"inLanguage\":\"lt-LT\",\"@id\":\"https:\\\/\\\/mustang-grill.com\\\/lt\\\/konsultavimo-centras\\\/#primaryimage\",\"url\":\"https:\\\/\\\/mustang-grill.com\\\/wp-content\\\/uploads\\\/2024\\\/09\\\/612476_Redding_02.jpg\",\"contentUrl\":\"https:\\\/\\\/mustang-grill.com\\\/wp-content\\\/uploads\\\/2024\\\/09\\\/612476_Redding_02.jpg\",\"width\":1282,\"height\":1000},{\"@type\":\"BreadcrumbList\",\"@id\":\"https:\\\/\\\/mustang-grill.com\\\/lt\\\/konsultavimo-centras\\\/#breadcrumb\",\"itemListElement\":[{\"@type\":\"ListItem\",\"position\":1,\"name\":\"Home\",\"item\":\"https:\\\/\\\/mustang-grill.com\\\/lt\\\/\"},{\"@type\":\"ListItem\",\"position\":2,\"name\":\"Konsultavimo centras\"}]},{\"@type\":\"WebSite\",\"@id\":\"https:\\\/\\\/mustang-grill.com\\\/#website\",\"url\":\"https:\\\/\\\/mustang-grill.com\\\/\",\"name\":\"Mustang Grill\",\"description\":\"Grillausylivoimaa\",\"publisher\":{\"@id\":\"https:\\\/\\\/mustang-grill.com\\\/#organization\"},\"potentialAction\":[{\"@type\":\"SearchAction\",\"target\":{\"@type\":\"EntryPoint\",\"urlTemplate\":\"https:\\\/\\\/mustang-grill.com\\\/?s={search_term_string}\"},\"query-input\":{\"@type\":\"PropertyValueSpecification\",\"valueRequired\":true,\"valueName\":\"search_term_string\"}}],\"inLanguage\":\"lt-LT\"},{\"@type\":\"Organization\",\"@id\":\"https:\\\/\\\/mustang-grill.com\\\/#organization\",\"name\":\"Mustang Grill\",\"url\":\"https:\\\/\\\/mustang-grill.com\\\/\",\"logo\":{\"@type\":\"ImageObject\",\"inLanguage\":\"lt-LT\",\"@id\":\"https:\\\/\\\/mustang-grill.com\\\/#\\\/schema\\\/logo\\\/image\\\/\",\"url\":\"https:\\\/\\\/mustang-grill.com\\\/wp-content\\\/uploads\\\/2019\\\/11\\\/Mustang_logo_white-web.png\",\"contentUrl\":\"https:\\\/\\\/mustang-grill.com\\\/wp-content\\\/uploads\\\/2019\\\/11\\\/Mustang_logo_white-web.png\",\"width\":375,\"height\":126,\"caption\":\"Mustang Grill\"},\"image\":{\"@id\":\"https:\\\/\\\/mustang-grill.com\\\/#\\\/schema\\\/logo\\\/image\\\/\"}}]}<\/script>\n<!-- \/ Yoast SEO plugin. -->","yoast_head_json":{"title":"Konsultavimo centras - Mustang Grill","robots":{"index":"index","follow":"follow","max-snippet":"max-snippet:-1","max-image-preview":"max-image-preview:large","max-video-preview":"max-video-preview:-1"},"canonical":"https:\/\/mustang-grill.com\/lt\/konsultavimo-centras\/","og_locale":"lt_LT","og_type":"article","og_title":"Konsultavimo centras - Mustang Grill","og_description":"Atsipra\u0161ome, jei m\u016bs\u0173 gaminys nepateisino j\u016bs\u0173 l\u016bkes\u010di\u0173.Pagal Vartotoj\u0173 apsaugos \u012fstatym\u0105 (FI), pirmin\u0117 nekokybi\u0161ko gaminio gr\u0105\u017einimo vieta yra ma\u017emenininkas, tod\u0117l pirmiausia kreipkit\u0117s \u012f ma\u017emeninink\u0105, kuriame \u012fsigijote gamin\u012f. \u201eMustang\u201c konsultavimo centras \u201eMustang\u201c reikmenis ir atsargines dalis galima \u012fsigyti didel\u012f asortiment\u0105 turin\u010diose parduotuv\u0117se. Jei nerasite reikiamos atsargin\u0117s dalies, galite kreiptis \u012f m\u016bs\u0173 profesionalius konsultantus &#x70;&#x72;&#111;d&#x75;&#x63;&#116;su&#x70;&#x70;&#111;r&#x74;&#x40;&#116;&#97;m&#x6d;&#x65;&#114;b&#x72;&#x61;&#110;&#100;s&#x2e;&#x66;&#105;. M\u016bs\u0173 konsultantai aptarnauja [&hellip;]","og_url":"https:\/\/mustang-grill.com\/lt\/konsultavimo-centras\/","og_site_name":"Mustang Grill","article_modified_time":"2025-03-11T14:08:07+00:00","og_image":[{"width":1282,"height":1000,"url":"https:\/\/mustang-grill.com\/wp-content\/uploads\/2024\/09\/612476_Redding_02.jpg","type":"image\/jpeg"}],"twitter_card":"summary_large_image","twitter_misc":{"Est. reading time":"4 minut\u0117s"},"schema":{"@context":"https:\/\/schema.org","@graph":[{"@type":"WebPage","@id":"https:\/\/mustang-grill.com\/lt\/konsultavimo-centras\/","url":"https:\/\/mustang-grill.com\/lt\/konsultavimo-centras\/","name":"Konsultavimo centras - Mustang Grill","isPartOf":{"@id":"https:\/\/mustang-grill.com\/#website"},"primaryImageOfPage":{"@id":"https:\/\/mustang-grill.com\/lt\/konsultavimo-centras\/#primaryimage"},"image":{"@id":"https:\/\/mustang-grill.com\/lt\/konsultavimo-centras\/#primaryimage"},"thumbnailUrl":"https:\/\/mustang-grill.com\/wp-content\/uploads\/2024\/09\/612476_Redding_02.jpg","datePublished":"2019-09-23T11:11:31+00:00","dateModified":"2025-03-11T14:08:07+00:00","breadcrumb":{"@id":"https:\/\/mustang-grill.com\/lt\/konsultavimo-centras\/#breadcrumb"},"inLanguage":"lt-LT","potentialAction":[{"@type":"ReadAction","target":["https:\/\/mustang-grill.com\/lt\/konsultavimo-centras\/"]}]},{"@type":"ImageObject","inLanguage":"lt-LT","@id":"https:\/\/mustang-grill.com\/lt\/konsultavimo-centras\/#primaryimage","url":"https:\/\/mustang-grill.com\/wp-content\/uploads\/2024\/09\/612476_Redding_02.jpg","contentUrl":"https:\/\/mustang-grill.com\/wp-content\/uploads\/2024\/09\/612476_Redding_02.jpg","width":1282,"height":1000},{"@type":"BreadcrumbList","@id":"https:\/\/mustang-grill.com\/lt\/konsultavimo-centras\/#breadcrumb","itemListElement":[{"@type":"ListItem","position":1,"name":"Home","item":"https:\/\/mustang-grill.com\/lt\/"},{"@type":"ListItem","position":2,"name":"Konsultavimo centras"}]},{"@type":"WebSite","@id":"https:\/\/mustang-grill.com\/#website","url":"https:\/\/mustang-grill.com\/","name":"Mustang Grill","description":"Grillausylivoimaa","publisher":{"@id":"https:\/\/mustang-grill.com\/#organization"},"potentialAction":[{"@type":"SearchAction","target":{"@type":"EntryPoint","urlTemplate":"https:\/\/mustang-grill.com\/?s={search_term_string}"},"query-input":{"@type":"PropertyValueSpecification","valueRequired":true,"valueName":"search_term_string"}}],"inLanguage":"lt-LT"},{"@type":"Organization","@id":"https:\/\/mustang-grill.com\/#organization","name":"Mustang Grill","url":"https:\/\/mustang-grill.com\/","logo":{"@type":"ImageObject","inLanguage":"lt-LT","@id":"https:\/\/mustang-grill.com\/#\/schema\/logo\/image\/","url":"https:\/\/mustang-grill.com\/wp-content\/uploads\/2019\/11\/Mustang_logo_white-web.png","contentUrl":"https:\/\/mustang-grill.com\/wp-content\/uploads\/2019\/11\/Mustang_logo_white-web.png","width":375,"height":126,"caption":"Mustang Grill"},"image":{"@id":"https:\/\/mustang-grill.com\/#\/schema\/logo\/image\/"}}]}},"_links":{"self":[{"href":"https:\/\/mustang-grill.com\/lt\/wp-json\/wp\/v2\/pages\/86863","targetHints":{"allow":["GET"]}}],"collection":[{"href":"https:\/\/mustang-grill.com\/lt\/wp-json\/wp\/v2\/pages"}],"about":[{"href":"https:\/\/mustang-grill.com\/lt\/wp-json\/wp\/v2\/types\/page"}],"author":[{"embeddable":true,"href":"https:\/\/mustang-grill.com\/lt\/wp-json\/wp\/v2\/users\/2"}],"replies":[{"embeddable":true,"href":"https:\/\/mustang-grill.com\/lt\/wp-json\/wp\/v2\/comments?post=86863"}],"version-history":[{"count":0,"href":"https:\/\/mustang-grill.com\/lt\/wp-json\/wp\/v2\/pages\/86863\/revisions"}],"wp:featuredmedia":[{"embeddable":true,"href":"https:\/\/mustang-grill.com\/lt\/wp-json\/wp\/v2\/media\/170139"}],"wp:attachment":[{"href":"https:\/\/mustang-grill.com\/lt\/wp-json\/wp\/v2\/media?parent=86863"}],"curies":[{"name":"wp","href":"https:\/\/api.w.org\/{rel}","templated":true}]}}