{"id":94261,"date":"2020-02-24T17:49:07","date_gmt":"2020-02-24T15:49:07","guid":{"rendered":"https:\/\/mustang-d2024.tbsites.fi\/tarina\/"},"modified":"2024-05-08T21:11:07","modified_gmt":"2024-05-08T18:11:07","slug":"apie-mus","status":"publish","type":"page","link":"https:\/\/mustang-grill.com\/lt\/apie-mus\/","title":{"rendered":"Apie mus"},"content":{"rendered":"\t\t<div data-elementor-type=\"wp-page\" data-elementor-id=\"94261\" class=\"elementor elementor-94261 elementor-53606\" data-elementor-post-type=\"page\">\n\t\t\t\t<div class=\"elementor-element elementor-element-f72ebfd e-flex e-con-boxed e-con e-parent\" data-id=\"f72ebfd\" data-element_type=\"container\" data-e-type=\"container\" data-settings=\"{&quot;background_background&quot;:&quot;classic&quot;}\">\n\t\t\t\t\t<div class=\"e-con-inner\">\n\t\t<div class=\"elementor-element elementor-element-ae94487 e-con-full e-flex e-con e-child\" data-id=\"ae94487\" data-element_type=\"container\" data-e-type=\"container\" data-settings=\"{&quot;background_background&quot;:&quot;classic&quot;}\">\n\t\t\t\t<div class=\"elementor-element elementor-element-e1dcd17 elementor-widget elementor-widget-heading\" data-id=\"e1dcd17\" data-element_type=\"widget\" data-e-type=\"widget\" data-widget_type=\"heading.default\">\n\t\t\t\t<div class=\"elementor-widget-container\">\n\t\t\t\t\t<h1 class=\"elementor-heading-title elementor-size-default\">Apie mus<\/h1>\t\t\t\t<\/div>\n\t\t\t\t<\/div>\n\t\t\t\t<\/div>\n\t\t\t\t\t<\/div>\n\t\t\t\t<\/div>\n\t\t<div class=\"elementor-element elementor-element-9af88fc e-flex e-con-boxed e-con e-parent\" data-id=\"9af88fc\" data-element_type=\"container\" data-e-type=\"container\">\n\t\t\t\t\t<div class=\"e-con-inner\">\n\t\t\t\t<div class=\"elementor-element elementor-element-6a09991 elementor-widget elementor-widget-heading\" data-id=\"6a09991\" data-element_type=\"widget\" data-e-type=\"widget\" data-widget_type=\"heading.default\">\n\t\t\t\t<div class=\"elementor-widget-container\">\n\t\t\t\t\t<h2 class=\"elementor-heading-title elementor-size-default\">Mustang \u2212 The supreme grilling experience<\/h2>\t\t\t\t<\/div>\n\t\t\t\t<\/div>\n\t\t\t\t\t<\/div>\n\t\t\t\t<\/div>\n\t\t<div class=\"elementor-element elementor-element-c1ed275 e-flex e-con-boxed e-con e-parent\" data-id=\"c1ed275\" data-element_type=\"container\" data-e-type=\"container\">\n\t\t\t\t\t<div class=\"e-con-inner\">\n\t\t<div class=\"elementor-element elementor-element-1d5d1b5 e-con-full e-flex e-con e-child\" data-id=\"1d5d1b5\" data-element_type=\"container\" data-e-type=\"container\">\n\t\t\t\t<div class=\"elementor-element elementor-element-1b23cdb elementor-widget elementor-widget-text-editor\" data-id=\"1b23cdb\" data-element_type=\"widget\" data-e-type=\"widget\" data-widget_type=\"text-editor.default\">\n\t\t\t\t<div class=\"elementor-widget-container\">\n\t\t\t\t\t\t\t\t\t<p>Kepimas ant groteli\u0173 sukelia tik geras asociacijas: saul\u0117tos dienos, gard\u016bs kvapai, paprasti, bet sodraus skonio patiekalai. Kokybi\u0161ka kepsnin\u0117 tarnauja daugel\u012f met\u0173 ir palieka su \u0161eima bei draugais praleist\u0173 akimirk\u0173 prisiminimus. Juk \u201eMustang\u201c ir atsirado i\u0161 noro su \u0161eima ar draugais m\u0117gautis l\u0117tu maisto gamybos procesu. Buvimas kartu ir geras maistas \u2013 ypatingas kiekvienos dienos akcentas.<\/p><p>Kepant ant groteli\u0173 visada i\u0161bandomos kokios nors naujov\u0117s ir n\u0117ra negalim\u0173 kepimo b\u016bd\u0173. Vieni keps tradicines de\u0161reles ir kepsnius \u017ev\u0117ri\u0161kam apetitui numal\u0161inti, kiti \u2013 midijas \u0161ventinei vakarienei. Kartais svarbu greitai patiekti maist\u0105 ant stalo, o kartais kepsnys paliekamas tro\u0161kintis vis\u0105 par\u0105. \u201eMustang\u201c kep\u0117jas visapusi\u0161kai panaudoja \u012fvairius kepimo ant groteli\u0173 b\u016bdus ir pats procesas tampa ne ma\u017eiau svarbus nei geras maistas. Kasdienyb\u0117s dalimi tampa ir namuose kepama geriausia pasaulyje pica. Pic\u0173 kep\u0117jus \u201eMustang\u201c d\u017eiugina pla\u010diu kokybi\u0161k\u0173 pic\u0173 krosneli\u0173 ir kepimo reikmen\u0173 asortimentu.<\/p><p>Kepantiems ant groteli\u0173 \u201eMustang\u201c par\u016bpina visas reikiamas priemones ir savo pla\u010diu asortimentu tenkina net ir reikliausi\u0173 kep\u0117j\u0173 poreikius. Kepsnini\u0173 kolekcij\u0105 sudaro \u012fvairiausi\u0173 paskir\u010di\u0173 kepsnin\u0117s nuo did\u017ei\u0173j\u0173 dujini\u0173 kepsnini\u0173 iki patogi\u0173 nedideli\u0173 apvali\u0173 kepsnini\u0173, \u012fvertinus skirtingus kepimo ant groteli\u0173 b\u016bdus.<\/p><p>Kiekvienas \u201eMustang\u201c gaminys pasi\u017eymi kruop\u0161\u010diu i\u0161baigtumu. Gaminiai turi visas reikalingas pagrindines funkcijas. Su \u201eMustang\u201c reikmenimis kepti ant groteli\u0173 paprasta. M\u0117sos, dar\u017eovi\u0173 ir \u017euvies patiekalai bus be vargo paruo\u0161ti su tam skirtais \u012frankiais. Preki\u0173 asortimente taip pat yra degikli\u0173 bei serviravimo priemoni\u0173. Lauko virtuv\u0117s groteles, kepimo groteles bei skrudintuvo pavir\u0161ius i\u0161valysite su kruop\u0161\u010diai atrinktomis \u201eMustang\u201c valymo priemon\u0117mis.<\/p><p>\u201eMustang\u201c gyvuoja ir stebi laiko \u017eenklus. \u0160alia senos klasikos visada galima atrasti nauj\u0173 gardumyn\u0173. Kepimas ant groteli\u0173 sukelia begalin\u012f nor\u0105 eksperimentuoti, ir \u010dia vienintelis matas yra s\u0117kmingas rezultatas. Norime, kad kep\u0117jai i\u0161naudot\u0173 visas kepsnini\u0173 galimybes. Tod\u0117l si\u016blome pasiteisinusius patarimus ir skani\u0173 patiekal\u0173 receptus \u2013 kad gautum\u0117te s\u0117kming\u0105 rezultat\u0105 ir dar labiau m\u0117gautum\u0117t\u0117s kepimu ant groteli\u0173. Kartu kursime kepimo ant groteli\u0173 kult\u016br\u0105, kurioje galimi visi kepimo b\u016bdai.<\/p>\t\t\t\t\t\t\t\t<\/div>\n\t\t\t\t<\/div>\n\t\t\t\t<\/div>\n\t\t<div class=\"elementor-element elementor-element-77d0d47 e-con-full e-flex e-con e-child\" data-id=\"77d0d47\" data-element_type=\"container\" data-e-type=\"container\">\n\t\t\t\t<div class=\"elementor-element elementor-element-c176c96 elementor-widget elementor-widget-image\" data-id=\"c176c96\" data-element_type=\"widget\" data-e-type=\"widget\" data-widget_type=\"image.default\">\n\t\t\t\t<div class=\"elementor-widget-container\">\n\t\t\t\t\t\t\t\t\t\t\t\t\t\t\t<img loading=\"lazy\" decoding=\"async\" width=\"757\" height=\"1024\" src=\"https:\/\/mustang-grill.com\/wp-content\/uploads\/2024\/04\/613318_Connoisseur_41_023-757x1024.jpg\" class=\"attachment-large size-large wp-image-140347\" alt=\"\" srcset=\"https:\/\/mustang-grill.com\/wp-content\/uploads\/2024\/04\/613318_Connoisseur_41_023-757x1024.jpg 757w, https:\/\/mustang-grill.com\/wp-content\/uploads\/2024\/04\/613318_Connoisseur_41_023-222x300.jpg 222w, https:\/\/mustang-grill.com\/wp-content\/uploads\/2024\/04\/613318_Connoisseur_41_023-768x1038.jpg 768w, https:\/\/mustang-grill.com\/wp-content\/uploads\/2024\/04\/613318_Connoisseur_41_023.jpg 1000w\" sizes=\"auto, (max-width: 757px) 100vw, 757px\" \/>\t\t\t\t\t\t\t\t\t\t\t\t\t\t\t<\/div>\n\t\t\t\t<\/div>\n\t\t\t\t<\/div>\n\t\t\t\t\t<\/div>\n\t\t\t\t<\/div>\n\t\t<div class=\"elementor-element elementor-element-ce81d86 e-flex e-con-boxed e-con e-parent\" data-id=\"ce81d86\" data-element_type=\"container\" data-e-type=\"container\">\n\t\t\t\t\t<div class=\"e-con-inner\">\n\t\t\t\t<div class=\"elementor-element elementor-element-f40fa6a elementor-widget-divider--view-line elementor-widget elementor-widget-divider\" data-id=\"f40fa6a\" data-element_type=\"widget\" data-e-type=\"widget\" data-widget_type=\"divider.default\">\n\t\t\t\t<div class=\"elementor-widget-container\">\n\t\t\t\t\t\t\t<div class=\"elementor-divider\">\n\t\t\t<span class=\"elementor-divider-separator\">\n\t\t\t\t\t\t<\/span>\n\t\t<\/div>\n\t\t\t\t\t\t<\/div>\n\t\t\t\t<\/div>\n\t\t\t\t\t<\/div>\n\t\t\t\t<\/div>\n\t\t<div class=\"elementor-element elementor-element-0b840dd e-flex e-con-boxed e-con e-parent\" data-id=\"0b840dd\" data-element_type=\"container\" data-e-type=\"container\" data-settings=\"{&quot;background_background&quot;:&quot;classic&quot;}\">\n\t\t\t\t\t<div class=\"e-con-inner\">\n\t\t<div class=\"elementor-element elementor-element-5526f75 e-con-full e-flex e-con e-child\" data-id=\"5526f75\" data-element_type=\"container\" data-e-type=\"container\">\n\t\t\t\t<div class=\"elementor-element elementor-element-6a6a2ef elementor-widget elementor-widget-text-editor\" data-id=\"6a6a2ef\" data-element_type=\"widget\" data-e-type=\"widget\" data-widget_type=\"text-editor.default\">\n\t\t\t\t<div class=\"elementor-widget-container\">\n\t\t\t\t\t\t\t\t\t<h5>Tammer Brands<\/h5><p>\u201eMustang\u201c yra \u201eTammer Brands Oy\u201c priklausantis prek\u0117s \u017eenklas. \u201eTammer Brands\u201c yra stipri tarptautin\u0117 bendrov\u0117, kuri\u0105 motyvuojantis tikslas \u2013 gerinti \u017emoni\u0173 gyvenimo kokyb\u0119 lengvai pasiekiamais, apgalvotais ir universaliais produktais, kurie teikt\u0173 d\u017eiaugsmo ir naudos galutiniams vartotojams. Jei gaminiai galutiniams vartotojams teikia d\u017eiaugsmo, naudos, palengvina kasdien\u012f gyvenim\u0105, be to, palaiko ma\u017emenini\u0173 klient\u0173 versl\u0105, rei\u0161kia, prek\u0117s \u017eenkl\u0173 k\u016brimas ir \u012fvedimas \u012f gamyb\u0105 buvo s\u0117kmingas. \u201eTammer Brands\u201c misija, noras pagerinti \u017emoni\u0173 gyvenimo kokyb\u0119, prasideda nuo kasdienio gyvenimo ir \u012fvairi\u0173 \u017emoni\u0173 poreiki\u0173 bei problem\u0173 supratimo. \u201eTammer Brands\u201c preki\u0173 \u017eenklai padeda \u017emon\u0117ms labiau m\u0117gautis gyvenimu.<\/p><p>Apie \u201eTammer Brands\u201c daugiau skaitykite <strong><a href=\"https:\/\/www.tammerbrands.fi\/en\/\" target=\"_blank\" rel=\"noopener\">tammerbrands.fi<\/a><\/strong>.<\/p><p>\u00a0<\/p>\t\t\t\t\t\t\t\t<\/div>\n\t\t\t\t<\/div>\n\t\t\t\t<\/div>\n\t\t<div class=\"elementor-element elementor-element-56db3eb e-con-full e-flex e-con e-child\" data-id=\"56db3eb\" data-element_type=\"container\" data-e-type=\"container\">\n\t\t\t\t<div class=\"elementor-element elementor-element-39d0f9b elementor-widget elementor-widget-text-editor\" data-id=\"39d0f9b\" data-element_type=\"widget\" data-e-type=\"widget\" data-widget_type=\"text-editor.default\">\n\t\t\t\t<div class=\"elementor-widget-container\">\n\t\t\t\t\t\t\t\t\t<h5>Susisiekite su<\/h5>\nMustang kepsnin\u0117s ir kepimo \u012franga\n<br>Tammer Brands Oy\n<br>Viinikankatu 36\n<br>33800 Tampere\n<br>Finland\n<br>+358 3 2521 111\n<br>&#x6d;&#x61;&#x72;&#x6b;&#x65;&#x74;&#x69;&#x6e;&#x67;&#x40;&#x74;&#x61;&#x6d;&#x6d;&#x65;&#x72;&#x62;&#x72;&#x61;&#x6e;&#x64;&#x73;&#46;&#102;&#105;\t\t\t\t\t\t\t\t<\/div>\n\t\t\t\t<\/div>\n\t\t\t\t<\/div>\n\t\t<div class=\"elementor-element elementor-element-59c6a0b e-con-full e-flex e-con e-child\" data-id=\"59c6a0b\" data-element_type=\"container\" data-e-type=\"container\">\n\t\t\t\t<div class=\"elementor-element elementor-element-d066584 elementor-widget elementor-widget-text-editor\" data-id=\"d066584\" data-element_type=\"widget\" data-e-type=\"widget\" data-widget_type=\"text-editor.default\">\n\t\t\t\t<div class=\"elementor-widget-container\">\n\t\t\t\t\t\t\t\t\t<h5>Konsultavimo centras<\/h5><p>Produkto palaikym\u0105 galite rasti <strong><a href=\"https:\/\/mustang-grill.com\/lt\/konsultavimo-centras\/\">\u010dia<\/a><\/strong>.<\/p>\t\t\t\t\t\t\t\t<\/div>\n\t\t\t\t<\/div>\n\t\t\t\t<\/div>\n\t\t\t\t\t<\/div>\n\t\t\t\t<\/div>\n\t\t<div class=\"elementor-element elementor-element-ac06c4e e-flex e-con-boxed e-con e-parent\" data-id=\"ac06c4e\" data-element_type=\"container\" data-e-type=\"container\">\n\t\t\t\t\t<div class=\"e-con-inner\">\n\t\t<div class=\"elementor-element elementor-element-cb2acdb e-con-full e-flex e-con e-child\" data-id=\"cb2acdb\" data-element_type=\"container\" data-e-type=\"container\" data-settings=\"{&quot;background_background&quot;:&quot;classic&quot;}\">\n\t\t\t\t<div class=\"elementor-element elementor-element-6b19d01 elementor-widget elementor-widget-heading\" data-id=\"6b19d01\" data-element_type=\"widget\" data-e-type=\"widget\" data-widget_type=\"heading.default\">\n\t\t\t\t<div class=\"elementor-widget-container\">\n\t\t\t\t\t<h2 class=\"elementor-heading-title elementor-size-default\"><a href=\"https:\/\/mustang-grill.com\/lt\/perpardavejui\/\">Perpardav\u0117jui<\/a><\/h2>\t\t\t\t<\/div>\n\t\t\t\t<\/div>\n\t\t\t\t<\/div>\n\t\t<div class=\"elementor-element elementor-element-b99664e e-con-full e-flex e-con e-child\" data-id=\"b99664e\" data-element_type=\"container\" data-e-type=\"container\" data-settings=\"{&quot;background_background&quot;:&quot;classic&quot;}\">\n\t\t\t\t<div class=\"elementor-element elementor-element-22c1ece elementor-widget elementor-widget-heading\" data-id=\"22c1ece\" data-element_type=\"widget\" data-e-type=\"widget\" data-widget_type=\"heading.default\">\n\t\t\t\t<div class=\"elementor-widget-container\">\n\t\t\t\t\t<h2 class=\"elementor-heading-title elementor-size-default\"><a href=\"https:\/\/mustang-grill.com\/lt\/garantijos-teikimo-programos\/\">Garantijos teikimo programos<\/a><\/h2>\t\t\t\t<\/div>\n\t\t\t\t<\/div>\n\t\t\t\t<\/div>\n\t\t\t\t\t<\/div>\n\t\t\t\t<\/div>\n\t\t\t\t<\/div>\n\t\t","protected":false},"excerpt":{"rendered":"<p>Mustang \u2212 The supreme grilling experience Kepimas ant groteli\u0173 sukelia tik geras asociacijas: saul\u0117tos dienos, gard\u016bs kvapai, paprasti, bet sodraus skonio patiekalai. Kokybi\u0161ka kepsnin\u0117 tarnauja daugel\u012f met\u0173 ir palieka su \u0161eima bei draugais praleist\u0173 akimirk\u0173 prisiminimus. Juk \u201eMustang\u201c ir atsirado i\u0161 noro su \u0161eima ar draugais m\u0117gautis l\u0117tu maisto gamybos procesu. Buvimas kartu ir geras [&hellip;]<\/p>\n","protected":false},"author":3,"featured_media":91324,"parent":0,"menu_order":0,"comment_status":"closed","ping_status":"closed","template":"","meta":{"_acf_changed":false,"footnotes":""},"class_list":["post-94261","page","type-page","status-publish","has-post-thumbnail","hentry"],"acf":[],"yoast_head":"<!-- This site is optimized with the Yoast SEO plugin v27.5 - https:\/\/yoast.com\/product\/yoast-seo-wordpress\/ -->\n<title>Apie mus - Mustang Grill<\/title>\n<meta name=\"robots\" content=\"index, follow, max-snippet:-1, max-image-preview:large, max-video-preview:-1\" \/>\n<link rel=\"canonical\" href=\"https:\/\/mustang-grill.com\/lt\/apie-mus\/\" \/>\n<meta property=\"og:locale\" content=\"lt_LT\" \/>\n<meta property=\"og:type\" content=\"article\" \/>\n<meta property=\"og:title\" content=\"Apie mus - Mustang Grill\" \/>\n<meta property=\"og:description\" content=\"Mustang \u2212 The supreme grilling experience Kepimas ant groteli\u0173 sukelia tik geras asociacijas: saul\u0117tos dienos, gard\u016bs kvapai, paprasti, bet sodraus skonio patiekalai. Kokybi\u0161ka kepsnin\u0117 tarnauja daugel\u012f met\u0173 ir palieka su \u0161eima bei draugais praleist\u0173 akimirk\u0173 prisiminimus. Juk \u201eMustang\u201c ir atsirado i\u0161 noro su \u0161eima ar draugais m\u0117gautis l\u0117tu maisto gamybos procesu. Buvimas kartu ir geras [&hellip;]\" \/>\n<meta property=\"og:url\" content=\"https:\/\/mustang-grill.com\/lt\/apie-mus\/\" \/>\n<meta property=\"og:site_name\" content=\"Mustang Grill\" \/>\n<meta property=\"article:modified_time\" content=\"2024-05-08T18:11:07+00:00\" \/>\n<meta property=\"og:image\" content=\"https:\/\/mustang-grill.com\/wp-content\/uploads\/2022\/03\/mustang_connoisseur_etusivu_banner.jpg\" \/>\n\t<meta property=\"og:image:width\" content=\"1500\" \/>\n\t<meta property=\"og:image:height\" content=\"1125\" \/>\n\t<meta property=\"og:image:type\" content=\"image\/jpeg\" \/>\n<meta name=\"twitter:card\" content=\"summary_large_image\" \/>\n<meta name=\"twitter:label1\" content=\"Est. reading time\" \/>\n\t<meta name=\"twitter:data1\" content=\"3 minut\u0117s\" \/>\n<script type=\"application\/ld+json\" class=\"yoast-schema-graph\">{\"@context\":\"https:\\\/\\\/schema.org\",\"@graph\":[{\"@type\":\"WebPage\",\"@id\":\"https:\\\/\\\/mustang-grill.com\\\/lt\\\/apie-mus\\\/\",\"url\":\"https:\\\/\\\/mustang-grill.com\\\/lt\\\/apie-mus\\\/\",\"name\":\"Apie mus - Mustang Grill\",\"isPartOf\":{\"@id\":\"https:\\\/\\\/mustang-grill.com\\\/#website\"},\"primaryImageOfPage\":{\"@id\":\"https:\\\/\\\/mustang-grill.com\\\/lt\\\/apie-mus\\\/#primaryimage\"},\"image\":{\"@id\":\"https:\\\/\\\/mustang-grill.com\\\/lt\\\/apie-mus\\\/#primaryimage\"},\"thumbnailUrl\":\"https:\\\/\\\/mustang-grill.com\\\/wp-content\\\/uploads\\\/2022\\\/03\\\/mustang_connoisseur_etusivu_banner.jpg\",\"datePublished\":\"2020-02-24T15:49:07+00:00\",\"dateModified\":\"2024-05-08T18:11:07+00:00\",\"breadcrumb\":{\"@id\":\"https:\\\/\\\/mustang-grill.com\\\/lt\\\/apie-mus\\\/#breadcrumb\"},\"inLanguage\":\"lt-LT\",\"potentialAction\":[{\"@type\":\"ReadAction\",\"target\":[\"https:\\\/\\\/mustang-grill.com\\\/lt\\\/apie-mus\\\/\"]}]},{\"@type\":\"ImageObject\",\"inLanguage\":\"lt-LT\",\"@id\":\"https:\\\/\\\/mustang-grill.com\\\/lt\\\/apie-mus\\\/#primaryimage\",\"url\":\"https:\\\/\\\/mustang-grill.com\\\/wp-content\\\/uploads\\\/2022\\\/03\\\/mustang_connoisseur_etusivu_banner.jpg\",\"contentUrl\":\"https:\\\/\\\/mustang-grill.com\\\/wp-content\\\/uploads\\\/2022\\\/03\\\/mustang_connoisseur_etusivu_banner.jpg\",\"width\":1500,\"height\":1125,\"caption\":\"kaasugrilli connoisseur\"},{\"@type\":\"BreadcrumbList\",\"@id\":\"https:\\\/\\\/mustang-grill.com\\\/lt\\\/apie-mus\\\/#breadcrumb\",\"itemListElement\":[{\"@type\":\"ListItem\",\"position\":1,\"name\":\"Home\",\"item\":\"https:\\\/\\\/mustang-grill.com\\\/lt\\\/\"},{\"@type\":\"ListItem\",\"position\":2,\"name\":\"Apie mus\"}]},{\"@type\":\"WebSite\",\"@id\":\"https:\\\/\\\/mustang-grill.com\\\/#website\",\"url\":\"https:\\\/\\\/mustang-grill.com\\\/\",\"name\":\"Mustang Grill\",\"description\":\"Grillausylivoimaa\",\"publisher\":{\"@id\":\"https:\\\/\\\/mustang-grill.com\\\/#organization\"},\"potentialAction\":[{\"@type\":\"SearchAction\",\"target\":{\"@type\":\"EntryPoint\",\"urlTemplate\":\"https:\\\/\\\/mustang-grill.com\\\/?s={search_term_string}\"},\"query-input\":{\"@type\":\"PropertyValueSpecification\",\"valueRequired\":true,\"valueName\":\"search_term_string\"}}],\"inLanguage\":\"lt-LT\"},{\"@type\":\"Organization\",\"@id\":\"https:\\\/\\\/mustang-grill.com\\\/#organization\",\"name\":\"Mustang Grill\",\"url\":\"https:\\\/\\\/mustang-grill.com\\\/\",\"logo\":{\"@type\":\"ImageObject\",\"inLanguage\":\"lt-LT\",\"@id\":\"https:\\\/\\\/mustang-grill.com\\\/#\\\/schema\\\/logo\\\/image\\\/\",\"url\":\"https:\\\/\\\/mustang-grill.com\\\/wp-content\\\/uploads\\\/2019\\\/11\\\/Mustang_logo_white-web.png\",\"contentUrl\":\"https:\\\/\\\/mustang-grill.com\\\/wp-content\\\/uploads\\\/2019\\\/11\\\/Mustang_logo_white-web.png\",\"width\":375,\"height\":126,\"caption\":\"Mustang Grill\"},\"image\":{\"@id\":\"https:\\\/\\\/mustang-grill.com\\\/#\\\/schema\\\/logo\\\/image\\\/\"}}]}<\/script>\n<!-- \/ Yoast SEO plugin. -->","yoast_head_json":{"title":"Apie mus - Mustang Grill","robots":{"index":"index","follow":"follow","max-snippet":"max-snippet:-1","max-image-preview":"max-image-preview:large","max-video-preview":"max-video-preview:-1"},"canonical":"https:\/\/mustang-grill.com\/lt\/apie-mus\/","og_locale":"lt_LT","og_type":"article","og_title":"Apie mus - Mustang Grill","og_description":"Mustang \u2212 The supreme grilling experience Kepimas ant groteli\u0173 sukelia tik geras asociacijas: saul\u0117tos dienos, gard\u016bs kvapai, paprasti, bet sodraus skonio patiekalai. Kokybi\u0161ka kepsnin\u0117 tarnauja daugel\u012f met\u0173 ir palieka su \u0161eima bei draugais praleist\u0173 akimirk\u0173 prisiminimus. Juk \u201eMustang\u201c ir atsirado i\u0161 noro su \u0161eima ar draugais m\u0117gautis l\u0117tu maisto gamybos procesu. Buvimas kartu ir geras [&hellip;]","og_url":"https:\/\/mustang-grill.com\/lt\/apie-mus\/","og_site_name":"Mustang Grill","article_modified_time":"2024-05-08T18:11:07+00:00","og_image":[{"width":1500,"height":1125,"url":"https:\/\/mustang-grill.com\/wp-content\/uploads\/2022\/03\/mustang_connoisseur_etusivu_banner.jpg","type":"image\/jpeg"}],"twitter_card":"summary_large_image","twitter_misc":{"Est. reading time":"3 minut\u0117s"},"schema":{"@context":"https:\/\/schema.org","@graph":[{"@type":"WebPage","@id":"https:\/\/mustang-grill.com\/lt\/apie-mus\/","url":"https:\/\/mustang-grill.com\/lt\/apie-mus\/","name":"Apie mus - Mustang Grill","isPartOf":{"@id":"https:\/\/mustang-grill.com\/#website"},"primaryImageOfPage":{"@id":"https:\/\/mustang-grill.com\/lt\/apie-mus\/#primaryimage"},"image":{"@id":"https:\/\/mustang-grill.com\/lt\/apie-mus\/#primaryimage"},"thumbnailUrl":"https:\/\/mustang-grill.com\/wp-content\/uploads\/2022\/03\/mustang_connoisseur_etusivu_banner.jpg","datePublished":"2020-02-24T15:49:07+00:00","dateModified":"2024-05-08T18:11:07+00:00","breadcrumb":{"@id":"https:\/\/mustang-grill.com\/lt\/apie-mus\/#breadcrumb"},"inLanguage":"lt-LT","potentialAction":[{"@type":"ReadAction","target":["https:\/\/mustang-grill.com\/lt\/apie-mus\/"]}]},{"@type":"ImageObject","inLanguage":"lt-LT","@id":"https:\/\/mustang-grill.com\/lt\/apie-mus\/#primaryimage","url":"https:\/\/mustang-grill.com\/wp-content\/uploads\/2022\/03\/mustang_connoisseur_etusivu_banner.jpg","contentUrl":"https:\/\/mustang-grill.com\/wp-content\/uploads\/2022\/03\/mustang_connoisseur_etusivu_banner.jpg","width":1500,"height":1125,"caption":"kaasugrilli connoisseur"},{"@type":"BreadcrumbList","@id":"https:\/\/mustang-grill.com\/lt\/apie-mus\/#breadcrumb","itemListElement":[{"@type":"ListItem","position":1,"name":"Home","item":"https:\/\/mustang-grill.com\/lt\/"},{"@type":"ListItem","position":2,"name":"Apie mus"}]},{"@type":"WebSite","@id":"https:\/\/mustang-grill.com\/#website","url":"https:\/\/mustang-grill.com\/","name":"Mustang Grill","description":"Grillausylivoimaa","publisher":{"@id":"https:\/\/mustang-grill.com\/#organization"},"potentialAction":[{"@type":"SearchAction","target":{"@type":"EntryPoint","urlTemplate":"https:\/\/mustang-grill.com\/?s={search_term_string}"},"query-input":{"@type":"PropertyValueSpecification","valueRequired":true,"valueName":"search_term_string"}}],"inLanguage":"lt-LT"},{"@type":"Organization","@id":"https:\/\/mustang-grill.com\/#organization","name":"Mustang Grill","url":"https:\/\/mustang-grill.com\/","logo":{"@type":"ImageObject","inLanguage":"lt-LT","@id":"https:\/\/mustang-grill.com\/#\/schema\/logo\/image\/","url":"https:\/\/mustang-grill.com\/wp-content\/uploads\/2019\/11\/Mustang_logo_white-web.png","contentUrl":"https:\/\/mustang-grill.com\/wp-content\/uploads\/2019\/11\/Mustang_logo_white-web.png","width":375,"height":126,"caption":"Mustang Grill"},"image":{"@id":"https:\/\/mustang-grill.com\/#\/schema\/logo\/image\/"}}]}},"_links":{"self":[{"href":"https:\/\/mustang-grill.com\/lt\/wp-json\/wp\/v2\/pages\/94261","targetHints":{"allow":["GET"]}}],"collection":[{"href":"https:\/\/mustang-grill.com\/lt\/wp-json\/wp\/v2\/pages"}],"about":[{"href":"https:\/\/mustang-grill.com\/lt\/wp-json\/wp\/v2\/types\/page"}],"author":[{"embeddable":true,"href":"https:\/\/mustang-grill.com\/lt\/wp-json\/wp\/v2\/users\/3"}],"replies":[{"embeddable":true,"href":"https:\/\/mustang-grill.com\/lt\/wp-json\/wp\/v2\/comments?post=94261"}],"version-history":[{"count":0,"href":"https:\/\/mustang-grill.com\/lt\/wp-json\/wp\/v2\/pages\/94261\/revisions"}],"wp:featuredmedia":[{"embeddable":true,"href":"https:\/\/mustang-grill.com\/lt\/wp-json\/wp\/v2\/media\/91324"}],"wp:attachment":[{"href":"https:\/\/mustang-grill.com\/lt\/wp-json\/wp\/v2\/media?parent=94261"}],"curies":[{"name":"wp","href":"https:\/\/api.w.org\/{rel}","templated":true}]}}