{"id":140881,"date":"2024-04-22T15:24:59","date_gmt":"2024-04-22T12:24:59","guid":{"rendered":"https:\/\/dev.mustang-grill.com\/jalleenmyyjaksi\/"},"modified":"2024-09-27T15:46:00","modified_gmt":"2024-09-27T12:46:00","slug":"talakpardevejam","status":"publish","type":"page","link":"https:\/\/mustang-grill.com\/lv\/talakpardevejam\/","title":{"rendered":"T\u0101l\u0101kp\u0101rdev\u0113jam"},"content":{"rendered":"\t\t<div data-elementor-type=\"wp-page\" data-elementor-id=\"140881\" class=\"elementor elementor-140881 elementor-139387\" data-elementor-post-type=\"page\">\n\t\t\t\t<div class=\"elementor-element elementor-element-862f8a2 e-flex e-con-boxed e-con e-parent\" data-id=\"862f8a2\" data-element_type=\"container\" data-e-type=\"container\" data-settings=\"{&quot;background_background&quot;:&quot;classic&quot;}\">\n\t\t\t\t\t<div class=\"e-con-inner\">\n\t\t<div class=\"elementor-element elementor-element-957a090 e-con-full e-flex e-con e-child\" data-id=\"957a090\" data-element_type=\"container\" data-e-type=\"container\" data-settings=\"{&quot;background_background&quot;:&quot;classic&quot;}\">\n\t\t\t\t<div class=\"elementor-element elementor-element-31607a4 elementor-widget elementor-widget-heading\" data-id=\"31607a4\" data-element_type=\"widget\" data-e-type=\"widget\" data-widget_type=\"heading.default\">\n\t\t\t\t<div class=\"elementor-widget-container\">\n\t\t\t\t\t<h1 class=\"elementor-heading-title elementor-size-default\">T\u0101l\u0101kp\u0101rdev\u0113jam<\/h1>\t\t\t\t<\/div>\n\t\t\t\t<\/div>\n\t\t\t\t<\/div>\n\t\t\t\t\t<\/div>\n\t\t\t\t<\/div>\n\t\t<div class=\"elementor-element elementor-element-4106f05 e-flex e-con-boxed e-con e-parent\" data-id=\"4106f05\" data-element_type=\"container\" data-e-type=\"container\">\n\t\t\t\t\t<div class=\"e-con-inner\">\n\t\t\t\t<div class=\"elementor-element elementor-element-0a997af elementor-widget elementor-widget-text-editor\" data-id=\"0a997af\" data-element_type=\"widget\" data-e-type=\"widget\" data-widget_type=\"text-editor.default\">\n\t\t\t\t<div class=\"elementor-widget-container\">\n\t\t\t\t\t\t\t\t\t<p>Priec\u0101jos, ka j\u016bs interes\u0113jaties par Mustanga b\u0101rbekj\u016b kult\u016bru. M\u0113s laipni gaid\u0101m tirgot\u0101jus, kuri nov\u0113rt\u0113 izdev\u012bgu cenas un kvalit\u0101tes attiec\u012bbu, labi izstr\u0101d\u0101tus gril\u0113\u0161anas, k\u016bpin\u0101\u0161anas un picas produktus. Neatkar\u012bgi no t\u0101, vai j\u016bsu veikals atrodas tie\u0161saist\u0113, vai kl\u0101tien\u0113, m\u0113s esam gatavi pal\u012bdz\u0113t jums pal\u012bdz\u0113t saviem klientiem izdar\u012bt personaliz\u0113tu grila izv\u0113li.<\/p>\n<p>Mustang ir Tammer Brands Ltd. piedero\u0161s z\u012bmols. Apmekl\u0113jiet Tammer Brands vietn\u0113 <strong><a href=\"https:\/\/www.tammerbrands.fi\/en\/\" target=\"_blank\" rel=\"noopener\">tammerbrands.fi<\/a><\/strong>, lai uzzin\u0101tu vair\u0101k par m\u016bsu <strong><a href=\"https:\/\/www.tammerbrands.fi\/en\/asiakkuus\/\" target=\"_blank\" rel=\"noopener\">klientu apkalpo\u0161anu.<\/a><\/strong><\/p>\n<p>&nbsp;<\/p>\n<h3><\/h3>\n<h5>Pla\u0161s kl\u0101sts<\/h5>\n<p>Mustang produkti vienm\u0113r ir r\u016bp\u012bgi izstr\u0101d\u0101ti. M\u0113s paz\u012bstam b\u0101rbekj\u016b kult\u016bru un pied\u0101v\u0101jam jums pareizos produktus. Ir at\u013cauti visi gril\u0113\u0161anas veidi. No liel\u0101kajiem g\u0101zes griliem l\u012bdz maz\u0101kajiem lodveida griliem \u2013 m\u016bsu grilu kl\u0101sts atbilst da\u017e\u0101diem gril\u0113\u0161anas stiliem un tendenc\u0113m.<\/p>\n<p>Katrs Mustang izstr\u0101d\u0101jums ir r\u016bp\u012bgi apstr\u0101d\u0101ts l\u012bdz piln\u012bbai. Izstr\u0101d\u0101jumam ir visas b\u016btisk\u0101s funkcijas, kas jums ir nepiecie\u0161amas, lai ieg\u016btu produktu. Ar Mustang gril\u0113\u0161anas piederumiem gril\u0113\u0161ana ir nepiespiesta. Ga\u013cas, d\u0101rze\u0146u un zivju \u0113dieni tiek pagatavoti bez piep\u016bles ar tiem paredz\u0113tajiem r\u012bkiem. Pied\u0101v\u0101jum\u0101 ir ar\u012b viegl\u0101ki piederumi un serv\u0113\u0161anas produkti. \u0100ra virtuves grili, sp\u0101res un ner\u016bs\u0113jo\u0161\u0101 t\u0113rauda virsmas tiek t\u012br\u012btas ar Mustang r\u016bp\u012bgi izv\u0113l\u0113tiem t\u012br\u012b\u0161anas r\u012bkiem. Sortiment\u0101 ir viss nepiecie\u0161amais gril\u0113\u0161anai.<\/p>\n\t\t\t\t\t\t\t\t<\/div>\n\t\t\t\t<\/div>\n\t\t\t\t\t<\/div>\n\t\t\t\t<\/div>\n\t\t<div class=\"elementor-element elementor-element-9b043a9 elementor-hidden-mobile_extra elementor-hidden-mobile e-flex e-con-boxed e-con e-parent\" data-id=\"9b043a9\" data-element_type=\"container\" data-e-type=\"container\">\n\t\t\t\t\t<div class=\"e-con-inner\">\n\t\t<div class=\"elementor-element elementor-element-952ee32 e-con-full e-flex e-con e-child\" data-id=\"952ee32\" data-element_type=\"container\" data-e-type=\"container\" data-settings=\"{&quot;background_background&quot;:&quot;classic&quot;}\">\n\t\t\t\t<div class=\"elementor-element elementor-element-2b93cbf elementor-widget elementor-widget-text-editor\" data-id=\"2b93cbf\" data-element_type=\"widget\" data-e-type=\"widget\" data-widget_type=\"text-editor.default\">\n\t\t\t\t<div class=\"elementor-widget-container\">\n\t\t\t\t\t\t\t\t\t<h5>Showroom<\/h5>\n<p>Ar Mustang produktiem var iepaz\u012bties Tammer Brands Oy izst\u0101\u017eu z\u0101l\u0113 Tamper\u0113, Somij\u0101. M\u016bsu izst\u0101\u017eu z\u0101le ir liel\u0101k\u0101 Zieme\u013cvalst\u012bs. J\u016bs varat rezerv\u0113t savu pirkuma un apmekl\u0113juma laiku kop\u0101 ar kontaktpersonu.<\/p>\n\t\t\t\t\t\t\t\t<\/div>\n\t\t\t\t<\/div>\n\t\t\t\t<\/div>\n\t\t<div class=\"elementor-element elementor-element-af85957 e-con-full e-flex e-con e-child\" data-id=\"af85957\" data-element_type=\"container\" data-e-type=\"container\" data-settings=\"{&quot;background_background&quot;:&quot;classic&quot;}\">\n\t\t\t\t<div class=\"elementor-element elementor-element-a8500b0 elementor-widget elementor-widget-text-editor\" data-id=\"a8500b0\" data-element_type=\"widget\" data-e-type=\"widget\" data-widget_type=\"text-editor.default\">\n\t\t\t\t<div class=\"elementor-widget-container\">\n\t\t\t\t\t\t\t\t\t<h5>M\u0101rketings<\/h5>\n<p>M\u016bsu z\u012bmola m\u0101rketinga komanda nodro\u0161ina z\u012bmola atpaz\u012bstam\u012bbu un iepaz\u012bstina ar jauniem produktiem galvenajos pat\u0113r\u0113t\u0101ju pas\u0101kumos, soci\u0101lajos medijos un tie\u0161saist\u0113. M\u0113s izstr\u0101d\u0101jam ar\u012b augstas kvalit\u0101tes materi\u0101lus veikalos, produktu iepakojumus, inform\u0101ciju par produktiem, att\u0113lus un videoklipus, lai atbalst\u012btu j\u016bsu p\u0101rdo\u0161anu.<\/p>\n\t\t\t\t\t\t\t\t<\/div>\n\t\t\t\t<\/div>\n\t\t\t\t<\/div>\n\t\t<div class=\"elementor-element elementor-element-ea5508b e-con-full e-flex e-con e-child\" data-id=\"ea5508b\" data-element_type=\"container\" data-e-type=\"container\" data-settings=\"{&quot;background_background&quot;:&quot;classic&quot;}\">\n\t\t\t\t<div class=\"elementor-element elementor-element-1693d62 elementor-widget elementor-widget-text-editor\" data-id=\"1693d62\" data-element_type=\"widget\" data-e-type=\"widget\" data-widget_type=\"text-editor.default\">\n\t\t\t\t<div class=\"elementor-widget-container\">\n\t\t\t\t\t\t\t\t\t<h5>Shop in shop<\/h5>\n<p>Palieliniet p\u0101rdo\u0161anas apjomu un ieg\u016bstiet jaunus klientus! Izmantojot gatavu vizu\u0101lo un komerci\u0101lo veikala veikal\u0101 koncepciju, Mustanga produkti tiek par\u0101d\u012bti v\u0113l skaidr\u0101k un pievilc\u012bg\u0101k nek\u0101 iepriek\u0161. Str\u0101d\u0101sim kop\u0101, lai izstr\u0101d\u0101tu pareizo risin\u0101jumu j\u016bsu veikalam vai e-veikalam veikal\u0101.<\/p>\n\t\t\t\t\t\t\t\t<\/div>\n\t\t\t\t<\/div>\n\t\t\t\t<\/div>\n\t\t<div class=\"elementor-element elementor-element-7c13aab e-con-full e-flex e-con e-child\" data-id=\"7c13aab\" data-element_type=\"container\" data-e-type=\"container\" data-settings=\"{&quot;background_background&quot;:&quot;classic&quot;}\">\n\t\t\t\t<div class=\"elementor-element elementor-element-0eef052 elementor-widget elementor-widget-text-editor\" data-id=\"0eef052\" data-element_type=\"widget\" data-e-type=\"widget\" data-widget_type=\"text-editor.default\">\n\t\t\t\t<div class=\"elementor-widget-container\">\n\t\t\t\t\t\t\t\t\t<h5>Materi\u0101lu galerija<\/h5>\n<p>Lai atbalst\u012btu p\u0101rdo\u0161anu un m\u0101rketingu, esam izveidoju\u0161i materi\u0101lu galeriju, ko varat izmantot. \u0160eit atrad\u012bsiet z\u012bmola att\u0113lus, bro\u0161\u016bras, logotipus, videoklipus u. c. Galerijai varat piek\u013c\u016bt <strong><a href=\"https:\/\/xfer.tammerbrands.fi\/brandmaterials\/mustang-en.html\" target=\"_blank\" rel=\"noopener\">\u0161eit.<\/a><\/strong><\/p>\n\t\t\t\t\t\t\t\t<\/div>\n\t\t\t\t<\/div>\n\t\t\t\t<\/div>\n\t\t\t\t\t<\/div>\n\t\t\t\t<\/div>\n\t\t<div class=\"elementor-element elementor-element-c6c9fc7 elementor-hidden-desktop elementor-hidden-tablet e-flex e-con-boxed e-con e-parent\" data-id=\"c6c9fc7\" data-element_type=\"container\" data-e-type=\"container\">\n\t\t\t\t\t<div class=\"e-con-inner\">\n\t\t<div class=\"elementor-element elementor-element-ba6a561 e-con-full e-flex e-con e-child\" data-id=\"ba6a561\" data-element_type=\"container\" data-e-type=\"container\" data-settings=\"{&quot;background_background&quot;:&quot;classic&quot;}\">\n\t\t\t\t<div class=\"elementor-element elementor-element-3b482c3 elementor-widget elementor-widget-text-editor\" data-id=\"3b482c3\" data-element_type=\"widget\" data-e-type=\"widget\" data-widget_type=\"text-editor.default\">\n\t\t\t\t<div class=\"elementor-widget-container\">\n\t\t\t\t\t\t\t\t\t<h5>Showroom<\/h5>\n<p>Ar Mustang produktiem var iepaz\u012bties Tammer Brands Oy izst\u0101\u017eu z\u0101l\u0113 Tamper\u0113, Somij\u0101. M\u016bsu izst\u0101\u017eu z\u0101le ir liel\u0101k\u0101 Zieme\u013cvalst\u012bs. J\u016bs varat rezerv\u0113t savu pirkuma un apmekl\u0113juma laiku kop\u0101 ar kontaktpersonu.<\/p>\n\t\t\t\t\t\t\t\t<\/div>\n\t\t\t\t<\/div>\n\t\t\t\t<\/div>\n\t\t<div class=\"elementor-element elementor-element-945916e e-con-full e-flex e-con e-child\" data-id=\"945916e\" data-element_type=\"container\" data-e-type=\"container\" data-settings=\"{&quot;background_background&quot;:&quot;classic&quot;}\">\n\t\t\t\t<div class=\"elementor-element elementor-element-38472ae elementor-widget elementor-widget-text-editor\" data-id=\"38472ae\" data-element_type=\"widget\" data-e-type=\"widget\" data-widget_type=\"text-editor.default\">\n\t\t\t\t<div class=\"elementor-widget-container\">\n\t\t\t\t\t\t\t\t\t<h5>M\u0101rketings<\/h5>\n<p>M\u016bsu z\u012bmola m\u0101rketinga komanda nodro\u0161ina z\u012bmola atpaz\u012bstam\u012bbu un iepaz\u012bstina ar jauniem produktiem galvenajos pat\u0113r\u0113t\u0101ju pas\u0101kumos, soci\u0101lajos medijos un tie\u0161saist\u0113. M\u0113s izstr\u0101d\u0101jam ar\u012b augstas kvalit\u0101tes materi\u0101lus veikalos, produktu iepakojumus, inform\u0101ciju par produktiem, att\u0113lus un videoklipus, lai atbalst\u012btu j\u016bsu p\u0101rdo\u0161anu.<\/p>\n\t\t\t\t\t\t\t\t<\/div>\n\t\t\t\t<\/div>\n\t\t\t\t<\/div>\n\t\t<div class=\"elementor-element elementor-element-373026a e-con-full e-flex e-con e-child\" data-id=\"373026a\" data-element_type=\"container\" data-e-type=\"container\" data-settings=\"{&quot;background_background&quot;:&quot;classic&quot;}\">\n\t\t\t\t<div class=\"elementor-element elementor-element-9222900 elementor-widget elementor-widget-text-editor\" data-id=\"9222900\" data-element_type=\"widget\" data-e-type=\"widget\" data-widget_type=\"text-editor.default\">\n\t\t\t\t<div class=\"elementor-widget-container\">\n\t\t\t\t\t\t\t\t\t<h5>Shop in shop<\/h5>\n<p>Palieliniet p\u0101rdo\u0161anas apjomu un ieg\u016bstiet jaunus klientus! Izmantojot gatavu vizu\u0101lo un komerci\u0101lo veikala veikal\u0101 koncepciju, Mustanga produkti tiek par\u0101d\u012bti v\u0113l skaidr\u0101k un pievilc\u012bg\u0101k nek\u0101 iepriek\u0161. Str\u0101d\u0101sim kop\u0101, lai izstr\u0101d\u0101tu pareizo risin\u0101jumu j\u016bsu veikalam vai e-veikalam veikal\u0101.<\/p>\n\t\t\t\t\t\t\t\t<\/div>\n\t\t\t\t<\/div>\n\t\t\t\t<\/div>\n\t\t<div class=\"elementor-element elementor-element-e96140e e-con-full e-flex e-con e-child\" data-id=\"e96140e\" data-element_type=\"container\" data-e-type=\"container\" data-settings=\"{&quot;background_background&quot;:&quot;classic&quot;}\">\n\t\t\t\t<div class=\"elementor-element elementor-element-582b332 elementor-widget elementor-widget-text-editor\" data-id=\"582b332\" data-element_type=\"widget\" data-e-type=\"widget\" data-widget_type=\"text-editor.default\">\n\t\t\t\t<div class=\"elementor-widget-container\">\n\t\t\t\t\t\t\t\t\t<h5>Materi\u0101lu galerija<\/h5>\n<p>Lai atbalst\u012btu p\u0101rdo\u0161anu un m\u0101rketingu, esam izveidoju\u0161i materi\u0101lu galeriju, ko varat izmantot. \u0160eit atrad\u012bsiet z\u012bmola att\u0113lus, bro\u0161\u016bras, logotipus, videoklipus u. c. Galerijai varat piek\u013c\u016bt <strong><a href=\"https:\/\/xfer.tammerbrands.fi\/brandmaterials\/mustang-en.html\" target=\"_blank\" rel=\"noopener\">\u0161eit.<\/a><\/strong><\/p>\n\t\t\t\t\t\t\t\t<\/div>\n\t\t\t\t<\/div>\n\t\t\t\t<\/div>\n\t\t\t\t\t<\/div>\n\t\t\t\t<\/div>\n\t\t<div class=\"elementor-element elementor-element-ce80e55 e-flex e-con-boxed e-con e-parent\" data-id=\"ce80e55\" data-element_type=\"container\" data-e-type=\"container\">\n\t\t\t\t\t<div class=\"e-con-inner\">\n\t\t<div class=\"elementor-element elementor-element-bc5e236 e-con-full e-flex e-con e-child\" data-id=\"bc5e236\" data-element_type=\"container\" data-e-type=\"container\" data-settings=\"{&quot;background_background&quot;:&quot;classic&quot;}\">\n\t\t\t\t<div class=\"elementor-element elementor-element-89049b2 elementor-widget elementor-widget-heading\" data-id=\"89049b2\" data-element_type=\"widget\" data-e-type=\"widget\" data-widget_type=\"heading.default\">\n\t\t\t\t<div class=\"elementor-widget-container\">\n\t\t\t\t\t<h2 class=\"elementor-heading-title elementor-size-default\"><a href=\"https:\/\/mustang-grill.com\/lv\/par-mums\/\">Par mums<\/a><\/h2>\t\t\t\t<\/div>\n\t\t\t\t<\/div>\n\t\t\t\t<\/div>\n\t\t<div class=\"elementor-element elementor-element-1584d8f e-con-full e-flex e-con e-child\" data-id=\"1584d8f\" data-element_type=\"container\" data-e-type=\"container\" data-settings=\"{&quot;background_background&quot;:&quot;classic&quot;}\">\n\t\t\t\t<div class=\"elementor-element elementor-element-42b3732 elementor-widget elementor-widget-heading\" data-id=\"42b3732\" data-element_type=\"widget\" data-e-type=\"widget\" data-widget_type=\"heading.default\">\n\t\t\t\t<div class=\"elementor-widget-container\">\n\t\t\t\t\t<h2 class=\"elementor-heading-title elementor-size-default\"><a href=\"https:\/\/mustang-grill.com\/lv\/garantijas-programma\/\">Garantijas programma<\/a><\/h2>\t\t\t\t<\/div>\n\t\t\t\t<\/div>\n\t\t\t\t<\/div>\n\t\t\t\t\t<\/div>\n\t\t\t\t<\/div>\n\t\t\t\t<\/div>\n\t\t","protected":false},"excerpt":{"rendered":"<p>Priec\u0101jos, ka j\u016bs interes\u0113jaties par Mustanga b\u0101rbekj\u016b kult\u016bru. M\u0113s laipni gaid\u0101m tirgot\u0101jus, kuri nov\u0113rt\u0113 izdev\u012bgu cenas un kvalit\u0101tes attiec\u012bbu, labi izstr\u0101d\u0101tus gril\u0113\u0161anas, k\u016bpin\u0101\u0161anas un picas produktus. Neatkar\u012bgi no t\u0101, vai j\u016bsu veikals atrodas tie\u0161saist\u0113, vai kl\u0101tien\u0113, m\u0113s esam gatavi pal\u012bdz\u0113t jums pal\u012bdz\u0113t saviem klientiem izdar\u012bt personaliz\u0113tu grila izv\u0113li. Mustang ir Tammer Brands Ltd. piedero\u0161s z\u012bmols. [&hellip;]<\/p>\n","protected":false},"author":3,"featured_media":170163,"parent":0,"menu_order":0,"comment_status":"closed","ping_status":"closed","template":"","meta":{"_acf_changed":false,"footnotes":""},"class_list":["post-140881","page","type-page","status-publish","has-post-thumbnail","hentry"],"acf":[],"yoast_head":"<!-- This site is optimized with the Yoast SEO plugin v27.2 - https:\/\/yoast.com\/product\/yoast-seo-wordpress\/ -->\n<title>T\u0101l\u0101kp\u0101rdev\u0113jam - Mustang Grill<\/title>\n<meta name=\"description\" content=\"Mustang ar savu pla\u0161o un kvalitat\u012bvo kl\u0101stu apmierina ikviena gril\u0113t\u0101ja vajadz\u012bbas. J\u016bs varat k\u013c\u016bt par Tammer Brands klientu.\" \/>\n<meta name=\"robots\" content=\"index, follow, max-snippet:-1, max-image-preview:large, max-video-preview:-1\" \/>\n<link rel=\"canonical\" href=\"https:\/\/mustang-grill.com\/jalleenmyyjaksi\/\" \/>\n<meta property=\"og:locale\" content=\"lv_LV\" \/>\n<meta property=\"og:type\" content=\"article\" \/>\n<meta property=\"og:title\" content=\"T\u0101l\u0101kp\u0101rdev\u0113jam - Mustang Grill\" \/>\n<meta property=\"og:description\" content=\"Mustang ar savu pla\u0161o un kvalitat\u012bvo kl\u0101stu apmierina ikviena gril\u0113t\u0101ja vajadz\u012bbas. J\u016bs varat k\u013c\u016bt par Tammer Brands klientu.\" \/>\n<meta property=\"og:url\" content=\"https:\/\/mustang-grill.com\/jalleenmyyjaksi\/\" \/>\n<meta property=\"og:site_name\" content=\"Mustang Grill\" \/>\n<meta property=\"article:modified_time\" content=\"2024-09-27T12:46:00+00:00\" \/>\n<meta property=\"og:image\" content=\"https:\/\/mustang-grill.com\/wp-content\/uploads\/2024\/09\/mustang_601849_Oakdale_01.jpg\" \/>\n\t<meta property=\"og:image:width\" content=\"1221\" \/>\n\t<meta property=\"og:image:height\" content=\"1500\" \/>\n\t<meta property=\"og:image:type\" content=\"image\/jpeg\" \/>\n<meta name=\"twitter:card\" content=\"summary_large_image\" \/>\n<meta name=\"twitter:label1\" content=\"Est. reading time\" \/>\n\t<meta name=\"twitter:data1\" content=\"2 minutes\" \/>\n<script type=\"application\/ld+json\" class=\"yoast-schema-graph\">{\"@context\":\"https:\/\/schema.org\",\"@graph\":[{\"@type\":\"WebPage\",\"@id\":\"https:\/\/mustang-grill.com\/jalleenmyyjaksi\/\",\"url\":\"https:\/\/mustang-grill.com\/jalleenmyyjaksi\/\",\"name\":\"T\u0101l\u0101kp\u0101rdev\u0113jam - Mustang Grill\",\"isPartOf\":{\"@id\":\"https:\/\/mustang-grill.com\/#website\"},\"primaryImageOfPage\":{\"@id\":\"https:\/\/mustang-grill.com\/jalleenmyyjaksi\/#primaryimage\"},\"image\":{\"@id\":\"https:\/\/mustang-grill.com\/jalleenmyyjaksi\/#primaryimage\"},\"thumbnailUrl\":\"https:\/\/mustang-grill.com\/wp-content\/uploads\/2024\/09\/mustang_601849_Oakdale_01.jpg\",\"datePublished\":\"2024-04-22T12:24:59+00:00\",\"dateModified\":\"2024-09-27T12:46:00+00:00\",\"description\":\"Mustang ar savu pla\u0161o un kvalitat\u012bvo kl\u0101stu apmierina ikviena gril\u0113t\u0101ja vajadz\u012bbas. J\u016bs varat k\u013c\u016bt par Tammer Brands klientu.\",\"breadcrumb\":{\"@id\":\"https:\/\/mustang-grill.com\/jalleenmyyjaksi\/#breadcrumb\"},\"inLanguage\":\"lv-LV\",\"potentialAction\":[{\"@type\":\"ReadAction\",\"target\":[\"https:\/\/mustang-grill.com\/jalleenmyyjaksi\/\"]}]},{\"@type\":\"ImageObject\",\"inLanguage\":\"lv-LV\",\"@id\":\"https:\/\/mustang-grill.com\/jalleenmyyjaksi\/#primaryimage\",\"url\":\"https:\/\/mustang-grill.com\/wp-content\/uploads\/2024\/09\/mustang_601849_Oakdale_01.jpg\",\"contentUrl\":\"https:\/\/mustang-grill.com\/wp-content\/uploads\/2024\/09\/mustang_601849_Oakdale_01.jpg\",\"width\":1221,\"height\":1500},{\"@type\":\"BreadcrumbList\",\"@id\":\"https:\/\/mustang-grill.com\/jalleenmyyjaksi\/#breadcrumb\",\"itemListElement\":[{\"@type\":\"ListItem\",\"position\":1,\"name\":\"Home\",\"item\":\"https:\/\/mustang-grill.com\/lv\/\"},{\"@type\":\"ListItem\",\"position\":2,\"name\":\"T\u0101l\u0101kp\u0101rdev\u0113jam\"}]},{\"@type\":\"WebSite\",\"@id\":\"https:\/\/mustang-grill.com\/#website\",\"url\":\"https:\/\/mustang-grill.com\/\",\"name\":\"Mustang Grill\",\"description\":\"Grillausylivoimaa\",\"publisher\":{\"@id\":\"https:\/\/mustang-grill.com\/#organization\"},\"potentialAction\":[{\"@type\":\"SearchAction\",\"target\":{\"@type\":\"EntryPoint\",\"urlTemplate\":\"https:\/\/mustang-grill.com\/?s={search_term_string}\"},\"query-input\":{\"@type\":\"PropertyValueSpecification\",\"valueRequired\":true,\"valueName\":\"search_term_string\"}}],\"inLanguage\":\"lv-LV\"},{\"@type\":\"Organization\",\"@id\":\"https:\/\/mustang-grill.com\/#organization\",\"name\":\"Mustang Grill\",\"url\":\"https:\/\/mustang-grill.com\/\",\"logo\":{\"@type\":\"ImageObject\",\"inLanguage\":\"lv-LV\",\"@id\":\"https:\/\/mustang-grill.com\/#\/schema\/logo\/image\/\",\"url\":\"https:\/\/mustang-grill.com\/wp-content\/uploads\/2019\/11\/Mustang_logo_white-web.png\",\"contentUrl\":\"https:\/\/mustang-grill.com\/wp-content\/uploads\/2019\/11\/Mustang_logo_white-web.png\",\"width\":375,\"height\":126,\"caption\":\"Mustang Grill\"},\"image\":{\"@id\":\"https:\/\/mustang-grill.com\/#\/schema\/logo\/image\/\"}}]}<\/script>\n<!-- \/ Yoast SEO plugin. -->","yoast_head_json":{"title":"T\u0101l\u0101kp\u0101rdev\u0113jam - Mustang Grill","description":"Mustang ar savu pla\u0161o un kvalitat\u012bvo kl\u0101stu apmierina ikviena gril\u0113t\u0101ja vajadz\u012bbas. J\u016bs varat k\u013c\u016bt par Tammer Brands klientu.","robots":{"index":"index","follow":"follow","max-snippet":"max-snippet:-1","max-image-preview":"max-image-preview:large","max-video-preview":"max-video-preview:-1"},"canonical":"https:\/\/mustang-grill.com\/jalleenmyyjaksi\/","og_locale":"lv_LV","og_type":"article","og_title":"T\u0101l\u0101kp\u0101rdev\u0113jam - Mustang Grill","og_description":"Mustang ar savu pla\u0161o un kvalitat\u012bvo kl\u0101stu apmierina ikviena gril\u0113t\u0101ja vajadz\u012bbas. J\u016bs varat k\u013c\u016bt par Tammer Brands klientu.","og_url":"https:\/\/mustang-grill.com\/jalleenmyyjaksi\/","og_site_name":"Mustang Grill","article_modified_time":"2024-09-27T12:46:00+00:00","og_image":[{"width":1221,"height":1500,"url":"https:\/\/mustang-grill.com\/wp-content\/uploads\/2024\/09\/mustang_601849_Oakdale_01.jpg","type":"image\/jpeg"}],"twitter_card":"summary_large_image","twitter_misc":{"Est. reading time":"2 minutes"},"schema":{"@context":"https:\/\/schema.org","@graph":[{"@type":"WebPage","@id":"https:\/\/mustang-grill.com\/jalleenmyyjaksi\/","url":"https:\/\/mustang-grill.com\/jalleenmyyjaksi\/","name":"T\u0101l\u0101kp\u0101rdev\u0113jam - Mustang Grill","isPartOf":{"@id":"https:\/\/mustang-grill.com\/#website"},"primaryImageOfPage":{"@id":"https:\/\/mustang-grill.com\/jalleenmyyjaksi\/#primaryimage"},"image":{"@id":"https:\/\/mustang-grill.com\/jalleenmyyjaksi\/#primaryimage"},"thumbnailUrl":"https:\/\/mustang-grill.com\/wp-content\/uploads\/2024\/09\/mustang_601849_Oakdale_01.jpg","datePublished":"2024-04-22T12:24:59+00:00","dateModified":"2024-09-27T12:46:00+00:00","description":"Mustang ar savu pla\u0161o un kvalitat\u012bvo kl\u0101stu apmierina ikviena gril\u0113t\u0101ja vajadz\u012bbas. J\u016bs varat k\u013c\u016bt par Tammer Brands klientu.","breadcrumb":{"@id":"https:\/\/mustang-grill.com\/jalleenmyyjaksi\/#breadcrumb"},"inLanguage":"lv-LV","potentialAction":[{"@type":"ReadAction","target":["https:\/\/mustang-grill.com\/jalleenmyyjaksi\/"]}]},{"@type":"ImageObject","inLanguage":"lv-LV","@id":"https:\/\/mustang-grill.com\/jalleenmyyjaksi\/#primaryimage","url":"https:\/\/mustang-grill.com\/wp-content\/uploads\/2024\/09\/mustang_601849_Oakdale_01.jpg","contentUrl":"https:\/\/mustang-grill.com\/wp-content\/uploads\/2024\/09\/mustang_601849_Oakdale_01.jpg","width":1221,"height":1500},{"@type":"BreadcrumbList","@id":"https:\/\/mustang-grill.com\/jalleenmyyjaksi\/#breadcrumb","itemListElement":[{"@type":"ListItem","position":1,"name":"Home","item":"https:\/\/mustang-grill.com\/lv\/"},{"@type":"ListItem","position":2,"name":"T\u0101l\u0101kp\u0101rdev\u0113jam"}]},{"@type":"WebSite","@id":"https:\/\/mustang-grill.com\/#website","url":"https:\/\/mustang-grill.com\/","name":"Mustang Grill","description":"Grillausylivoimaa","publisher":{"@id":"https:\/\/mustang-grill.com\/#organization"},"potentialAction":[{"@type":"SearchAction","target":{"@type":"EntryPoint","urlTemplate":"https:\/\/mustang-grill.com\/?s={search_term_string}"},"query-input":{"@type":"PropertyValueSpecification","valueRequired":true,"valueName":"search_term_string"}}],"inLanguage":"lv-LV"},{"@type":"Organization","@id":"https:\/\/mustang-grill.com\/#organization","name":"Mustang Grill","url":"https:\/\/mustang-grill.com\/","logo":{"@type":"ImageObject","inLanguage":"lv-LV","@id":"https:\/\/mustang-grill.com\/#\/schema\/logo\/image\/","url":"https:\/\/mustang-grill.com\/wp-content\/uploads\/2019\/11\/Mustang_logo_white-web.png","contentUrl":"https:\/\/mustang-grill.com\/wp-content\/uploads\/2019\/11\/Mustang_logo_white-web.png","width":375,"height":126,"caption":"Mustang Grill"},"image":{"@id":"https:\/\/mustang-grill.com\/#\/schema\/logo\/image\/"}}]}},"_links":{"self":[{"href":"https:\/\/mustang-grill.com\/lv\/wp-json\/wp\/v2\/pages\/140881","targetHints":{"allow":["GET"]}}],"collection":[{"href":"https:\/\/mustang-grill.com\/lv\/wp-json\/wp\/v2\/pages"}],"about":[{"href":"https:\/\/mustang-grill.com\/lv\/wp-json\/wp\/v2\/types\/page"}],"author":[{"embeddable":true,"href":"https:\/\/mustang-grill.com\/lv\/wp-json\/wp\/v2\/users\/3"}],"replies":[{"embeddable":true,"href":"https:\/\/mustang-grill.com\/lv\/wp-json\/wp\/v2\/comments?post=140881"}],"version-history":[{"count":0,"href":"https:\/\/mustang-grill.com\/lv\/wp-json\/wp\/v2\/pages\/140881\/revisions"}],"wp:featuredmedia":[{"embeddable":true,"href":"https:\/\/mustang-grill.com\/lv\/wp-json\/wp\/v2\/media\/170163"}],"wp:attachment":[{"href":"https:\/\/mustang-grill.com\/lv\/wp-json\/wp\/v2\/media?parent=140881"}],"curies":[{"name":"wp","href":"https:\/\/api.w.org\/{rel}","templated":true}]}}