{"id":86639,"date":"2019-09-23T14:11:31","date_gmt":"2019-09-23T11:11:31","guid":{"rendered":"https:\/\/mustang-d2024.tbsites.fi\/productsupport\/"},"modified":"2025-03-11T16:07:27","modified_gmt":"2025-03-11T14:07:27","slug":"izstradajumu-atbalsts","status":"publish","type":"page","link":"https:\/\/mustang-grill.com\/lv\/izstradajumu-atbalsts\/","title":{"rendered":"Izstr\u0101d\u0101jumu atbalsts"},"content":{"rendered":"\t\t<div data-elementor-type=\"wp-page\" data-elementor-id=\"86639\" class=\"elementor elementor-86639 elementor-647\" data-elementor-post-type=\"page\">\n\t\t\t\t<div class=\"elementor-element elementor-element-803f2bb e-flex e-con-boxed e-con e-parent\" data-id=\"803f2bb\" data-element_type=\"container\" data-e-type=\"container\" data-settings=\"{&quot;background_background&quot;:&quot;classic&quot;}\">\n\t\t\t\t\t<div class=\"e-con-inner\">\n\t\t<div class=\"elementor-element elementor-element-b4feb7e e-con-full e-flex e-con e-child\" data-id=\"b4feb7e\" data-element_type=\"container\" data-e-type=\"container\" data-settings=\"{&quot;background_background&quot;:&quot;classic&quot;}\">\n\t\t\t\t<div class=\"elementor-element elementor-element-6242a2a elementor-widget elementor-widget-heading\" data-id=\"6242a2a\" data-element_type=\"widget\" data-e-type=\"widget\" data-widget_type=\"heading.default\">\n\t\t\t\t<div class=\"elementor-widget-container\">\n\t\t\t\t\t<h1 class=\"elementor-heading-title elementor-size-default\">Izstr\u0101d\u0101jumu atbalsts<\/h1>\t\t\t\t<\/div>\n\t\t\t\t<\/div>\n\t\t\t\t<div class=\"elementor-element elementor-element-2f31dbf elementor-widget elementor-widget-text-editor\" data-id=\"2f31dbf\" data-element_type=\"widget\" data-e-type=\"widget\" data-widget_type=\"text-editor.default\">\n\t\t\t\t<div class=\"elementor-widget-container\">\n\t\t\t\t\t\t\t\t\t<p>Atvainojamies, ja m\u016bsu produkts nav attaisnojis j\u016bsu cer\u012bbas.<br \/>Saska\u0146\u0101 ar Pat\u0113r\u0113t\u0101ju ties\u012bbu aizsardz\u012bbas likumu (FI) ra\u017eo\u0161anas defektu d\u0113\u013c boj\u0101ta produkta atgrie\u0161anas galven\u0101 vieta ir mazumtirgot\u0101js, t\u0101p\u0113c, l\u016bdzu, vispirms sazinieties ar mazumtirgot\u0101ju, kur\u0101 ieg\u0101d\u0101j\u0101ties \u0161o produktu.<\/p>\t\t\t\t\t\t\t\t<\/div>\n\t\t\t\t<\/div>\n\t\t\t\t<\/div>\n\t\t\t\t\t<\/div>\n\t\t\t\t<\/div>\n\t\t<div class=\"elementor-element elementor-element-72dc1de e-flex e-con-boxed e-con e-parent\" data-id=\"72dc1de\" data-element_type=\"container\" data-e-type=\"container\">\n\t\t\t\t\t<div class=\"e-con-inner\">\n\t\t\t\t<div class=\"elementor-element elementor-element-656b15a elementor-widget elementor-widget-text-editor\" data-id=\"656b15a\" data-element_type=\"widget\" data-e-type=\"widget\" data-widget_type=\"text-editor.default\">\n\t\t\t\t<div class=\"elementor-widget-container\">\n\t\t\t\t\t\t\t\t\t<div class=\"elementor-element elementor-element-1b302d2 elementor-widget elementor-widget-heading\" data-id=\"1b302d2\" data-element_type=\"widget\" data-widget_type=\"heading.default\"><div class=\"elementor-widget-container\"><h2 class=\"elementor-heading-title elementor-size-default\">\u201cMustang\u201d izstr\u0101d\u0101jumu atbalsts<\/h2><\/div><\/div><div class=\"elementor-element elementor-element-81c8668 elementor-widget elementor-widget-text-editor\" data-id=\"81c8668\" data-element_type=\"widget\" data-widget_type=\"text-editor.default\"><div class=\"elementor-widget-container\"><p>\u201cMustang\u201d piederumus un rezerves da\u013cas var ieg\u0101d\u0101ties no labi nodro\u0161in\u0101tiem tirgot\u0101jiem. Ja nevarat atrast nepiecie\u0161amo rezerves da\u013cu, varat sazin\u0101ties ar m\u016bsu profesion\u0101lo atbalsta dienestu. <span data-olk-copy-source=\"MessageBody\">&#112;&#x72;&#111;&#x64;u&#99;&#x74;&#115;&#x75;p&#x70;o&#114;&#x74;&#64;&#x74;a&#x6d;&#x6d;&#101;&#x72;b&#x72;a&#110;&#x64;&#115;&#x2e;f&#x69;<\/span>. M\u016bsu atbalsta dienests ir pieejams ang\u013cu valod\u0101.<\/p><p>M\u0113s sazin\u0101simies ar jums aptuveni 7\u00a0darba dienu laik\u0101. Lai pa\u0101trin\u0101tu pakalpojuma snieg\u0161anu, l\u016bdzu, sazinieties ar mums, izmantojot veidlapu \u0161aj\u0101 lap\u0101. Veidlapa ir ang\u013cu valod\u0101.<\/p><p>Pirms sazin\u0101\u0161an\u0101s ar mums, l\u016bdzu, samekl\u0113jiet t\u0101l\u0101k nor\u0101d\u012bto inform\u0101ciju, lai pa\u0101trin\u0101tu procesu.<\/p><ul><li>Produkta mode\u013ca nosaukums<\/li><li>Ier\u012bces kods<\/li><li>Rezerves da\u013cas numurs un nosaukums, ja runa ir par rezerves da\u013cu<\/li><\/ul><\/div><\/div>\t\t\t\t\t\t\t\t<\/div>\n\t\t\t\t<\/div>\n\t\t\t\t\t<\/div>\n\t\t\t\t<\/div>\n\t\t<div class=\"elementor-element elementor-element-7520927 e-flex e-con-boxed e-con e-parent\" data-id=\"7520927\" data-element_type=\"container\" data-e-type=\"container\">\n\t\t\t\t\t<div class=\"e-con-inner\">\n\t\t<div class=\"elementor-element elementor-element-cb7d7a4 e-con-full e-flex e-con e-child\" data-id=\"cb7d7a4\" data-element_type=\"container\" data-e-type=\"container\" data-settings=\"{&quot;background_background&quot;:&quot;classic&quot;}\">\n\t\t\t\t<div class=\"elementor-element elementor-element-0ba4400 elementor-widget elementor-widget-text-editor\" data-id=\"0ba4400\" data-element_type=\"widget\" data-e-type=\"widget\" data-widget_type=\"text-editor.default\">\n\t\t\t\t<div class=\"elementor-widget-container\">\n\t\t\t\t\t\t\t\t\t<p>Rezerves da\u013cas no m\u016bsu izplat\u012bt\u0101jiem<br \/>vai <span data-olk-copy-source=\"MessageBody\">p&#114;&#111;&#x64;&#x75;&#x63;t&#115;&#117;&#x70;&#x70;&#x6f;rt&#64;&#x74;&#x61;&#x6d;me&#114;&#98;&#x72;&#x61;&#x6e;d&#115;&#46;&#x66;&#x69;<\/span><\/p>\t\t\t\t\t\t\t\t<\/div>\n\t\t\t\t<\/div>\n\t\t\t\t<div class=\"elementor-element elementor-element-c13cfff elementor-align-center elementor-widget elementor-widget-button\" data-id=\"c13cfff\" data-element_type=\"widget\" data-e-type=\"widget\" data-widget_type=\"button.default\">\n\t\t\t\t<div class=\"elementor-widget-container\">\n\t\t\t\t\t\t\t\t\t<div class=\"elementor-button-wrapper\">\n\t\t\t\t\t<a class=\"elementor-button elementor-button-link elementor-size-sm\" href=\"https:\/\/mustang-grill.com\/en\/category\/accessories\/#spare-parts-accessories\">\n\t\t\t\t\t\t<span class=\"elementor-button-content-wrapper\">\n\t\t\t\t\t\t\t\t\t<span class=\"elementor-button-text\">SKAT\u012aT DA\u013bAS (EN)<\/span>\n\t\t\t\t\t<\/span>\n\t\t\t\t\t<\/a>\n\t\t\t\t<\/div>\n\t\t\t\t\t\t\t\t<\/div>\n\t\t\t\t<\/div>\n\t\t\t\t<\/div>\n\t\t\t\t<div class=\"elementor-element elementor-element-acb0b4f elementor-widget elementor-widget-image\" data-id=\"acb0b4f\" data-element_type=\"widget\" data-e-type=\"widget\" data-widget_type=\"image.default\">\n\t\t\t\t<div class=\"elementor-widget-container\">\n\t\t\t\t\t\t\t\t\t\t\t\t\t\t\t<img loading=\"lazy\" decoding=\"async\" width=\"800\" height=\"198\" src=\"https:\/\/mustang-grill.com\/wp-content\/uploads\/2024\/09\/varaosa_mustang_ritilat_Connoisseur_2-1024x253.jpg\" class=\"attachment-large size-large wp-image-170275\" alt=\"\" srcset=\"https:\/\/mustang-grill.com\/wp-content\/uploads\/2024\/09\/varaosa_mustang_ritilat_Connoisseur_2-1024x253.jpg 1024w, https:\/\/mustang-grill.com\/wp-content\/uploads\/2024\/09\/varaosa_mustang_ritilat_Connoisseur_2-300x74.jpg 300w, https:\/\/mustang-grill.com\/wp-content\/uploads\/2024\/09\/varaosa_mustang_ritilat_Connoisseur_2-768x190.jpg 768w, https:\/\/mustang-grill.com\/wp-content\/uploads\/2024\/09\/varaosa_mustang_ritilat_Connoisseur_2.jpg 1500w\" sizes=\"auto, (max-width: 800px) 100vw, 800px\" \/>\t\t\t\t\t\t\t\t\t\t\t\t\t\t\t<\/div>\n\t\t\t\t<\/div>\n\t\t\t\t\t<\/div>\n\t\t\t\t<\/div>\n\t\t<div class=\"elementor-element elementor-element-fd26d7a e-flex e-con-boxed e-con e-parent\" data-id=\"fd26d7a\" data-element_type=\"container\" data-e-type=\"container\">\n\t\t\t\t\t<div class=\"e-con-inner\">\n\t\t\t\t<div class=\"elementor-element elementor-element-459c0f3 elementor-widget elementor-widget-text-editor\" data-id=\"459c0f3\" data-element_type=\"widget\" data-e-type=\"widget\" data-widget_type=\"text-editor.default\">\n\t\t\t\t<div class=\"elementor-widget-container\">\n\t\t\t\t\t\t\t\t\t<div class=\"elementor-element elementor-element-657703f elementor-widget elementor-widget-heading\" data-id=\"657703f\" data-element_type=\"widget\" data-widget_type=\"heading.default\"><div class=\"elementor-widget-container\"><h3 class=\"elementor-heading-title elementor-size-default\">Instructions for a Product Claim<\/h3><\/div><\/div><div class=\"elementor-element elementor-element-cdab05d elementor-widget elementor-widget-text-editor\" data-id=\"cdab05d\" data-element_type=\"widget\" data-widget_type=\"text-editor.default\"><div class=\"elementor-widget-container\"><p>\u00a0<\/p><p>We apologise if our product has not met your expectations.<\/p><p>According to the Consumer Protection Act (Kuluttajasuojalaki), the primary location for returning a malfunctioning product is the seller\u2019s place of business. However, your feedback is our priority in regard to product development and quality assurance. At Mustang-grill.com, we always process written complaints. This creates fewer misunderstandings and better legal protection for you.<\/p><p>If you suspect that the product has some material or manufacturing defect, please fill out the necessary information in the form as accurately as possible so that we may process your claim properly and as quickly as possible.<\/p><p>N.B. We will contact you if we find, based on the information in the form, cause for you to send us the product for inspection. We will not accept retuned products unless the return has been approved beforehand.<\/p><p>Mustang-grill.com must ascertain that the product is defective before it can be replaced. Defective products will be replaced with new ones. Should the product no longer be available, Mustang-grill.com reserves the right to replace it with a comparable item.<\/p><p>Mustang is a brand owned by Tammer Brands Oy. Read more about our protection of personal data from\u00a0<strong><a href=\"https:\/\/www.tammerbrands.fi\/en\/data-protection\/customer-service\/\" target=\"_blank\" rel=\"noopener\">here<\/a><\/strong>.<\/p><p>Thank you for contacting us. We appreciate your patience and understanding!<\/p><\/div><\/div><p>\u00a0<\/p>\t\t\t\t\t\t\t\t<\/div>\n\t\t\t\t<\/div>\n\t\t\t\t\t<\/div>\n\t\t\t\t<\/div>\n\t\t<!-- dce invisible element 9ff1699 --><div class=\"elementor-element elementor-element-0670850 e-flex e-con-boxed e-con e-parent\" data-id=\"0670850\" data-element_type=\"container\" data-e-type=\"container\" data-settings=\"{&quot;background_background&quot;:&quot;classic&quot;}\">\n\t\t\t\t\t<div class=\"e-con-inner\">\n\t\t<div class=\"elementor-element elementor-element-f653579 e-con-full e-flex e-con e-child\" data-id=\"f653579\" data-element_type=\"container\" data-e-type=\"container\">\n\t\t\t\t<div class=\"elementor-element elementor-element-70fe235 elementor-view-default elementor-position-block-start elementor-mobile-position-block-start elementor-widget elementor-widget-icon-box\" data-id=\"70fe235\" data-element_type=\"widget\" data-e-type=\"widget\" data-widget_type=\"icon-box.default\">\n\t\t\t\t<div class=\"elementor-widget-container\">\n\t\t\t\t\t\t\t<div class=\"elementor-icon-box-wrapper\">\n\n\t\t\t\t\t\t<div class=\"elementor-icon-box-icon\">\n\t\t\t\t<span  class=\"elementor-icon\">\n\t\t\t\t<i aria-hidden=\"true\" class=\"fas fa-envelope\"><\/i>\t\t\t\t<\/span>\n\t\t\t<\/div>\n\t\t\t\n\t\t\t\t\t\t<div class=\"elementor-icon-box-content\">\n\n\t\t\t\t\t\t\t\t\t<h3 class=\"elementor-icon-box-title\">\n\t\t\t\t\t\t<span  >\n\t\t\t\t\t\t\tpro&#100;&#117;&#99;&#x74;&#x73;&#x75;&#x70;&#x70;&#x6f;rt&#64;&#116;&#97;&#109;&#109;&#x65;&#x72;&#x62;&#x72;&#x61;&#x6e;ds&#46;&#102;&#105;\t\t\t\t\t\t<\/span>\n\t\t\t\t\t<\/h3>\n\t\t\t\t\n\t\t\t\t\n\t\t\t<\/div>\n\t\t\t\n\t\t<\/div>\n\t\t\t\t\t\t<\/div>\n\t\t\t\t<\/div>\n\t\t\t\t<\/div>\n\t\t<div class=\"elementor-element elementor-element-d1278d1 e-con-full e-flex e-con e-child\" data-id=\"d1278d1\" data-element_type=\"container\" data-e-type=\"container\">\n\t\t\t\t<div class=\"elementor-element elementor-element-e3da946 elementor-align-left elementor-widget elementor-widget-button\" data-id=\"e3da946\" data-element_type=\"widget\" data-e-type=\"widget\" data-widget_type=\"button.default\">\n\t\t\t\t<div class=\"elementor-widget-container\">\n\t\t\t\t\t\t\t\t\t<div class=\"elementor-button-wrapper\">\n\t\t\t\t\t<a class=\"elementor-button elementor-button-link elementor-size-lg\" href=\"https:\/\/lomakkeet.tammerbrands.fi\/tuotepalaute\/en\" target=\"_blank\">\n\t\t\t\t\t\t<span class=\"elementor-button-content-wrapper\">\n\t\t\t\t\t\t\t\t\t<span class=\"elementor-button-text\">FILL THE FORM<\/span>\n\t\t\t\t\t<\/span>\n\t\t\t\t\t<\/a>\n\t\t\t\t<\/div>\n\t\t\t\t\t\t\t\t<\/div>\n\t\t\t\t<\/div>\n\t\t\t\t<\/div>\n\t\t\t\t\t<\/div>\n\t\t\t\t<\/div>\n\t\t\t\t<\/div>\n\t\t","protected":false},"excerpt":{"rendered":"<p>Atvainojamies, ja m\u016bsu produkts nav attaisnojis j\u016bsu cer\u012bbas.Saska\u0146\u0101 ar Pat\u0113r\u0113t\u0101ju ties\u012bbu aizsardz\u012bbas likumu (FI) ra\u017eo\u0161anas defektu d\u0113\u013c boj\u0101ta produkta atgrie\u0161anas galven\u0101 vieta ir mazumtirgot\u0101js, t\u0101p\u0113c, l\u016bdzu, vispirms sazinieties ar mazumtirgot\u0101ju, kur\u0101 ieg\u0101d\u0101j\u0101ties \u0161o produktu. \u201cMustang\u201d izstr\u0101d\u0101jumu atbalsts \u201cMustang\u201d piederumus un rezerves da\u013cas var ieg\u0101d\u0101ties no labi nodro\u0161in\u0101tiem tirgot\u0101jiem. Ja nevarat atrast nepiecie\u0161amo rezerves da\u013cu, varat [&hellip;]<\/p>\n","protected":false},"author":2,"featured_media":170138,"parent":0,"menu_order":0,"comment_status":"closed","ping_status":"closed","template":"","meta":{"_acf_changed":false,"footnotes":""},"class_list":["post-86639","page","type-page","status-publish","has-post-thumbnail","hentry"],"acf":[],"yoast_head":"<!-- This site is optimized with the Yoast SEO plugin v27.5 - https:\/\/yoast.com\/product\/yoast-seo-wordpress\/ -->\n<title>Izstr\u0101d\u0101jumu atbalsts - Mustang Grill<\/title>\n<meta name=\"robots\" content=\"index, follow, max-snippet:-1, max-image-preview:large, max-video-preview:-1\" \/>\n<link rel=\"canonical\" href=\"https:\/\/mustang-grill.com\/lv\/izstradajumu-atbalsts\/\" \/>\n<meta property=\"og:locale\" content=\"lv_LV\" \/>\n<meta property=\"og:type\" content=\"article\" \/>\n<meta property=\"og:title\" content=\"Izstr\u0101d\u0101jumu atbalsts - Mustang Grill\" \/>\n<meta property=\"og:description\" content=\"Atvainojamies, ja m\u016bsu produkts nav attaisnojis j\u016bsu cer\u012bbas.Saska\u0146\u0101 ar Pat\u0113r\u0113t\u0101ju ties\u012bbu aizsardz\u012bbas likumu (FI) ra\u017eo\u0161anas defektu d\u0113\u013c boj\u0101ta produkta atgrie\u0161anas galven\u0101 vieta ir mazumtirgot\u0101js, t\u0101p\u0113c, l\u016bdzu, vispirms sazinieties ar mazumtirgot\u0101ju, kur\u0101 ieg\u0101d\u0101j\u0101ties \u0161o produktu. \u201cMustang\u201d izstr\u0101d\u0101jumu atbalsts \u201cMustang\u201d piederumus un rezerves da\u013cas var ieg\u0101d\u0101ties no labi nodro\u0161in\u0101tiem tirgot\u0101jiem. Ja nevarat atrast nepiecie\u0161amo rezerves da\u013cu, varat [&hellip;]\" \/>\n<meta property=\"og:url\" content=\"https:\/\/mustang-grill.com\/lv\/izstradajumu-atbalsts\/\" \/>\n<meta property=\"og:site_name\" content=\"Mustang Grill\" \/>\n<meta property=\"article:modified_time\" content=\"2025-03-11T14:07:27+00:00\" \/>\n<meta property=\"og:image\" content=\"https:\/\/mustang-grill.com\/wp-content\/uploads\/2024\/09\/612476_Redding_02.jpg\" \/>\n\t<meta property=\"og:image:width\" content=\"1282\" \/>\n\t<meta property=\"og:image:height\" content=\"1000\" \/>\n\t<meta property=\"og:image:type\" content=\"image\/jpeg\" \/>\n<meta name=\"twitter:card\" content=\"summary_large_image\" \/>\n<meta name=\"twitter:label1\" content=\"Est. reading time\" \/>\n\t<meta name=\"twitter:data1\" content=\"4 minutes\" \/>\n<script type=\"application\/ld+json\" class=\"yoast-schema-graph\">{\"@context\":\"https:\\\/\\\/schema.org\",\"@graph\":[{\"@type\":\"WebPage\",\"@id\":\"https:\\\/\\\/mustang-grill.com\\\/lv\\\/izstradajumu-atbalsts\\\/\",\"url\":\"https:\\\/\\\/mustang-grill.com\\\/lv\\\/izstradajumu-atbalsts\\\/\",\"name\":\"Izstr\u0101d\u0101jumu atbalsts - Mustang Grill\",\"isPartOf\":{\"@id\":\"https:\\\/\\\/mustang-grill.com\\\/#website\"},\"primaryImageOfPage\":{\"@id\":\"https:\\\/\\\/mustang-grill.com\\\/lv\\\/izstradajumu-atbalsts\\\/#primaryimage\"},\"image\":{\"@id\":\"https:\\\/\\\/mustang-grill.com\\\/lv\\\/izstradajumu-atbalsts\\\/#primaryimage\"},\"thumbnailUrl\":\"https:\\\/\\\/mustang-grill.com\\\/wp-content\\\/uploads\\\/2024\\\/09\\\/612476_Redding_02.jpg\",\"datePublished\":\"2019-09-23T11:11:31+00:00\",\"dateModified\":\"2025-03-11T14:07:27+00:00\",\"breadcrumb\":{\"@id\":\"https:\\\/\\\/mustang-grill.com\\\/lv\\\/izstradajumu-atbalsts\\\/#breadcrumb\"},\"inLanguage\":\"lv-LV\",\"potentialAction\":[{\"@type\":\"ReadAction\",\"target\":[\"https:\\\/\\\/mustang-grill.com\\\/lv\\\/izstradajumu-atbalsts\\\/\"]}]},{\"@type\":\"ImageObject\",\"inLanguage\":\"lv-LV\",\"@id\":\"https:\\\/\\\/mustang-grill.com\\\/lv\\\/izstradajumu-atbalsts\\\/#primaryimage\",\"url\":\"https:\\\/\\\/mustang-grill.com\\\/wp-content\\\/uploads\\\/2024\\\/09\\\/612476_Redding_02.jpg\",\"contentUrl\":\"https:\\\/\\\/mustang-grill.com\\\/wp-content\\\/uploads\\\/2024\\\/09\\\/612476_Redding_02.jpg\",\"width\":1282,\"height\":1000},{\"@type\":\"BreadcrumbList\",\"@id\":\"https:\\\/\\\/mustang-grill.com\\\/lv\\\/izstradajumu-atbalsts\\\/#breadcrumb\",\"itemListElement\":[{\"@type\":\"ListItem\",\"position\":1,\"name\":\"Home\",\"item\":\"https:\\\/\\\/mustang-grill.com\\\/lv\\\/\"},{\"@type\":\"ListItem\",\"position\":2,\"name\":\"Izstr\u0101d\u0101jumu atbalsts\"}]},{\"@type\":\"WebSite\",\"@id\":\"https:\\\/\\\/mustang-grill.com\\\/#website\",\"url\":\"https:\\\/\\\/mustang-grill.com\\\/\",\"name\":\"Mustang Grill\",\"description\":\"Grillausylivoimaa\",\"publisher\":{\"@id\":\"https:\\\/\\\/mustang-grill.com\\\/#organization\"},\"potentialAction\":[{\"@type\":\"SearchAction\",\"target\":{\"@type\":\"EntryPoint\",\"urlTemplate\":\"https:\\\/\\\/mustang-grill.com\\\/?s={search_term_string}\"},\"query-input\":{\"@type\":\"PropertyValueSpecification\",\"valueRequired\":true,\"valueName\":\"search_term_string\"}}],\"inLanguage\":\"lv-LV\"},{\"@type\":\"Organization\",\"@id\":\"https:\\\/\\\/mustang-grill.com\\\/#organization\",\"name\":\"Mustang Grill\",\"url\":\"https:\\\/\\\/mustang-grill.com\\\/\",\"logo\":{\"@type\":\"ImageObject\",\"inLanguage\":\"lv-LV\",\"@id\":\"https:\\\/\\\/mustang-grill.com\\\/#\\\/schema\\\/logo\\\/image\\\/\",\"url\":\"https:\\\/\\\/mustang-grill.com\\\/wp-content\\\/uploads\\\/2019\\\/11\\\/Mustang_logo_white-web.png\",\"contentUrl\":\"https:\\\/\\\/mustang-grill.com\\\/wp-content\\\/uploads\\\/2019\\\/11\\\/Mustang_logo_white-web.png\",\"width\":375,\"height\":126,\"caption\":\"Mustang Grill\"},\"image\":{\"@id\":\"https:\\\/\\\/mustang-grill.com\\\/#\\\/schema\\\/logo\\\/image\\\/\"}}]}<\/script>\n<!-- \/ Yoast SEO plugin. -->","yoast_head_json":{"title":"Izstr\u0101d\u0101jumu atbalsts - Mustang Grill","robots":{"index":"index","follow":"follow","max-snippet":"max-snippet:-1","max-image-preview":"max-image-preview:large","max-video-preview":"max-video-preview:-1"},"canonical":"https:\/\/mustang-grill.com\/lv\/izstradajumu-atbalsts\/","og_locale":"lv_LV","og_type":"article","og_title":"Izstr\u0101d\u0101jumu atbalsts - Mustang Grill","og_description":"Atvainojamies, ja m\u016bsu produkts nav attaisnojis j\u016bsu cer\u012bbas.Saska\u0146\u0101 ar Pat\u0113r\u0113t\u0101ju ties\u012bbu aizsardz\u012bbas likumu (FI) ra\u017eo\u0161anas defektu d\u0113\u013c boj\u0101ta produkta atgrie\u0161anas galven\u0101 vieta ir mazumtirgot\u0101js, t\u0101p\u0113c, l\u016bdzu, vispirms sazinieties ar mazumtirgot\u0101ju, kur\u0101 ieg\u0101d\u0101j\u0101ties \u0161o produktu. \u201cMustang\u201d izstr\u0101d\u0101jumu atbalsts \u201cMustang\u201d piederumus un rezerves da\u013cas var ieg\u0101d\u0101ties no labi nodro\u0161in\u0101tiem tirgot\u0101jiem. Ja nevarat atrast nepiecie\u0161amo rezerves da\u013cu, varat [&hellip;]","og_url":"https:\/\/mustang-grill.com\/lv\/izstradajumu-atbalsts\/","og_site_name":"Mustang Grill","article_modified_time":"2025-03-11T14:07:27+00:00","og_image":[{"width":1282,"height":1000,"url":"https:\/\/mustang-grill.com\/wp-content\/uploads\/2024\/09\/612476_Redding_02.jpg","type":"image\/jpeg"}],"twitter_card":"summary_large_image","twitter_misc":{"Est. reading time":"4 minutes"},"schema":{"@context":"https:\/\/schema.org","@graph":[{"@type":"WebPage","@id":"https:\/\/mustang-grill.com\/lv\/izstradajumu-atbalsts\/","url":"https:\/\/mustang-grill.com\/lv\/izstradajumu-atbalsts\/","name":"Izstr\u0101d\u0101jumu atbalsts - Mustang Grill","isPartOf":{"@id":"https:\/\/mustang-grill.com\/#website"},"primaryImageOfPage":{"@id":"https:\/\/mustang-grill.com\/lv\/izstradajumu-atbalsts\/#primaryimage"},"image":{"@id":"https:\/\/mustang-grill.com\/lv\/izstradajumu-atbalsts\/#primaryimage"},"thumbnailUrl":"https:\/\/mustang-grill.com\/wp-content\/uploads\/2024\/09\/612476_Redding_02.jpg","datePublished":"2019-09-23T11:11:31+00:00","dateModified":"2025-03-11T14:07:27+00:00","breadcrumb":{"@id":"https:\/\/mustang-grill.com\/lv\/izstradajumu-atbalsts\/#breadcrumb"},"inLanguage":"lv-LV","potentialAction":[{"@type":"ReadAction","target":["https:\/\/mustang-grill.com\/lv\/izstradajumu-atbalsts\/"]}]},{"@type":"ImageObject","inLanguage":"lv-LV","@id":"https:\/\/mustang-grill.com\/lv\/izstradajumu-atbalsts\/#primaryimage","url":"https:\/\/mustang-grill.com\/wp-content\/uploads\/2024\/09\/612476_Redding_02.jpg","contentUrl":"https:\/\/mustang-grill.com\/wp-content\/uploads\/2024\/09\/612476_Redding_02.jpg","width":1282,"height":1000},{"@type":"BreadcrumbList","@id":"https:\/\/mustang-grill.com\/lv\/izstradajumu-atbalsts\/#breadcrumb","itemListElement":[{"@type":"ListItem","position":1,"name":"Home","item":"https:\/\/mustang-grill.com\/lv\/"},{"@type":"ListItem","position":2,"name":"Izstr\u0101d\u0101jumu atbalsts"}]},{"@type":"WebSite","@id":"https:\/\/mustang-grill.com\/#website","url":"https:\/\/mustang-grill.com\/","name":"Mustang Grill","description":"Grillausylivoimaa","publisher":{"@id":"https:\/\/mustang-grill.com\/#organization"},"potentialAction":[{"@type":"SearchAction","target":{"@type":"EntryPoint","urlTemplate":"https:\/\/mustang-grill.com\/?s={search_term_string}"},"query-input":{"@type":"PropertyValueSpecification","valueRequired":true,"valueName":"search_term_string"}}],"inLanguage":"lv-LV"},{"@type":"Organization","@id":"https:\/\/mustang-grill.com\/#organization","name":"Mustang Grill","url":"https:\/\/mustang-grill.com\/","logo":{"@type":"ImageObject","inLanguage":"lv-LV","@id":"https:\/\/mustang-grill.com\/#\/schema\/logo\/image\/","url":"https:\/\/mustang-grill.com\/wp-content\/uploads\/2019\/11\/Mustang_logo_white-web.png","contentUrl":"https:\/\/mustang-grill.com\/wp-content\/uploads\/2019\/11\/Mustang_logo_white-web.png","width":375,"height":126,"caption":"Mustang Grill"},"image":{"@id":"https:\/\/mustang-grill.com\/#\/schema\/logo\/image\/"}}]}},"_links":{"self":[{"href":"https:\/\/mustang-grill.com\/lv\/wp-json\/wp\/v2\/pages\/86639","targetHints":{"allow":["GET"]}}],"collection":[{"href":"https:\/\/mustang-grill.com\/lv\/wp-json\/wp\/v2\/pages"}],"about":[{"href":"https:\/\/mustang-grill.com\/lv\/wp-json\/wp\/v2\/types\/page"}],"author":[{"embeddable":true,"href":"https:\/\/mustang-grill.com\/lv\/wp-json\/wp\/v2\/users\/2"}],"replies":[{"embeddable":true,"href":"https:\/\/mustang-grill.com\/lv\/wp-json\/wp\/v2\/comments?post=86639"}],"version-history":[{"count":0,"href":"https:\/\/mustang-grill.com\/lv\/wp-json\/wp\/v2\/pages\/86639\/revisions"}],"wp:featuredmedia":[{"embeddable":true,"href":"https:\/\/mustang-grill.com\/lv\/wp-json\/wp\/v2\/media\/170138"}],"wp:attachment":[{"href":"https:\/\/mustang-grill.com\/lv\/wp-json\/wp\/v2\/media?parent=86639"}],"curies":[{"name":"wp","href":"https:\/\/api.w.org\/{rel}","templated":true}]}}