{"id":94254,"date":"2020-02-24T17:49:07","date_gmt":"2020-02-24T15:49:07","guid":{"rendered":"https:\/\/mustang-d2024.tbsites.fi\/tarina\/"},"modified":"2024-05-08T18:58:09","modified_gmt":"2024-05-08T15:58:09","slug":"par-mums","status":"publish","type":"page","link":"https:\/\/mustang-grill.com\/lv\/par-mums\/","title":{"rendered":"Par mums"},"content":{"rendered":"\t\t<div data-elementor-type=\"wp-page\" data-elementor-id=\"94254\" class=\"elementor elementor-94254 elementor-53606\" data-elementor-post-type=\"page\">\n\t\t\t\t<div class=\"elementor-element elementor-element-f72ebfd e-flex e-con-boxed e-con e-parent\" data-id=\"f72ebfd\" data-element_type=\"container\" data-e-type=\"container\" data-settings=\"{&quot;background_background&quot;:&quot;classic&quot;}\">\n\t\t\t\t\t<div class=\"e-con-inner\">\n\t\t<div class=\"elementor-element elementor-element-ae94487 e-con-full e-flex e-con e-child\" data-id=\"ae94487\" data-element_type=\"container\" data-e-type=\"container\" data-settings=\"{&quot;background_background&quot;:&quot;classic&quot;}\">\n\t\t\t\t<div class=\"elementor-element elementor-element-e1dcd17 elementor-widget elementor-widget-heading\" data-id=\"e1dcd17\" data-element_type=\"widget\" data-e-type=\"widget\" data-widget_type=\"heading.default\">\n\t\t\t\t<div class=\"elementor-widget-container\">\n\t\t\t\t\t<h1 class=\"elementor-heading-title elementor-size-default\">Par mums<\/h1>\t\t\t\t<\/div>\n\t\t\t\t<\/div>\n\t\t\t\t<\/div>\n\t\t\t\t\t<\/div>\n\t\t\t\t<\/div>\n\t\t<div class=\"elementor-element elementor-element-9af88fc e-flex e-con-boxed e-con e-parent\" data-id=\"9af88fc\" data-element_type=\"container\" data-e-type=\"container\">\n\t\t\t\t\t<div class=\"e-con-inner\">\n\t\t\t\t<div class=\"elementor-element elementor-element-6a09991 elementor-widget elementor-widget-heading\" data-id=\"6a09991\" data-element_type=\"widget\" data-e-type=\"widget\" data-widget_type=\"heading.default\">\n\t\t\t\t<div class=\"elementor-widget-container\">\n\t\t\t\t\t<h2 class=\"elementor-heading-title elementor-size-default\">Mustang \u2212 The supreme grilling experience<\/h2>\t\t\t\t<\/div>\n\t\t\t\t<\/div>\n\t\t\t\t\t<\/div>\n\t\t\t\t<\/div>\n\t\t<div class=\"elementor-element elementor-element-c1ed275 e-flex e-con-boxed e-con e-parent\" data-id=\"c1ed275\" data-element_type=\"container\" data-e-type=\"container\">\n\t\t\t\t\t<div class=\"e-con-inner\">\n\t\t<div class=\"elementor-element elementor-element-1d5d1b5 e-con-full e-flex e-con e-child\" data-id=\"1d5d1b5\" data-element_type=\"container\" data-e-type=\"container\">\n\t\t\t\t<div class=\"elementor-element elementor-element-1b23cdb elementor-widget elementor-widget-text-editor\" data-id=\"1b23cdb\" data-element_type=\"widget\" data-e-type=\"widget\" data-widget_type=\"text-editor.default\">\n\t\t\t\t<div class=\"elementor-widget-container\">\n\t\t\t\t\t\t\t\t\t<p>Gril\u0113\u0161ana izraisa tikai labas asoci\u0101cijas: saulainas dienas, k\u0101rdino\u0161i arom\u0101ti un vienk\u0101r\u0161as, bet pies\u0101tin\u0101tas gar\u0161as. Kvalitat\u012bvs grils kalpo gadiem ilgi un rada atmi\u0146as par \u0123imenes un draugu lok\u0101 pavad\u012btajiem mirk\u013ciem. Ar\u012b Mustang ir radies l\u012bdz ar v\u0113lmi izbaud\u012bt nesteidz\u012bgu \u0113dienu gatavo\u0161anu kop\u0101 ar \u0123imeni vai draugiem. Kop\u0101 pavad\u012bts laiks un labs \u0113diens ir katras dienas akcents.<\/p><p>Gril\u0113jot vienm\u0113r tiek izm\u0113\u0123in\u0101ts kaut kas jauns, un ir at\u013cautas visas gril\u0113\u0161anas metodes. K\u0101ds tradicion\u0101li gril\u0113 desi\u0146as un steikus izsalku\u0161ajiem, bet cits \u2014 m\u012bdijas sv\u0113tku vakari\u0146\u0101m. Reiz\u0113m ir svar\u012bgi, lai \u0113diens uz galda non\u0101ktu \u0101tri, bet n\u0101kam\u0101s dienas cepetis tiek saut\u0113ts visu diennakti. Ar Mustang grilu var vispus\u012bgi izmantot visas gril\u0113\u0161anas metodes un pagatavot patie\u0161\u0101m lielisku \u0113dienu. Ar\u012b m\u0101j\u0101s gatavota pasaul\u0113 lab\u0101k\u0101 pica ir ikdienas dz\u012bves sast\u0101vda\u013ca. Mustang lutina picu cep\u0113jus ar pla\u0161u un kvalitat\u012bvu picu kr\u0101\u0161\u0146u un picas cep\u0161anas piederumu kl\u0101stu.<\/p><p>Gril\u0113\u0161anai Mustang pied\u0101v\u0101 visu nepiecie\u0161amo un ar savu pla\u0161o kl\u0101stu apmierina pat vispras\u012bg\u0101ko gril\u0113t\u0101ju vajadz\u012bbas. Grilu kolekcija ietver da\u017e\u0101d\u0101m lieto\u0161anas situ\u0101cij\u0101m piem\u0113rotus grilus \u2014 no visliel\u0101kajiem g\u0101zes griliem l\u012bdz paroc\u012bgiem apa\u013cajiem griliem, \u0146emot v\u0113r\u0101 da\u017e\u0101das gril\u0113\u0161anas formas.<\/p><p>Katrs Mustang produkts ir l\u012bdz galam r\u016bp\u012bgi izstr\u0101d\u0101ts. Produktam ir visas nepiecie\u0161am\u0101s funkcijas. Gril\u0113\u0161ana ir vienk\u0101r\u0161a, izmantojot Mustang gril\u0113\u0161anas piederumus. Ga\u013cas, d\u0101rze\u0146u un zivju \u0113dienus var sagatavot bez p\u016bl\u0113m, izmantojot tiem paredz\u0113tos piederumus. Produktu s\u0113rija satur ar\u012b aizdedzin\u0101\u0161anas piederumus un produktus pasnieg\u0161anai. \u0100ra virtuves re\u017e\u0123i, grili un cep\u0161anas restes tiek t\u012br\u012btas ar Mustang r\u016bp\u012bgi atlas\u012btajiem t\u012br\u012b\u0161anas piederumiem.<\/p><p>Mustang dz\u012bvo un seko laikam. Vienm\u0113r ir kaut kas jauns, ko izbaud\u012bt kop\u0101 ar veco klasiku. Gril\u0113\u0161ana izraisa neizs\u012bksto\u0161u v\u0113lmi eksperiment\u0113t, un t\u0101s vien\u012bg\u0101 m\u0113raukla ir sekm\u012bgs rezult\u0101ts. M\u0113s v\u0113lamies, lai gril\u0113t\u0101ji g\u016btu maksim\u0101lu labumu no sava grila. T\u0101p\u0113c pied\u0101v\u0101jam ar\u012b izm\u0113\u0123in\u0101tus un p\u0101rbaud\u012btus padomus, k\u0101 ar\u012b gardas receptes, lai viss izdotos un j\u016bs vienm\u0113r var\u0113tu izbaud\u012bt gril\u0113\u0161anu. Kop\u0101 m\u0113s veidojam grila kult\u016bru, kur\u0101 ir at\u013cautas visas gril\u0113\u0161anas metodes.<\/p>\t\t\t\t\t\t\t\t<\/div>\n\t\t\t\t<\/div>\n\t\t\t\t<\/div>\n\t\t<div class=\"elementor-element elementor-element-77d0d47 e-con-full e-flex e-con e-child\" data-id=\"77d0d47\" data-element_type=\"container\" data-e-type=\"container\">\n\t\t\t\t<div class=\"elementor-element elementor-element-c176c96 elementor-widget elementor-widget-image\" data-id=\"c176c96\" data-element_type=\"widget\" data-e-type=\"widget\" data-widget_type=\"image.default\">\n\t\t\t\t<div class=\"elementor-widget-container\">\n\t\t\t\t\t\t\t\t\t\t\t\t\t\t\t<img loading=\"lazy\" decoding=\"async\" width=\"757\" height=\"1024\" src=\"https:\/\/mustang-grill.com\/wp-content\/uploads\/2024\/04\/613318_Connoisseur_41_023-757x1024.jpg\" class=\"attachment-large size-large wp-image-140346\" alt=\"\" srcset=\"https:\/\/mustang-grill.com\/wp-content\/uploads\/2024\/04\/613318_Connoisseur_41_023-757x1024.jpg 757w, https:\/\/mustang-grill.com\/wp-content\/uploads\/2024\/04\/613318_Connoisseur_41_023-222x300.jpg 222w, https:\/\/mustang-grill.com\/wp-content\/uploads\/2024\/04\/613318_Connoisseur_41_023-768x1038.jpg 768w, https:\/\/mustang-grill.com\/wp-content\/uploads\/2024\/04\/613318_Connoisseur_41_023.jpg 1000w\" sizes=\"auto, (max-width: 757px) 100vw, 757px\" \/>\t\t\t\t\t\t\t\t\t\t\t\t\t\t\t<\/div>\n\t\t\t\t<\/div>\n\t\t\t\t<\/div>\n\t\t\t\t\t<\/div>\n\t\t\t\t<\/div>\n\t\t<div class=\"elementor-element elementor-element-ce81d86 e-flex e-con-boxed e-con e-parent\" data-id=\"ce81d86\" data-element_type=\"container\" data-e-type=\"container\">\n\t\t\t\t\t<div class=\"e-con-inner\">\n\t\t\t\t<div class=\"elementor-element elementor-element-f40fa6a elementor-widget-divider--view-line elementor-widget elementor-widget-divider\" data-id=\"f40fa6a\" data-element_type=\"widget\" data-e-type=\"widget\" data-widget_type=\"divider.default\">\n\t\t\t\t<div class=\"elementor-widget-container\">\n\t\t\t\t\t\t\t<div class=\"elementor-divider\">\n\t\t\t<span class=\"elementor-divider-separator\">\n\t\t\t\t\t\t<\/span>\n\t\t<\/div>\n\t\t\t\t\t\t<\/div>\n\t\t\t\t<\/div>\n\t\t\t\t\t<\/div>\n\t\t\t\t<\/div>\n\t\t<div class=\"elementor-element elementor-element-0b840dd e-flex e-con-boxed e-con e-parent\" data-id=\"0b840dd\" data-element_type=\"container\" data-e-type=\"container\" data-settings=\"{&quot;background_background&quot;:&quot;classic&quot;}\">\n\t\t\t\t\t<div class=\"e-con-inner\">\n\t\t<div class=\"elementor-element elementor-element-5526f75 e-con-full e-flex e-con e-child\" data-id=\"5526f75\" data-element_type=\"container\" data-e-type=\"container\">\n\t\t\t\t<div class=\"elementor-element elementor-element-6a6a2ef elementor-widget elementor-widget-text-editor\" data-id=\"6a6a2ef\" data-element_type=\"widget\" data-e-type=\"widget\" data-widget_type=\"text-editor.default\">\n\t\t\t\t<div class=\"elementor-widget-container\">\n\t\t\t\t\t\t\t\t\t<h5>Tammer Brands<\/h5><p>Mustang ir Tammer Brands Oy piedero\u0161a pre\u010du z\u012bme. Tammer Brands ir izteikti starptautisks uz\u0146\u0113mums, kura dzin\u0113jsp\u0113ks ir cilv\u0113ku dz\u012bves kvalit\u0101tes uzlabo\u0161ana ar viegli pieejamiem, p\u0101rdom\u0101tiem un vispus\u012bgiem produktiem, kas sag\u0101d\u0101 prieku un ieguvumus lietot\u0101jiem. Ja produkti lietot\u0101jiem sag\u0101d\u0101 prieku un ieguvumus, k\u0101 ar\u012b atvieglo ikdienas dz\u012bvi, z\u012bmols ir sekm\u012bgi izveidots un labi ra\u017eojo\u0161s. Tammer Brands misija\u00a0\u2014 v\u0113lme uzlabot cilv\u0113ku dz\u012bves kvalit\u0101ti\u00a0\u2014 s\u0101kas ar ikdienas un da\u017e\u0101du cilv\u0113ku vajadz\u012bbu un probl\u0113mu izpratni. Tammer Brands z\u012bmols pal\u012bdz cilv\u0113kiem lab\u0101k izbaud\u012bt dz\u012bvi.<\/p><p>Vair\u0101k par Tammer Brands lasiet <strong><a href=\"https:\/\/www.tammerbrands.fi\/en\/\" target=\"_blank\" rel=\"noopener\">tammerbrands.fi<\/a><\/strong><\/p><p>\u00a0<\/p>\t\t\t\t\t\t\t\t<\/div>\n\t\t\t\t<\/div>\n\t\t\t\t<\/div>\n\t\t<div class=\"elementor-element elementor-element-56db3eb e-con-full e-flex e-con e-child\" data-id=\"56db3eb\" data-element_type=\"container\" data-e-type=\"container\">\n\t\t\t\t<div class=\"elementor-element elementor-element-39d0f9b elementor-widget elementor-widget-text-editor\" data-id=\"39d0f9b\" data-element_type=\"widget\" data-e-type=\"widget\" data-widget_type=\"text-editor.default\">\n\t\t\t\t<div class=\"elementor-widget-container\">\n\t\t\t\t\t\t\t\t\t<h5>Sazinieties ar<\/h5>\nMustang grili un gril\u0113\u0161anas apr\u012bkojums\n<br>Tammer Brands Oy\n<br>Viinikankatu 36\n<br>33800 Tampere\n<br>Finland\n<br>+358 3 2521 111\n<br>&#x6d;&#x61;&#x72;&#x6b;&#x65;&#x74;&#x69;&#x6e;&#x67;&#x40;&#x74;&#x61;&#x6d;&#x6d;&#x65;&#x72;&#x62;&#x72;&#x61;&#x6e;&#x64;&#x73;&#x2e;&#x66;&#x69;\t\t\t\t\t\t\t\t<\/div>\n\t\t\t\t<\/div>\n\t\t\t\t<\/div>\n\t\t<div class=\"elementor-element elementor-element-59c6a0b e-con-full e-flex e-con e-child\" data-id=\"59c6a0b\" data-element_type=\"container\" data-e-type=\"container\">\n\t\t\t\t<div class=\"elementor-element elementor-element-0f7046e elementor-widget elementor-widget-text-editor\" data-id=\"0f7046e\" data-element_type=\"widget\" data-e-type=\"widget\" data-widget_type=\"text-editor.default\">\n\t\t\t\t<div class=\"elementor-widget-container\">\n\t\t\t\t\t\t\t\t\t<h5>Izstr\u0101d\u0101jumu atbalsts<\/h5><p>Produkta atbalsts ir pieejams <strong><a href=\"https:\/\/mustang-grill.com\/lv\/izstradajumu-atbalsts\/\">\u0161eit<\/a><\/strong>.<\/p>\t\t\t\t\t\t\t\t<\/div>\n\t\t\t\t<\/div>\n\t\t\t\t<\/div>\n\t\t\t\t\t<\/div>\n\t\t\t\t<\/div>\n\t\t<div class=\"elementor-element elementor-element-ac06c4e e-flex e-con-boxed e-con e-parent\" data-id=\"ac06c4e\" data-element_type=\"container\" data-e-type=\"container\">\n\t\t\t\t\t<div class=\"e-con-inner\">\n\t\t<div class=\"elementor-element elementor-element-cb2acdb e-con-full e-flex e-con e-child\" data-id=\"cb2acdb\" data-element_type=\"container\" data-e-type=\"container\" data-settings=\"{&quot;background_background&quot;:&quot;classic&quot;}\">\n\t\t\t\t<div class=\"elementor-element elementor-element-6b19d01 elementor-widget elementor-widget-heading\" data-id=\"6b19d01\" data-element_type=\"widget\" data-e-type=\"widget\" data-widget_type=\"heading.default\">\n\t\t\t\t<div class=\"elementor-widget-container\">\n\t\t\t\t\t<h2 class=\"elementor-heading-title elementor-size-default\"><a href=\"https:\/\/mustang-grill.com\/lv\/talakpardevejam\/\">T\u0101l\u0101kp\u0101rdev\u0113jam<\/a><\/h2>\t\t\t\t<\/div>\n\t\t\t\t<\/div>\n\t\t\t\t<\/div>\n\t\t<div class=\"elementor-element elementor-element-b99664e e-con-full e-flex e-con e-child\" data-id=\"b99664e\" data-element_type=\"container\" data-e-type=\"container\" data-settings=\"{&quot;background_background&quot;:&quot;classic&quot;}\">\n\t\t\t\t<div class=\"elementor-element elementor-element-22c1ece elementor-widget elementor-widget-heading\" data-id=\"22c1ece\" data-element_type=\"widget\" data-e-type=\"widget\" data-widget_type=\"heading.default\">\n\t\t\t\t<div class=\"elementor-widget-container\">\n\t\t\t\t\t<h2 class=\"elementor-heading-title elementor-size-default\"><a href=\"https:\/\/mustang-grill.com\/lv\/garantijas-programma\/\">Garantijas programma<\/a><\/h2>\t\t\t\t<\/div>\n\t\t\t\t<\/div>\n\t\t\t\t<\/div>\n\t\t\t\t\t<\/div>\n\t\t\t\t<\/div>\n\t\t\t\t<\/div>\n\t\t","protected":false},"excerpt":{"rendered":"<p>Mustang \u2212 The supreme grilling experience Gril\u0113\u0161ana izraisa tikai labas asoci\u0101cijas: saulainas dienas, k\u0101rdino\u0161i arom\u0101ti un vienk\u0101r\u0161as, bet pies\u0101tin\u0101tas gar\u0161as. Kvalitat\u012bvs grils kalpo gadiem ilgi un rada atmi\u0146as par \u0123imenes un draugu lok\u0101 pavad\u012btajiem mirk\u013ciem. Ar\u012b Mustang ir radies l\u012bdz ar v\u0113lmi izbaud\u012bt nesteidz\u012bgu \u0113dienu gatavo\u0161anu kop\u0101 ar \u0123imeni vai draugiem. Kop\u0101 pavad\u012bts laiks un [&hellip;]<\/p>\n","protected":false},"author":3,"featured_media":91323,"parent":0,"menu_order":0,"comment_status":"closed","ping_status":"closed","template":"","meta":{"_acf_changed":false,"footnotes":""},"class_list":["post-94254","page","type-page","status-publish","has-post-thumbnail","hentry"],"acf":[],"yoast_head":"<!-- This site is optimized with the Yoast SEO plugin v27.5 - https:\/\/yoast.com\/product\/yoast-seo-wordpress\/ -->\n<title>Par mums - Mustang Grill<\/title>\n<meta name=\"robots\" content=\"index, follow, max-snippet:-1, max-image-preview:large, max-video-preview:-1\" \/>\n<link rel=\"canonical\" href=\"https:\/\/mustang-grill.com\/lv\/par-mums\/\" \/>\n<meta property=\"og:locale\" content=\"lv_LV\" \/>\n<meta property=\"og:type\" content=\"article\" \/>\n<meta property=\"og:title\" content=\"Par mums - Mustang Grill\" \/>\n<meta property=\"og:description\" content=\"Mustang \u2212 The supreme grilling experience Gril\u0113\u0161ana izraisa tikai labas asoci\u0101cijas: saulainas dienas, k\u0101rdino\u0161i arom\u0101ti un vienk\u0101r\u0161as, bet pies\u0101tin\u0101tas gar\u0161as. Kvalitat\u012bvs grils kalpo gadiem ilgi un rada atmi\u0146as par \u0123imenes un draugu lok\u0101 pavad\u012btajiem mirk\u013ciem. Ar\u012b Mustang ir radies l\u012bdz ar v\u0113lmi izbaud\u012bt nesteidz\u012bgu \u0113dienu gatavo\u0161anu kop\u0101 ar \u0123imeni vai draugiem. Kop\u0101 pavad\u012bts laiks un [&hellip;]\" \/>\n<meta property=\"og:url\" content=\"https:\/\/mustang-grill.com\/lv\/par-mums\/\" \/>\n<meta property=\"og:site_name\" content=\"Mustang Grill\" \/>\n<meta property=\"article:modified_time\" content=\"2024-05-08T15:58:09+00:00\" \/>\n<meta property=\"og:image\" content=\"https:\/\/mustang-grill.com\/wp-content\/uploads\/2022\/03\/mustang_connoisseur_etusivu_banner.jpg\" \/>\n\t<meta property=\"og:image:width\" content=\"1500\" \/>\n\t<meta property=\"og:image:height\" content=\"1125\" \/>\n\t<meta property=\"og:image:type\" content=\"image\/jpeg\" \/>\n<meta name=\"twitter:card\" content=\"summary_large_image\" \/>\n<meta name=\"twitter:label1\" content=\"Est. reading time\" \/>\n\t<meta name=\"twitter:data1\" content=\"3 minutes\" \/>\n<script type=\"application\/ld+json\" class=\"yoast-schema-graph\">{\"@context\":\"https:\\\/\\\/schema.org\",\"@graph\":[{\"@type\":\"WebPage\",\"@id\":\"https:\\\/\\\/mustang-grill.com\\\/lv\\\/par-mums\\\/\",\"url\":\"https:\\\/\\\/mustang-grill.com\\\/lv\\\/par-mums\\\/\",\"name\":\"Par mums - Mustang Grill\",\"isPartOf\":{\"@id\":\"https:\\\/\\\/mustang-grill.com\\\/#website\"},\"primaryImageOfPage\":{\"@id\":\"https:\\\/\\\/mustang-grill.com\\\/lv\\\/par-mums\\\/#primaryimage\"},\"image\":{\"@id\":\"https:\\\/\\\/mustang-grill.com\\\/lv\\\/par-mums\\\/#primaryimage\"},\"thumbnailUrl\":\"https:\\\/\\\/mustang-grill.com\\\/wp-content\\\/uploads\\\/2022\\\/03\\\/mustang_connoisseur_etusivu_banner.jpg\",\"datePublished\":\"2020-02-24T15:49:07+00:00\",\"dateModified\":\"2024-05-08T15:58:09+00:00\",\"breadcrumb\":{\"@id\":\"https:\\\/\\\/mustang-grill.com\\\/lv\\\/par-mums\\\/#breadcrumb\"},\"inLanguage\":\"lv-LV\",\"potentialAction\":[{\"@type\":\"ReadAction\",\"target\":[\"https:\\\/\\\/mustang-grill.com\\\/lv\\\/par-mums\\\/\"]}]},{\"@type\":\"ImageObject\",\"inLanguage\":\"lv-LV\",\"@id\":\"https:\\\/\\\/mustang-grill.com\\\/lv\\\/par-mums\\\/#primaryimage\",\"url\":\"https:\\\/\\\/mustang-grill.com\\\/wp-content\\\/uploads\\\/2022\\\/03\\\/mustang_connoisseur_etusivu_banner.jpg\",\"contentUrl\":\"https:\\\/\\\/mustang-grill.com\\\/wp-content\\\/uploads\\\/2022\\\/03\\\/mustang_connoisseur_etusivu_banner.jpg\",\"width\":1500,\"height\":1125,\"caption\":\"kaasugrilli connoisseur\"},{\"@type\":\"BreadcrumbList\",\"@id\":\"https:\\\/\\\/mustang-grill.com\\\/lv\\\/par-mums\\\/#breadcrumb\",\"itemListElement\":[{\"@type\":\"ListItem\",\"position\":1,\"name\":\"Home\",\"item\":\"https:\\\/\\\/mustang-grill.com\\\/lv\\\/\"},{\"@type\":\"ListItem\",\"position\":2,\"name\":\"Par mums\"}]},{\"@type\":\"WebSite\",\"@id\":\"https:\\\/\\\/mustang-grill.com\\\/#website\",\"url\":\"https:\\\/\\\/mustang-grill.com\\\/\",\"name\":\"Mustang Grill\",\"description\":\"Grillausylivoimaa\",\"publisher\":{\"@id\":\"https:\\\/\\\/mustang-grill.com\\\/#organization\"},\"potentialAction\":[{\"@type\":\"SearchAction\",\"target\":{\"@type\":\"EntryPoint\",\"urlTemplate\":\"https:\\\/\\\/mustang-grill.com\\\/?s={search_term_string}\"},\"query-input\":{\"@type\":\"PropertyValueSpecification\",\"valueRequired\":true,\"valueName\":\"search_term_string\"}}],\"inLanguage\":\"lv-LV\"},{\"@type\":\"Organization\",\"@id\":\"https:\\\/\\\/mustang-grill.com\\\/#organization\",\"name\":\"Mustang Grill\",\"url\":\"https:\\\/\\\/mustang-grill.com\\\/\",\"logo\":{\"@type\":\"ImageObject\",\"inLanguage\":\"lv-LV\",\"@id\":\"https:\\\/\\\/mustang-grill.com\\\/#\\\/schema\\\/logo\\\/image\\\/\",\"url\":\"https:\\\/\\\/mustang-grill.com\\\/wp-content\\\/uploads\\\/2019\\\/11\\\/Mustang_logo_white-web.png\",\"contentUrl\":\"https:\\\/\\\/mustang-grill.com\\\/wp-content\\\/uploads\\\/2019\\\/11\\\/Mustang_logo_white-web.png\",\"width\":375,\"height\":126,\"caption\":\"Mustang Grill\"},\"image\":{\"@id\":\"https:\\\/\\\/mustang-grill.com\\\/#\\\/schema\\\/logo\\\/image\\\/\"}}]}<\/script>\n<!-- \/ Yoast SEO plugin. -->","yoast_head_json":{"title":"Par mums - Mustang Grill","robots":{"index":"index","follow":"follow","max-snippet":"max-snippet:-1","max-image-preview":"max-image-preview:large","max-video-preview":"max-video-preview:-1"},"canonical":"https:\/\/mustang-grill.com\/lv\/par-mums\/","og_locale":"lv_LV","og_type":"article","og_title":"Par mums - Mustang Grill","og_description":"Mustang \u2212 The supreme grilling experience Gril\u0113\u0161ana izraisa tikai labas asoci\u0101cijas: saulainas dienas, k\u0101rdino\u0161i arom\u0101ti un vienk\u0101r\u0161as, bet pies\u0101tin\u0101tas gar\u0161as. Kvalitat\u012bvs grils kalpo gadiem ilgi un rada atmi\u0146as par \u0123imenes un draugu lok\u0101 pavad\u012btajiem mirk\u013ciem. Ar\u012b Mustang ir radies l\u012bdz ar v\u0113lmi izbaud\u012bt nesteidz\u012bgu \u0113dienu gatavo\u0161anu kop\u0101 ar \u0123imeni vai draugiem. Kop\u0101 pavad\u012bts laiks un [&hellip;]","og_url":"https:\/\/mustang-grill.com\/lv\/par-mums\/","og_site_name":"Mustang Grill","article_modified_time":"2024-05-08T15:58:09+00:00","og_image":[{"width":1500,"height":1125,"url":"https:\/\/mustang-grill.com\/wp-content\/uploads\/2022\/03\/mustang_connoisseur_etusivu_banner.jpg","type":"image\/jpeg"}],"twitter_card":"summary_large_image","twitter_misc":{"Est. reading time":"3 minutes"},"schema":{"@context":"https:\/\/schema.org","@graph":[{"@type":"WebPage","@id":"https:\/\/mustang-grill.com\/lv\/par-mums\/","url":"https:\/\/mustang-grill.com\/lv\/par-mums\/","name":"Par mums - Mustang Grill","isPartOf":{"@id":"https:\/\/mustang-grill.com\/#website"},"primaryImageOfPage":{"@id":"https:\/\/mustang-grill.com\/lv\/par-mums\/#primaryimage"},"image":{"@id":"https:\/\/mustang-grill.com\/lv\/par-mums\/#primaryimage"},"thumbnailUrl":"https:\/\/mustang-grill.com\/wp-content\/uploads\/2022\/03\/mustang_connoisseur_etusivu_banner.jpg","datePublished":"2020-02-24T15:49:07+00:00","dateModified":"2024-05-08T15:58:09+00:00","breadcrumb":{"@id":"https:\/\/mustang-grill.com\/lv\/par-mums\/#breadcrumb"},"inLanguage":"lv-LV","potentialAction":[{"@type":"ReadAction","target":["https:\/\/mustang-grill.com\/lv\/par-mums\/"]}]},{"@type":"ImageObject","inLanguage":"lv-LV","@id":"https:\/\/mustang-grill.com\/lv\/par-mums\/#primaryimage","url":"https:\/\/mustang-grill.com\/wp-content\/uploads\/2022\/03\/mustang_connoisseur_etusivu_banner.jpg","contentUrl":"https:\/\/mustang-grill.com\/wp-content\/uploads\/2022\/03\/mustang_connoisseur_etusivu_banner.jpg","width":1500,"height":1125,"caption":"kaasugrilli connoisseur"},{"@type":"BreadcrumbList","@id":"https:\/\/mustang-grill.com\/lv\/par-mums\/#breadcrumb","itemListElement":[{"@type":"ListItem","position":1,"name":"Home","item":"https:\/\/mustang-grill.com\/lv\/"},{"@type":"ListItem","position":2,"name":"Par mums"}]},{"@type":"WebSite","@id":"https:\/\/mustang-grill.com\/#website","url":"https:\/\/mustang-grill.com\/","name":"Mustang Grill","description":"Grillausylivoimaa","publisher":{"@id":"https:\/\/mustang-grill.com\/#organization"},"potentialAction":[{"@type":"SearchAction","target":{"@type":"EntryPoint","urlTemplate":"https:\/\/mustang-grill.com\/?s={search_term_string}"},"query-input":{"@type":"PropertyValueSpecification","valueRequired":true,"valueName":"search_term_string"}}],"inLanguage":"lv-LV"},{"@type":"Organization","@id":"https:\/\/mustang-grill.com\/#organization","name":"Mustang Grill","url":"https:\/\/mustang-grill.com\/","logo":{"@type":"ImageObject","inLanguage":"lv-LV","@id":"https:\/\/mustang-grill.com\/#\/schema\/logo\/image\/","url":"https:\/\/mustang-grill.com\/wp-content\/uploads\/2019\/11\/Mustang_logo_white-web.png","contentUrl":"https:\/\/mustang-grill.com\/wp-content\/uploads\/2019\/11\/Mustang_logo_white-web.png","width":375,"height":126,"caption":"Mustang Grill"},"image":{"@id":"https:\/\/mustang-grill.com\/#\/schema\/logo\/image\/"}}]}},"_links":{"self":[{"href":"https:\/\/mustang-grill.com\/lv\/wp-json\/wp\/v2\/pages\/94254","targetHints":{"allow":["GET"]}}],"collection":[{"href":"https:\/\/mustang-grill.com\/lv\/wp-json\/wp\/v2\/pages"}],"about":[{"href":"https:\/\/mustang-grill.com\/lv\/wp-json\/wp\/v2\/types\/page"}],"author":[{"embeddable":true,"href":"https:\/\/mustang-grill.com\/lv\/wp-json\/wp\/v2\/users\/3"}],"replies":[{"embeddable":true,"href":"https:\/\/mustang-grill.com\/lv\/wp-json\/wp\/v2\/comments?post=94254"}],"version-history":[{"count":0,"href":"https:\/\/mustang-grill.com\/lv\/wp-json\/wp\/v2\/pages\/94254\/revisions"}],"wp:featuredmedia":[{"embeddable":true,"href":"https:\/\/mustang-grill.com\/lv\/wp-json\/wp\/v2\/media\/91323"}],"wp:attachment":[{"href":"https:\/\/mustang-grill.com\/lv\/wp-json\/wp\/v2\/media?parent=94254"}],"curies":[{"name":"wp","href":"https:\/\/api.w.org\/{rel}","templated":true}]}}