{"id":155043,"date":"2024-07-05T14:30:58","date_gmt":"2024-07-05T11:30:58","guid":{"rendered":"https:\/\/mustang-grill.com\/om-oss\/"},"modified":"2024-07-05T15:53:55","modified_gmt":"2024-07-05T12:53:55","slug":"om-oss","status":"publish","type":"page","link":"https:\/\/mustang-grill.com\/nb\/om-oss\/","title":{"rendered":"Om oss"},"content":{"rendered":"\t\t<div data-elementor-type=\"wp-page\" data-elementor-id=\"155043\" class=\"elementor elementor-155043 elementor-53606\" data-elementor-post-type=\"page\">\n\t\t\t\t<div class=\"elementor-element elementor-element-f72ebfd e-flex e-con-boxed e-con e-parent\" data-id=\"f72ebfd\" data-element_type=\"container\" data-e-type=\"container\" data-settings=\"{&quot;background_background&quot;:&quot;classic&quot;}\">\n\t\t\t\t\t<div class=\"e-con-inner\">\n\t\t<div class=\"elementor-element elementor-element-ae94487 e-con-full e-flex e-con e-child\" data-id=\"ae94487\" data-element_type=\"container\" data-e-type=\"container\" data-settings=\"{&quot;background_background&quot;:&quot;classic&quot;}\">\n\t\t\t\t<div class=\"elementor-element elementor-element-e1dcd17 elementor-widget elementor-widget-heading\" data-id=\"e1dcd17\" data-element_type=\"widget\" data-e-type=\"widget\" data-widget_type=\"heading.default\">\n\t\t\t\t<div class=\"elementor-widget-container\">\n\t\t\t\t\t<h1 class=\"elementor-heading-title elementor-size-default\">Om oss<\/h1>\t\t\t\t<\/div>\n\t\t\t\t<\/div>\n\t\t\t\t<\/div>\n\t\t\t\t\t<\/div>\n\t\t\t\t<\/div>\n\t\t<div class=\"elementor-element elementor-element-9af88fc e-flex e-con-boxed e-con e-parent\" data-id=\"9af88fc\" data-element_type=\"container\" data-e-type=\"container\">\n\t\t\t\t\t<div class=\"e-con-inner\">\n\t\t\t\t<div class=\"elementor-element elementor-element-6a09991 elementor-widget elementor-widget-heading\" data-id=\"6a09991\" data-element_type=\"widget\" data-e-type=\"widget\" data-widget_type=\"heading.default\">\n\t\t\t\t<div class=\"elementor-widget-container\">\n\t\t\t\t\t<h2 class=\"elementor-heading-title elementor-size-default\">Mustang \u2212 The supreme grilling experience<\/h2>\t\t\t\t<\/div>\n\t\t\t\t<\/div>\n\t\t\t\t\t<\/div>\n\t\t\t\t<\/div>\n\t\t<div class=\"elementor-element elementor-element-c1ed275 e-flex e-con-boxed e-con e-parent\" data-id=\"c1ed275\" data-element_type=\"container\" data-e-type=\"container\">\n\t\t\t\t\t<div class=\"e-con-inner\">\n\t\t<div class=\"elementor-element elementor-element-1d5d1b5 e-con-full e-flex e-con e-child\" data-id=\"1d5d1b5\" data-element_type=\"container\" data-e-type=\"container\">\n\t\t\t\t<div class=\"elementor-element elementor-element-1b23cdb elementor-widget elementor-widget-text-editor\" data-id=\"1b23cdb\" data-element_type=\"widget\" data-e-type=\"widget\" data-widget_type=\"text-editor.default\">\n\t\t\t\t<div class=\"elementor-widget-container\">\n\t\t\t\t\t\t\t\t\t<p>Grilling bringer bare gode minner tilbake: solfylte dager, deilige lukter og enkle, men rike smaker. En kvalitetsgrill holder i mange \u00e5r og skaper minner om stunder sammen med familie og venner. Mustangen er f\u00f8dt ut fra \u00f8nsket om \u00e5 nyte matlaging i ro og mak sammen med familie eller venner. Samv\u00e6r og god mat er h\u00f8ydepunktet hver dag.<\/p>\n<p>Vi pr\u00f8ver alltid noe nytt n\u00e5r det gjelder grilling, og alle grillmetoder er tillatt. Noen griller tradisjonelle p\u00f8lser og biffer til en ulvefest, andre griller bl\u00e5skjell til en festmiddag. Noen ganger er det viktig \u00e5 f\u00e5 maten raskt p\u00e5 bordet, og andre dager putrer stekene d\u00f8gnet rundt. En Mustang-griller benytter seg av et bredt spekter av grillmetoder, og tilberedningen er like viktig som selve maten. Verdens beste pizza, laget hjemme, er ogs\u00e5 en del av hverdagen. Mustang skjemmer bort pizzakokker med et bredt utvalg av kvalitetspizzaovner og tilbeh\u00f8r til pizzabaking.<\/p>\n<p>N\u00e5r det gjelder grilling, har Mustang alt du trenger, og et bredt utvalg av produkter som dekker behovene til selv den mest krevende griller. Grillsortimentet omfatter griller for ulike bruksomr\u00e5der, fra de st\u00f8rste gassgrillene til de minste og mest praktiske pallegrillene, som passer til ulike typer grilling.<\/p>\n<p>Hvert Mustang-produkt er omhyggelig utf\u00f8rt til perfeksjon. Produktet har alle de viktigste funksjonene du trenger fra et produkt. Med Mustangs grilltilbeh\u00f8r blir grillingen avslappet. Kj\u00f8tt-, gr\u00f8nnsaks- og fiskeretter tilberedes uten problemer med verkt\u00f8yene som er designet for dem. I sortimentet finnes ogs\u00e5 lettere tilbeh\u00f8r og serveringsprodukter. Utekj\u00f8kkengriller, rafter og overflater i rustfritt st\u00e5l rengj\u00f8res med Mustangs n\u00f8ye utvalgte rengj\u00f8ringsverkt\u00f8y.<\/p>\n<p>Mustang lever og f\u00f8lger med i tiden. Det er alltid noe nytt \u00e5 glede seg over ved siden av de gamle klassikerne. Grilling gir en uutt\u00f8mmelig appetitt p\u00e5 eksperimentering, og det eneste m\u00e5let er et vellykket resultat. Vi \u00f8nsker at v\u00e5re grillere skal f\u00e5 mest mulig ut av grillingen. Derfor byr vi ogs\u00e5 p\u00e5 velpr\u00f8vde tips og deilige oppskrifter &#8211; slik at du kan lykkes og f\u00e5 mer glede av grillingen.<\/p>\n<p>La oss skape en grillkultur sammen, der alle grillmetoder er tillatt.<\/p>\n\t\t\t\t\t\t\t\t<\/div>\n\t\t\t\t<\/div>\n\t\t\t\t<\/div>\n\t\t<div class=\"elementor-element elementor-element-77d0d47 e-con-full e-flex e-con e-child\" data-id=\"77d0d47\" data-element_type=\"container\" data-e-type=\"container\">\n\t\t\t\t<div class=\"elementor-element elementor-element-c176c96 elementor-widget elementor-widget-image\" data-id=\"c176c96\" data-element_type=\"widget\" data-e-type=\"widget\" data-widget_type=\"image.default\">\n\t\t\t\t<div class=\"elementor-widget-container\">\n\t\t\t\t\t\t\t\t\t\t\t\t\t\t\t<img loading=\"lazy\" decoding=\"async\" width=\"757\" height=\"1024\" src=\"https:\/\/mustang-grill.com\/wp-content\/uploads\/2024\/04\/613318_Connoisseur_41_023-757x1024.jpg\" class=\"attachment-large size-large wp-image-140348\" alt=\"\" srcset=\"https:\/\/mustang-grill.com\/wp-content\/uploads\/2024\/04\/613318_Connoisseur_41_023-757x1024.jpg 757w, https:\/\/mustang-grill.com\/wp-content\/uploads\/2024\/04\/613318_Connoisseur_41_023-222x300.jpg 222w, https:\/\/mustang-grill.com\/wp-content\/uploads\/2024\/04\/613318_Connoisseur_41_023-768x1038.jpg 768w, https:\/\/mustang-grill.com\/wp-content\/uploads\/2024\/04\/613318_Connoisseur_41_023.jpg 1000w\" sizes=\"auto, (max-width: 757px) 100vw, 757px\" \/>\t\t\t\t\t\t\t\t\t\t\t\t\t\t\t<\/div>\n\t\t\t\t<\/div>\n\t\t\t\t<\/div>\n\t\t\t\t\t<\/div>\n\t\t\t\t<\/div>\n\t\t<div class=\"elementor-element elementor-element-ce81d86 e-flex e-con-boxed e-con e-parent\" data-id=\"ce81d86\" data-element_type=\"container\" data-e-type=\"container\">\n\t\t\t\t\t<div class=\"e-con-inner\">\n\t\t\t\t<div class=\"elementor-element elementor-element-f40fa6a elementor-widget-divider--view-line elementor-widget elementor-widget-divider\" data-id=\"f40fa6a\" data-element_type=\"widget\" data-e-type=\"widget\" data-widget_type=\"divider.default\">\n\t\t\t\t<div class=\"elementor-widget-container\">\n\t\t\t\t\t\t\t<div class=\"elementor-divider\">\n\t\t\t<span class=\"elementor-divider-separator\">\n\t\t\t\t\t\t<\/span>\n\t\t<\/div>\n\t\t\t\t\t\t<\/div>\n\t\t\t\t<\/div>\n\t\t\t\t\t<\/div>\n\t\t\t\t<\/div>\n\t\t<div class=\"elementor-element elementor-element-0b840dd e-flex e-con-boxed e-con e-parent\" data-id=\"0b840dd\" data-element_type=\"container\" data-e-type=\"container\" data-settings=\"{&quot;background_background&quot;:&quot;classic&quot;}\">\n\t\t\t\t\t<div class=\"e-con-inner\">\n\t\t<div class=\"elementor-element elementor-element-5526f75 e-con-full e-flex e-con e-child\" data-id=\"5526f75\" data-element_type=\"container\" data-e-type=\"container\">\n\t\t\t\t<div class=\"elementor-element elementor-element-6a6a2ef elementor-widget elementor-widget-text-editor\" data-id=\"6a6a2ef\" data-element_type=\"widget\" data-e-type=\"widget\" data-widget_type=\"text-editor.default\">\n\t\t\t\t<div class=\"elementor-widget-container\">\n\t\t\t\t\t\t\t\t\t<h5>Tammer Brands<\/h5>\n<p>Mustang er et varemerke som eies av Tammer Brands Oy. Tammer Brands er et sterkt internasjonalt selskap som er motivert av \u00e5 forbedre livskvaliteten til folk gjennom tilgjengelige, gjennomtenkte og allsidige produkter som gir glede og verdi til sluttbrukerne. N\u00e5r produktene gir sluttbrukerne glede, fordeler og en enklere hverdag, og st\u00f8tter virksomheten til detaljhandelskundene v\u00e5re, har merkevarebyggingen og produktifiseringen v\u00e6rt en suksess. Tammer Brands&#8217; misjon, \u00f8nsket om \u00e5 forbedre livskvaliteten til mennesker, tar utgangspunkt i \u00e5 forst\u00e5 hverdagen og ulike menneskers behov og problemer.<\/p>\n<p>Les mer om Tammer Brands <a href=\"https:\/\/www.tammerbrands.fi\/en\/\"><strong>tammerbrands.fi<\/strong><\/a><\/p>\n\t\t\t\t\t\t\t\t<\/div>\n\t\t\t\t<\/div>\n\t\t\t\t<\/div>\n\t\t<div class=\"elementor-element elementor-element-56db3eb e-con-full e-flex e-con e-child\" data-id=\"56db3eb\" data-element_type=\"container\" data-e-type=\"container\">\n\t\t\t\t<div class=\"elementor-element elementor-element-39d0f9b elementor-widget elementor-widget-text-editor\" data-id=\"39d0f9b\" data-element_type=\"widget\" data-e-type=\"widget\" data-widget_type=\"text-editor.default\">\n\t\t\t\t<div class=\"elementor-widget-container\">\n\t\t\t\t\t\t\t\t\t<h5>Kontakt<\/h5>\r\nMustang griller og grillutstyr\r\n\r\nTammer Brands Oy\r\n\r\nViinikankatu 36\r\n\r\n33800 Tampere\r\n\r\nFinland\r\n\r\n+358 3 2521 111\r\n\r\n&#109;&#x61;&#x72;k&#101;&#x74;i&#110;&#x67;&#x40;&#116;&#x61;&#x6d;m&#101;&#x72;b&#114;&#x61;&#x6e;&#100;&#x73;&#x2e;f&#105;\t\t\t\t\t\t\t\t<\/div>\n\t\t\t\t<\/div>\n\t\t\t\t<\/div>\n\t\t<div class=\"elementor-element elementor-element-59c6a0b e-con-full e-flex e-con e-child\" data-id=\"59c6a0b\" data-element_type=\"container\" data-e-type=\"container\">\n\t\t\t\t<div class=\"elementor-element elementor-element-d066584 elementor-widget elementor-widget-text-editor\" data-id=\"d066584\" data-element_type=\"widget\" data-e-type=\"widget\" data-widget_type=\"text-editor.default\">\n\t\t\t\t<div class=\"elementor-widget-container\">\n\t\t\t\t\t\t\t\t\t<h5>Produktst\u00f8tte<\/h5>\n<p>Produktsupport er tilgjengelig <a href=\"https:\/\/mustang-grill.com\/nb\/produktstotte\/\"><strong>her<\/strong><\/a>.<\/p>\n\t\t\t\t\t\t\t\t<\/div>\n\t\t\t\t<\/div>\n\t\t\t\t<\/div>\n\t\t\t\t\t<\/div>\n\t\t\t\t<\/div>\n\t\t<div class=\"elementor-element elementor-element-ac06c4e e-flex e-con-boxed e-con e-parent\" data-id=\"ac06c4e\" data-element_type=\"container\" data-e-type=\"container\">\n\t\t\t\t\t<div class=\"e-con-inner\">\n\t\t<div class=\"elementor-element elementor-element-cb2acdb e-con-full e-flex e-con e-child\" data-id=\"cb2acdb\" data-element_type=\"container\" data-e-type=\"container\" data-settings=\"{&quot;background_background&quot;:&quot;classic&quot;}\">\n\t\t\t\t<div class=\"elementor-element elementor-element-6b19d01 elementor-widget elementor-widget-heading\" data-id=\"6b19d01\" data-element_type=\"widget\" data-e-type=\"widget\" data-widget_type=\"heading.default\">\n\t\t\t\t<div class=\"elementor-widget-container\">\n\t\t\t\t\t<h2 class=\"elementor-heading-title elementor-size-default\"><a href=\"https:\/\/mustang-grill.com\/jalleenmyyjaksi\/\">For forhandler<\/a><\/h2>\t\t\t\t<\/div>\n\t\t\t\t<\/div>\n\t\t\t\t<\/div>\n\t\t<div class=\"elementor-element elementor-element-b99664e e-con-full e-flex e-con e-child\" data-id=\"b99664e\" data-element_type=\"container\" data-e-type=\"container\" data-settings=\"{&quot;background_background&quot;:&quot;classic&quot;}\">\n\t\t\t\t<div class=\"elementor-element elementor-element-22c1ece elementor-widget elementor-widget-heading\" data-id=\"22c1ece\" data-element_type=\"widget\" data-e-type=\"widget\" data-widget_type=\"heading.default\">\n\t\t\t\t<div class=\"elementor-widget-container\">\n\t\t\t\t\t<h2 class=\"elementor-heading-title elementor-size-default\"><a href=\"https:\/\/mustang-grill.com\/nb\/garantiordning\/\">Garantiordning<\/a><\/h2>\t\t\t\t<\/div>\n\t\t\t\t<\/div>\n\t\t\t\t<\/div>\n\t\t\t\t\t<\/div>\n\t\t\t\t<\/div>\n\t\t\t\t<\/div>\n\t\t","protected":false},"excerpt":{"rendered":"<p>Mustang \u2212 The supreme grilling experience Grilling bringer bare gode minner tilbake: solfylte dager, deilige lukter og enkle, men rike smaker. En kvalitetsgrill holder i mange \u00e5r og skaper minner om stunder sammen med familie og venner. Mustangen er f\u00f8dt ut fra \u00f8nsket om \u00e5 nyte matlaging i ro og mak sammen med familie eller [&hellip;]<\/p>\n","protected":false},"author":3,"featured_media":140909,"parent":0,"menu_order":0,"comment_status":"closed","ping_status":"closed","template":"","meta":{"_acf_changed":false,"footnotes":""},"class_list":["post-155043","page","type-page","status-publish","has-post-thumbnail","hentry"],"acf":[],"yoast_head":"<!-- This site is optimized with the Yoast SEO plugin v27.2 - https:\/\/yoast.com\/product\/yoast-seo-wordpress\/ -->\n<title>Om oss - Mustang Grill<\/title>\n<meta name=\"robots\" content=\"index, follow, max-snippet:-1, max-image-preview:large, max-video-preview:-1\" \/>\n<link rel=\"canonical\" href=\"https:\/\/mustang-grill.com\/nb\/om-oss\/\" \/>\n<meta property=\"og:locale\" content=\"nb_NO\" \/>\n<meta property=\"og:type\" content=\"article\" \/>\n<meta property=\"og:title\" content=\"Om oss - Mustang Grill\" \/>\n<meta property=\"og:description\" content=\"Mustang \u2212 The supreme grilling experience Grilling bringer bare gode minner tilbake: solfylte dager, deilige lukter og enkle, men rike smaker. En kvalitetsgrill holder i mange \u00e5r og skaper minner om stunder sammen med familie og venner. Mustangen er f\u00f8dt ut fra \u00f8nsket om \u00e5 nyte matlaging i ro og mak sammen med familie eller [&hellip;]\" \/>\n<meta property=\"og:url\" content=\"https:\/\/mustang-grill.com\/nb\/om-oss\/\" \/>\n<meta property=\"og:site_name\" content=\"Mustang Grill\" \/>\n<meta property=\"article:modified_time\" content=\"2024-07-05T12:53:55+00:00\" \/>\n<meta property=\"og:image\" content=\"https:\/\/mustang-grill.com\/wp-content\/uploads\/2022\/03\/mustang_connoisseur_etusivu_banner.jpg\" \/>\n\t<meta property=\"og:image:width\" content=\"1500\" \/>\n\t<meta property=\"og:image:height\" content=\"1125\" \/>\n\t<meta property=\"og:image:type\" content=\"image\/jpeg\" \/>\n<meta name=\"twitter:card\" content=\"summary_large_image\" \/>\n<meta name=\"twitter:label1\" content=\"Ansl. lesetid\" \/>\n\t<meta name=\"twitter:data1\" content=\"3 minutter\" \/>\n<script type=\"application\/ld+json\" class=\"yoast-schema-graph\">{\"@context\":\"https:\/\/schema.org\",\"@graph\":[{\"@type\":\"WebPage\",\"@id\":\"https:\/\/mustang-grill.com\/nb\/om-oss\/\",\"url\":\"https:\/\/mustang-grill.com\/nb\/om-oss\/\",\"name\":\"Om oss - Mustang Grill\",\"isPartOf\":{\"@id\":\"https:\/\/mustang-grill.com\/#website\"},\"primaryImageOfPage\":{\"@id\":\"https:\/\/mustang-grill.com\/nb\/om-oss\/#primaryimage\"},\"image\":{\"@id\":\"https:\/\/mustang-grill.com\/nb\/om-oss\/#primaryimage\"},\"thumbnailUrl\":\"https:\/\/mustang-grill.com\/wp-content\/uploads\/2022\/03\/mustang_connoisseur_etusivu_banner.jpg\",\"datePublished\":\"2024-07-05T11:30:58+00:00\",\"dateModified\":\"2024-07-05T12:53:55+00:00\",\"breadcrumb\":{\"@id\":\"https:\/\/mustang-grill.com\/nb\/om-oss\/#breadcrumb\"},\"inLanguage\":\"nb-NO\",\"potentialAction\":[{\"@type\":\"ReadAction\",\"target\":[\"https:\/\/mustang-grill.com\/nb\/om-oss\/\"]}]},{\"@type\":\"ImageObject\",\"inLanguage\":\"nb-NO\",\"@id\":\"https:\/\/mustang-grill.com\/nb\/om-oss\/#primaryimage\",\"url\":\"https:\/\/mustang-grill.com\/wp-content\/uploads\/2022\/03\/mustang_connoisseur_etusivu_banner.jpg\",\"contentUrl\":\"https:\/\/mustang-grill.com\/wp-content\/uploads\/2022\/03\/mustang_connoisseur_etusivu_banner.jpg\",\"width\":1500,\"height\":1125},{\"@type\":\"BreadcrumbList\",\"@id\":\"https:\/\/mustang-grill.com\/nb\/om-oss\/#breadcrumb\",\"itemListElement\":[{\"@type\":\"ListItem\",\"position\":1,\"name\":\"Home\",\"item\":\"https:\/\/mustang-grill.com\/nb\/\"},{\"@type\":\"ListItem\",\"position\":2,\"name\":\"Om oss\"}]},{\"@type\":\"WebSite\",\"@id\":\"https:\/\/mustang-grill.com\/#website\",\"url\":\"https:\/\/mustang-grill.com\/\",\"name\":\"Mustang Grill\",\"description\":\"Grillausylivoimaa\",\"publisher\":{\"@id\":\"https:\/\/mustang-grill.com\/#organization\"},\"potentialAction\":[{\"@type\":\"SearchAction\",\"target\":{\"@type\":\"EntryPoint\",\"urlTemplate\":\"https:\/\/mustang-grill.com\/?s={search_term_string}\"},\"query-input\":{\"@type\":\"PropertyValueSpecification\",\"valueRequired\":true,\"valueName\":\"search_term_string\"}}],\"inLanguage\":\"nb-NO\"},{\"@type\":\"Organization\",\"@id\":\"https:\/\/mustang-grill.com\/#organization\",\"name\":\"Mustang Grill\",\"url\":\"https:\/\/mustang-grill.com\/\",\"logo\":{\"@type\":\"ImageObject\",\"inLanguage\":\"nb-NO\",\"@id\":\"https:\/\/mustang-grill.com\/#\/schema\/logo\/image\/\",\"url\":\"https:\/\/mustang-grill.com\/wp-content\/uploads\/2019\/11\/Mustang_logo_white-web.png\",\"contentUrl\":\"https:\/\/mustang-grill.com\/wp-content\/uploads\/2019\/11\/Mustang_logo_white-web.png\",\"width\":375,\"height\":126,\"caption\":\"Mustang Grill\"},\"image\":{\"@id\":\"https:\/\/mustang-grill.com\/#\/schema\/logo\/image\/\"}}]}<\/script>\n<!-- \/ Yoast SEO plugin. -->","yoast_head_json":{"title":"Om oss - Mustang Grill","robots":{"index":"index","follow":"follow","max-snippet":"max-snippet:-1","max-image-preview":"max-image-preview:large","max-video-preview":"max-video-preview:-1"},"canonical":"https:\/\/mustang-grill.com\/nb\/om-oss\/","og_locale":"nb_NO","og_type":"article","og_title":"Om oss - Mustang Grill","og_description":"Mustang \u2212 The supreme grilling experience Grilling bringer bare gode minner tilbake: solfylte dager, deilige lukter og enkle, men rike smaker. En kvalitetsgrill holder i mange \u00e5r og skaper minner om stunder sammen med familie og venner. Mustangen er f\u00f8dt ut fra \u00f8nsket om \u00e5 nyte matlaging i ro og mak sammen med familie eller [&hellip;]","og_url":"https:\/\/mustang-grill.com\/nb\/om-oss\/","og_site_name":"Mustang Grill","article_modified_time":"2024-07-05T12:53:55+00:00","og_image":[{"width":1500,"height":1125,"url":"https:\/\/mustang-grill.com\/wp-content\/uploads\/2022\/03\/mustang_connoisseur_etusivu_banner.jpg","type":"image\/jpeg"}],"twitter_card":"summary_large_image","twitter_misc":{"Ansl. lesetid":"3 minutter"},"schema":{"@context":"https:\/\/schema.org","@graph":[{"@type":"WebPage","@id":"https:\/\/mustang-grill.com\/nb\/om-oss\/","url":"https:\/\/mustang-grill.com\/nb\/om-oss\/","name":"Om oss - Mustang Grill","isPartOf":{"@id":"https:\/\/mustang-grill.com\/#website"},"primaryImageOfPage":{"@id":"https:\/\/mustang-grill.com\/nb\/om-oss\/#primaryimage"},"image":{"@id":"https:\/\/mustang-grill.com\/nb\/om-oss\/#primaryimage"},"thumbnailUrl":"https:\/\/mustang-grill.com\/wp-content\/uploads\/2022\/03\/mustang_connoisseur_etusivu_banner.jpg","datePublished":"2024-07-05T11:30:58+00:00","dateModified":"2024-07-05T12:53:55+00:00","breadcrumb":{"@id":"https:\/\/mustang-grill.com\/nb\/om-oss\/#breadcrumb"},"inLanguage":"nb-NO","potentialAction":[{"@type":"ReadAction","target":["https:\/\/mustang-grill.com\/nb\/om-oss\/"]}]},{"@type":"ImageObject","inLanguage":"nb-NO","@id":"https:\/\/mustang-grill.com\/nb\/om-oss\/#primaryimage","url":"https:\/\/mustang-grill.com\/wp-content\/uploads\/2022\/03\/mustang_connoisseur_etusivu_banner.jpg","contentUrl":"https:\/\/mustang-grill.com\/wp-content\/uploads\/2022\/03\/mustang_connoisseur_etusivu_banner.jpg","width":1500,"height":1125},{"@type":"BreadcrumbList","@id":"https:\/\/mustang-grill.com\/nb\/om-oss\/#breadcrumb","itemListElement":[{"@type":"ListItem","position":1,"name":"Home","item":"https:\/\/mustang-grill.com\/nb\/"},{"@type":"ListItem","position":2,"name":"Om oss"}]},{"@type":"WebSite","@id":"https:\/\/mustang-grill.com\/#website","url":"https:\/\/mustang-grill.com\/","name":"Mustang Grill","description":"Grillausylivoimaa","publisher":{"@id":"https:\/\/mustang-grill.com\/#organization"},"potentialAction":[{"@type":"SearchAction","target":{"@type":"EntryPoint","urlTemplate":"https:\/\/mustang-grill.com\/?s={search_term_string}"},"query-input":{"@type":"PropertyValueSpecification","valueRequired":true,"valueName":"search_term_string"}}],"inLanguage":"nb-NO"},{"@type":"Organization","@id":"https:\/\/mustang-grill.com\/#organization","name":"Mustang Grill","url":"https:\/\/mustang-grill.com\/","logo":{"@type":"ImageObject","inLanguage":"nb-NO","@id":"https:\/\/mustang-grill.com\/#\/schema\/logo\/image\/","url":"https:\/\/mustang-grill.com\/wp-content\/uploads\/2019\/11\/Mustang_logo_white-web.png","contentUrl":"https:\/\/mustang-grill.com\/wp-content\/uploads\/2019\/11\/Mustang_logo_white-web.png","width":375,"height":126,"caption":"Mustang Grill"},"image":{"@id":"https:\/\/mustang-grill.com\/#\/schema\/logo\/image\/"}}]}},"_links":{"self":[{"href":"https:\/\/mustang-grill.com\/nb\/wp-json\/wp\/v2\/pages\/155043","targetHints":{"allow":["GET"]}}],"collection":[{"href":"https:\/\/mustang-grill.com\/nb\/wp-json\/wp\/v2\/pages"}],"about":[{"href":"https:\/\/mustang-grill.com\/nb\/wp-json\/wp\/v2\/types\/page"}],"author":[{"embeddable":true,"href":"https:\/\/mustang-grill.com\/nb\/wp-json\/wp\/v2\/users\/3"}],"replies":[{"embeddable":true,"href":"https:\/\/mustang-grill.com\/nb\/wp-json\/wp\/v2\/comments?post=155043"}],"version-history":[{"count":0,"href":"https:\/\/mustang-grill.com\/nb\/wp-json\/wp\/v2\/pages\/155043\/revisions"}],"wp:featuredmedia":[{"embeddable":true,"href":"https:\/\/mustang-grill.com\/nb\/wp-json\/wp\/v2\/media\/140909"}],"wp:attachment":[{"href":"https:\/\/mustang-grill.com\/nb\/wp-json\/wp\/v2\/media?parent=155043"}],"curies":[{"name":"wp","href":"https:\/\/api.w.org\/{rel}","templated":true}]}}