{"id":155047,"date":"2024-07-05T14:42:16","date_gmt":"2024-07-05T11:42:16","guid":{"rendered":"https:\/\/mustang-grill.com\/produktstotte\/"},"modified":"2025-03-11T16:09:46","modified_gmt":"2025-03-11T14:09:46","slug":"produktstotte","status":"publish","type":"page","link":"https:\/\/mustang-grill.com\/nb\/produktstotte\/","title":{"rendered":"Produktst\u00f8tte"},"content":{"rendered":"\t\t<div data-elementor-type=\"wp-page\" data-elementor-id=\"155047\" class=\"elementor elementor-155047 elementor-647\" data-elementor-post-type=\"page\">\n\t\t\t\t<div class=\"elementor-element elementor-element-803f2bb e-flex e-con-boxed e-con e-parent\" data-id=\"803f2bb\" data-element_type=\"container\" data-e-type=\"container\" data-settings=\"{&quot;background_background&quot;:&quot;classic&quot;}\">\n\t\t\t\t\t<div class=\"e-con-inner\">\n\t\t<div class=\"elementor-element elementor-element-b4feb7e e-con-full e-flex e-con e-child\" data-id=\"b4feb7e\" data-element_type=\"container\" data-e-type=\"container\" data-settings=\"{&quot;background_background&quot;:&quot;classic&quot;}\">\n\t\t\t\t<div class=\"elementor-element elementor-element-6242a2a elementor-widget elementor-widget-heading\" data-id=\"6242a2a\" data-element_type=\"widget\" data-e-type=\"widget\" data-widget_type=\"heading.default\">\n\t\t\t\t<div class=\"elementor-widget-container\">\n\t\t\t\t\t<h1 class=\"elementor-heading-title elementor-size-default\">Produktst\u00f8tte<\/h1>\t\t\t\t<\/div>\n\t\t\t\t<\/div>\n\t\t\t\t<div class=\"elementor-element elementor-element-2f31dbf elementor-widget elementor-widget-text-editor\" data-id=\"2f31dbf\" data-element_type=\"widget\" data-e-type=\"widget\" data-widget_type=\"text-editor.default\">\n\t\t\t\t<div class=\"elementor-widget-container\">\n\t\t\t\t\t\t\t\t\t<p>Vi beklager hvis produktet v\u00e5rt ikke har innfridd dine forventninger.<br \/>\nI henhold til forbrukervernloven (FI) er det forhandleren som er det prim\u00e6re stedet for retur av et produkt som er defekt, s\u00e5 vennligst kontakt forhandleren der du kj\u00f8pte produktet i f\u00f8rste omgang.<\/p>\n\t\t\t\t\t\t\t\t<\/div>\n\t\t\t\t<\/div>\n\t\t\t\t<\/div>\n\t\t\t\t\t<\/div>\n\t\t\t\t<\/div>\n\t\t<div class=\"elementor-element elementor-element-72dc1de e-flex e-con-boxed e-con e-parent\" data-id=\"72dc1de\" data-element_type=\"container\" data-e-type=\"container\">\n\t\t\t\t\t<div class=\"e-con-inner\">\n\t\t\t\t<div class=\"elementor-element elementor-element-656b15a elementor-widget elementor-widget-text-editor\" data-id=\"656b15a\" data-element_type=\"widget\" data-e-type=\"widget\" data-widget_type=\"text-editor.default\">\n\t\t\t\t<div class=\"elementor-widget-container\">\n\t\t\t\t\t\t\t\t\t<h2>Mustangs st\u00f8ttetjeneste<\/h2><p>Mustang-tilbeh\u00f8r og reservedeler kan kj\u00f8pes hos velassorterte forhandlere. Hvis du ikke finner den delen du trenger, kan du kontakte v\u00e5r kyndige supporttjeneste p\u00e5 <span data-olk-copy-source=\"MessageBody\">&#x70;&#x72;&#x6f;&#x64;&#117;&#99;&#116;&#115;upp&#x6f;&#x72;&#x74;&#x40;&#x74;&#97;&#109;&#109;erb&#x72;&#x61;&#x6e;&#x64;&#x73;&#46;&#102;&#105;<\/span>. Vi vil ta kontakt med deg innen ca. 7 virkedager. For \u00e5 f\u00e5 raskere service, vennligst kontakt oss ved hjelp av kontaktskjemaet p\u00e5 denne siden.<\/p><p>F\u00f8r du kontakter oss, vennligst fullf\u00f8r f\u00f8lgende trinn for \u00e5 fremskynde prosessen:<\/p><p>Navn p\u00e5 produktmodell<br \/>Enhetskode<br \/>Reservedelens nummer og navn i tilfelle reservedel<\/p>\t\t\t\t\t\t\t\t<\/div>\n\t\t\t\t<\/div>\n\t\t\t\t\t<\/div>\n\t\t\t\t<\/div>\n\t\t<div class=\"elementor-element elementor-element-dc18bb2 e-flex e-con-boxed e-con e-parent\" data-id=\"dc18bb2\" data-element_type=\"container\" data-e-type=\"container\">\n\t\t\t\t\t<div class=\"e-con-inner\">\n\t\t<div class=\"elementor-element elementor-element-d47b11a e-con-full e-flex e-con e-child\" data-id=\"d47b11a\" data-element_type=\"container\" data-e-type=\"container\" data-settings=\"{&quot;background_background&quot;:&quot;classic&quot;}\">\n\t\t\t\t<div class=\"elementor-element elementor-element-f97b425 elementor-widget elementor-widget-text-editor\" data-id=\"f97b425\" data-element_type=\"widget\" data-e-type=\"widget\" data-widget_type=\"text-editor.default\">\n\t\t\t\t<div class=\"elementor-widget-container\">\n\t\t\t\t\t\t\t\t\t<div class=\"elementor-element elementor-element-3cd6439 elementor-widget elementor-widget-text-editor\" data-id=\"3cd6439\" data-element_type=\"widget\" data-widget_type=\"text-editor.default\"><div class=\"elementor-widget-container\">Reservedeler fra v\u00e5re forhandlere<br \/>eller <span data-olk-copy-source=\"MessageBody\">&#112;&#x72;&#x6f;d&#117;&#x63;t&#115;&#x75;&#x70;p&#111;&#x72;t&#64;&#x74;&#x61;m&#109;&#x65;r&#98;&#x72;&#x61;&#110;&#100;&#x73;&#46;&#102;&#x69;<\/span><\/div><\/div>\t\t\t\t\t\t\t\t<\/div>\n\t\t\t\t<\/div>\n\t\t\t\t<div class=\"elementor-element elementor-element-88e352a elementor-align-center elementor-widget elementor-widget-button\" data-id=\"88e352a\" data-element_type=\"widget\" data-e-type=\"widget\" data-widget_type=\"button.default\">\n\t\t\t\t<div class=\"elementor-widget-container\">\n\t\t\t\t\t\t\t\t\t<div class=\"elementor-button-wrapper\">\n\t\t\t\t\t<a class=\"elementor-button elementor-button-link elementor-size-sm\" href=\"https:\/\/mustang-grill.com\/en\/category\/accessories\/#spare-parts-accessories\">\n\t\t\t\t\t\t<span class=\"elementor-button-content-wrapper\">\n\t\t\t\t\t\t\t\t\t<span class=\"elementor-button-text\">SE DELER (EN)<\/span>\n\t\t\t\t\t<\/span>\n\t\t\t\t\t<\/a>\n\t\t\t\t<\/div>\n\t\t\t\t\t\t\t\t<\/div>\n\t\t\t\t<\/div>\n\t\t\t\t<\/div>\n\t\t\t\t<div class=\"elementor-element elementor-element-6c69801 elementor-widget elementor-widget-image\" data-id=\"6c69801\" data-element_type=\"widget\" data-e-type=\"widget\" data-widget_type=\"image.default\">\n\t\t\t\t<div class=\"elementor-widget-container\">\n\t\t\t\t\t\t\t\t\t\t\t\t\t\t\t<img loading=\"lazy\" decoding=\"async\" width=\"800\" height=\"198\" src=\"https:\/\/mustang-grill.com\/wp-content\/uploads\/2024\/09\/varaosa_mustang_ritilat_Connoisseur_2-1024x253.jpg\" class=\"attachment-large size-large wp-image-170277\" alt=\"\" srcset=\"https:\/\/mustang-grill.com\/wp-content\/uploads\/2024\/09\/varaosa_mustang_ritilat_Connoisseur_2-1024x253.jpg 1024w, https:\/\/mustang-grill.com\/wp-content\/uploads\/2024\/09\/varaosa_mustang_ritilat_Connoisseur_2-300x74.jpg 300w, https:\/\/mustang-grill.com\/wp-content\/uploads\/2024\/09\/varaosa_mustang_ritilat_Connoisseur_2-768x190.jpg 768w, https:\/\/mustang-grill.com\/wp-content\/uploads\/2024\/09\/varaosa_mustang_ritilat_Connoisseur_2.jpg 1500w\" sizes=\"auto, (max-width: 800px) 100vw, 800px\" \/>\t\t\t\t\t\t\t\t\t\t\t\t\t\t\t<\/div>\n\t\t\t\t<\/div>\n\t\t\t\t\t<\/div>\n\t\t\t\t<\/div>\n\t\t<div class=\"elementor-element elementor-element-40d8f41 e-flex e-con-boxed e-con e-parent\" data-id=\"40d8f41\" data-element_type=\"container\" data-e-type=\"container\">\n\t\t\t\t\t<div class=\"e-con-inner\">\n\t\t\t\t<div class=\"elementor-element elementor-element-7fdf385 elementor-widget elementor-widget-text-editor\" data-id=\"7fdf385\" data-element_type=\"widget\" data-e-type=\"widget\" data-widget_type=\"text-editor.default\">\n\t\t\t\t<div class=\"elementor-widget-container\">\n\t\t\t\t\t\t\t\t\t<h3>Instructions for a Product Claim<\/h3>\n<p>We apologise if our product has not met your expectations.<br \/>\nAccording to the Consumer Protection Act (Kuluttajasuojalaki), the primary location for returning a malfunctioning product is the seller\u2019s place of business. However, your feedback is our priority in regard to product development and quality assurance. At Mustang-grill.com, we always process written complaints. This creates fewer misunderstandings and better legal protection for you.<\/p>\n<p>If you suspect that the product has some material or manufacturing defect, please fill out the necessary information in the form as accurately as possible so that we may process your claim properly and as quickly as possible.<\/p>\n<p>N.B. We will contact you if we find, based on the information in the form, cause for you to send us the product for inspection. We will not accept retuned products unless the return has been approved beforehand.<\/p>\n<p>Mustang-grill.com must ascertain that the product is defective before it can be replaced. Defective products will be replaced with new ones. Should the product no longer be available, Mustang-grill.com reserves the right to replace it with a comparable item.<\/p>\n<p>Mustang is a brand owned by Tammer Brands Oy.<br \/>\nRead more about our protection of personal data from <strong><a href=\"https:\/\/www.tammerbrands.fi\/en\/data-protection\/customer-service\/\" target=\"_blank\" rel=\"noopener\">here<\/a><\/strong>.<\/p>\n<p>Thank you for contacting us. We appreciate your patience and understanding!<\/p>\n\t\t\t\t\t\t\t\t<\/div>\n\t\t\t\t<\/div>\n\t\t\t\t\t<\/div>\n\t\t\t\t<\/div>\n\t\t<!-- dce invisible element 9ff1699 --><div class=\"elementor-element elementor-element-0670850 e-flex e-con-boxed e-con e-parent\" data-id=\"0670850\" data-element_type=\"container\" data-e-type=\"container\" data-settings=\"{&quot;background_background&quot;:&quot;classic&quot;}\">\n\t\t\t\t\t<div class=\"e-con-inner\">\n\t\t<div class=\"elementor-element elementor-element-f653579 e-con-full e-flex e-con e-child\" data-id=\"f653579\" data-element_type=\"container\" data-e-type=\"container\">\n\t\t\t\t<div class=\"elementor-element elementor-element-70fe235 elementor-view-default elementor-position-block-start elementor-mobile-position-block-start elementor-widget elementor-widget-icon-box\" data-id=\"70fe235\" data-element_type=\"widget\" data-e-type=\"widget\" data-widget_type=\"icon-box.default\">\n\t\t\t\t<div class=\"elementor-widget-container\">\n\t\t\t\t\t\t\t<div class=\"elementor-icon-box-wrapper\">\n\n\t\t\t\t\t\t<div class=\"elementor-icon-box-icon\">\n\t\t\t\t<span  class=\"elementor-icon\">\n\t\t\t\t<i aria-hidden=\"true\" class=\"fas fa-envelope\"><\/i>\t\t\t\t<\/span>\n\t\t\t<\/div>\n\t\t\t\n\t\t\t\t\t\t<div class=\"elementor-icon-box-content\">\n\n\t\t\t\t\t\t\t\t\t<h3 class=\"elementor-icon-box-title\">\n\t\t\t\t\t\t<span  >\n\t\t\t\t\t\t\t&#112;&#114;&#x6f;d&#117;&#x63;&#x74;s&#117;&#x70;&#x70;o&#114;&#x74;&#64;&#116;&#x61;&#x6d;m&#101;&#x72;&#x62;r&#97;&#x6e;d&#115;&#x2e;&#x66;i\t\t\t\t\t\t<\/span>\n\t\t\t\t\t<\/h3>\n\t\t\t\t\n\t\t\t\t\n\t\t\t<\/div>\n\t\t\t\n\t\t<\/div>\n\t\t\t\t\t\t<\/div>\n\t\t\t\t<\/div>\n\t\t\t\t<\/div>\n\t\t<div class=\"elementor-element elementor-element-d1278d1 e-con-full e-flex e-con e-child\" data-id=\"d1278d1\" data-element_type=\"container\" data-e-type=\"container\">\n\t\t\t\t<div class=\"elementor-element elementor-element-e3da946 elementor-align-left elementor-widget elementor-widget-button\" data-id=\"e3da946\" data-element_type=\"widget\" data-e-type=\"widget\" data-widget_type=\"button.default\">\n\t\t\t\t<div class=\"elementor-widget-container\">\n\t\t\t\t\t\t\t\t\t<div class=\"elementor-button-wrapper\">\n\t\t\t\t\t<a class=\"elementor-button elementor-button-link elementor-size-lg\" href=\"https:\/\/lomakkeet.tammerbrands.fi\/tuotepalaute\/en\" target=\"_blank\">\n\t\t\t\t\t\t<span class=\"elementor-button-content-wrapper\">\n\t\t\t\t\t\t\t\t\t<span class=\"elementor-button-text\">FILL THE FORM<\/span>\n\t\t\t\t\t<\/span>\n\t\t\t\t\t<\/a>\n\t\t\t\t<\/div>\n\t\t\t\t\t\t\t\t<\/div>\n\t\t\t\t<\/div>\n\t\t\t\t<\/div>\n\t\t\t\t\t<\/div>\n\t\t\t\t<\/div>\n\t\t\t\t<\/div>\n\t\t","protected":false},"excerpt":{"rendered":"<p>Vi beklager hvis produktet v\u00e5rt ikke har innfridd dine forventninger. I henhold til forbrukervernloven (FI) er det forhandleren som er det prim\u00e6re stedet for retur av et produkt som er defekt, s\u00e5 vennligst kontakt forhandleren der du kj\u00f8pte produktet i f\u00f8rste omgang. Mustangs st\u00f8ttetjeneste Mustang-tilbeh\u00f8r og reservedeler kan kj\u00f8pes hos velassorterte forhandlere. Hvis du ikke [&hellip;]<\/p>\n","protected":false},"author":2,"featured_media":170140,"parent":0,"menu_order":0,"comment_status":"closed","ping_status":"closed","template":"","meta":{"_acf_changed":false,"footnotes":""},"class_list":["post-155047","page","type-page","status-publish","has-post-thumbnail","hentry"],"acf":[],"yoast_head":"<!-- This site is optimized with the Yoast SEO plugin v27.2 - https:\/\/yoast.com\/product\/yoast-seo-wordpress\/ -->\n<title>Produktst\u00f8tte - Mustang Grill<\/title>\n<meta name=\"robots\" content=\"index, follow, max-snippet:-1, max-image-preview:large, max-video-preview:-1\" \/>\n<link rel=\"canonical\" href=\"https:\/\/mustang-grill.com\/nb\/produktstotte\/\" \/>\n<meta property=\"og:locale\" content=\"nb_NO\" \/>\n<meta property=\"og:type\" content=\"article\" \/>\n<meta property=\"og:title\" content=\"Produktst\u00f8tte - Mustang Grill\" \/>\n<meta property=\"og:description\" content=\"Vi beklager hvis produktet v\u00e5rt ikke har innfridd dine forventninger. I henhold til forbrukervernloven (FI) er det forhandleren som er det prim\u00e6re stedet for retur av et produkt som er defekt, s\u00e5 vennligst kontakt forhandleren der du kj\u00f8pte produktet i f\u00f8rste omgang. Mustangs st\u00f8ttetjeneste Mustang-tilbeh\u00f8r og reservedeler kan kj\u00f8pes hos velassorterte forhandlere. Hvis du ikke [&hellip;]\" \/>\n<meta property=\"og:url\" content=\"https:\/\/mustang-grill.com\/nb\/produktstotte\/\" \/>\n<meta property=\"og:site_name\" content=\"Mustang Grill\" \/>\n<meta property=\"article:modified_time\" content=\"2025-03-11T14:09:46+00:00\" \/>\n<meta property=\"og:image\" content=\"https:\/\/mustang-grill.com\/wp-content\/uploads\/2024\/09\/612476_Redding_02.jpg\" \/>\n\t<meta property=\"og:image:width\" content=\"1282\" \/>\n\t<meta property=\"og:image:height\" content=\"1000\" \/>\n\t<meta property=\"og:image:type\" content=\"image\/jpeg\" \/>\n<meta name=\"twitter:card\" content=\"summary_large_image\" \/>\n<meta name=\"twitter:label1\" content=\"Ansl. lesetid\" \/>\n\t<meta name=\"twitter:data1\" content=\"3 minutter\" \/>\n<script type=\"application\/ld+json\" class=\"yoast-schema-graph\">{\"@context\":\"https:\/\/schema.org\",\"@graph\":[{\"@type\":\"WebPage\",\"@id\":\"https:\/\/mustang-grill.com\/nb\/produktstotte\/\",\"url\":\"https:\/\/mustang-grill.com\/nb\/produktstotte\/\",\"name\":\"Produktst\u00f8tte - Mustang Grill\",\"isPartOf\":{\"@id\":\"https:\/\/mustang-grill.com\/#website\"},\"primaryImageOfPage\":{\"@id\":\"https:\/\/mustang-grill.com\/nb\/produktstotte\/#primaryimage\"},\"image\":{\"@id\":\"https:\/\/mustang-grill.com\/nb\/produktstotte\/#primaryimage\"},\"thumbnailUrl\":\"https:\/\/mustang-grill.com\/wp-content\/uploads\/2024\/09\/612476_Redding_02.jpg\",\"datePublished\":\"2024-07-05T11:42:16+00:00\",\"dateModified\":\"2025-03-11T14:09:46+00:00\",\"breadcrumb\":{\"@id\":\"https:\/\/mustang-grill.com\/nb\/produktstotte\/#breadcrumb\"},\"inLanguage\":\"nb-NO\",\"potentialAction\":[{\"@type\":\"ReadAction\",\"target\":[\"https:\/\/mustang-grill.com\/nb\/produktstotte\/\"]}]},{\"@type\":\"ImageObject\",\"inLanguage\":\"nb-NO\",\"@id\":\"https:\/\/mustang-grill.com\/nb\/produktstotte\/#primaryimage\",\"url\":\"https:\/\/mustang-grill.com\/wp-content\/uploads\/2024\/09\/612476_Redding_02.jpg\",\"contentUrl\":\"https:\/\/mustang-grill.com\/wp-content\/uploads\/2024\/09\/612476_Redding_02.jpg\",\"width\":1282,\"height\":1000},{\"@type\":\"BreadcrumbList\",\"@id\":\"https:\/\/mustang-grill.com\/nb\/produktstotte\/#breadcrumb\",\"itemListElement\":[{\"@type\":\"ListItem\",\"position\":1,\"name\":\"Home\",\"item\":\"https:\/\/mustang-grill.com\/nb\/\"},{\"@type\":\"ListItem\",\"position\":2,\"name\":\"Produktst\u00f8tte\"}]},{\"@type\":\"WebSite\",\"@id\":\"https:\/\/mustang-grill.com\/#website\",\"url\":\"https:\/\/mustang-grill.com\/\",\"name\":\"Mustang Grill\",\"description\":\"Grillausylivoimaa\",\"publisher\":{\"@id\":\"https:\/\/mustang-grill.com\/#organization\"},\"potentialAction\":[{\"@type\":\"SearchAction\",\"target\":{\"@type\":\"EntryPoint\",\"urlTemplate\":\"https:\/\/mustang-grill.com\/?s={search_term_string}\"},\"query-input\":{\"@type\":\"PropertyValueSpecification\",\"valueRequired\":true,\"valueName\":\"search_term_string\"}}],\"inLanguage\":\"nb-NO\"},{\"@type\":\"Organization\",\"@id\":\"https:\/\/mustang-grill.com\/#organization\",\"name\":\"Mustang Grill\",\"url\":\"https:\/\/mustang-grill.com\/\",\"logo\":{\"@type\":\"ImageObject\",\"inLanguage\":\"nb-NO\",\"@id\":\"https:\/\/mustang-grill.com\/#\/schema\/logo\/image\/\",\"url\":\"https:\/\/mustang-grill.com\/wp-content\/uploads\/2019\/11\/Mustang_logo_white-web.png\",\"contentUrl\":\"https:\/\/mustang-grill.com\/wp-content\/uploads\/2019\/11\/Mustang_logo_white-web.png\",\"width\":375,\"height\":126,\"caption\":\"Mustang Grill\"},\"image\":{\"@id\":\"https:\/\/mustang-grill.com\/#\/schema\/logo\/image\/\"}}]}<\/script>\n<!-- \/ Yoast SEO plugin. -->","yoast_head_json":{"title":"Produktst\u00f8tte - Mustang Grill","robots":{"index":"index","follow":"follow","max-snippet":"max-snippet:-1","max-image-preview":"max-image-preview:large","max-video-preview":"max-video-preview:-1"},"canonical":"https:\/\/mustang-grill.com\/nb\/produktstotte\/","og_locale":"nb_NO","og_type":"article","og_title":"Produktst\u00f8tte - Mustang Grill","og_description":"Vi beklager hvis produktet v\u00e5rt ikke har innfridd dine forventninger. I henhold til forbrukervernloven (FI) er det forhandleren som er det prim\u00e6re stedet for retur av et produkt som er defekt, s\u00e5 vennligst kontakt forhandleren der du kj\u00f8pte produktet i f\u00f8rste omgang. Mustangs st\u00f8ttetjeneste Mustang-tilbeh\u00f8r og reservedeler kan kj\u00f8pes hos velassorterte forhandlere. Hvis du ikke [&hellip;]","og_url":"https:\/\/mustang-grill.com\/nb\/produktstotte\/","og_site_name":"Mustang Grill","article_modified_time":"2025-03-11T14:09:46+00:00","og_image":[{"width":1282,"height":1000,"url":"https:\/\/mustang-grill.com\/wp-content\/uploads\/2024\/09\/612476_Redding_02.jpg","type":"image\/jpeg"}],"twitter_card":"summary_large_image","twitter_misc":{"Ansl. lesetid":"3 minutter"},"schema":{"@context":"https:\/\/schema.org","@graph":[{"@type":"WebPage","@id":"https:\/\/mustang-grill.com\/nb\/produktstotte\/","url":"https:\/\/mustang-grill.com\/nb\/produktstotte\/","name":"Produktst\u00f8tte - Mustang Grill","isPartOf":{"@id":"https:\/\/mustang-grill.com\/#website"},"primaryImageOfPage":{"@id":"https:\/\/mustang-grill.com\/nb\/produktstotte\/#primaryimage"},"image":{"@id":"https:\/\/mustang-grill.com\/nb\/produktstotte\/#primaryimage"},"thumbnailUrl":"https:\/\/mustang-grill.com\/wp-content\/uploads\/2024\/09\/612476_Redding_02.jpg","datePublished":"2024-07-05T11:42:16+00:00","dateModified":"2025-03-11T14:09:46+00:00","breadcrumb":{"@id":"https:\/\/mustang-grill.com\/nb\/produktstotte\/#breadcrumb"},"inLanguage":"nb-NO","potentialAction":[{"@type":"ReadAction","target":["https:\/\/mustang-grill.com\/nb\/produktstotte\/"]}]},{"@type":"ImageObject","inLanguage":"nb-NO","@id":"https:\/\/mustang-grill.com\/nb\/produktstotte\/#primaryimage","url":"https:\/\/mustang-grill.com\/wp-content\/uploads\/2024\/09\/612476_Redding_02.jpg","contentUrl":"https:\/\/mustang-grill.com\/wp-content\/uploads\/2024\/09\/612476_Redding_02.jpg","width":1282,"height":1000},{"@type":"BreadcrumbList","@id":"https:\/\/mustang-grill.com\/nb\/produktstotte\/#breadcrumb","itemListElement":[{"@type":"ListItem","position":1,"name":"Home","item":"https:\/\/mustang-grill.com\/nb\/"},{"@type":"ListItem","position":2,"name":"Produktst\u00f8tte"}]},{"@type":"WebSite","@id":"https:\/\/mustang-grill.com\/#website","url":"https:\/\/mustang-grill.com\/","name":"Mustang Grill","description":"Grillausylivoimaa","publisher":{"@id":"https:\/\/mustang-grill.com\/#organization"},"potentialAction":[{"@type":"SearchAction","target":{"@type":"EntryPoint","urlTemplate":"https:\/\/mustang-grill.com\/?s={search_term_string}"},"query-input":{"@type":"PropertyValueSpecification","valueRequired":true,"valueName":"search_term_string"}}],"inLanguage":"nb-NO"},{"@type":"Organization","@id":"https:\/\/mustang-grill.com\/#organization","name":"Mustang Grill","url":"https:\/\/mustang-grill.com\/","logo":{"@type":"ImageObject","inLanguage":"nb-NO","@id":"https:\/\/mustang-grill.com\/#\/schema\/logo\/image\/","url":"https:\/\/mustang-grill.com\/wp-content\/uploads\/2019\/11\/Mustang_logo_white-web.png","contentUrl":"https:\/\/mustang-grill.com\/wp-content\/uploads\/2019\/11\/Mustang_logo_white-web.png","width":375,"height":126,"caption":"Mustang Grill"},"image":{"@id":"https:\/\/mustang-grill.com\/#\/schema\/logo\/image\/"}}]}},"_links":{"self":[{"href":"https:\/\/mustang-grill.com\/nb\/wp-json\/wp\/v2\/pages\/155047","targetHints":{"allow":["GET"]}}],"collection":[{"href":"https:\/\/mustang-grill.com\/nb\/wp-json\/wp\/v2\/pages"}],"about":[{"href":"https:\/\/mustang-grill.com\/nb\/wp-json\/wp\/v2\/types\/page"}],"author":[{"embeddable":true,"href":"https:\/\/mustang-grill.com\/nb\/wp-json\/wp\/v2\/users\/2"}],"replies":[{"embeddable":true,"href":"https:\/\/mustang-grill.com\/nb\/wp-json\/wp\/v2\/comments?post=155047"}],"version-history":[{"count":0,"href":"https:\/\/mustang-grill.com\/nb\/wp-json\/wp\/v2\/pages\/155047\/revisions"}],"wp:featuredmedia":[{"embeddable":true,"href":"https:\/\/mustang-grill.com\/nb\/wp-json\/wp\/v2\/media\/170140"}],"wp:attachment":[{"href":"https:\/\/mustang-grill.com\/nb\/wp-json\/wp\/v2\/media?parent=155047"}],"curies":[{"name":"wp","href":"https:\/\/api.w.org\/{rel}","templated":true}]}}