{"id":155067,"date":"2024-07-05T15:59:57","date_gmt":"2024-07-05T12:59:57","guid":{"rendered":"https:\/\/mustang-grill.com\/for-forhandler\/"},"modified":"2024-09-27T16:01:20","modified_gmt":"2024-09-27T13:01:20","slug":"for-forhandler","status":"publish","type":"page","link":"https:\/\/mustang-grill.com\/nb\/for-forhandler\/","title":{"rendered":"For forhandler"},"content":{"rendered":"\t\t<div data-elementor-type=\"wp-page\" data-elementor-id=\"155067\" class=\"elementor elementor-155067 elementor-139387\" data-elementor-post-type=\"page\">\n\t\t\t\t<div class=\"elementor-element elementor-element-862f8a2 e-flex e-con-boxed e-con e-parent\" data-id=\"862f8a2\" data-element_type=\"container\" data-e-type=\"container\" data-settings=\"{&quot;background_background&quot;:&quot;classic&quot;}\">\n\t\t\t\t\t<div class=\"e-con-inner\">\n\t\t<div class=\"elementor-element elementor-element-957a090 e-con-full e-flex e-con e-child\" data-id=\"957a090\" data-element_type=\"container\" data-e-type=\"container\" data-settings=\"{&quot;background_background&quot;:&quot;classic&quot;}\">\n\t\t\t\t<div class=\"elementor-element elementor-element-31607a4 elementor-widget elementor-widget-heading\" data-id=\"31607a4\" data-element_type=\"widget\" data-e-type=\"widget\" data-widget_type=\"heading.default\">\n\t\t\t\t<div class=\"elementor-widget-container\">\n\t\t\t\t\t<h1 class=\"elementor-heading-title elementor-size-default\">For forhandler<\/h1>\t\t\t\t<\/div>\n\t\t\t\t<\/div>\n\t\t\t\t<\/div>\n\t\t\t\t\t<\/div>\n\t\t\t\t<\/div>\n\t\t<div class=\"elementor-element elementor-element-4106f05 e-flex e-con-boxed e-con e-parent\" data-id=\"4106f05\" data-element_type=\"container\" data-e-type=\"container\">\n\t\t\t\t\t<div class=\"e-con-inner\">\n\t\t\t\t<div class=\"elementor-element elementor-element-0a997af elementor-widget elementor-widget-text-editor\" data-id=\"0a997af\" data-element_type=\"widget\" data-e-type=\"widget\" data-widget_type=\"text-editor.default\">\n\t\t\t\t<div class=\"elementor-widget-container\">\n\t\t\t\t\t\t\t\t\t<p>Jeg er glad for at du er interessert i Mustangs grillkultur. Vi \u00f8nsker forhandlere som setter pris p\u00e5 god valuta for pengene og velkonstruerte grill-, r\u00f8yke- og pizzaprodukter velkommen. Enten du har en nettbutikk eller en fysisk butikk, er vi klare til \u00e5 hjelpe deg med \u00e5 hjelpe kundene dine med \u00e5 ta personlige grillvalg.<\/p>\n<p>Mustang er et varemerke som eies av Tammer Brands. Bes\u00f8k Tammer Brands p\u00e5<a href=\"https:\/\/www.tammerbrands.fi\/en\/\"><strong> tammerbrands.fi <\/strong><\/a>for \u00e5 l\u00e6re mer om <a href=\"https:\/\/www.tammerbrands.fi\/en\/asiakkuus\/\"><strong>kundeservicen<\/strong><\/a> v\u00e5r.<\/p>\n<p>&nbsp;<\/p>\n<h5>Et bredt utvalg av produkter<\/h5>\n<p>Mustang-produktene er alltid n\u00f8ye designet. Vi kjenner grillkulturen og gir deg de riktige produktene. N\u00e5r det gjelder grilling, er alle m\u00e5ter \u00e5 grille p\u00e5 tillatt. Grillsortimentet omfatter griller for ulike bruksomr\u00e5der, fra de st\u00f8rste gassgrillene til de mest h\u00e5ndterlige pallegrillene, og dekker ulike grillstiler og trender.<\/p>\n<p>Hvert Mustang-produkt er omhyggelig utf\u00f8rt til perfeksjon. Produktet har alle de essensielle funksjonene du trenger fra et produkt. Med Mustangs grilltilbeh\u00f8r blir grillingen avslappet. Kj\u00f8tt-, gr\u00f8nnsaks- og fiskeretter tilberedes uten problemer med verkt\u00f8yene som er designet for dem. I sortimentet finnes ogs\u00e5 lettere tilbeh\u00f8r og serveringsprodukter. Griller, rafter og overflater i rustfritt st\u00e5l p\u00e5 utekj\u00f8kkenet rengj\u00f8res med Mustangs n\u00f8ye utvalgte rengj\u00f8ringsredskaper. I sortimentet finner du alt du trenger for \u00e5 grille.<\/p>\n\t\t\t\t\t\t\t\t<\/div>\n\t\t\t\t<\/div>\n\t\t\t\t\t<\/div>\n\t\t\t\t<\/div>\n\t\t<div class=\"elementor-element elementor-element-9b043a9 elementor-hidden-mobile_extra elementor-hidden-mobile e-flex e-con-boxed e-con e-parent\" data-id=\"9b043a9\" data-element_type=\"container\" data-e-type=\"container\">\n\t\t\t\t\t<div class=\"e-con-inner\">\n\t\t<div class=\"elementor-element elementor-element-952ee32 e-con-full e-flex e-con e-child\" data-id=\"952ee32\" data-element_type=\"container\" data-e-type=\"container\" data-settings=\"{&quot;background_background&quot;:&quot;classic&quot;}\">\n\t\t\t\t<div class=\"elementor-element elementor-element-2b93cbf elementor-widget elementor-widget-text-editor\" data-id=\"2b93cbf\" data-element_type=\"widget\" data-e-type=\"widget\" data-widget_type=\"text-editor.default\">\n\t\t\t\t<div class=\"elementor-widget-container\">\n\t\t\t\t\t\t\t\t\t<h5>Showroom<\/h5>\n<p>Du kan fysisk se Mustang-produktene i Tammer Brands Oy sitt showroom i Tammerfors, Finland. V\u00e5rt showroom er det st\u00f8rste i Norden. Du kan bestille tid til \u00e5 handle og se p\u00e5 produktene sammen med din kontaktperson.<\/p>\n\t\t\t\t\t\t\t\t<\/div>\n\t\t\t\t<\/div>\n\t\t\t\t<\/div>\n\t\t<div class=\"elementor-element elementor-element-af85957 e-con-full e-flex e-con e-child\" data-id=\"af85957\" data-element_type=\"container\" data-e-type=\"container\" data-settings=\"{&quot;background_background&quot;:&quot;classic&quot;}\">\n\t\t\t\t<div class=\"elementor-element elementor-element-a8500b0 elementor-widget elementor-widget-text-editor\" data-id=\"a8500b0\" data-element_type=\"widget\" data-e-type=\"widget\" data-widget_type=\"text-editor.default\">\n\t\t\t\t<div class=\"elementor-widget-container\">\n\t\t\t\t\t\t\t\t\t<h5>Markedsf\u00f8ring<\/h5>\n<p>V\u00e5rt markedsf\u00f8ringsteam s\u00f8rger for \u00e5 synliggj\u00f8re merkevaren og lansere nye produkter p\u00e5 de viktigste forbrukerarrangementene i produktgruppen, samt i sosiale medier og p\u00e5 nettet. Vi produserer ogs\u00e5 h\u00f8ykvalitets butikkmateriell, produktemballasje, produktinformasjon, bilder og videoer for \u00e5 st\u00f8tte salget ditt.<\/p>\n\t\t\t\t\t\t\t\t<\/div>\n\t\t\t\t<\/div>\n\t\t\t\t<\/div>\n\t\t<div class=\"elementor-element elementor-element-ea5508b e-con-full e-flex e-con e-child\" data-id=\"ea5508b\" data-element_type=\"container\" data-e-type=\"container\" data-settings=\"{&quot;background_background&quot;:&quot;classic&quot;}\">\n\t\t\t\t<div class=\"elementor-element elementor-element-1693d62 elementor-widget elementor-widget-text-editor\" data-id=\"1693d62\" data-element_type=\"widget\" data-e-type=\"widget\" data-widget_type=\"text-editor.default\">\n\t\t\t\t<div class=\"elementor-widget-container\">\n\t\t\t\t\t\t\t\t\t<h5>Shop-in-shop<\/h5>\n<p>\u00d8k salget ditt og f\u00e5 nye kunder! Med det ferdige visuelle og kommersielle Shop in Shop-konseptet blir Mustang-produktene presentert p\u00e5 en enda tydeligere og mer attraktiv m\u00e5te. La oss samarbeide om \u00e5 utforme den rette l\u00f8sningen for din butikk eller e-shop-in-shop.<\/p>\n\t\t\t\t\t\t\t\t<\/div>\n\t\t\t\t<\/div>\n\t\t\t\t<\/div>\n\t\t<div class=\"elementor-element elementor-element-7c13aab e-con-full e-flex e-con e-child\" data-id=\"7c13aab\" data-element_type=\"container\" data-e-type=\"container\" data-settings=\"{&quot;background_background&quot;:&quot;classic&quot;}\">\n\t\t\t\t<div class=\"elementor-element elementor-element-0eef052 elementor-widget elementor-widget-text-editor\" data-id=\"0eef052\" data-element_type=\"widget\" data-e-type=\"widget\" data-widget_type=\"text-editor.default\">\n\t\t\t\t<div class=\"elementor-widget-container\">\n\t\t\t\t\t\t\t\t\t<h5>Materialgalleri<\/h5>\n<p>For \u00e5 st\u00f8tte salg og markedsf\u00f8ring har vi satt sammen et galleri med materiale som du kan bruke. Her finner du blant annet merkevarebilder, brosjyrer, logoer og videoer. Du kan f\u00e5 tilgang til galleriet <a href=\"https:\/\/xfer.tammerbrands.fi\/brandmaterials\/mustang-en.html\"><strong>her<\/strong><\/a>.<\/p>\n\t\t\t\t\t\t\t\t<\/div>\n\t\t\t\t<\/div>\n\t\t\t\t<\/div>\n\t\t\t\t\t<\/div>\n\t\t\t\t<\/div>\n\t\t<div class=\"elementor-element elementor-element-c6c9fc7 elementor-hidden-desktop elementor-hidden-tablet e-flex e-con-boxed e-con e-parent\" data-id=\"c6c9fc7\" data-element_type=\"container\" data-e-type=\"container\">\n\t\t\t\t\t<div class=\"e-con-inner\">\n\t\t<div class=\"elementor-element elementor-element-ba6a561 e-con-full e-flex e-con e-child\" data-id=\"ba6a561\" data-element_type=\"container\" data-e-type=\"container\" data-settings=\"{&quot;background_background&quot;:&quot;classic&quot;}\">\n\t\t\t\t<div class=\"elementor-element elementor-element-3b482c3 elementor-widget elementor-widget-text-editor\" data-id=\"3b482c3\" data-element_type=\"widget\" data-e-type=\"widget\" data-widget_type=\"text-editor.default\">\n\t\t\t\t<div class=\"elementor-widget-container\">\n\t\t\t\t\t\t\t\t\t<h5>Showroom<\/h5>\n<p>Du kan fysisk se Mustang-produktene i Tammer Brands Oy sitt showroom i Tammerfors, Finland. V\u00e5rt showroom er det st\u00f8rste i Norden. Du kan bestille tid til \u00e5 handle og se p\u00e5 produktene sammen med din kontaktperson.<\/p>\n\t\t\t\t\t\t\t\t<\/div>\n\t\t\t\t<\/div>\n\t\t\t\t<\/div>\n\t\t<div class=\"elementor-element elementor-element-945916e e-con-full e-flex e-con e-child\" data-id=\"945916e\" data-element_type=\"container\" data-e-type=\"container\" data-settings=\"{&quot;background_background&quot;:&quot;classic&quot;}\">\n\t\t\t\t<div class=\"elementor-element elementor-element-38472ae elementor-widget elementor-widget-text-editor\" data-id=\"38472ae\" data-element_type=\"widget\" data-e-type=\"widget\" data-widget_type=\"text-editor.default\">\n\t\t\t\t<div class=\"elementor-widget-container\">\n\t\t\t\t\t\t\t\t\t<h5>Markedsf\u00f8ring<\/h5>\n<p>V\u00e5rt markedsf\u00f8ringsteam s\u00f8rger for \u00e5 synliggj\u00f8re merkevaren og lansere nye produkter p\u00e5 de viktigste forbrukerarrangementene i produktgruppen, samt i sosiale medier og p\u00e5 nettet. Vi produserer ogs\u00e5 h\u00f8ykvalitets butikkmateriell, produktemballasje, produktinformasjon, bilder og videoer for \u00e5 st\u00f8tte salget ditt.<\/p>\n\t\t\t\t\t\t\t\t<\/div>\n\t\t\t\t<\/div>\n\t\t\t\t<\/div>\n\t\t<div class=\"elementor-element elementor-element-373026a e-con-full e-flex e-con e-child\" data-id=\"373026a\" data-element_type=\"container\" data-e-type=\"container\" data-settings=\"{&quot;background_background&quot;:&quot;classic&quot;}\">\n\t\t\t\t<div class=\"elementor-element elementor-element-9222900 elementor-widget elementor-widget-text-editor\" data-id=\"9222900\" data-element_type=\"widget\" data-e-type=\"widget\" data-widget_type=\"text-editor.default\">\n\t\t\t\t<div class=\"elementor-widget-container\">\n\t\t\t\t\t\t\t\t\t<h5>Shop-in-shop<\/h5>\n<p>\u00d8k salget ditt og f\u00e5 nye kunder! Med det ferdige visuelle og kommersielle Shop in Shop-konseptet blir Mustang-produktene presentert p\u00e5 en enda tydeligere og mer attraktiv m\u00e5te. La oss samarbeide om \u00e5 utforme den rette l\u00f8sningen for din butikk eller e-shop-in-shop.<\/p>\n\t\t\t\t\t\t\t\t<\/div>\n\t\t\t\t<\/div>\n\t\t\t\t<\/div>\n\t\t<div class=\"elementor-element elementor-element-e96140e e-con-full e-flex e-con e-child\" data-id=\"e96140e\" data-element_type=\"container\" data-e-type=\"container\" data-settings=\"{&quot;background_background&quot;:&quot;classic&quot;}\">\n\t\t\t\t<div class=\"elementor-element elementor-element-582b332 elementor-widget elementor-widget-text-editor\" data-id=\"582b332\" data-element_type=\"widget\" data-e-type=\"widget\" data-widget_type=\"text-editor.default\">\n\t\t\t\t<div class=\"elementor-widget-container\">\n\t\t\t\t\t\t\t\t\t<h5>Materialgalleri<\/h5>\n<p>For \u00e5 st\u00f8tte salg og markedsf\u00f8ring har vi satt sammen et galleri med materiale som du kan bruke. Her finner du blant annet merkevarebilder, brosjyrer, logoer og videoer. Du kan f\u00e5 tilgang til galleriet <a href=\"https:\/\/xfer.tammerbrands.fi\/brandmaterials\/mustang-en.html\"><strong>her<\/strong><\/a>.<\/p>\n<p>&nbsp;<\/p>\n\t\t\t\t\t\t\t\t<\/div>\n\t\t\t\t<\/div>\n\t\t\t\t<\/div>\n\t\t\t\t\t<\/div>\n\t\t\t\t<\/div>\n\t\t<div class=\"elementor-element elementor-element-ce80e55 e-flex e-con-boxed e-con e-parent\" data-id=\"ce80e55\" data-element_type=\"container\" data-e-type=\"container\">\n\t\t\t\t\t<div class=\"e-con-inner\">\n\t\t<div class=\"elementor-element elementor-element-bc5e236 e-con-full e-flex e-con e-child\" data-id=\"bc5e236\" data-element_type=\"container\" data-e-type=\"container\" data-settings=\"{&quot;background_background&quot;:&quot;classic&quot;}\">\n\t\t\t\t<div class=\"elementor-element elementor-element-89049b2 elementor-widget elementor-widget-heading\" data-id=\"89049b2\" data-element_type=\"widget\" data-e-type=\"widget\" data-widget_type=\"heading.default\">\n\t\t\t\t<div class=\"elementor-widget-container\">\n\t\t\t\t\t<h2 class=\"elementor-heading-title elementor-size-default\"><a href=\"https:\/\/mustang-grill.com\/nb\/om-oss\/\">Om oss<\/a><\/h2>\t\t\t\t<\/div>\n\t\t\t\t<\/div>\n\t\t\t\t<\/div>\n\t\t<div class=\"elementor-element elementor-element-1584d8f e-con-full e-flex e-con e-child\" data-id=\"1584d8f\" data-element_type=\"container\" data-e-type=\"container\" data-settings=\"{&quot;background_background&quot;:&quot;classic&quot;}\">\n\t\t\t\t<div class=\"elementor-element elementor-element-42b3732 elementor-widget elementor-widget-heading\" data-id=\"42b3732\" data-element_type=\"widget\" data-e-type=\"widget\" data-widget_type=\"heading.default\">\n\t\t\t\t<div class=\"elementor-widget-container\">\n\t\t\t\t\t<h2 class=\"elementor-heading-title elementor-size-default\"><a href=\"https:\/\/mustang-grill.com\/nb\/garantiordning\/\">Garantiordning<\/a><\/h2>\t\t\t\t<\/div>\n\t\t\t\t<\/div>\n\t\t\t\t<\/div>\n\t\t\t\t\t<\/div>\n\t\t\t\t<\/div>\n\t\t\t\t<\/div>\n\t\t","protected":false},"excerpt":{"rendered":"<p>Jeg er glad for at du er interessert i Mustangs grillkultur. Vi \u00f8nsker forhandlere som setter pris p\u00e5 god valuta for pengene og velkonstruerte grill-, r\u00f8yke- og pizzaprodukter velkommen. Enten du har en nettbutikk eller en fysisk butikk, er vi klare til \u00e5 hjelpe deg med \u00e5 hjelpe kundene dine med \u00e5 ta personlige grillvalg. [&hellip;]<\/p>\n","protected":false},"author":3,"featured_media":170165,"parent":0,"menu_order":0,"comment_status":"closed","ping_status":"closed","template":"","meta":{"_acf_changed":false,"footnotes":""},"class_list":["post-155067","page","type-page","status-publish","has-post-thumbnail","hentry"],"acf":[],"yoast_head":"<!-- This site is optimized with the Yoast SEO plugin v27.5 - https:\/\/yoast.com\/product\/yoast-seo-wordpress\/ -->\n<title>For forhandler - Mustang Grill<\/title>\n<meta name=\"description\" content=\"Mustang dekker behovene til alle grillere med sitt brede utvalg av h\u00f8y kvalitet. Du kan bli forhandler som kunde hos Tammer Brands.\" \/>\n<meta name=\"robots\" content=\"index, follow, max-snippet:-1, max-image-preview:large, max-video-preview:-1\" \/>\n<link rel=\"canonical\" href=\"https:\/\/mustang-grill.com\/jalleenmyyjaksi\/\" \/>\n<meta property=\"og:locale\" content=\"nb_NO\" \/>\n<meta property=\"og:type\" content=\"article\" \/>\n<meta property=\"og:title\" content=\"For forhandler - Mustang Grill\" \/>\n<meta property=\"og:description\" content=\"Mustang dekker behovene til alle grillere med sitt brede utvalg av h\u00f8y kvalitet. Du kan bli forhandler som kunde hos Tammer Brands.\" \/>\n<meta property=\"og:url\" content=\"https:\/\/mustang-grill.com\/jalleenmyyjaksi\/\" \/>\n<meta property=\"og:site_name\" content=\"Mustang Grill\" \/>\n<meta property=\"article:modified_time\" content=\"2024-09-27T13:01:20+00:00\" \/>\n<meta property=\"og:image\" content=\"https:\/\/mustang-grill.com\/wp-content\/uploads\/2024\/09\/mustang_601849_Oakdale_01.jpg\" \/>\n\t<meta property=\"og:image:width\" content=\"1221\" \/>\n\t<meta property=\"og:image:height\" content=\"1500\" \/>\n\t<meta property=\"og:image:type\" content=\"image\/jpeg\" \/>\n<meta name=\"twitter:card\" content=\"summary_large_image\" \/>\n<meta name=\"twitter:label1\" content=\"Ansl. lesetid\" \/>\n\t<meta name=\"twitter:data1\" content=\"3 minutter\" \/>\n<script type=\"application\/ld+json\" class=\"yoast-schema-graph\">{\"@context\":\"https:\\\/\\\/schema.org\",\"@graph\":[{\"@type\":\"WebPage\",\"@id\":\"https:\\\/\\\/mustang-grill.com\\\/jalleenmyyjaksi\\\/\",\"url\":\"https:\\\/\\\/mustang-grill.com\\\/jalleenmyyjaksi\\\/\",\"name\":\"For forhandler - Mustang Grill\",\"isPartOf\":{\"@id\":\"https:\\\/\\\/mustang-grill.com\\\/#website\"},\"primaryImageOfPage\":{\"@id\":\"https:\\\/\\\/mustang-grill.com\\\/jalleenmyyjaksi\\\/#primaryimage\"},\"image\":{\"@id\":\"https:\\\/\\\/mustang-grill.com\\\/jalleenmyyjaksi\\\/#primaryimage\"},\"thumbnailUrl\":\"https:\\\/\\\/mustang-grill.com\\\/wp-content\\\/uploads\\\/2024\\\/09\\\/mustang_601849_Oakdale_01.jpg\",\"datePublished\":\"2024-07-05T12:59:57+00:00\",\"dateModified\":\"2024-09-27T13:01:20+00:00\",\"description\":\"Mustang dekker behovene til alle grillere med sitt brede utvalg av h\u00f8y kvalitet. Du kan bli forhandler som kunde hos Tammer Brands.\",\"breadcrumb\":{\"@id\":\"https:\\\/\\\/mustang-grill.com\\\/jalleenmyyjaksi\\\/#breadcrumb\"},\"inLanguage\":\"nb-NO\",\"potentialAction\":[{\"@type\":\"ReadAction\",\"target\":[\"https:\\\/\\\/mustang-grill.com\\\/jalleenmyyjaksi\\\/\"]}]},{\"@type\":\"ImageObject\",\"inLanguage\":\"nb-NO\",\"@id\":\"https:\\\/\\\/mustang-grill.com\\\/jalleenmyyjaksi\\\/#primaryimage\",\"url\":\"https:\\\/\\\/mustang-grill.com\\\/wp-content\\\/uploads\\\/2024\\\/09\\\/mustang_601849_Oakdale_01.jpg\",\"contentUrl\":\"https:\\\/\\\/mustang-grill.com\\\/wp-content\\\/uploads\\\/2024\\\/09\\\/mustang_601849_Oakdale_01.jpg\",\"width\":1221,\"height\":1500},{\"@type\":\"BreadcrumbList\",\"@id\":\"https:\\\/\\\/mustang-grill.com\\\/jalleenmyyjaksi\\\/#breadcrumb\",\"itemListElement\":[{\"@type\":\"ListItem\",\"position\":1,\"name\":\"Home\",\"item\":\"https:\\\/\\\/mustang-grill.com\\\/nb\\\/\"},{\"@type\":\"ListItem\",\"position\":2,\"name\":\"For forhandler\"}]},{\"@type\":\"WebSite\",\"@id\":\"https:\\\/\\\/mustang-grill.com\\\/#website\",\"url\":\"https:\\\/\\\/mustang-grill.com\\\/\",\"name\":\"Mustang Grill\",\"description\":\"Grillausylivoimaa\",\"publisher\":{\"@id\":\"https:\\\/\\\/mustang-grill.com\\\/#organization\"},\"potentialAction\":[{\"@type\":\"SearchAction\",\"target\":{\"@type\":\"EntryPoint\",\"urlTemplate\":\"https:\\\/\\\/mustang-grill.com\\\/?s={search_term_string}\"},\"query-input\":{\"@type\":\"PropertyValueSpecification\",\"valueRequired\":true,\"valueName\":\"search_term_string\"}}],\"inLanguage\":\"nb-NO\"},{\"@type\":\"Organization\",\"@id\":\"https:\\\/\\\/mustang-grill.com\\\/#organization\",\"name\":\"Mustang Grill\",\"url\":\"https:\\\/\\\/mustang-grill.com\\\/\",\"logo\":{\"@type\":\"ImageObject\",\"inLanguage\":\"nb-NO\",\"@id\":\"https:\\\/\\\/mustang-grill.com\\\/#\\\/schema\\\/logo\\\/image\\\/\",\"url\":\"https:\\\/\\\/mustang-grill.com\\\/wp-content\\\/uploads\\\/2019\\\/11\\\/Mustang_logo_white-web.png\",\"contentUrl\":\"https:\\\/\\\/mustang-grill.com\\\/wp-content\\\/uploads\\\/2019\\\/11\\\/Mustang_logo_white-web.png\",\"width\":375,\"height\":126,\"caption\":\"Mustang Grill\"},\"image\":{\"@id\":\"https:\\\/\\\/mustang-grill.com\\\/#\\\/schema\\\/logo\\\/image\\\/\"}}]}<\/script>\n<!-- \/ Yoast SEO plugin. -->","yoast_head_json":{"title":"For forhandler - Mustang Grill","description":"Mustang dekker behovene til alle grillere med sitt brede utvalg av h\u00f8y kvalitet. Du kan bli forhandler som kunde hos Tammer Brands.","robots":{"index":"index","follow":"follow","max-snippet":"max-snippet:-1","max-image-preview":"max-image-preview:large","max-video-preview":"max-video-preview:-1"},"canonical":"https:\/\/mustang-grill.com\/jalleenmyyjaksi\/","og_locale":"nb_NO","og_type":"article","og_title":"For forhandler - Mustang Grill","og_description":"Mustang dekker behovene til alle grillere med sitt brede utvalg av h\u00f8y kvalitet. Du kan bli forhandler som kunde hos Tammer Brands.","og_url":"https:\/\/mustang-grill.com\/jalleenmyyjaksi\/","og_site_name":"Mustang Grill","article_modified_time":"2024-09-27T13:01:20+00:00","og_image":[{"width":1221,"height":1500,"url":"https:\/\/mustang-grill.com\/wp-content\/uploads\/2024\/09\/mustang_601849_Oakdale_01.jpg","type":"image\/jpeg"}],"twitter_card":"summary_large_image","twitter_misc":{"Ansl. lesetid":"3 minutter"},"schema":{"@context":"https:\/\/schema.org","@graph":[{"@type":"WebPage","@id":"https:\/\/mustang-grill.com\/jalleenmyyjaksi\/","url":"https:\/\/mustang-grill.com\/jalleenmyyjaksi\/","name":"For forhandler - Mustang Grill","isPartOf":{"@id":"https:\/\/mustang-grill.com\/#website"},"primaryImageOfPage":{"@id":"https:\/\/mustang-grill.com\/jalleenmyyjaksi\/#primaryimage"},"image":{"@id":"https:\/\/mustang-grill.com\/jalleenmyyjaksi\/#primaryimage"},"thumbnailUrl":"https:\/\/mustang-grill.com\/wp-content\/uploads\/2024\/09\/mustang_601849_Oakdale_01.jpg","datePublished":"2024-07-05T12:59:57+00:00","dateModified":"2024-09-27T13:01:20+00:00","description":"Mustang dekker behovene til alle grillere med sitt brede utvalg av h\u00f8y kvalitet. Du kan bli forhandler som kunde hos Tammer Brands.","breadcrumb":{"@id":"https:\/\/mustang-grill.com\/jalleenmyyjaksi\/#breadcrumb"},"inLanguage":"nb-NO","potentialAction":[{"@type":"ReadAction","target":["https:\/\/mustang-grill.com\/jalleenmyyjaksi\/"]}]},{"@type":"ImageObject","inLanguage":"nb-NO","@id":"https:\/\/mustang-grill.com\/jalleenmyyjaksi\/#primaryimage","url":"https:\/\/mustang-grill.com\/wp-content\/uploads\/2024\/09\/mustang_601849_Oakdale_01.jpg","contentUrl":"https:\/\/mustang-grill.com\/wp-content\/uploads\/2024\/09\/mustang_601849_Oakdale_01.jpg","width":1221,"height":1500},{"@type":"BreadcrumbList","@id":"https:\/\/mustang-grill.com\/jalleenmyyjaksi\/#breadcrumb","itemListElement":[{"@type":"ListItem","position":1,"name":"Home","item":"https:\/\/mustang-grill.com\/nb\/"},{"@type":"ListItem","position":2,"name":"For forhandler"}]},{"@type":"WebSite","@id":"https:\/\/mustang-grill.com\/#website","url":"https:\/\/mustang-grill.com\/","name":"Mustang Grill","description":"Grillausylivoimaa","publisher":{"@id":"https:\/\/mustang-grill.com\/#organization"},"potentialAction":[{"@type":"SearchAction","target":{"@type":"EntryPoint","urlTemplate":"https:\/\/mustang-grill.com\/?s={search_term_string}"},"query-input":{"@type":"PropertyValueSpecification","valueRequired":true,"valueName":"search_term_string"}}],"inLanguage":"nb-NO"},{"@type":"Organization","@id":"https:\/\/mustang-grill.com\/#organization","name":"Mustang Grill","url":"https:\/\/mustang-grill.com\/","logo":{"@type":"ImageObject","inLanguage":"nb-NO","@id":"https:\/\/mustang-grill.com\/#\/schema\/logo\/image\/","url":"https:\/\/mustang-grill.com\/wp-content\/uploads\/2019\/11\/Mustang_logo_white-web.png","contentUrl":"https:\/\/mustang-grill.com\/wp-content\/uploads\/2019\/11\/Mustang_logo_white-web.png","width":375,"height":126,"caption":"Mustang Grill"},"image":{"@id":"https:\/\/mustang-grill.com\/#\/schema\/logo\/image\/"}}]}},"_links":{"self":[{"href":"https:\/\/mustang-grill.com\/nb\/wp-json\/wp\/v2\/pages\/155067","targetHints":{"allow":["GET"]}}],"collection":[{"href":"https:\/\/mustang-grill.com\/nb\/wp-json\/wp\/v2\/pages"}],"about":[{"href":"https:\/\/mustang-grill.com\/nb\/wp-json\/wp\/v2\/types\/page"}],"author":[{"embeddable":true,"href":"https:\/\/mustang-grill.com\/nb\/wp-json\/wp\/v2\/users\/3"}],"replies":[{"embeddable":true,"href":"https:\/\/mustang-grill.com\/nb\/wp-json\/wp\/v2\/comments?post=155067"}],"version-history":[{"count":0,"href":"https:\/\/mustang-grill.com\/nb\/wp-json\/wp\/v2\/pages\/155067\/revisions"}],"wp:featuredmedia":[{"embeddable":true,"href":"https:\/\/mustang-grill.com\/nb\/wp-json\/wp\/v2\/media\/170165"}],"wp:attachment":[{"href":"https:\/\/mustang-grill.com\/nb\/wp-json\/wp\/v2\/media?parent=155067"}],"curies":[{"name":"wp","href":"https:\/\/api.w.org\/{rel}","templated":true}]}}