{"id":140689,"date":"2024-05-06T12:08:09","date_gmt":"2024-05-06T09:08:09","guid":{"rendered":"https:\/\/dev.mustang-grill.com\/bli-aterforsaljare\/"},"modified":"2024-09-27T14:18:41","modified_gmt":"2024-09-27T11:18:41","slug":"bli-aterforsaljare","status":"publish","type":"page","link":"https:\/\/mustang-grill.com\/sv\/bli-aterforsaljare\/","title":{"rendered":"Bli \u00e5terf\u00f6rs\u00e4ljare"},"content":{"rendered":"\t\t<div data-elementor-type=\"wp-page\" data-elementor-id=\"140689\" class=\"elementor elementor-140689 elementor-139387\" data-elementor-post-type=\"page\">\n\t\t\t\t<div class=\"elementor-element elementor-element-862f8a2 e-flex e-con-boxed e-con e-parent\" data-id=\"862f8a2\" data-element_type=\"container\" data-e-type=\"container\" data-settings=\"{&quot;background_background&quot;:&quot;classic&quot;}\">\n\t\t\t\t\t<div class=\"e-con-inner\">\n\t\t<div class=\"elementor-element elementor-element-957a090 e-con-full e-flex e-con e-child\" data-id=\"957a090\" data-element_type=\"container\" data-e-type=\"container\" data-settings=\"{&quot;background_background&quot;:&quot;classic&quot;}\">\n\t\t\t\t<div class=\"elementor-element elementor-element-31607a4 elementor-widget elementor-widget-heading\" data-id=\"31607a4\" data-element_type=\"widget\" data-e-type=\"widget\" data-widget_type=\"heading.default\">\n\t\t\t\t<div class=\"elementor-widget-container\">\n\t\t\t\t\t<h1 class=\"elementor-heading-title elementor-size-default\">Bli \u00e5terf\u00f6rs\u00e4ljare<\/h1>\t\t\t\t<\/div>\n\t\t\t\t<\/div>\n\t\t\t\t<\/div>\n\t\t\t\t\t<\/div>\n\t\t\t\t<\/div>\n\t\t<div class=\"elementor-element elementor-element-4106f05 e-flex e-con-boxed e-con e-parent\" data-id=\"4106f05\" data-element_type=\"container\" data-e-type=\"container\">\n\t\t\t\t\t<div class=\"e-con-inner\">\n\t\t\t\t<div class=\"elementor-element elementor-element-0a997af elementor-widget elementor-widget-text-editor\" data-id=\"0a997af\" data-element_type=\"widget\" data-e-type=\"widget\" data-widget_type=\"text-editor.default\">\n\t\t\t\t<div class=\"elementor-widget-container\">\n\t\t\t\t\t\t\t\t\t<p>Kul att du \u00e4r intresserad av Mustangs grillkultur. Vi v\u00e4lkomnar \u00e5terf\u00f6rs\u00e4ljare som uppskattar bra pris-kvalitet-f\u00f6rh\u00e5llande, v\u00e4lkonstruerade grill-, r\u00f6k- och pizzaprodukter. Oavsett om din butik finns online eller i en fysisk butik, \u00e4r vi redo att hj\u00e4lpa dig att hj\u00e4lpa dina kunder att g\u00f6ra personliga grillval.<\/p>\n<p>Mustang \u00e4r ett varum\u00e4rke som \u00e4gs av Tammer Brands Oy. Kolla in Tammer Brands p\u00e5 <strong><a href=\"https:\/\/www.tammerbrands.fi\/en\">tammerbrands.fi<\/a><\/strong> och l\u00e4r dig mer om <strong><a href=\"https:\/\/www.tammerbrands.fi\/en\/asiakkuus\/\">kundrelation<\/a>.<\/strong><\/p>\n<h3><\/h3>\n<h5>Ett brett urval<\/h5>\n<p>Mustangs produkter \u00e4r alltid noggrant utformade. Vi k\u00e4nner till grillkulturen och ger dig r\u00e4tt produkter. Alla s\u00e4tt att grilla \u00e4r till\u00e5tna. Fr\u00e5n de st\u00f6rsta gasolgrillarna till de minsta klotgrillarna, v\u00e5rt sortiment av grillar tillgodoser olika grillstilar och trender.<\/p>\n<p>Varje Mustang-produkt \u00e4r noggrant f\u00e4rdigst\u00e4lld in i minsta detalj. Produkten har alla de viktiga funktioner som du beh\u00f6ver fr\u00e5n en produkt. Med Mustangs grilltillbeh\u00f6r blir grillningen en avslappnad upplevelse. K\u00f6tt-, gr\u00f6nsaks- och fiskr\u00e4tter tillagas utan anstr\u00e4ngning med de verktyg som \u00e4r utformade f\u00f6r dem. I sortimentet ing\u00e5r \u00e4ven t\u00e4ndningstillbeh\u00f6r och serveringsprodukter. Utomhusk\u00f6kets grillar, takbj\u00e4lkar och ytor i rostfritt st\u00e5l reng\u00f6rs med Mustangs noggrant utvalda reng\u00f6ringsverktyg. I sortimentet ing\u00e5r allt du beh\u00f6ver f\u00f6r att grilla.<\/p>\n\t\t\t\t\t\t\t\t<\/div>\n\t\t\t\t<\/div>\n\t\t\t\t\t<\/div>\n\t\t\t\t<\/div>\n\t\t<div class=\"elementor-element elementor-element-9b043a9 elementor-hidden-mobile_extra elementor-hidden-mobile e-flex e-con-boxed e-con e-parent\" data-id=\"9b043a9\" data-element_type=\"container\" data-e-type=\"container\">\n\t\t\t\t\t<div class=\"e-con-inner\">\n\t\t<div class=\"elementor-element elementor-element-952ee32 e-con-full e-flex e-con e-child\" data-id=\"952ee32\" data-element_type=\"container\" data-e-type=\"container\" data-settings=\"{&quot;background_background&quot;:&quot;classic&quot;}\">\n\t\t\t\t<div class=\"elementor-element elementor-element-2b93cbf elementor-widget elementor-widget-text-editor\" data-id=\"2b93cbf\" data-element_type=\"widget\" data-e-type=\"widget\" data-widget_type=\"text-editor.default\">\n\t\t\t\t<div class=\"elementor-widget-container\">\n\t\t\t\t\t\t\t\t\t<h5>Showroom<\/h5>\n<p>Du kan fysiskt se Mustangs produkter i Tammer Brands Oy:s showroom i Tammerfors. V\u00e5rt showroom \u00e4r det st\u00f6rsta i Norden. Du kan boka din egen tid f\u00f6r att k\u00f6pa och bes\u00f6ka med din kontaktperson.<\/p>\n\t\t\t\t\t\t\t\t<\/div>\n\t\t\t\t<\/div>\n\t\t\t\t<\/div>\n\t\t<div class=\"elementor-element elementor-element-af85957 e-con-full e-flex e-con e-child\" data-id=\"af85957\" data-element_type=\"container\" data-e-type=\"container\" data-settings=\"{&quot;background_background&quot;:&quot;classic&quot;}\">\n\t\t\t\t<div class=\"elementor-element elementor-element-a8500b0 elementor-widget elementor-widget-text-editor\" data-id=\"a8500b0\" data-element_type=\"widget\" data-e-type=\"widget\" data-widget_type=\"text-editor.default\">\n\t\t\t\t<div class=\"elementor-widget-container\">\n\t\t\t\t\t\t\t\t\t<h5>Marknadsf\u00f6ring<\/h5>\n<p>V\u00e5rt team f\u00f6r varum\u00e4rkesmarknadsf\u00f6ring ser till att varum\u00e4rket syns och lanserar nya produkter vid viktiga konsumentevenemang, i sociala medier och p\u00e5 webben. Vi producerar ocks\u00e5 h\u00f6gkvalitativt butiksmaterial, produktf\u00f6rpackningar, produktinformation, bilder och videor f\u00f6r att st\u00f6dja din f\u00f6rs\u00e4ljning.<\/p>\n\t\t\t\t\t\t\t\t<\/div>\n\t\t\t\t<\/div>\n\t\t\t\t<\/div>\n\t\t<div class=\"elementor-element elementor-element-ea5508b e-con-full e-flex e-con e-child\" data-id=\"ea5508b\" data-element_type=\"container\" data-e-type=\"container\" data-settings=\"{&quot;background_background&quot;:&quot;classic&quot;}\">\n\t\t\t\t<div class=\"elementor-element elementor-element-1693d62 elementor-widget elementor-widget-text-editor\" data-id=\"1693d62\" data-element_type=\"widget\" data-e-type=\"widget\" data-widget_type=\"text-editor.default\">\n\t\t\t\t<div class=\"elementor-widget-container\">\n\t\t\t\t\t\t\t\t\t<h5>Shop in shop<\/h5>\n<p>\u00d6ka din f\u00f6rs\u00e4ljning och f\u00e5 nya kunder! Med det f\u00e4rdiga visuella och kommersiella Shop in Shop-konceptet visas Mustangs produkter \u00e4nnu tydligare och mer attraktivt \u00e4n tidigare. L\u00e5t oss arbeta tillsammans f\u00f6r att utforma r\u00e4tt l\u00f6sning f\u00f6r din butik eller e-shop-in-shop.<\/p>\n\t\t\t\t\t\t\t\t<\/div>\n\t\t\t\t<\/div>\n\t\t\t\t<\/div>\n\t\t<div class=\"elementor-element elementor-element-7c13aab e-con-full e-flex e-con e-child\" data-id=\"7c13aab\" data-element_type=\"container\" data-e-type=\"container\" data-settings=\"{&quot;background_background&quot;:&quot;classic&quot;}\">\n\t\t\t\t<div class=\"elementor-element elementor-element-0eef052 elementor-widget elementor-widget-text-editor\" data-id=\"0eef052\" data-element_type=\"widget\" data-e-type=\"widget\" data-widget_type=\"text-editor.default\">\n\t\t\t\t<div class=\"elementor-widget-container\">\n\t\t\t\t\t\t\t\t\t<h5>Mediagalleri<\/h5>\n<p>F\u00f6r att st\u00f6dja din f\u00f6rs\u00e4ljning och marknadsf\u00f6ring har vi sammanst\u00e4llt ett galleri med material som du kan anv\u00e4nda. Du hittar varum\u00e4rkesbilder, broschyrer, logotyper, videor etc. Du kan \u00f6ppna galleriet <strong><a href=\"https:\/\/xfer.tammerbrands.fi\/brandmaterials\/mustang-en.html\" target=\"_blank\" rel=\"noopener\">h\u00e4r.<\/a><\/strong><\/p>\n\t\t\t\t\t\t\t\t<\/div>\n\t\t\t\t<\/div>\n\t\t\t\t<\/div>\n\t\t\t\t\t<\/div>\n\t\t\t\t<\/div>\n\t\t<div class=\"elementor-element elementor-element-c6c9fc7 elementor-hidden-desktop elementor-hidden-tablet e-flex e-con-boxed e-con e-parent\" data-id=\"c6c9fc7\" data-element_type=\"container\" data-e-type=\"container\">\n\t\t\t\t\t<div class=\"e-con-inner\">\n\t\t<div class=\"elementor-element elementor-element-ba6a561 e-con-full e-flex e-con e-child\" data-id=\"ba6a561\" data-element_type=\"container\" data-e-type=\"container\" data-settings=\"{&quot;background_background&quot;:&quot;classic&quot;}\">\n\t\t\t\t<div class=\"elementor-element elementor-element-3b482c3 elementor-widget elementor-widget-text-editor\" data-id=\"3b482c3\" data-element_type=\"widget\" data-e-type=\"widget\" data-widget_type=\"text-editor.default\">\n\t\t\t\t<div class=\"elementor-widget-container\">\n\t\t\t\t\t\t\t\t\t<h5>Showroom<\/h5>\n<p>Du kan fysiskt se Mustangs produkter i Tammer Brands Oy:s showroom i Tammerfors. V\u00e5rt showroom \u00e4r det st\u00f6rsta i Norden. Du kan boka din egen tid f\u00f6r att k\u00f6pa och bes\u00f6ka med din kontaktperson.<\/p>\n\t\t\t\t\t\t\t\t<\/div>\n\t\t\t\t<\/div>\n\t\t\t\t<\/div>\n\t\t<div class=\"elementor-element elementor-element-945916e e-con-full e-flex e-con e-child\" data-id=\"945916e\" data-element_type=\"container\" data-e-type=\"container\" data-settings=\"{&quot;background_background&quot;:&quot;classic&quot;}\">\n\t\t\t\t<div class=\"elementor-element elementor-element-38472ae elementor-widget elementor-widget-text-editor\" data-id=\"38472ae\" data-element_type=\"widget\" data-e-type=\"widget\" data-widget_type=\"text-editor.default\">\n\t\t\t\t<div class=\"elementor-widget-container\">\n\t\t\t\t\t\t\t\t\t<h5>Marknadsf\u00f6ring<\/h5>\n<p>V\u00e5rt team f\u00f6r varum\u00e4rkesmarknadsf\u00f6ring ser till att varum\u00e4rket syns och lanserar nya produkter vid viktiga konsumentevenemang, i sociala medier och p\u00e5 webben. Vi producerar ocks\u00e5 h\u00f6gkvalitativt butiksmaterial, produktf\u00f6rpackningar, produktinformation, bilder och videor f\u00f6r att st\u00f6dja din f\u00f6rs\u00e4ljning.<\/p>\n\t\t\t\t\t\t\t\t<\/div>\n\t\t\t\t<\/div>\n\t\t\t\t<\/div>\n\t\t<div class=\"elementor-element elementor-element-373026a e-con-full e-flex e-con e-child\" data-id=\"373026a\" data-element_type=\"container\" data-e-type=\"container\" data-settings=\"{&quot;background_background&quot;:&quot;classic&quot;}\">\n\t\t\t\t<div class=\"elementor-element elementor-element-9222900 elementor-widget elementor-widget-text-editor\" data-id=\"9222900\" data-element_type=\"widget\" data-e-type=\"widget\" data-widget_type=\"text-editor.default\">\n\t\t\t\t<div class=\"elementor-widget-container\">\n\t\t\t\t\t\t\t\t\t<h5>Shop in shop<\/h5>\n<p>\u00d6ka din f\u00f6rs\u00e4ljning och f\u00e5 nya kunder! Med det f\u00e4rdiga visuella och kommersiella Shop in Shop-konceptet visas Mustangs produkter \u00e4nnu tydligare och mer attraktivt \u00e4n tidigare. L\u00e5t oss arbeta tillsammans f\u00f6r att utforma r\u00e4tt l\u00f6sning f\u00f6r din butik eller e-shop-in-shop.<\/p>\n\t\t\t\t\t\t\t\t<\/div>\n\t\t\t\t<\/div>\n\t\t\t\t<\/div>\n\t\t<div class=\"elementor-element elementor-element-e96140e e-con-full e-flex e-con e-child\" data-id=\"e96140e\" data-element_type=\"container\" data-e-type=\"container\" data-settings=\"{&quot;background_background&quot;:&quot;classic&quot;}\">\n\t\t\t\t<div class=\"elementor-element elementor-element-582b332 elementor-widget elementor-widget-text-editor\" data-id=\"582b332\" data-element_type=\"widget\" data-e-type=\"widget\" data-widget_type=\"text-editor.default\">\n\t\t\t\t<div class=\"elementor-widget-container\">\n\t\t\t\t\t\t\t\t\t<h5>Mediagalleri<\/h5>\n<p>F\u00f6r att st\u00f6dja din f\u00f6rs\u00e4ljning och marknadsf\u00f6ring har vi sammanst\u00e4llt ett galleri med material som du kan anv\u00e4nda. Du hittar varum\u00e4rkesbilder, broschyrer, logotyper, videor etc. Du kan \u00f6ppna galleriet <strong><a href=\"https:\/\/xfer.tammerbrands.fi\/brandmaterials\/mustang-en.html\" target=\"_blank\" rel=\"noopener\">h\u00e4r.<\/a><\/strong><\/p>\n\t\t\t\t\t\t\t\t<\/div>\n\t\t\t\t<\/div>\n\t\t\t\t<\/div>\n\t\t\t\t\t<\/div>\n\t\t\t\t<\/div>\n\t\t<div class=\"elementor-element elementor-element-ce80e55 e-flex e-con-boxed e-con e-parent\" data-id=\"ce80e55\" data-element_type=\"container\" data-e-type=\"container\">\n\t\t\t\t\t<div class=\"e-con-inner\">\n\t\t<div class=\"elementor-element elementor-element-bc5e236 e-con-full e-flex e-con e-child\" data-id=\"bc5e236\" data-element_type=\"container\" data-e-type=\"container\" data-settings=\"{&quot;background_background&quot;:&quot;classic&quot;}\">\n\t\t\t\t<div class=\"elementor-element elementor-element-89049b2 elementor-widget elementor-widget-heading\" data-id=\"89049b2\" data-element_type=\"widget\" data-e-type=\"widget\" data-widget_type=\"heading.default\">\n\t\t\t\t<div class=\"elementor-widget-container\">\n\t\t\t\t\t<h2 class=\"elementor-heading-title elementor-size-default\"><a href=\"https:\/\/mustang-grill.com\/sv\/var-historia\/\">V\u00e5r historia<\/a><\/h2>\t\t\t\t<\/div>\n\t\t\t\t<\/div>\n\t\t\t\t<\/div>\n\t\t<div class=\"elementor-element elementor-element-1584d8f e-con-full e-flex e-con e-child\" data-id=\"1584d8f\" data-element_type=\"container\" data-e-type=\"container\" data-settings=\"{&quot;background_background&quot;:&quot;classic&quot;}\">\n\t\t\t\t<div class=\"elementor-element elementor-element-42b3732 elementor-widget elementor-widget-heading\" data-id=\"42b3732\" data-element_type=\"widget\" data-e-type=\"widget\" data-widget_type=\"heading.default\">\n\t\t\t\t<div class=\"elementor-widget-container\">\n\t\t\t\t\t<h2 class=\"elementor-heading-title elementor-size-default\"><a href=\"https:\/\/mustang-grill.com\/sv\/garantiprogram\/\">Garantiprogram<\/a><\/h2>\t\t\t\t<\/div>\n\t\t\t\t<\/div>\n\t\t\t\t<\/div>\n\t\t\t\t\t<\/div>\n\t\t\t\t<\/div>\n\t\t\t\t<\/div>\n\t\t","protected":false},"excerpt":{"rendered":"<p>Kul att du \u00e4r intresserad av Mustangs grillkultur. Vi v\u00e4lkomnar \u00e5terf\u00f6rs\u00e4ljare som uppskattar bra pris-kvalitet-f\u00f6rh\u00e5llande, v\u00e4lkonstruerade grill-, r\u00f6k- och pizzaprodukter. Oavsett om din butik finns online eller i en fysisk butik, \u00e4r vi redo att hj\u00e4lpa dig att hj\u00e4lpa dina kunder att g\u00f6ra personliga grillval. Mustang \u00e4r ett varum\u00e4rke som \u00e4gs av Tammer Brands Oy. [&hellip;]<\/p>\n","protected":false},"author":3,"featured_media":170166,"parent":0,"menu_order":0,"comment_status":"closed","ping_status":"closed","template":"","meta":{"_acf_changed":false,"footnotes":""},"class_list":["post-140689","page","type-page","status-publish","has-post-thumbnail","hentry"],"acf":[],"yoast_head":"<!-- This site is optimized with the Yoast SEO plugin v27.2 - https:\/\/yoast.com\/product\/yoast-seo-wordpress\/ -->\n<title>Bli \u00e5terf\u00f6rs\u00e4ljare - Mustang Grill<\/title>\n<meta name=\"description\" content=\"Mustang uppfyller behoven hos varje grillare med sitt breda och h\u00f6gkvalitativa sortiment. Som kund hos Tammer Brands kan du bli \u00e5terf\u00f6rs\u00e4ljare.\" \/>\n<meta name=\"robots\" content=\"index, follow, max-snippet:-1, max-image-preview:large, max-video-preview:-1\" \/>\n<link rel=\"canonical\" href=\"https:\/\/mustang-grill.com\/jalleenmyyjaksi\/\" \/>\n<meta property=\"og:locale\" content=\"sv_SE\" \/>\n<meta property=\"og:type\" content=\"article\" \/>\n<meta property=\"og:title\" content=\"Bli \u00e5terf\u00f6rs\u00e4ljare - Mustang Grill\" \/>\n<meta property=\"og:description\" content=\"Mustang uppfyller behoven hos varje grillare med sitt breda och h\u00f6gkvalitativa sortiment. Som kund hos Tammer Brands kan du bli \u00e5terf\u00f6rs\u00e4ljare.\" \/>\n<meta property=\"og:url\" content=\"https:\/\/mustang-grill.com\/jalleenmyyjaksi\/\" \/>\n<meta property=\"og:site_name\" content=\"Mustang Grill\" \/>\n<meta property=\"article:modified_time\" content=\"2024-09-27T11:18:41+00:00\" \/>\n<meta property=\"og:image\" content=\"https:\/\/mustang-grill.com\/wp-content\/uploads\/2024\/09\/mustang_601849_Oakdale_01.jpg\" \/>\n\t<meta property=\"og:image:width\" content=\"1221\" \/>\n\t<meta property=\"og:image:height\" content=\"1500\" \/>\n\t<meta property=\"og:image:type\" content=\"image\/jpeg\" \/>\n<meta name=\"twitter:card\" content=\"summary_large_image\" \/>\n<meta name=\"twitter:label1\" content=\"Ber\u00e4knad l\u00e4stid\" \/>\n\t<meta name=\"twitter:data1\" content=\"3 minuter\" \/>\n<script type=\"application\/ld+json\" class=\"yoast-schema-graph\">{\"@context\":\"https:\/\/schema.org\",\"@graph\":[{\"@type\":\"WebPage\",\"@id\":\"https:\/\/mustang-grill.com\/jalleenmyyjaksi\/\",\"url\":\"https:\/\/mustang-grill.com\/jalleenmyyjaksi\/\",\"name\":\"Bli \u00e5terf\u00f6rs\u00e4ljare - Mustang Grill\",\"isPartOf\":{\"@id\":\"https:\/\/mustang-grill.com\/#website\"},\"primaryImageOfPage\":{\"@id\":\"https:\/\/mustang-grill.com\/jalleenmyyjaksi\/#primaryimage\"},\"image\":{\"@id\":\"https:\/\/mustang-grill.com\/jalleenmyyjaksi\/#primaryimage\"},\"thumbnailUrl\":\"https:\/\/mustang-grill.com\/wp-content\/uploads\/2024\/09\/mustang_601849_Oakdale_01.jpg\",\"datePublished\":\"2024-05-06T09:08:09+00:00\",\"dateModified\":\"2024-09-27T11:18:41+00:00\",\"description\":\"Mustang uppfyller behoven hos varje grillare med sitt breda och h\u00f6gkvalitativa sortiment. Som kund hos Tammer Brands kan du bli \u00e5terf\u00f6rs\u00e4ljare.\",\"breadcrumb\":{\"@id\":\"https:\/\/mustang-grill.com\/jalleenmyyjaksi\/#breadcrumb\"},\"inLanguage\":\"sv-SE\",\"potentialAction\":[{\"@type\":\"ReadAction\",\"target\":[\"https:\/\/mustang-grill.com\/jalleenmyyjaksi\/\"]}]},{\"@type\":\"ImageObject\",\"inLanguage\":\"sv-SE\",\"@id\":\"https:\/\/mustang-grill.com\/jalleenmyyjaksi\/#primaryimage\",\"url\":\"https:\/\/mustang-grill.com\/wp-content\/uploads\/2024\/09\/mustang_601849_Oakdale_01.jpg\",\"contentUrl\":\"https:\/\/mustang-grill.com\/wp-content\/uploads\/2024\/09\/mustang_601849_Oakdale_01.jpg\",\"width\":1221,\"height\":1500},{\"@type\":\"BreadcrumbList\",\"@id\":\"https:\/\/mustang-grill.com\/jalleenmyyjaksi\/#breadcrumb\",\"itemListElement\":[{\"@type\":\"ListItem\",\"position\":1,\"name\":\"Home\",\"item\":\"https:\/\/mustang-grill.com\/sv\/\"},{\"@type\":\"ListItem\",\"position\":2,\"name\":\"Bli \u00e5terf\u00f6rs\u00e4ljare\"}]},{\"@type\":\"WebSite\",\"@id\":\"https:\/\/mustang-grill.com\/#website\",\"url\":\"https:\/\/mustang-grill.com\/\",\"name\":\"Mustang Grill\",\"description\":\"Grillausylivoimaa\",\"publisher\":{\"@id\":\"https:\/\/mustang-grill.com\/#organization\"},\"potentialAction\":[{\"@type\":\"SearchAction\",\"target\":{\"@type\":\"EntryPoint\",\"urlTemplate\":\"https:\/\/mustang-grill.com\/?s={search_term_string}\"},\"query-input\":{\"@type\":\"PropertyValueSpecification\",\"valueRequired\":true,\"valueName\":\"search_term_string\"}}],\"inLanguage\":\"sv-SE\"},{\"@type\":\"Organization\",\"@id\":\"https:\/\/mustang-grill.com\/#organization\",\"name\":\"Mustang Grill\",\"url\":\"https:\/\/mustang-grill.com\/\",\"logo\":{\"@type\":\"ImageObject\",\"inLanguage\":\"sv-SE\",\"@id\":\"https:\/\/mustang-grill.com\/#\/schema\/logo\/image\/\",\"url\":\"https:\/\/mustang-grill.com\/wp-content\/uploads\/2019\/11\/Mustang_logo_white-web.png\",\"contentUrl\":\"https:\/\/mustang-grill.com\/wp-content\/uploads\/2019\/11\/Mustang_logo_white-web.png\",\"width\":375,\"height\":126,\"caption\":\"Mustang Grill\"},\"image\":{\"@id\":\"https:\/\/mustang-grill.com\/#\/schema\/logo\/image\/\"}}]}<\/script>\n<!-- \/ Yoast SEO plugin. -->","yoast_head_json":{"title":"Bli \u00e5terf\u00f6rs\u00e4ljare - Mustang Grill","description":"Mustang uppfyller behoven hos varje grillare med sitt breda och h\u00f6gkvalitativa sortiment. Som kund hos Tammer Brands kan du bli \u00e5terf\u00f6rs\u00e4ljare.","robots":{"index":"index","follow":"follow","max-snippet":"max-snippet:-1","max-image-preview":"max-image-preview:large","max-video-preview":"max-video-preview:-1"},"canonical":"https:\/\/mustang-grill.com\/jalleenmyyjaksi\/","og_locale":"sv_SE","og_type":"article","og_title":"Bli \u00e5terf\u00f6rs\u00e4ljare - Mustang Grill","og_description":"Mustang uppfyller behoven hos varje grillare med sitt breda och h\u00f6gkvalitativa sortiment. Som kund hos Tammer Brands kan du bli \u00e5terf\u00f6rs\u00e4ljare.","og_url":"https:\/\/mustang-grill.com\/jalleenmyyjaksi\/","og_site_name":"Mustang Grill","article_modified_time":"2024-09-27T11:18:41+00:00","og_image":[{"width":1221,"height":1500,"url":"https:\/\/mustang-grill.com\/wp-content\/uploads\/2024\/09\/mustang_601849_Oakdale_01.jpg","type":"image\/jpeg"}],"twitter_card":"summary_large_image","twitter_misc":{"Ber\u00e4knad l\u00e4stid":"3 minuter"},"schema":{"@context":"https:\/\/schema.org","@graph":[{"@type":"WebPage","@id":"https:\/\/mustang-grill.com\/jalleenmyyjaksi\/","url":"https:\/\/mustang-grill.com\/jalleenmyyjaksi\/","name":"Bli \u00e5terf\u00f6rs\u00e4ljare - Mustang Grill","isPartOf":{"@id":"https:\/\/mustang-grill.com\/#website"},"primaryImageOfPage":{"@id":"https:\/\/mustang-grill.com\/jalleenmyyjaksi\/#primaryimage"},"image":{"@id":"https:\/\/mustang-grill.com\/jalleenmyyjaksi\/#primaryimage"},"thumbnailUrl":"https:\/\/mustang-grill.com\/wp-content\/uploads\/2024\/09\/mustang_601849_Oakdale_01.jpg","datePublished":"2024-05-06T09:08:09+00:00","dateModified":"2024-09-27T11:18:41+00:00","description":"Mustang uppfyller behoven hos varje grillare med sitt breda och h\u00f6gkvalitativa sortiment. Som kund hos Tammer Brands kan du bli \u00e5terf\u00f6rs\u00e4ljare.","breadcrumb":{"@id":"https:\/\/mustang-grill.com\/jalleenmyyjaksi\/#breadcrumb"},"inLanguage":"sv-SE","potentialAction":[{"@type":"ReadAction","target":["https:\/\/mustang-grill.com\/jalleenmyyjaksi\/"]}]},{"@type":"ImageObject","inLanguage":"sv-SE","@id":"https:\/\/mustang-grill.com\/jalleenmyyjaksi\/#primaryimage","url":"https:\/\/mustang-grill.com\/wp-content\/uploads\/2024\/09\/mustang_601849_Oakdale_01.jpg","contentUrl":"https:\/\/mustang-grill.com\/wp-content\/uploads\/2024\/09\/mustang_601849_Oakdale_01.jpg","width":1221,"height":1500},{"@type":"BreadcrumbList","@id":"https:\/\/mustang-grill.com\/jalleenmyyjaksi\/#breadcrumb","itemListElement":[{"@type":"ListItem","position":1,"name":"Home","item":"https:\/\/mustang-grill.com\/sv\/"},{"@type":"ListItem","position":2,"name":"Bli \u00e5terf\u00f6rs\u00e4ljare"}]},{"@type":"WebSite","@id":"https:\/\/mustang-grill.com\/#website","url":"https:\/\/mustang-grill.com\/","name":"Mustang Grill","description":"Grillausylivoimaa","publisher":{"@id":"https:\/\/mustang-grill.com\/#organization"},"potentialAction":[{"@type":"SearchAction","target":{"@type":"EntryPoint","urlTemplate":"https:\/\/mustang-grill.com\/?s={search_term_string}"},"query-input":{"@type":"PropertyValueSpecification","valueRequired":true,"valueName":"search_term_string"}}],"inLanguage":"sv-SE"},{"@type":"Organization","@id":"https:\/\/mustang-grill.com\/#organization","name":"Mustang Grill","url":"https:\/\/mustang-grill.com\/","logo":{"@type":"ImageObject","inLanguage":"sv-SE","@id":"https:\/\/mustang-grill.com\/#\/schema\/logo\/image\/","url":"https:\/\/mustang-grill.com\/wp-content\/uploads\/2019\/11\/Mustang_logo_white-web.png","contentUrl":"https:\/\/mustang-grill.com\/wp-content\/uploads\/2019\/11\/Mustang_logo_white-web.png","width":375,"height":126,"caption":"Mustang Grill"},"image":{"@id":"https:\/\/mustang-grill.com\/#\/schema\/logo\/image\/"}}]}},"_links":{"self":[{"href":"https:\/\/mustang-grill.com\/sv\/wp-json\/wp\/v2\/pages\/140689","targetHints":{"allow":["GET"]}}],"collection":[{"href":"https:\/\/mustang-grill.com\/sv\/wp-json\/wp\/v2\/pages"}],"about":[{"href":"https:\/\/mustang-grill.com\/sv\/wp-json\/wp\/v2\/types\/page"}],"author":[{"embeddable":true,"href":"https:\/\/mustang-grill.com\/sv\/wp-json\/wp\/v2\/users\/3"}],"replies":[{"embeddable":true,"href":"https:\/\/mustang-grill.com\/sv\/wp-json\/wp\/v2\/comments?post=140689"}],"version-history":[{"count":0,"href":"https:\/\/mustang-grill.com\/sv\/wp-json\/wp\/v2\/pages\/140689\/revisions"}],"wp:featuredmedia":[{"embeddable":true,"href":"https:\/\/mustang-grill.com\/sv\/wp-json\/wp\/v2\/media\/170166"}],"wp:attachment":[{"href":"https:\/\/mustang-grill.com\/sv\/wp-json\/wp\/v2\/media?parent=140689"}],"curies":[{"name":"wp","href":"https:\/\/api.w.org\/{rel}","templated":true}]}}