{"id":64387,"date":"2019-09-23T14:11:31","date_gmt":"2019-09-23T11:11:31","guid":{"rendered":"https:\/\/mustang-d2024.tbsites.fi\/tuotetuki\/"},"modified":"2025-03-11T16:06:01","modified_gmt":"2025-03-11T14:06:01","slug":"produktsupport","status":"publish","type":"page","link":"https:\/\/mustang-grill.com\/sv\/produktsupport\/","title":{"rendered":"Produktsupport"},"content":{"rendered":"\t\t<div data-elementor-type=\"wp-page\" data-elementor-id=\"64387\" class=\"elementor elementor-64387 elementor-647\" data-elementor-post-type=\"page\">\n\t\t\t\t<div class=\"elementor-element elementor-element-803f2bb e-flex e-con-boxed e-con e-parent\" data-id=\"803f2bb\" data-element_type=\"container\" data-e-type=\"container\" data-settings=\"{&quot;background_background&quot;:&quot;classic&quot;}\">\n\t\t\t\t\t<div class=\"e-con-inner\">\n\t\t<div class=\"elementor-element elementor-element-b4feb7e e-con-full e-flex e-con e-child\" data-id=\"b4feb7e\" data-element_type=\"container\" data-e-type=\"container\" data-settings=\"{&quot;background_background&quot;:&quot;classic&quot;}\">\n\t\t\t\t<div class=\"elementor-element elementor-element-6242a2a elementor-widget elementor-widget-heading\" data-id=\"6242a2a\" data-element_type=\"widget\" data-e-type=\"widget\" data-widget_type=\"heading.default\">\n\t\t\t\t<div class=\"elementor-widget-container\">\n\t\t\t\t\t<h1 class=\"elementor-heading-title elementor-size-default\">Produktsupport<\/h1>\t\t\t\t<\/div>\n\t\t\t\t<\/div>\n\t\t\t\t<div class=\"elementor-element elementor-element-2f31dbf elementor-widget elementor-widget-text-editor\" data-id=\"2f31dbf\" data-element_type=\"widget\" data-e-type=\"widget\" data-widget_type=\"text-editor.default\">\n\t\t\t\t<div class=\"elementor-widget-container\">\n\t\t\t\t\t\t\t\t\t<p>Vi ber om urs\u00e4kt om v\u00e5r produkt inte har uppfyllt dina f\u00f6rv\u00e4ntningar.<br \/>\nEnligt konsumentskyddslagstiftningen \u00e4r det \u00e5terf\u00f6rs\u00e4ljaren som \u00e4r den prim\u00e4ra platsen f\u00f6r retur av en defekt produkt, s\u00e5 kontakta i f\u00f6rsta hand den \u00e5terf\u00f6rs\u00e4ljare d\u00e4r du k\u00f6pte produkten.<\/p>\n\t\t\t\t\t\t\t\t<\/div>\n\t\t\t\t<\/div>\n\t\t\t\t<\/div>\n\t\t\t\t\t<\/div>\n\t\t\t\t<\/div>\n\t\t<div class=\"elementor-element elementor-element-72dc1de e-flex e-con-boxed e-con e-parent\" data-id=\"72dc1de\" data-element_type=\"container\" data-e-type=\"container\">\n\t\t\t\t\t<div class=\"e-con-inner\">\n\t\t\t\t<div class=\"elementor-element elementor-element-656b15a elementor-widget elementor-widget-text-editor\" data-id=\"656b15a\" data-element_type=\"widget\" data-e-type=\"widget\" data-widget_type=\"text-editor.default\">\n\t\t\t\t<div class=\"elementor-widget-container\">\n\t\t\t\t\t\t\t\t\t<h2>Mustang-support<\/h2><p>Mustang-tillbeh\u00f6r och reservdelar s\u00e4ljs hos v\u00e4lutrustade \u00e5terf\u00f6rs\u00e4ljare. Om du inte hittar den reservdel du beh\u00f6ver, v\u00e4nligen kontakta v\u00e5r produktsupport <span data-olk-copy-source=\"MessageBody\">&#x70;&#x72;&#x6f;&#x64;&#117;&#99;tsu&#x70;&#x70;&#x6f;&#x72;&#116;&#64;tam&#x6d;&#x65;&#x72;&#x62;&#114;&#97;&#110;ds&#x2e;&#x66;&#x69;<\/span>. Vi \u00e5terkommer till dig inom ca 7 vardagar. V\u00e4nligen kontakta oss genom att fylla i formul\u00e4ret p\u00e5 den h\u00e4r sidan f\u00f6r att snabbare komma i kontakt. Formul\u00e4ret finns bara p\u00e5 engelska.<\/p><p>Innan du kontaktar oss v\u00e4nligen kontrollera f\u00f6ljande uppgifter f\u00f6r att g\u00f6ra behandlingen snabbare:<\/p><ul><li>Produktens modellnamn<\/li><li>Apparatens kod<\/li><li>Reservdelens nummer och namn (om det \u00e4r fr\u00e5ga om en reservdel)<\/li><\/ul>\t\t\t\t\t\t\t\t<\/div>\n\t\t\t\t<\/div>\n\t\t\t\t\t<\/div>\n\t\t\t\t<\/div>\n\t\t<div class=\"elementor-element elementor-element-a85663c e-flex e-con-boxed e-con e-parent\" data-id=\"a85663c\" data-element_type=\"container\" data-e-type=\"container\">\n\t\t\t\t\t<div class=\"e-con-inner\">\n\t\t<div class=\"elementor-element elementor-element-036d36c e-con-full e-flex e-con e-child\" data-id=\"036d36c\" data-element_type=\"container\" data-e-type=\"container\" data-settings=\"{&quot;background_background&quot;:&quot;classic&quot;}\">\n\t\t\t\t<div class=\"elementor-element elementor-element-43d9a95 elementor-widget elementor-widget-text-editor\" data-id=\"43d9a95\" data-element_type=\"widget\" data-e-type=\"widget\" data-widget_type=\"text-editor.default\">\n\t\t\t\t<div class=\"elementor-widget-container\">\n\t\t\t\t\t\t\t\t\t<p>Reservdelar fr\u00e5n v\u00e5ra \u00e5terf\u00f6rs\u00e4ljare<br \/>eller <span data-olk-copy-source=\"MessageBody\">&#x70;&#x72;&#x6f;&#x64;&#117;&#99;&#116;su&#x70;&#x70;&#x6f;&#x72;&#x74;&#64;&#116;&#97;mm&#x65;&#x72;&#x62;&#x72;&#x61;&#110;&#100;&#115;&#46;f&#x69;<\/span><\/p>\t\t\t\t\t\t\t\t<\/div>\n\t\t\t\t<\/div>\n\t\t\t\t<div class=\"elementor-element elementor-element-45a2d50 elementor-align-center elementor-widget elementor-widget-button\" data-id=\"45a2d50\" data-element_type=\"widget\" data-e-type=\"widget\" data-widget_type=\"button.default\">\n\t\t\t\t<div class=\"elementor-widget-container\">\n\t\t\t\t\t\t\t\t\t<div class=\"elementor-button-wrapper\">\n\t\t\t\t\t<a class=\"elementor-button elementor-button-link elementor-size-sm\" href=\"https:\/\/mustang-grill.com\/sv\/kategori\/tillbehor\/#reservdelar-for-tillbehor\">\n\t\t\t\t\t\t<span class=\"elementor-button-content-wrapper\">\n\t\t\t\t\t\t\t\t\t<span class=\"elementor-button-text\">SE DELAR<\/span>\n\t\t\t\t\t<\/span>\n\t\t\t\t\t<\/a>\n\t\t\t\t<\/div>\n\t\t\t\t\t\t\t\t<\/div>\n\t\t\t\t<\/div>\n\t\t\t\t<\/div>\n\t\t\t\t<div class=\"elementor-element elementor-element-c40c908 elementor-widget elementor-widget-image\" data-id=\"c40c908\" data-element_type=\"widget\" data-e-type=\"widget\" data-widget_type=\"image.default\">\n\t\t\t\t<div class=\"elementor-widget-container\">\n\t\t\t\t\t\t\t\t\t\t\t\t\t\t\t<img fetchpriority=\"high\" decoding=\"async\" width=\"800\" height=\"198\" src=\"https:\/\/mustang-grill.com\/wp-content\/uploads\/2024\/09\/varaosa_mustang_ritilat_Connoisseur_2-1024x253.jpg\" class=\"attachment-large size-large wp-image-170278\" alt=\"\" srcset=\"https:\/\/mustang-grill.com\/wp-content\/uploads\/2024\/09\/varaosa_mustang_ritilat_Connoisseur_2-1024x253.jpg 1024w, https:\/\/mustang-grill.com\/wp-content\/uploads\/2024\/09\/varaosa_mustang_ritilat_Connoisseur_2-300x74.jpg 300w, https:\/\/mustang-grill.com\/wp-content\/uploads\/2024\/09\/varaosa_mustang_ritilat_Connoisseur_2-768x190.jpg 768w, https:\/\/mustang-grill.com\/wp-content\/uploads\/2024\/09\/varaosa_mustang_ritilat_Connoisseur_2.jpg 1500w\" sizes=\"(max-width: 800px) 100vw, 800px\" \/>\t\t\t\t\t\t\t\t\t\t\t\t\t\t\t<\/div>\n\t\t\t\t<\/div>\n\t\t\t\t\t<\/div>\n\t\t\t\t<\/div>\n\t\t<div class=\"elementor-element elementor-element-fc370f6 e-flex e-con-boxed e-con e-parent\" data-id=\"fc370f6\" data-element_type=\"container\" data-e-type=\"container\">\n\t\t\t\t\t<div class=\"e-con-inner\">\n\t\t\t\t<div class=\"elementor-element elementor-element-832cd02 elementor-widget elementor-widget-text-editor\" data-id=\"832cd02\" data-element_type=\"widget\" data-e-type=\"widget\" data-widget_type=\"text-editor.default\">\n\t\t\t\t<div class=\"elementor-widget-container\">\n\t\t\t\t\t\t\t\t\t<h3>Instructions for a Product Claim<\/h3>\n<p>We apologise if our product has not met your expectations.<br \/>\nAccording to the Consumer Protection Act (Kuluttajasuojalaki), the primary location for returning a malfunctioning product is the seller\u2019s place of business. However, your feedback is our priority in regard to product development and quality assurance. At Mustang-grill.com, we always process written complaints. This creates fewer misunderstandings and better legal protection for you.<\/p>\n<p>If you suspect that the product has some material or manufacturing defect, please fill out the necessary information in the form as accurately as possible so that we may process your claim properly and as quickly as possible.<\/p>\n<p>N.B. We will contact you if we find, based on the information in the form, cause for you to send us the product for inspection. We will not accept retuned products unless the return has been approved beforehand.<\/p>\n<p>Mustang-grill.com must ascertain that the product is defective before it can be replaced. Defective products will be replaced with new ones. Should the product no longer be available, Mustang-grill.com reserves the right to replace it with a comparable item.<\/p>\n<p>Mustang is a brand owned by Tammer Brands Oy.<br \/>\nRead more about our protection of personal data from <strong><a href=\"https:\/\/www.tammerbrands.fi\/en\/data-protection\/customer-service\/\">here<\/a><\/strong>.<\/p>\n<p>Tack f\u00f6r att du kontaktar oss. Vi uppskattar ditt t\u00e5lamod och din f\u00f6rst\u00e5else!<\/p>\n\t\t\t\t\t\t\t\t<\/div>\n\t\t\t\t<\/div>\n\t\t\t\t\t<\/div>\n\t\t\t\t<\/div>\n\t\t<!-- dce invisible element 9ff1699 --><div class=\"elementor-element elementor-element-0670850 e-flex e-con-boxed e-con e-parent\" data-id=\"0670850\" data-element_type=\"container\" data-e-type=\"container\" data-settings=\"{&quot;background_background&quot;:&quot;classic&quot;}\">\n\t\t\t\t\t<div class=\"e-con-inner\">\n\t\t<div class=\"elementor-element elementor-element-f653579 e-con-full e-flex e-con e-child\" data-id=\"f653579\" data-element_type=\"container\" data-e-type=\"container\">\n\t\t\t\t<div class=\"elementor-element elementor-element-70fe235 elementor-view-default elementor-position-block-start elementor-mobile-position-block-start elementor-widget elementor-widget-icon-box\" data-id=\"70fe235\" data-element_type=\"widget\" data-e-type=\"widget\" data-widget_type=\"icon-box.default\">\n\t\t\t\t<div class=\"elementor-widget-container\">\n\t\t\t\t\t\t\t<div class=\"elementor-icon-box-wrapper\">\n\n\t\t\t\t\t\t<div class=\"elementor-icon-box-icon\">\n\t\t\t\t<span  class=\"elementor-icon\">\n\t\t\t\t<i aria-hidden=\"true\" class=\"fas fa-envelope\"><\/i>\t\t\t\t<\/span>\n\t\t\t<\/div>\n\t\t\t\n\t\t\t\t\t\t<div class=\"elementor-icon-box-content\">\n\n\t\t\t\t\t\t\t\t\t<h3 class=\"elementor-icon-box-title\">\n\t\t\t\t\t\t<span  >\n\t\t\t\t\t\t\t&#x70;&#114;&#111;d&#x75;&#x63;&#116;s&#x75;&#x70;&#112;or&#x74;&#64;&#116;a&#x6d;&#x6d;&#101;r&#x62;&#x72;&#97;&#110;d&#x73;&#x2e;&#102;i\t\t\t\t\t\t<\/span>\n\t\t\t\t\t<\/h3>\n\t\t\t\t\n\t\t\t\t\n\t\t\t<\/div>\n\t\t\t\n\t\t<\/div>\n\t\t\t\t\t\t<\/div>\n\t\t\t\t<\/div>\n\t\t\t\t<\/div>\n\t\t<div class=\"elementor-element elementor-element-d1278d1 e-con-full e-flex e-con e-child\" data-id=\"d1278d1\" data-element_type=\"container\" data-e-type=\"container\">\n\t\t\t\t<div class=\"elementor-element elementor-element-e3da946 elementor-align-left elementor-widget elementor-widget-button\" data-id=\"e3da946\" data-element_type=\"widget\" data-e-type=\"widget\" data-widget_type=\"button.default\">\n\t\t\t\t<div class=\"elementor-widget-container\">\n\t\t\t\t\t\t\t\t\t<div class=\"elementor-button-wrapper\">\n\t\t\t\t\t<a class=\"elementor-button elementor-button-link elementor-size-lg\" href=\"https:\/\/lomakkeet.tammerbrands.fi\/tuotepalaute\/en\" target=\"_blank\">\n\t\t\t\t\t\t<span class=\"elementor-button-content-wrapper\">\n\t\t\t\t\t\t\t\t\t<span class=\"elementor-button-text\">FILL THE FORM (EN)<\/span>\n\t\t\t\t\t<\/span>\n\t\t\t\t\t<\/a>\n\t\t\t\t<\/div>\n\t\t\t\t\t\t\t\t<\/div>\n\t\t\t\t<\/div>\n\t\t\t\t<\/div>\n\t\t\t\t\t<\/div>\n\t\t\t\t<\/div>\n\t\t\t\t<\/div>\n\t\t","protected":false},"excerpt":{"rendered":"<p>Vi ber om urs\u00e4kt om v\u00e5r produkt inte har uppfyllt dina f\u00f6rv\u00e4ntningar. Enligt konsumentskyddslagstiftningen \u00e4r det \u00e5terf\u00f6rs\u00e4ljaren som \u00e4r den prim\u00e4ra platsen f\u00f6r retur av en defekt produkt, s\u00e5 kontakta i f\u00f6rsta hand den \u00e5terf\u00f6rs\u00e4ljare d\u00e4r du k\u00f6pte produkten. Mustang-support Mustang-tillbeh\u00f6r och reservdelar s\u00e4ljs hos v\u00e4lutrustade \u00e5terf\u00f6rs\u00e4ljare. Om du inte hittar den reservdel du beh\u00f6ver, [&hellip;]<\/p>\n","protected":false},"author":2,"featured_media":170141,"parent":0,"menu_order":0,"comment_status":"closed","ping_status":"closed","template":"","meta":{"_acf_changed":false,"footnotes":""},"class_list":["post-64387","page","type-page","status-publish","has-post-thumbnail","hentry"],"acf":[],"yoast_head":"<!-- This site is optimized with the Yoast SEO plugin v27.2 - https:\/\/yoast.com\/product\/yoast-seo-wordpress\/ -->\n<title>Produktsupport - Mustang Grill<\/title>\n<meta name=\"robots\" content=\"index, follow, max-snippet:-1, max-image-preview:large, max-video-preview:-1\" \/>\n<link rel=\"canonical\" href=\"https:\/\/mustang-grill.com\/sv\/produktsupport\/\" \/>\n<meta property=\"og:locale\" content=\"sv_SE\" \/>\n<meta property=\"og:type\" content=\"article\" \/>\n<meta property=\"og:title\" content=\"Produktsupport - Mustang Grill\" \/>\n<meta property=\"og:description\" content=\"Vi ber om urs\u00e4kt om v\u00e5r produkt inte har uppfyllt dina f\u00f6rv\u00e4ntningar. Enligt konsumentskyddslagstiftningen \u00e4r det \u00e5terf\u00f6rs\u00e4ljaren som \u00e4r den prim\u00e4ra platsen f\u00f6r retur av en defekt produkt, s\u00e5 kontakta i f\u00f6rsta hand den \u00e5terf\u00f6rs\u00e4ljare d\u00e4r du k\u00f6pte produkten. Mustang-support Mustang-tillbeh\u00f6r och reservdelar s\u00e4ljs hos v\u00e4lutrustade \u00e5terf\u00f6rs\u00e4ljare. Om du inte hittar den reservdel du beh\u00f6ver, [&hellip;]\" \/>\n<meta property=\"og:url\" content=\"https:\/\/mustang-grill.com\/sv\/produktsupport\/\" \/>\n<meta property=\"og:site_name\" content=\"Mustang Grill\" \/>\n<meta property=\"article:modified_time\" content=\"2025-03-11T14:06:01+00:00\" \/>\n<meta property=\"og:image\" content=\"https:\/\/mustang-grill.com\/wp-content\/uploads\/2024\/09\/612476_Redding_02.jpg\" \/>\n\t<meta property=\"og:image:width\" content=\"1282\" \/>\n\t<meta property=\"og:image:height\" content=\"1000\" \/>\n\t<meta property=\"og:image:type\" content=\"image\/jpeg\" \/>\n<meta name=\"twitter:card\" content=\"summary_large_image\" \/>\n<meta name=\"twitter:label1\" content=\"Ber\u00e4knad l\u00e4stid\" \/>\n\t<meta name=\"twitter:data1\" content=\"2 minuter\" \/>\n<script type=\"application\/ld+json\" class=\"yoast-schema-graph\">{\"@context\":\"https:\/\/schema.org\",\"@graph\":[{\"@type\":\"WebPage\",\"@id\":\"https:\/\/mustang-grill.com\/sv\/produktsupport\/\",\"url\":\"https:\/\/mustang-grill.com\/sv\/produktsupport\/\",\"name\":\"Produktsupport - Mustang Grill\",\"isPartOf\":{\"@id\":\"https:\/\/mustang-grill.com\/#website\"},\"primaryImageOfPage\":{\"@id\":\"https:\/\/mustang-grill.com\/sv\/produktsupport\/#primaryimage\"},\"image\":{\"@id\":\"https:\/\/mustang-grill.com\/sv\/produktsupport\/#primaryimage\"},\"thumbnailUrl\":\"https:\/\/mustang-grill.com\/wp-content\/uploads\/2024\/09\/612476_Redding_02.jpg\",\"datePublished\":\"2019-09-23T11:11:31+00:00\",\"dateModified\":\"2025-03-11T14:06:01+00:00\",\"breadcrumb\":{\"@id\":\"https:\/\/mustang-grill.com\/sv\/produktsupport\/#breadcrumb\"},\"inLanguage\":\"sv-SE\",\"potentialAction\":[{\"@type\":\"ReadAction\",\"target\":[\"https:\/\/mustang-grill.com\/sv\/produktsupport\/\"]}]},{\"@type\":\"ImageObject\",\"inLanguage\":\"sv-SE\",\"@id\":\"https:\/\/mustang-grill.com\/sv\/produktsupport\/#primaryimage\",\"url\":\"https:\/\/mustang-grill.com\/wp-content\/uploads\/2024\/09\/612476_Redding_02.jpg\",\"contentUrl\":\"https:\/\/mustang-grill.com\/wp-content\/uploads\/2024\/09\/612476_Redding_02.jpg\",\"width\":1282,\"height\":1000},{\"@type\":\"BreadcrumbList\",\"@id\":\"https:\/\/mustang-grill.com\/sv\/produktsupport\/#breadcrumb\",\"itemListElement\":[{\"@type\":\"ListItem\",\"position\":1,\"name\":\"Home\",\"item\":\"https:\/\/mustang-grill.com\/sv\/\"},{\"@type\":\"ListItem\",\"position\":2,\"name\":\"Produktsupport\"}]},{\"@type\":\"WebSite\",\"@id\":\"https:\/\/mustang-grill.com\/#website\",\"url\":\"https:\/\/mustang-grill.com\/\",\"name\":\"Mustang Grill\",\"description\":\"Grillausylivoimaa\",\"publisher\":{\"@id\":\"https:\/\/mustang-grill.com\/#organization\"},\"potentialAction\":[{\"@type\":\"SearchAction\",\"target\":{\"@type\":\"EntryPoint\",\"urlTemplate\":\"https:\/\/mustang-grill.com\/?s={search_term_string}\"},\"query-input\":{\"@type\":\"PropertyValueSpecification\",\"valueRequired\":true,\"valueName\":\"search_term_string\"}}],\"inLanguage\":\"sv-SE\"},{\"@type\":\"Organization\",\"@id\":\"https:\/\/mustang-grill.com\/#organization\",\"name\":\"Mustang Grill\",\"url\":\"https:\/\/mustang-grill.com\/\",\"logo\":{\"@type\":\"ImageObject\",\"inLanguage\":\"sv-SE\",\"@id\":\"https:\/\/mustang-grill.com\/#\/schema\/logo\/image\/\",\"url\":\"https:\/\/mustang-grill.com\/wp-content\/uploads\/2019\/11\/Mustang_logo_white-web.png\",\"contentUrl\":\"https:\/\/mustang-grill.com\/wp-content\/uploads\/2019\/11\/Mustang_logo_white-web.png\",\"width\":375,\"height\":126,\"caption\":\"Mustang Grill\"},\"image\":{\"@id\":\"https:\/\/mustang-grill.com\/#\/schema\/logo\/image\/\"}}]}<\/script>\n<!-- \/ Yoast SEO plugin. -->","yoast_head_json":{"title":"Produktsupport - Mustang Grill","robots":{"index":"index","follow":"follow","max-snippet":"max-snippet:-1","max-image-preview":"max-image-preview:large","max-video-preview":"max-video-preview:-1"},"canonical":"https:\/\/mustang-grill.com\/sv\/produktsupport\/","og_locale":"sv_SE","og_type":"article","og_title":"Produktsupport - Mustang Grill","og_description":"Vi ber om urs\u00e4kt om v\u00e5r produkt inte har uppfyllt dina f\u00f6rv\u00e4ntningar. Enligt konsumentskyddslagstiftningen \u00e4r det \u00e5terf\u00f6rs\u00e4ljaren som \u00e4r den prim\u00e4ra platsen f\u00f6r retur av en defekt produkt, s\u00e5 kontakta i f\u00f6rsta hand den \u00e5terf\u00f6rs\u00e4ljare d\u00e4r du k\u00f6pte produkten. Mustang-support Mustang-tillbeh\u00f6r och reservdelar s\u00e4ljs hos v\u00e4lutrustade \u00e5terf\u00f6rs\u00e4ljare. Om du inte hittar den reservdel du beh\u00f6ver, [&hellip;]","og_url":"https:\/\/mustang-grill.com\/sv\/produktsupport\/","og_site_name":"Mustang Grill","article_modified_time":"2025-03-11T14:06:01+00:00","og_image":[{"width":1282,"height":1000,"url":"https:\/\/mustang-grill.com\/wp-content\/uploads\/2024\/09\/612476_Redding_02.jpg","type":"image\/jpeg"}],"twitter_card":"summary_large_image","twitter_misc":{"Ber\u00e4knad l\u00e4stid":"2 minuter"},"schema":{"@context":"https:\/\/schema.org","@graph":[{"@type":"WebPage","@id":"https:\/\/mustang-grill.com\/sv\/produktsupport\/","url":"https:\/\/mustang-grill.com\/sv\/produktsupport\/","name":"Produktsupport - Mustang Grill","isPartOf":{"@id":"https:\/\/mustang-grill.com\/#website"},"primaryImageOfPage":{"@id":"https:\/\/mustang-grill.com\/sv\/produktsupport\/#primaryimage"},"image":{"@id":"https:\/\/mustang-grill.com\/sv\/produktsupport\/#primaryimage"},"thumbnailUrl":"https:\/\/mustang-grill.com\/wp-content\/uploads\/2024\/09\/612476_Redding_02.jpg","datePublished":"2019-09-23T11:11:31+00:00","dateModified":"2025-03-11T14:06:01+00:00","breadcrumb":{"@id":"https:\/\/mustang-grill.com\/sv\/produktsupport\/#breadcrumb"},"inLanguage":"sv-SE","potentialAction":[{"@type":"ReadAction","target":["https:\/\/mustang-grill.com\/sv\/produktsupport\/"]}]},{"@type":"ImageObject","inLanguage":"sv-SE","@id":"https:\/\/mustang-grill.com\/sv\/produktsupport\/#primaryimage","url":"https:\/\/mustang-grill.com\/wp-content\/uploads\/2024\/09\/612476_Redding_02.jpg","contentUrl":"https:\/\/mustang-grill.com\/wp-content\/uploads\/2024\/09\/612476_Redding_02.jpg","width":1282,"height":1000},{"@type":"BreadcrumbList","@id":"https:\/\/mustang-grill.com\/sv\/produktsupport\/#breadcrumb","itemListElement":[{"@type":"ListItem","position":1,"name":"Home","item":"https:\/\/mustang-grill.com\/sv\/"},{"@type":"ListItem","position":2,"name":"Produktsupport"}]},{"@type":"WebSite","@id":"https:\/\/mustang-grill.com\/#website","url":"https:\/\/mustang-grill.com\/","name":"Mustang Grill","description":"Grillausylivoimaa","publisher":{"@id":"https:\/\/mustang-grill.com\/#organization"},"potentialAction":[{"@type":"SearchAction","target":{"@type":"EntryPoint","urlTemplate":"https:\/\/mustang-grill.com\/?s={search_term_string}"},"query-input":{"@type":"PropertyValueSpecification","valueRequired":true,"valueName":"search_term_string"}}],"inLanguage":"sv-SE"},{"@type":"Organization","@id":"https:\/\/mustang-grill.com\/#organization","name":"Mustang Grill","url":"https:\/\/mustang-grill.com\/","logo":{"@type":"ImageObject","inLanguage":"sv-SE","@id":"https:\/\/mustang-grill.com\/#\/schema\/logo\/image\/","url":"https:\/\/mustang-grill.com\/wp-content\/uploads\/2019\/11\/Mustang_logo_white-web.png","contentUrl":"https:\/\/mustang-grill.com\/wp-content\/uploads\/2019\/11\/Mustang_logo_white-web.png","width":375,"height":126,"caption":"Mustang Grill"},"image":{"@id":"https:\/\/mustang-grill.com\/#\/schema\/logo\/image\/"}}]}},"_links":{"self":[{"href":"https:\/\/mustang-grill.com\/sv\/wp-json\/wp\/v2\/pages\/64387","targetHints":{"allow":["GET"]}}],"collection":[{"href":"https:\/\/mustang-grill.com\/sv\/wp-json\/wp\/v2\/pages"}],"about":[{"href":"https:\/\/mustang-grill.com\/sv\/wp-json\/wp\/v2\/types\/page"}],"author":[{"embeddable":true,"href":"https:\/\/mustang-grill.com\/sv\/wp-json\/wp\/v2\/users\/2"}],"replies":[{"embeddable":true,"href":"https:\/\/mustang-grill.com\/sv\/wp-json\/wp\/v2\/comments?post=64387"}],"version-history":[{"count":0,"href":"https:\/\/mustang-grill.com\/sv\/wp-json\/wp\/v2\/pages\/64387\/revisions"}],"wp:featuredmedia":[{"embeddable":true,"href":"https:\/\/mustang-grill.com\/sv\/wp-json\/wp\/v2\/media\/170141"}],"wp:attachment":[{"href":"https:\/\/mustang-grill.com\/sv\/wp-json\/wp\/v2\/media?parent=64387"}],"curies":[{"name":"wp","href":"https:\/\/api.w.org\/{rel}","templated":true}]}}