{"id":64390,"date":"2020-02-24T17:49:07","date_gmt":"2020-02-24T15:49:07","guid":{"rendered":"https:\/\/mustang-d2024.tbsites.fi\/tarina\/"},"modified":"2024-05-03T17:50:29","modified_gmt":"2024-05-03T14:50:29","slug":"var-historia","status":"publish","type":"page","link":"https:\/\/mustang-grill.com\/sv\/var-historia\/","title":{"rendered":"V\u00e5r historia"},"content":{"rendered":"\t\t<div data-elementor-type=\"wp-page\" data-elementor-id=\"64390\" class=\"elementor elementor-64390 elementor-53606\" data-elementor-post-type=\"page\">\n\t\t\t\t<div class=\"elementor-element elementor-element-f72ebfd e-flex e-con-boxed e-con e-parent\" data-id=\"f72ebfd\" data-element_type=\"container\" data-e-type=\"container\" data-settings=\"{&quot;background_background&quot;:&quot;classic&quot;}\">\n\t\t\t\t\t<div class=\"e-con-inner\">\n\t\t<div class=\"elementor-element elementor-element-ae94487 e-con-full e-flex e-con e-child\" data-id=\"ae94487\" data-element_type=\"container\" data-e-type=\"container\" data-settings=\"{&quot;background_background&quot;:&quot;classic&quot;}\">\n\t\t\t\t<div class=\"elementor-element elementor-element-e1dcd17 elementor-widget elementor-widget-heading\" data-id=\"e1dcd17\" data-element_type=\"widget\" data-e-type=\"widget\" data-widget_type=\"heading.default\">\n\t\t\t\t<div class=\"elementor-widget-container\">\n\t\t\t\t\t<h1 class=\"elementor-heading-title elementor-size-default\">V\u00e5r historia<\/h1>\t\t\t\t<\/div>\n\t\t\t\t<\/div>\n\t\t\t\t<\/div>\n\t\t\t\t\t<\/div>\n\t\t\t\t<\/div>\n\t\t<div class=\"elementor-element elementor-element-9af88fc e-flex e-con-boxed e-con e-parent\" data-id=\"9af88fc\" data-element_type=\"container\" data-e-type=\"container\">\n\t\t\t\t\t<div class=\"e-con-inner\">\n\t\t\t\t<div class=\"elementor-element elementor-element-6a09991 elementor-widget elementor-widget-heading\" data-id=\"6a09991\" data-element_type=\"widget\" data-e-type=\"widget\" data-widget_type=\"heading.default\">\n\t\t\t\t<div class=\"elementor-widget-container\">\n\t\t\t\t\t<h2 class=\"elementor-heading-title elementor-size-default\">Mustang \u2212 The supreme grilling experince<\/h2>\t\t\t\t<\/div>\n\t\t\t\t<\/div>\n\t\t\t\t\t<\/div>\n\t\t\t\t<\/div>\n\t\t<div class=\"elementor-element elementor-element-c1ed275 e-flex e-con-boxed e-con e-parent\" data-id=\"c1ed275\" data-element_type=\"container\" data-e-type=\"container\">\n\t\t\t\t\t<div class=\"e-con-inner\">\n\t\t<div class=\"elementor-element elementor-element-1d5d1b5 e-con-full e-flex e-con e-child\" data-id=\"1d5d1b5\" data-element_type=\"container\" data-e-type=\"container\">\n\t\t\t\t<div class=\"elementor-element elementor-element-1b23cdb elementor-widget elementor-widget-text-editor\" data-id=\"1b23cdb\" data-element_type=\"widget\" data-e-type=\"widget\" data-widget_type=\"text-editor.default\">\n\t\t\t\t<div class=\"elementor-widget-container\">\n\t\t\t\t\t\t\t\t\t<p>Grillning v\u00e4cker bara goda associationer: soliga dagar, h\u00e4rliga dofter och enkla men fylliga smaker. En grill av h\u00f6g kvalitet h\u00e5ller i \u00e5ratal och skapar minnen om stunder som man tillbringat med familj och v\u00e4nner. Mustang uppstod ocks\u00e5 ur en \u00f6nskan att njuta av avkopplande matlagning tillsammans med familj eller v\u00e4nner. Samvaro och god mat \u00e4r h\u00f6jdpunkten p\u00e5 varje dag.<\/p>\n<p>N\u00e4r man grillar pr\u00f6var man alltid p\u00e5 n\u00e5got nytt och alla grillmetoder \u00e4r till\u00e5tna. En del grillar traditionsenligt korv och biff \u00e5t vr\u00e5lhungriga, andra musslor till en festm\u00e5ltid. Ibland \u00e4r det viktigt att f\u00e5 maten snabbt p\u00e5 bordet, och ibland l\u00e5ter man steken sjuda dygnet runt. Mustang-grillaren anv\u00e4nder m\u00e5ngsidigt alla metoder f\u00f6r grillning, och matlagningen \u00e4r lika viktig som den goda maten. \u00c4ven v\u00e4rldens b\u00e4sta hemlagade pizza h\u00f6r till vardagen. Mustang sk\u00e4mmer bort pizzabagaren med ett stort utbud av h\u00f6gklassiga pizzaugnar och pizzabakningstillbeh\u00f6r.<\/p>\n<p>F\u00f6r grillningen erbjuder Mustang allt som beh\u00f6vs, och det stora utbudet uppfyller \u00e4ven den kr\u00e4vande grillarens behov. Till grillkollektionen h\u00f6r grillar som l\u00e4mpar sig f\u00f6r olika anv\u00e4ndningstillf\u00e4llen; allt fr\u00e5n de st\u00f6rsta gasgrillarna till klotgrillar av beh\u00e4ndig storlek, med beaktande av olika former av grillning.<\/p>\n<p>Varje Mustang-produkt har full\u00e4ndats med omsorg. Produkten har alla viktiga funktioner som beh\u00f6vs. Med Mustang grilltillbeh\u00f6r g\u00e5r grillningen l\u00e4tt och beh\u00e4ndigt. Trolla enkelt fram k\u00f6tt-, gr\u00f6nsaks- och fiskr\u00e4tter med specialdesignade redskap. Dessutom innefattar produktserien t\u00e4ndtillbeh\u00f6r och serveringsredskap. Galler, halster och rostfria ytor i utek\u00f6ket reng\u00f6rs enkelt med Mustangs noggrant utvalda reng\u00f6ringsredskap.<\/p>\n<p>Mustang lever och f\u00f6ljer med sin tid. Alltid hittar man nya delikatesser vid sidan om de gamla klassikerna. Grillning skapar en outt\u00f6mlig lust att experimentera, vars enda m\u00e5tt \u00e4r ett lyckat slutresultat. Vi vill att grillare ska f\u00e5 ut det mesta av sina grillar. D\u00e4rf\u00f6r erbjuder vi ocks\u00e5 anv\u00e4ndningstips som visat sig fungera och delikata recept \u2013 s\u00e5 att du kan lyckas och njuta mer av grillandet. Tillsammans skapar vi en grillkultur d\u00e4r alla s\u00e4tt att grilla \u00e4r till\u00e5tna.<\/p>\n\t\t\t\t\t\t\t\t<\/div>\n\t\t\t\t<\/div>\n\t\t\t\t<\/div>\n\t\t<div class=\"elementor-element elementor-element-77d0d47 e-con-full e-flex e-con e-child\" data-id=\"77d0d47\" data-element_type=\"container\" data-e-type=\"container\">\n\t\t\t\t<div class=\"elementor-element elementor-element-c176c96 elementor-widget elementor-widget-image\" data-id=\"c176c96\" data-element_type=\"widget\" data-e-type=\"widget\" data-widget_type=\"image.default\">\n\t\t\t\t<div class=\"elementor-widget-container\">\n\t\t\t\t\t\t\t\t\t\t\t\t\t\t\t<img loading=\"lazy\" decoding=\"async\" width=\"757\" height=\"1024\" src=\"https:\/\/mustang-grill.com\/wp-content\/uploads\/2024\/04\/613318_Connoisseur_41_023-757x1024.jpg\" class=\"attachment-large size-large wp-image-140349\" alt=\"\" srcset=\"https:\/\/mustang-grill.com\/wp-content\/uploads\/2024\/04\/613318_Connoisseur_41_023-757x1024.jpg 757w, https:\/\/mustang-grill.com\/wp-content\/uploads\/2024\/04\/613318_Connoisseur_41_023-222x300.jpg 222w, https:\/\/mustang-grill.com\/wp-content\/uploads\/2024\/04\/613318_Connoisseur_41_023-768x1038.jpg 768w, https:\/\/mustang-grill.com\/wp-content\/uploads\/2024\/04\/613318_Connoisseur_41_023.jpg 1000w\" sizes=\"auto, (max-width: 757px) 100vw, 757px\" \/>\t\t\t\t\t\t\t\t\t\t\t\t\t\t\t<\/div>\n\t\t\t\t<\/div>\n\t\t\t\t<\/div>\n\t\t\t\t\t<\/div>\n\t\t\t\t<\/div>\n\t\t<div class=\"elementor-element elementor-element-ce81d86 e-flex e-con-boxed e-con e-parent\" data-id=\"ce81d86\" data-element_type=\"container\" data-e-type=\"container\">\n\t\t\t\t\t<div class=\"e-con-inner\">\n\t\t\t\t<div class=\"elementor-element elementor-element-f40fa6a elementor-widget-divider--view-line elementor-widget elementor-widget-divider\" data-id=\"f40fa6a\" data-element_type=\"widget\" data-e-type=\"widget\" data-widget_type=\"divider.default\">\n\t\t\t\t<div class=\"elementor-widget-container\">\n\t\t\t\t\t\t\t<div class=\"elementor-divider\">\n\t\t\t<span class=\"elementor-divider-separator\">\n\t\t\t\t\t\t<\/span>\n\t\t<\/div>\n\t\t\t\t\t\t<\/div>\n\t\t\t\t<\/div>\n\t\t\t\t\t<\/div>\n\t\t\t\t<\/div>\n\t\t<div class=\"elementor-element elementor-element-0b840dd e-flex e-con-boxed e-con e-parent\" data-id=\"0b840dd\" data-element_type=\"container\" data-e-type=\"container\" data-settings=\"{&quot;background_background&quot;:&quot;classic&quot;}\">\n\t\t\t\t\t<div class=\"e-con-inner\">\n\t\t<div class=\"elementor-element elementor-element-5526f75 e-con-full e-flex e-con e-child\" data-id=\"5526f75\" data-element_type=\"container\" data-e-type=\"container\">\n\t\t\t\t<div class=\"elementor-element elementor-element-6a6a2ef elementor-widget elementor-widget-text-editor\" data-id=\"6a6a2ef\" data-element_type=\"widget\" data-e-type=\"widget\" data-widget_type=\"text-editor.default\">\n\t\t\t\t<div class=\"elementor-widget-container\">\n\t\t\t\t\t\t\t\t\t<h5>Tammer Brands<\/h5>\n<p>Mustang \u00e4r ett varum\u00e4rke som \u00e4gs av Tammer Brands Oy. Tammer Brands \u00e4r ett starkt internationellt f\u00f6retag, vars motivation \u00e4r att f\u00f6rb\u00e4ttra m\u00e4nniskors livskvalitet med hj\u00e4lp att l\u00e4ttillg\u00e4ngliga, genomt\u00e4nkta och m\u00e5ngsidiga produkter som ger gl\u00e4dje och nytta \u00e5t slutanv\u00e4ndaren. N\u00e4r produkterna ger slutanv\u00e4ndarna gl\u00e4dje och nytta och underl\u00e4ttar deras vardag, samt st\u00f6djer \u00e5terf\u00f6rs\u00e4ljarkundernas aff\u00e4rsverksamhet har man lyckats med uppbyggnaden och profileringen av varum\u00e4rkena. Tammer Brands uppdrag, viljan att f\u00f6rb\u00e4ttra m\u00e4nniskors livskvalitet, bottnar i f\u00f6rst\u00e5elsen f\u00f6r vardagen och m\u00e4nniskors olika behov och problem.<\/p>\n<p>L\u00e4s mer om Tammer Brands <a href=\"https:\/\/www.tammerbrands.fi\/en\/\" target=\"_blank\" rel=\"noopener\"><strong>tammerbrands.fi<\/strong><\/a><\/p>\n\t\t\t\t\t\t\t\t<\/div>\n\t\t\t\t<\/div>\n\t\t\t\t<\/div>\n\t\t<div class=\"elementor-element elementor-element-56db3eb e-con-full e-flex e-con e-child\" data-id=\"56db3eb\" data-element_type=\"container\" data-e-type=\"container\">\n\t\t\t\t<div class=\"elementor-element elementor-element-39d0f9b elementor-widget elementor-widget-text-editor\" data-id=\"39d0f9b\" data-element_type=\"widget\" data-e-type=\"widget\" data-widget_type=\"text-editor.default\">\n\t\t\t\t<div class=\"elementor-widget-container\">\n\t\t\t\t\t\t\t\t\t<h5>Kontakt<\/h5>\n<p>Mustang grillar och grillutrustning<br><span style=\"text-align: var(--text-align); background-color: var( --e-global-color-18389f4 ); font-size: 1rem;\">Tammer Brands Oy<br><\/span><span style=\"text-align: var(--text-align); background-color: var( --e-global-color-18389f4 ); font-size: 1rem;\">Viinikankatu 36<br><\/span><span style=\"text-align: var(--text-align); background-color: var( --e-global-color-18389f4 ); font-size: 1rem;\">FI-33800 Tampere<br><\/span><span style=\"text-align: var(--text-align); background-color: var( --e-global-color-18389f4 ); font-size: 1rem;\">tel. +358 3 2521 111<br><\/span><span style=\"text-align: var(--text-align); background-color: var( --e-global-color-18389f4 ); font-size: 1rem;\">&#109;a&#x72;k&#x65;t&#x69;n&#x67;&#64;&#x74;a&#x6d;&#109;&#x65;&#114;&#x62;&#114;&#x61;&#110;&#x64;&#115;&#x2e;&#102;&#x69;<\/span><\/p>\t\t\t\t\t\t\t\t<\/div>\n\t\t\t\t<\/div>\n\t\t\t\t<\/div>\n\t\t<div class=\"elementor-element elementor-element-59c6a0b e-con-full e-flex e-con e-child\" data-id=\"59c6a0b\" data-element_type=\"container\" data-e-type=\"container\">\n\t\t\t\t<div class=\"elementor-element elementor-element-d066584 elementor-widget elementor-widget-text-editor\" data-id=\"d066584\" data-element_type=\"widget\" data-e-type=\"widget\" data-widget_type=\"text-editor.default\">\n\t\t\t\t<div class=\"elementor-widget-container\">\n\t\t\t\t\t\t\t\t\t<h5>Produktsupport<\/h5>\n<p>Kontakt produktsupport <a href=\"https:\/\/mustang-grill.com\/sv\/produktsupport\/\"><strong>h\u00e4r.<\/strong><\/a><\/p>\n\t\t\t\t\t\t\t\t<\/div>\n\t\t\t\t<\/div>\n\t\t\t\t<\/div>\n\t\t\t\t\t<\/div>\n\t\t\t\t<\/div>\n\t\t<div class=\"elementor-element elementor-element-ac06c4e e-flex e-con-boxed e-con e-parent\" data-id=\"ac06c4e\" data-element_type=\"container\" data-e-type=\"container\">\n\t\t\t\t\t<div class=\"e-con-inner\">\n\t\t<div class=\"elementor-element elementor-element-cb2acdb e-con-full e-flex e-con e-child\" data-id=\"cb2acdb\" data-element_type=\"container\" data-e-type=\"container\" data-settings=\"{&quot;background_background&quot;:&quot;classic&quot;}\">\n\t\t\t\t<div class=\"elementor-element elementor-element-6b19d01 elementor-widget elementor-widget-heading\" data-id=\"6b19d01\" data-element_type=\"widget\" data-e-type=\"widget\" data-widget_type=\"heading.default\">\n\t\t\t\t<div class=\"elementor-widget-container\">\n\t\t\t\t\t<h2 class=\"elementor-heading-title elementor-size-default\"><a href=\"https:\/\/mustang-grill.com\/jalleenmyyjaksi\/\">Bli \u00e5terf\u00f6rs\u00e4ljare<\/a><\/h2>\t\t\t\t<\/div>\n\t\t\t\t<\/div>\n\t\t\t\t<\/div>\n\t\t<div class=\"elementor-element elementor-element-b99664e e-con-full e-flex e-con e-child\" data-id=\"b99664e\" data-element_type=\"container\" data-e-type=\"container\" data-settings=\"{&quot;background_background&quot;:&quot;classic&quot;}\">\n\t\t\t\t<div class=\"elementor-element elementor-element-22c1ece elementor-widget elementor-widget-heading\" data-id=\"22c1ece\" data-element_type=\"widget\" data-e-type=\"widget\" data-widget_type=\"heading.default\">\n\t\t\t\t<div class=\"elementor-widget-container\">\n\t\t\t\t\t<h2 class=\"elementor-heading-title elementor-size-default\"><a href=\"https:\/\/mustang-grill.com\/sv\/garantiprogram\/\">Garantiprogram<\/a><\/h2>\t\t\t\t<\/div>\n\t\t\t\t<\/div>\n\t\t\t\t<\/div>\n\t\t\t\t\t<\/div>\n\t\t\t\t<\/div>\n\t\t\t\t<\/div>\n\t\t","protected":false},"excerpt":{"rendered":"<p>Mustang \u2212 The supreme grilling experince Grillning v\u00e4cker bara goda associationer: soliga dagar, h\u00e4rliga dofter och enkla men fylliga smaker. En grill av h\u00f6g kvalitet h\u00e5ller i \u00e5ratal och skapar minnen om stunder som man tillbringat med familj och v\u00e4nner. Mustang uppstod ocks\u00e5 ur en \u00f6nskan att njuta av avkopplande matlagning tillsammans med familj eller [&hellip;]<\/p>\n","protected":false},"author":3,"featured_media":91325,"parent":0,"menu_order":0,"comment_status":"closed","ping_status":"closed","template":"","meta":{"_acf_changed":false,"footnotes":""},"class_list":["post-64390","page","type-page","status-publish","has-post-thumbnail","hentry"],"acf":[],"yoast_head":"<!-- This site is optimized with the Yoast SEO plugin v27.2 - https:\/\/yoast.com\/product\/yoast-seo-wordpress\/ -->\n<title>V\u00e5r historia - Mustang Grill<\/title>\n<meta name=\"robots\" content=\"index, follow, max-snippet:-1, max-image-preview:large, max-video-preview:-1\" \/>\n<link rel=\"canonical\" href=\"https:\/\/mustang-grill.com\/tietoa-meista\/\" \/>\n<meta property=\"og:locale\" content=\"sv_SE\" \/>\n<meta property=\"og:type\" content=\"article\" \/>\n<meta property=\"og:title\" content=\"V\u00e5r historia - Mustang Grill\" \/>\n<meta property=\"og:description\" content=\"Mustang \u2212 The supreme grilling experince Grillning v\u00e4cker bara goda associationer: soliga dagar, h\u00e4rliga dofter och enkla men fylliga smaker. En grill av h\u00f6g kvalitet h\u00e5ller i \u00e5ratal och skapar minnen om stunder som man tillbringat med familj och v\u00e4nner. Mustang uppstod ocks\u00e5 ur en \u00f6nskan att njuta av avkopplande matlagning tillsammans med familj eller [&hellip;]\" \/>\n<meta property=\"og:url\" content=\"https:\/\/mustang-grill.com\/tietoa-meista\/\" \/>\n<meta property=\"og:site_name\" content=\"Mustang Grill\" \/>\n<meta property=\"article:modified_time\" content=\"2024-05-03T14:50:29+00:00\" \/>\n<meta property=\"og:image\" content=\"https:\/\/mustang-grill.com\/wp-content\/uploads\/2022\/03\/mustang_connoisseur_etusivu_banner.jpg\" \/>\n\t<meta property=\"og:image:width\" content=\"1500\" \/>\n\t<meta property=\"og:image:height\" content=\"1125\" \/>\n\t<meta property=\"og:image:type\" content=\"image\/jpeg\" \/>\n<meta name=\"twitter:card\" content=\"summary_large_image\" \/>\n<meta name=\"twitter:label1\" content=\"Ber\u00e4knad l\u00e4stid\" \/>\n\t<meta name=\"twitter:data1\" content=\"3 minuter\" \/>\n<script type=\"application\/ld+json\" class=\"yoast-schema-graph\">{\"@context\":\"https:\/\/schema.org\",\"@graph\":[{\"@type\":\"WebPage\",\"@id\":\"https:\/\/mustang-grill.com\/tietoa-meista\/\",\"url\":\"https:\/\/mustang-grill.com\/tietoa-meista\/\",\"name\":\"V\u00e5r historia - Mustang Grill\",\"isPartOf\":{\"@id\":\"https:\/\/mustang-grill.com\/#website\"},\"primaryImageOfPage\":{\"@id\":\"https:\/\/mustang-grill.com\/tietoa-meista\/#primaryimage\"},\"image\":{\"@id\":\"https:\/\/mustang-grill.com\/tietoa-meista\/#primaryimage\"},\"thumbnailUrl\":\"https:\/\/mustang-grill.com\/wp-content\/uploads\/2022\/03\/mustang_connoisseur_etusivu_banner.jpg\",\"datePublished\":\"2020-02-24T15:49:07+00:00\",\"dateModified\":\"2024-05-03T14:50:29+00:00\",\"breadcrumb\":{\"@id\":\"https:\/\/mustang-grill.com\/tietoa-meista\/#breadcrumb\"},\"inLanguage\":\"sv-SE\",\"potentialAction\":[{\"@type\":\"ReadAction\",\"target\":[\"https:\/\/mustang-grill.com\/tietoa-meista\/\"]}]},{\"@type\":\"ImageObject\",\"inLanguage\":\"sv-SE\",\"@id\":\"https:\/\/mustang-grill.com\/tietoa-meista\/#primaryimage\",\"url\":\"https:\/\/mustang-grill.com\/wp-content\/uploads\/2022\/03\/mustang_connoisseur_etusivu_banner.jpg\",\"contentUrl\":\"https:\/\/mustang-grill.com\/wp-content\/uploads\/2022\/03\/mustang_connoisseur_etusivu_banner.jpg\",\"width\":1500,\"height\":1125,\"caption\":\"kaasugrilli connoisseur\"},{\"@type\":\"BreadcrumbList\",\"@id\":\"https:\/\/mustang-grill.com\/tietoa-meista\/#breadcrumb\",\"itemListElement\":[{\"@type\":\"ListItem\",\"position\":1,\"name\":\"Home\",\"item\":\"https:\/\/mustang-grill.com\/sv\/\"},{\"@type\":\"ListItem\",\"position\":2,\"name\":\"V\u00e5r historia\"}]},{\"@type\":\"WebSite\",\"@id\":\"https:\/\/mustang-grill.com\/#website\",\"url\":\"https:\/\/mustang-grill.com\/\",\"name\":\"Mustang Grill\",\"description\":\"Grillausylivoimaa\",\"publisher\":{\"@id\":\"https:\/\/mustang-grill.com\/#organization\"},\"potentialAction\":[{\"@type\":\"SearchAction\",\"target\":{\"@type\":\"EntryPoint\",\"urlTemplate\":\"https:\/\/mustang-grill.com\/?s={search_term_string}\"},\"query-input\":{\"@type\":\"PropertyValueSpecification\",\"valueRequired\":true,\"valueName\":\"search_term_string\"}}],\"inLanguage\":\"sv-SE\"},{\"@type\":\"Organization\",\"@id\":\"https:\/\/mustang-grill.com\/#organization\",\"name\":\"Mustang Grill\",\"url\":\"https:\/\/mustang-grill.com\/\",\"logo\":{\"@type\":\"ImageObject\",\"inLanguage\":\"sv-SE\",\"@id\":\"https:\/\/mustang-grill.com\/#\/schema\/logo\/image\/\",\"url\":\"https:\/\/mustang-grill.com\/wp-content\/uploads\/2019\/11\/Mustang_logo_white-web.png\",\"contentUrl\":\"https:\/\/mustang-grill.com\/wp-content\/uploads\/2019\/11\/Mustang_logo_white-web.png\",\"width\":375,\"height\":126,\"caption\":\"Mustang Grill\"},\"image\":{\"@id\":\"https:\/\/mustang-grill.com\/#\/schema\/logo\/image\/\"}}]}<\/script>\n<!-- \/ Yoast SEO plugin. -->","yoast_head_json":{"title":"V\u00e5r historia - Mustang Grill","robots":{"index":"index","follow":"follow","max-snippet":"max-snippet:-1","max-image-preview":"max-image-preview:large","max-video-preview":"max-video-preview:-1"},"canonical":"https:\/\/mustang-grill.com\/tietoa-meista\/","og_locale":"sv_SE","og_type":"article","og_title":"V\u00e5r historia - Mustang Grill","og_description":"Mustang \u2212 The supreme grilling experince Grillning v\u00e4cker bara goda associationer: soliga dagar, h\u00e4rliga dofter och enkla men fylliga smaker. En grill av h\u00f6g kvalitet h\u00e5ller i \u00e5ratal och skapar minnen om stunder som man tillbringat med familj och v\u00e4nner. Mustang uppstod ocks\u00e5 ur en \u00f6nskan att njuta av avkopplande matlagning tillsammans med familj eller [&hellip;]","og_url":"https:\/\/mustang-grill.com\/tietoa-meista\/","og_site_name":"Mustang Grill","article_modified_time":"2024-05-03T14:50:29+00:00","og_image":[{"width":1500,"height":1125,"url":"https:\/\/mustang-grill.com\/wp-content\/uploads\/2022\/03\/mustang_connoisseur_etusivu_banner.jpg","type":"image\/jpeg"}],"twitter_card":"summary_large_image","twitter_misc":{"Ber\u00e4knad l\u00e4stid":"3 minuter"},"schema":{"@context":"https:\/\/schema.org","@graph":[{"@type":"WebPage","@id":"https:\/\/mustang-grill.com\/tietoa-meista\/","url":"https:\/\/mustang-grill.com\/tietoa-meista\/","name":"V\u00e5r historia - Mustang Grill","isPartOf":{"@id":"https:\/\/mustang-grill.com\/#website"},"primaryImageOfPage":{"@id":"https:\/\/mustang-grill.com\/tietoa-meista\/#primaryimage"},"image":{"@id":"https:\/\/mustang-grill.com\/tietoa-meista\/#primaryimage"},"thumbnailUrl":"https:\/\/mustang-grill.com\/wp-content\/uploads\/2022\/03\/mustang_connoisseur_etusivu_banner.jpg","datePublished":"2020-02-24T15:49:07+00:00","dateModified":"2024-05-03T14:50:29+00:00","breadcrumb":{"@id":"https:\/\/mustang-grill.com\/tietoa-meista\/#breadcrumb"},"inLanguage":"sv-SE","potentialAction":[{"@type":"ReadAction","target":["https:\/\/mustang-grill.com\/tietoa-meista\/"]}]},{"@type":"ImageObject","inLanguage":"sv-SE","@id":"https:\/\/mustang-grill.com\/tietoa-meista\/#primaryimage","url":"https:\/\/mustang-grill.com\/wp-content\/uploads\/2022\/03\/mustang_connoisseur_etusivu_banner.jpg","contentUrl":"https:\/\/mustang-grill.com\/wp-content\/uploads\/2022\/03\/mustang_connoisseur_etusivu_banner.jpg","width":1500,"height":1125,"caption":"kaasugrilli connoisseur"},{"@type":"BreadcrumbList","@id":"https:\/\/mustang-grill.com\/tietoa-meista\/#breadcrumb","itemListElement":[{"@type":"ListItem","position":1,"name":"Home","item":"https:\/\/mustang-grill.com\/sv\/"},{"@type":"ListItem","position":2,"name":"V\u00e5r historia"}]},{"@type":"WebSite","@id":"https:\/\/mustang-grill.com\/#website","url":"https:\/\/mustang-grill.com\/","name":"Mustang Grill","description":"Grillausylivoimaa","publisher":{"@id":"https:\/\/mustang-grill.com\/#organization"},"potentialAction":[{"@type":"SearchAction","target":{"@type":"EntryPoint","urlTemplate":"https:\/\/mustang-grill.com\/?s={search_term_string}"},"query-input":{"@type":"PropertyValueSpecification","valueRequired":true,"valueName":"search_term_string"}}],"inLanguage":"sv-SE"},{"@type":"Organization","@id":"https:\/\/mustang-grill.com\/#organization","name":"Mustang Grill","url":"https:\/\/mustang-grill.com\/","logo":{"@type":"ImageObject","inLanguage":"sv-SE","@id":"https:\/\/mustang-grill.com\/#\/schema\/logo\/image\/","url":"https:\/\/mustang-grill.com\/wp-content\/uploads\/2019\/11\/Mustang_logo_white-web.png","contentUrl":"https:\/\/mustang-grill.com\/wp-content\/uploads\/2019\/11\/Mustang_logo_white-web.png","width":375,"height":126,"caption":"Mustang Grill"},"image":{"@id":"https:\/\/mustang-grill.com\/#\/schema\/logo\/image\/"}}]}},"_links":{"self":[{"href":"https:\/\/mustang-grill.com\/sv\/wp-json\/wp\/v2\/pages\/64390","targetHints":{"allow":["GET"]}}],"collection":[{"href":"https:\/\/mustang-grill.com\/sv\/wp-json\/wp\/v2\/pages"}],"about":[{"href":"https:\/\/mustang-grill.com\/sv\/wp-json\/wp\/v2\/types\/page"}],"author":[{"embeddable":true,"href":"https:\/\/mustang-grill.com\/sv\/wp-json\/wp\/v2\/users\/3"}],"replies":[{"embeddable":true,"href":"https:\/\/mustang-grill.com\/sv\/wp-json\/wp\/v2\/comments?post=64390"}],"version-history":[{"count":0,"href":"https:\/\/mustang-grill.com\/sv\/wp-json\/wp\/v2\/pages\/64390\/revisions"}],"wp:featuredmedia":[{"embeddable":true,"href":"https:\/\/mustang-grill.com\/sv\/wp-json\/wp\/v2\/media\/91325"}],"wp:attachment":[{"href":"https:\/\/mustang-grill.com\/sv\/wp-json\/wp\/v2\/media?parent=64390"}],"curies":[{"name":"wp","href":"https:\/\/api.w.org\/{rel}","templated":true}]}}